{"id":10283,"date":"2024-11-24T11:11:52","date_gmt":"2024-11-24T03:11:52","guid":{"rendered":"https:\/\/slotsmaker.com\/?page_id=10283"},"modified":"2024-12-02T23:16:29","modified_gmt":"2024-12-02T15:16:29","slug":"network-connect-with-slotsmaker-at-ice-london-2024","status":"publish","type":"page","link":"https:\/\/slotsmaker.com\/vi\/network-connect-with-slotsmaker-at-ice-london-2024\/","title":{"rendered":"Network &amp; Connect with SlotsMaker at ICE London 2024"},"content":{"rendered":"<p>[et_pb_section fb_built=&#8221;1&#8243; admin_label=&#8221;Section&#8221; _builder_version=&#8221;4.27.2&#8243; _module_preset=&#8221;default&#8221; background_color=&#8221;#FFFFFF&#8221; da_disable_devices=&#8221;off|off|off&#8221; global_colors_info=&#8221;{}&#8221; da_is_popup=&#8221;off&#8221; da_exit_intent=&#8221;off&#8221; da_has_close=&#8221;on&#8221; da_alt_close=&#8221;off&#8221; da_dark_close=&#8221;off&#8221; da_not_modal=&#8221;on&#8221; da_is_singular=&#8221;off&#8221; da_with_loader=&#8221;off&#8221; da_has_shadow=&#8221;on&#8221;][et_pb_row admin_label=&#8221;image&#8221; _builder_version=&#8221;4.21.0&#8243; _module_preset=&#8221;default&#8221; background_color=&#8221;#FFFFFF&#8221; global_colors_info=&#8221;{}&#8221;][et_pb_column type=&#8221;4_4&#8243; _builder_version=&#8221;4.21.0&#8243; _module_preset=&#8221;default&#8221; global_colors_info=&#8221;{}&#8221;][et_pb_image src=&#8221;https:\/\/slotsmaker.com\/wp-content\/uploads\/2024\/11\/029_SlotsMaker-Article_ICE-London_Article_1000x500.jpg&#8221; title_text=&#8221;029_SlotsMaker Article_ICE London_Article_1000x500&#8243; align=&#8221;center&#8221; force_fullwidth=&#8221;on&#8221; _builder_version=&#8221;4.27.3&#8243; _module_preset=&#8221;default&#8221; custom_margin=&#8221;-30px||||false|false&#8221; global_colors_info=&#8221;{}&#8221;][\/et_pb_image][\/et_pb_column][\/et_pb_row][et_pb_row admin_label=&#8221;articles&#8221; _builder_version=&#8221;4.21.0&#8243; _module_preset=&#8221;default&#8221; background_color=&#8221;#FFFFFF&#8221; global_colors_info=&#8221;{}&#8221;][et_pb_column type=&#8221;4_4&#8243; _builder_version=&#8221;4.21.0&#8243; _module_preset=&#8221;default&#8221; global_colors_info=&#8221;{}&#8221;][et_pb_text _builder_version=&#8221;4.27.4&#8243; _module_preset=&#8221;default&#8221; header_font=&#8221;|600|||||||&#8221; header_text_color=&#8221;gcid-primary-color&#8221; header_font_size=&#8221;22px&#8221; header_2_font_size=&#8221;30px&#8221; header_4_text_color=&#8221;gcid-293da448-f89a-45b9-8e92-706f4652a4ca&#8221; custom_padding=&#8221;|50px||50px|false|false&#8221; custom_padding_tablet=&#8221;|50px||50px|false|false&#8221; custom_padding_phone=&#8221;|0px||20px|false|false&#8221; custom_padding_last_edited=&#8221;on|tablet&#8221; hover_enabled=&#8221;0&#8243; header_2_font_size_tablet=&#8221;30px&#8221; header_2_font_size_phone=&#8221;23px&#8221; header_2_font_size_last_edited=&#8221;on|phone&#8221; global_colors_info=&#8221;{%22gcid-primary-color%22:%91%22header_text_color%22%93,%22gcid-293da448-f89a-45b9-8e92-706f4652a4ca%22:%91%22header_4_text_color%22%93}&#8221; sticky_enabled=&#8221;0&#8243;]<\/p>\n<h1>K\u1ebft n\u1ed1i &amp; M\u1ea1ng l\u01b0\u1edbi v\u1edbi SlotsMaker t\u1ea1i ICE London 2024<b><br \/><\/b><\/h1>\n<h4>8 \/ 1 \/2024<\/h4>\n<p>[\/et_pb_text][et_pb_text _builder_version=&#8221;4.27.4&#8243; _module_preset=&#8221;default&#8221; text_text_color=&#8221;#666666&#8243; text_font_size=&#8221;16px&#8221; text_line_height=&#8221;1.5em&#8221; header_2_font=&#8221;|600|||||||&#8221; header_2_text_color=&#8221;gcid-293da448-f89a-45b9-8e92-706f4652a4ca&#8221; header_2_font_size=&#8221;18px&#8221; header_3_font=&#8221;|600|||||||&#8221; header_3_text_color=&#8221;#5C5C5C&#8221; header_3_font_size=&#8221;18px&#8221; header_4_text_color=&#8221;#000000&#8243; custom_margin=&#8221;||||false|false&#8221; custom_padding=&#8221;|50px||50px|false|false&#8221; custom_padding_tablet=&#8221;|50px||50px|false|false&#8221; custom_padding_phone=&#8221;|10px||20px|false|false&#8221; custom_padding_last_edited=&#8221;on|phone&#8221; hover_enabled=&#8221;0&#8243; text_font_size_tablet=&#8221;16px&#8221; text_font_size_phone=&#8221;14px&#8221; text_font_size_last_edited=&#8221;on|phone&#8221; header_2_font_size_tablet=&#8221;&#8221; header_2_font_size_phone=&#8221;&#8221; header_2_font_size_last_edited=&#8221;on|phone&#8221; header_3_font_size_tablet=&#8221;&#8221; header_3_font_size_phone=&#8221;&#8221; header_3_font_size_last_edited=&#8221;on|phone&#8221; global_colors_info=&#8221;{%22gcid-293da448-f89a-45b9-8e92-706f4652a4ca%22:%91%22header_2_text_color%22%93}&#8221; sticky_enabled=&#8221;0&#8243;]<\/p>\n<p><span style=\"font-weight: 400;\">H\u00e3y chu\u1ea9n b\u1ecb cho s\u1ef1 ki\u1ec7n iGaming \u0111\u1ec9nh cao nh\u1ea5t trong n\u0103m khi <\/span><span style=\"color: #3366ff;\"><a href=\"https:\/\/slotsmaker.com\/\" style=\"color: #3366ff;\"><b>SlotsMaker<\/b><\/a><\/span><span style=\"font-weight: 400;\"> c\u00f9ng v\u1edbi c\u00e1c \u0111\u1ed1i t\u00e1c gi\u1ea3i ph\u00e1p s\u00e1ng t\u1ea1o <\/span><span style=\"color: #3366ff;\"><a href=\"https:\/\/live22.com\/\" style=\"color: #3366ff;\" target=\"_blank\" rel=\"noopener\"><b>Live22<\/b><\/a><span style=\"font-weight: 400;\">, <\/span><a href=\"https:\/\/uuslotsofficial.com\/\" style=\"color: #3366ff;\" target=\"_blank\" rel=\"noopener\"><b>UU Slots<\/b><\/a><\/span><span style=\"font-weight: 400;\"> v\u00e0 <\/span><span style=\"color: #3366ff;\"><a href=\"https:\/\/epicwinglobal.com\/\" style=\"color: #3366ff;\" target=\"_blank\" rel=\"noopener\"><b>EpicWin<\/b><\/a><\/span><span style=\"font-weight: 400;\"> chu\u1ea9n b\u1ecb tham d\u1ef1 ICE London 2024!<\/span><\/p>\n<h2>Gi\u1edbi thi\u1ec7u v\u1ec1 ICE London 2024<\/h2>\n<h3>Nh\u00e0 v\u00f4 \u0111\u1ecbch c\u1ee7a ICE London 2024 cho Chi\u1ebfn d\u1ecbch &#8216;TH\u00caM&#8217;<\/h3>\n<p><span style=\"font-weight: 400;\">Tri\u1ec3n l\u00e3m th\u01b0\u01a1ng m\u1ea1i uy t\u00edn n\u00e0y l\u00e0 n\u1ec1n t\u1ea3ng gi\u1edbi thi\u1ec7u nh\u1eefng c\u1ea3i ti\u1ebfn m\u1edbi nh\u1ea5t, c\u00f4ng ngh\u1ec7 ti\u00ean ti\u1ebfn v\u00e0 xu h\u01b0\u1edbng \u0111\u1ed9t ph\u00e1 c\u1ee7a ng\u00e0nh c\u00f4ng nghi\u1ec7p tr\u00f2 ch\u01a1i. L\u00e0 m\u1ed9t c\u00f4ng ty ph\u00e1t tri\u1ec3n v\u00e0 x\u00e2y d\u1ef1ng th\u01b0\u01a1ng hi\u1ec7u tr\u00f2 ch\u01a1i h\u00e0ng \u0111\u1ea7u, SlotsMaker r\u1ea5t vui m\u1eebng khi \u0111\u01b0a chuy\u00ean m\u00f4n v\u00e0 d\u1ecbch v\u1ee5 c\u1ee7a m\u00ecnh l\u00ean h\u00e0ng \u0111\u1ea7u trong s\u1ef1 ki\u1ec7n th\u00fa v\u1ecb n\u00e0y.<\/span><\/p>\n<p><span style=\"font-weight: 400;\">SlotsMaker t\u1ef1 h\u00e0o \u0111\u01b0\u1ee3c h\u1ee3p t\u00e1c v\u1edbi chi\u1ebfn d\u1ecbch &#8216;ICE Gives You MORE&#8217; n\u0103m nay, do \u0111\u01a1n v\u1ecb t\u1ed5 ch\u1ee9c s\u1ef1 ki\u1ec7n <\/span><span style=\"color: #3366ff;\"><a href=\"https:\/\/www.clariongaming.com\/\" style=\"color: #3366ff;\" target=\"_blank\" rel=\"noopener\"><b>Clarion Gaming<\/b><\/a><\/span><span style=\"font-weight: 400;\"> kh\u1edfi x\u01b0\u1edbng. V\u1edbi tr\u1ecdng t\u00e2m l\u00e0 mang \u0111\u1ebfn cho ng\u01b0\u1eddi tham d\u1ef1 tr\u1ea3i nghi\u1ec7m n\u00e2ng cao, SlotsMaker s\u1ebd \u0111\u1ea3m b\u1ea3o r\u1eb1ng du kh\u00e1ch \u0111\u1ebfn s\u1ef1 ki\u1ec7n s\u1ebd nh\u1eadn \u0111\u01b0\u1ee3c s\u1ef1 th\u00edch th\u00fa v\u00e0 gi\u00e1 tr\u1ecb cao nh\u1ea5t cho th\u1eddi gian c\u1ee7a h\u1ecd.<\/span><\/p>\n<h2>ICE Vox: N\u1ec1n t\u1ea3ng t\u1ed1i \u01b0u cho \u0111\u1ed5i m\u1edbi c\u00e1 c\u01b0\u1ee3c th\u1ec3 thao<\/h2>\n<h3>C\u00e1ch m\u1ea1ng h\u00f3a ng\u00e0nh c\u00e1 c\u01b0\u1ee3c th\u1ec3 thao v\u1edbi Khu v\u1ef1c b\u1ea3o v\u1ec7 ng\u01b0\u1eddi ti\u00eau d\u00f9ng<\/h3>\n<p><span style=\"font-weight: 400;\">D\u1ef1 ki\u1ebfn \u200b\u200bs\u1ebd ph\u1ee5c v\u1ee5 h\u01a1n 600 \u0111\u01a1n v\u1ecb tri\u1ec3n l\u00e3m v\u00e0 t\u1ed1i \u0111a 45.000 ng\u01b0\u1eddi tham d\u1ef1, SlotsMaker s\u1ebd tr\u01b0ng b\u00e0y c\u00e1c t\u1ef1a game m\u1edbi nh\u1ea5t v\u00e0 h\u1ea5p d\u1eabn nh\u1ea5t c\u1ee7a m\u00ecnh nh\u01b0 Apes Squad, <\/span><span style=\"color: #3366ff;\"><a href=\"https:\/\/smapi.eptech88.com\/api\/opgateway\/v1\/op\/demo\/LaunchGame?opId=epicwin&amp;currency=fun&amp;gameCode=40040&amp;lang=en-us\" style=\"color: #3366ff;\" target=\"_blank\" rel=\"noopener\"><b>Dark Angel<\/b><\/a><\/span><span style=\"font-weight: 400;\">, Battle Angel, v.v.<\/span><\/p>\n<p><span style=\"font-weight: 400;\">\u201cSlotsMaker h\u01b0\u1edbng \u0111\u1ebfn m\u1ee5c ti\u00eau gi\u1edbi thi\u1ec7u th\u1ebf h\u1ec7 tr\u00f2 ch\u01a1i nh\u1eadp vai ti\u1ebfp theo v\u00e0 \u0111\u1ed3 h\u1ecda ngo\u1ea1n m\u1ee5c s\u1ebd thay \u0111\u1ed5i ho\u00e0n to\u00e0n c\u00e1c s\u00f2ng b\u1ea1c tr\u1ef1c tuy\u1ebfn\u201d, m\u1ed9t ph\u00e1t ng\u00f4n vi\u00ean c\u1ee7a SlotsMaker cho bi\u1ebft.<\/span><\/p>\n<p><span style=\"font-weight: 400;\">\u201cCh\u00fang t\u00f4i cung c\u1ea5p nhi\u1ec1u <\/span><span style=\"color: #3366ff;\"><a href=\"https:\/\/slotsmaker.com\/our-services\/\" style=\"color: #3366ff;\"><b>d\u1ecbch v\u1ee5<\/b><\/a><\/span><span style=\"font-weight: 400;\"> v\u00e0 ch\u01b0\u01a1ng tr\u00ecnh kh\u00e1ch h\u00e0ng th\u00e2n thi\u1ebft t\u1ea1i gian h\u00e0ng tri\u1ec3n l\u00e3m SlotsMaker, bao g\u1ed3m t\u00f9y ch\u1ec9nh m\u00e1y \u0111\u00e1nh b\u1ea1c v\u00e0 m\u00e1y \u0111\u00e1nh b\u1ea1c gi\u1ea3i tr\u00ed. \u0110\u1ea1i di\u1ec7n b\u00e1n h\u00e0ng c\u1ee7a ch\u00fang t\u00f4i s\u1ebd t\u00edch c\u1ef1c tham gia v\u00e0o c\u00e1c cu\u1ed9c th\u1ea3o lu\u1eadn kinh doanh v\u00e0 cung c\u1ea5p nh\u1eefng hi\u1ec3u bi\u1ebft c\u00f3 gi\u00e1 tr\u1ecb v\u1ec1 t\u01b0\u01a1ng lai c\u1ee7a c\u00e1c doanh nghi\u1ec7p iGaming c\u1ee7a ng\u01b0\u1eddi tham d\u1ef1. B\u1eb1ng c\u00e1ch g\u1eb7p g\u1ee1 ch\u00fang t\u00f4i, ng\u01b0\u1eddi tham d\u1ef1 c\u00f3 th\u1ec3 c\u1eadp nh\u1eadt th\u00f4ng tin v\u00e0 c\u00f3 \u0111\u01b0\u1ee3c ki\u1ebfn \u200b\u200bth\u1ee9c h\u1eefu \u00edch.\u201d<\/span><\/p>\n<p><span style=\"font-weight: 400;\">ICE London 2024 l\u00e0 tri\u1ec3n l\u00e3m cu\u1ed1i c\u00f9ng \u0111\u01b0\u1ee3c t\u1ed5 ch\u1ee9c t\u1ea1i London tr\u01b0\u1edbc khi chuy\u1ec3n \u0111\u1ebfn Barcelona v\u00e0o n\u0103m 2025, n\u01a1i tri\u1ec3n l\u00e3m s\u1ebd di\u1ec5n ra trong \u00edt nh\u1ea5t n\u0103m n\u0103m. \u0110i\u1ec1u n\u00e0y khi\u1ebfn ICE London 2024 tr\u1edf th\u00e0nh s\u1ef1 ki\u1ec7n thi\u1ebft y\u1ebfu d\u00e0nh cho nh\u1eefng ng\u01b0\u1eddi \u0111am m\u00ea tr\u00f2 ch\u01a1i, chuy\u00ean gia v\u00e0 nh\u1eefng ng\u01b0\u1eddi d\u1eabn \u0111\u1ea7u ng\u00e0nh tham d\u1ef1.<\/span><\/p>\n<h2>G\u1eb7p g\u1ee1 SlotsMaker t\u1ea1i ICE London 2024<\/h2>\n<p><span style=\"font-weight: 400;\">\u0110\u1eebng b\u1ecf l\u1ee1 c\u01a1 h\u1ed9i tr\u1ea3i nghi\u1ec7m t\u01b0\u01a1ng lai c\u1ee7a iGaming tr\u1ef1c ti\u1ebfp! H\u00e3y nh\u1edb \u0111\u00e1nh d\u1ea5u l\u1ecbch c\u1ee7a b\u1ea1n v\u00e0 tham gia SlotsMaker t\u1ea1i ICE London 2024 \u0111\u1ec3 c\u00f3 m\u1ed9t s\u1ef1 ki\u1ec7n ch\u01a1i game ho\u00e0nh tr\u00e1ng kh\u00f3 qu\u00ean.<\/span><\/p>\n<p><span style=\"font-weight: 400;\">\u0110\u1ecba \u0111i\u1ec3m: ExCeL London<\/span><\/p>\n<p><span style=\"font-weight: 400;\">Ng\u00e0y: 6-8 th\u00e1ng 2 n\u0103m 2024<\/span><\/p>\n<p><span style=\"font-weight: 400;\">Gian h\u00e0ng SlotsMaker: N10-450<\/span><\/p>\n<p><span style=\"font-weight: 400;\">To\u00e0n b\u1ed9 m\u1eb7t b\u1eb1ng: <\/span><span style=\"color: #3366ff;\"><strong><a href=\"https:\/\/www.icegaming.com\/about-ice-london\/floorplan\" style=\"color: #3366ff;\" target=\"_blank\" rel=\"noopener\">https:\/\/www.icegaming.com\/about-ice-london\/floorplan<\/a><\/strong><\/span><\/p>\n<p>[\/et_pb_text][et_pb_button button_url=&#8221;https:\/\/slotsmaker.com\/news\/?lang=vi&#8221; button_text=&#8221;Quay l\u1ea1i tin t\u1ee9c&#8221; button_alignment=&#8221;center&#8221; disabled_on=&#8221;off|off|off&#8221; module_class=&#8221;custom-button&#8221; _builder_version=&#8221;4.27.4&#8243; _module_preset=&#8221;default&#8221; custom_button=&#8221;on&#8221; button_text_size=&#8221;20px&#8221; button_text_color=&#8221;#FFFFFF&#8221; button_bg_color=&#8221;gcid-primary-color&#8221; button_border_width=&#8221;2px&#8221; button_border_color=&#8221;RGBA(255,255,255,0)&#8221; button_font=&#8221;|600|||||||&#8221; button_use_icon=&#8221;off&#8221; background_layout=&#8221;dark&#8221; custom_margin=&#8221;||||false|false&#8221; custom_padding=&#8221;||||false|false&#8221; custom_padding_tablet=&#8221;||||false|false&#8221; custom_padding_phone=&#8221;||||false|false&#8221; custom_padding_last_edited=&#8221;on|desktop&#8221; hover_enabled=&#8221;0&#8243; button_text_size_tablet=&#8221;16px&#8221; button_text_size_phone=&#8221;16px&#8221; button_text_size_last_edited=&#8221;on|desktop&#8221; custom_css_after=&#8221;margin-top: 1px;&#8221; locked=&#8221;off&#8221; global_colors_info=&#8221;{%22gcid-primary-color%22:%91%22button_bg_color%22,%22button_bg_color%22%93,%22gcid-secondary-color%22:%91%22button_bg_color%22,%22button_bg_color__hover%22%93,%22gcid-74575f5e-bedc-40c1-ae7b-6696e83b758c%22:%91%22button_bg_color__hover%22%93}&#8221; button_bg_color__hover=&#8221;#a7268b&#8221; button_bg_color__hover_enabled=&#8221;on|hover&#8221; button_border_width__hover=&#8221;2px&#8221; button_border_width__hover_enabled=&#8221;on|hover&#8221; sticky_enabled=&#8221;0&#8243;][\/et_pb_button][\/et_pb_column][\/et_pb_row][\/et_pb_section]<\/p>\n","protected":false},"excerpt":{"rendered":"<p>K\u1ebft n\u1ed1i &amp; M\u1ea1ng l\u01b0\u1edbi v\u1edbi SlotsMaker t\u1ea1i ICE London 2024 8 \/ 1 \/2024H\u00e3y chu\u1ea9n b\u1ecb cho s\u1ef1 ki\u1ec7n iGaming \u0111\u1ec9nh cao nh\u1ea5t trong n\u0103m khi SlotsMaker c\u00f9ng v\u1edbi c\u00e1c \u0111\u1ed1i t\u00e1c gi\u1ea3i ph\u00e1p s\u00e1ng t\u1ea1o Live22, UU Slots v\u00e0 EpicWin chu\u1ea9n b\u1ecb tham d\u1ef1 ICE London 2024! Gi\u1edbi thi\u1ec7u v\u1ec1 ICE London 2024 [&hellip;]<\/p>\n","protected":false},"author":2,"featured_media":0,"parent":0,"menu_order":0,"comment_status":"closed","ping_status":"closed","template":"","meta":{"_et_pb_use_builder":"on","_et_pb_old_content":"[et_pb_section fb_built=\"1\" admin_label=\"Section\" _builder_version=\"4.27.2\" _module_preset=\"default\" background_color=\"#FFFFFF\" da_disable_devices=\"off|off|off\" global_colors_info=\"{}\" theme_builder_area=\"post_content\" da_is_popup=\"off\" da_exit_intent=\"off\" da_has_close=\"on\" da_alt_close=\"off\" da_dark_close=\"off\" da_not_modal=\"on\" da_is_singular=\"off\" da_with_loader=\"off\" da_has_shadow=\"on\"][et_pb_row admin_label=\"image\" _builder_version=\"4.21.0\" _module_preset=\"default\" background_color=\"#FFFFFF\" global_colors_info=\"{}\" theme_builder_area=\"post_content\"][et_pb_column type=\"4_4\" _builder_version=\"4.21.0\" _module_preset=\"default\" global_colors_info=\"{}\" theme_builder_area=\"post_content\"][et_pb_image src=\"https:\/\/slotsmaker.com\/wp-content\/uploads\/2024\/11\/029_SlotsMaker-Article_ICE-London_Article_1000x500.jpg\" title_text=\"029_SlotsMaker Article_ICE London_Article_1000x500\" align=\"center\" force_fullwidth=\"on\" _builder_version=\"4.27.3\" _module_preset=\"default\" custom_margin=\"-30px||||false|false\" hover_enabled=\"0\" global_colors_info=\"{}\" theme_builder_area=\"post_content\" sticky_enabled=\"0\"][\/et_pb_image][\/et_pb_column][\/et_pb_row][et_pb_row admin_label=\"articles\" _builder_version=\"4.21.0\" _module_preset=\"default\" background_color=\"#FFFFFF\" global_colors_info=\"{}\" theme_builder_area=\"post_content\"][et_pb_column type=\"4_4\" _builder_version=\"4.21.0\" _module_preset=\"default\" global_colors_info=\"{}\" theme_builder_area=\"post_content\"][et_pb_text _builder_version=\"4.27.3\" _module_preset=\"default\" header_font=\"|600|||||||\" header_text_color=\"gcid-primary-color\" header_font_size=\"22px\" header_2_font_size=\"30px\" header_4_text_color=\"gcid-293da448-f89a-45b9-8e92-706f4652a4ca\" custom_padding=\"|50px||50px|false|false\" custom_padding_tablet=\"|50px||50px|false|false\" custom_padding_phone=\"|0px||20px|false|false\" custom_padding_last_edited=\"on|tablet\" hover_enabled=\"0\" header_2_font_size_tablet=\"30px\" header_2_font_size_phone=\"23px\" header_2_font_size_last_edited=\"on|phone\" global_colors_info=\"{%22gcid-primary-color%22:%91%22header_text_color%22%93,%22gcid-293da448-f89a-45b9-8e92-706f4652a4ca%22:%91%22header_4_text_color%22%93}\" theme_builder_area=\"post_content\" sticky_enabled=\"0\"]\n<h1>Network & Connect with SlotsMaker at ICE London 2024\n<b>\n<\/b><\/h1>\n<h4>8th January 2024<\/h4>\n[\/et_pb_text][et_pb_text _builder_version=\"4.27.3\" _module_preset=\"default\" text_text_color=\"#666666\" text_font_size=\"16px\" text_line_height=\"1.5em\" header_2_font=\"|600|||||||\" header_2_text_color=\"gcid-293da448-f89a-45b9-8e92-706f4652a4ca\" header_2_font_size=\"18px\" header_3_font=\"|600|||||||\" header_3_text_color=\"#5C5C5C\" header_3_font_size=\"18px\" header_4_text_color=\"#000000\" custom_margin=\"||||false|false\" custom_padding=\"|50px||50px|false|false\" custom_padding_tablet=\"|50px||50px|false|false\" custom_padding_phone=\"|10px||20px|false|false\" custom_padding_last_edited=\"on|phone\" hover_enabled=\"0\" text_font_size_tablet=\"16px\" text_font_size_phone=\"14px\" text_font_size_last_edited=\"on|phone\" header_2_font_size_tablet=\"\" header_2_font_size_phone=\"\" header_2_font_size_last_edited=\"on|phone\" header_3_font_size_tablet=\"\" header_3_font_size_phone=\"\" header_3_font_size_last_edited=\"on|phone\" global_colors_info=\"{%22gcid-293da448-f89a-45b9-8e92-706f4652a4ca%22:%91%22header_2_text_color%22%93}\" theme_builder_area=\"post_content\" sticky_enabled=\"0\"]\n\n<span style=\"font-weight: 400;\">Get ready for the ultimate iGaming event of the year as <\/span><span style=\"color: #3366ff;\"><a href=\"https:\/\/slotsmaker.com\/\" style=\"color: #3366ff;\"><b>SlotsMaker<\/b><\/a><\/span><span style=\"font-weight: 400;\">, along with its innovative solutions partners <\/span><span style=\"color: #3366ff;\"><a href=\"https:\/\/live22.com\/\" style=\"color: #3366ff;\"><b>Live22<\/b><\/a><\/span><span style=\"font-weight: 400;\">, <\/span><span style=\"color: #3366ff;\"><a href=\"https:\/\/uuslotsofficial.com\/\" style=\"color: #3366ff;\"><b>UU Slots<\/b><\/a><\/span><span style=\"font-weight: 400;\">, and <\/span><span style=\"color: #3366ff;\"><a href=\"https:\/\/epicwinglobal.com\/\" style=\"color: #3366ff;\"><b>EpicWin<\/b><\/a><\/span><span style=\"font-weight: 400;\"> gears up to attend <\/span><b>ICE London 2024<\/b><span style=\"font-weight: 400;\">!<\/span>\n<h2>About ICE London 2024<\/h2>\n<h3>ICE London 2024 Champions for \u2018MORE\u2019 Campaign<\/h3>\n<span style=\"font-weight: 400;\">This prestigious trade show is a platform to showcase the gaming industry\u2019s latest innovations, cutting-edge technologies, and groundbreaking trends. As a leading <\/span><b>slots development and branding company<\/b><span style=\"font-weight: 400;\">, SlotsMaker is thrilled to bring its expertise and offerings to the forefront of this exciting event.<\/span>\n\n<span style=\"font-weight: 400;\">SlotsMaker is proud to align with this year\u2019s \u2018ICE Gives You MORE\u2019 campaign, championed by event organizer <\/span><span style=\"color: #3366ff;\"><a href=\"https:\/\/www.clariongaming.com\/\" style=\"color: #3366ff;\"><b>Clarion Gaming<\/b><\/a><\/span><span style=\"font-weight: 400;\">. With a focus on providing attendees with an enhanced experience, SlotsMaker will ensure that visitors to the event receive the utmost enjoyment and value for their time.<\/span>\n<h2>ICE Vox: The Ultimate Platform for Sports Betting Innovation<\/h2>\n<h3>Revolutionizing the Sports Betting Industry with Consumer Protection Zone<\/h3>\n<span style=\"font-weight: 400;\">Expecting to serve over 600 exhibitors and up to 45,000 attendees, SlotsMaker will be exhibiting its newest and most exciting gaming titles such as <\/span><b>Apes Squad<\/b><span style=\"font-weight: 400;\">, <\/span><span style=\"color: #3366ff;\"><a href=\"https:\/\/smapi.eptech88.com\/api\/opgateway\/v1\/op\/demo\/LaunchGame?opId=epicwin&amp;currency=fun&amp;gameCode=40040&amp;lang=en-us\" style=\"color: #3366ff;\"><b>Dark Angel<\/b><\/a><\/span><span style=\"font-weight: 400;\">, <\/span><b>Battle Angel<\/b><span style=\"font-weight: 400;\">, etc.\u00a0<\/span>\n\n<span style=\"font-weight: 400;\">\u201cSlotsMaker aims to introduce the next generation of immersive gameplay and breathtaking graphics that will completely change the online casinos,\u201d says a SlotsMaker spokesperson.<\/span>\n\n<span style=\"font-weight: 400;\">\u201cWe offer a range of <\/span><span style=\"color: #3366ff;\"><a href=\"https:\/\/slotsmaker.com\/our-services\/\" style=\"color: #3366ff;\"><b>services<\/b><\/a><\/span><span style=\"font-weight: 400;\"> and loyalty programs at the SlotsMaker exhibition stand, including slots customization and entertaining slots. Our sales representatives will actively engage in business discussions and provide valuable insights on the future of attendees\u2019 iGaming businesses. By meeting with us, attendees can stay informed and gain useful knowledge.\u201d<\/span>\n\n<span style=\"font-weight: 400;\">ICE London 2024 is the last exhibition to be held in London before it moves to Barcelona in 2025, where it will remain for at least five years. This makes ICE London 2024 an essential event for gaming enthusiasts, professionals, and industry leaders to attend.<\/span>\n<h2>Meet SlotsMaker at ICE London 2024<\/h2>\n<span style=\"font-weight: 400;\">Don\u2019t miss the chance to experience the future of iGaming firsthand! Remember to mark your calendars and join SlotsMaker at ICE London 2024 for an unforgettable gaming extravaganza.<\/span>\n\n<span style=\"font-weight: 400;\">Venue: ExCeL London<\/span>\n\n<span style=\"font-weight: 400;\">Date: 6-8 February 2024<\/span>\n\n<span style=\"font-weight: 400;\">SlotsMaker Stand: N10-450<\/span>\n\n<span style=\"font-weight: 400;\">Full Floor Plan: <\/span><span style=\"color: #3366ff;\"><a href=\"https:\/\/www.icegaming.com\/about-ice-london\/floorplan\" style=\"color: #3366ff;\"><span style=\"font-weight: 400;\">https:\/\/www.icegaming.com\/about-ice-london\/floorplan<\/span><\/a><\/span>\n\n[\/et_pb_text][et_pb_button button_url=\"https:\/\/slotsmaker.com\/news\/\" button_text=\"Back to news\" button_alignment=\"center\" disabled_on=\"off|off|off\" module_class=\"custom-button\" _builder_version=\"4.27.3\" _module_preset=\"default\" custom_button=\"on\" button_text_size=\"20px\" button_text_color=\"#FFFFFF\" button_bg_color=\"gcid-primary-color\" button_border_width=\"2px\" button_border_color=\"RGBA(255,255,255,0)\" button_font=\"|600|||||||\" button_use_icon=\"off\" background_layout=\"dark\" custom_margin=\"||||false|false\" custom_padding=\"||||false|false\" custom_padding_tablet=\"||||false|false\" custom_padding_phone=\"||||false|false\" custom_padding_last_edited=\"on|desktop\" button_text_size_tablet=\"16px\" button_text_size_phone=\"16px\" button_text_size_last_edited=\"on|desktop\" custom_css_after=\"margin-top: 1px;\" locked=\"off\" global_colors_info=\"{%22gcid-primary-color%22:%91%22button_bg_color%22,%22button_bg_color%22%93,%22gcid-secondary-color%22:%91%22button_bg_color%22,%22button_bg_color__hover%22%93,%22gcid-74575f5e-bedc-40c1-ae7b-6696e83b758c%22:%91%22button_bg_color__hover%22%93}\" button_bg_color__hover=\"#a7268b\" button_bg_color__hover_enabled=\"on|hover\" button_border_width__hover=\"2px\" button_border_width__hover_enabled=\"on|hover\" theme_builder_area=\"post_content\"][\/et_pb_button][\/et_pb_column][\/et_pb_row][\/et_pb_section]","_et_gb_content_width":"","content-type":"","footnotes":""},"class_list":["post-10283","page","type-page","status-publish","hentry"],"_links":{"self":[{"href":"https:\/\/slotsmaker.com\/vi\/wp-json\/wp\/v2\/pages\/10283","targetHints":{"allow":["GET"]}}],"collection":[{"href":"https:\/\/slotsmaker.com\/vi\/wp-json\/wp\/v2\/pages"}],"about":[{"href":"https:\/\/slotsmaker.com\/vi\/wp-json\/wp\/v2\/types\/page"}],"author":[{"embeddable":true,"href":"https:\/\/slotsmaker.com\/vi\/wp-json\/wp\/v2\/users\/2"}],"replies":[{"embeddable":true,"href":"https:\/\/slotsmaker.com\/vi\/wp-json\/wp\/v2\/comments?post=10283"}],"version-history":[{"count":3,"href":"https:\/\/slotsmaker.com\/vi\/wp-json\/wp\/v2\/pages\/10283\/revisions"}],"predecessor-version":[{"id":10297,"href":"https:\/\/slotsmaker.com\/vi\/wp-json\/wp\/v2\/pages\/10283\/revisions\/10297"}],"wp:attachment":[{"href":"https:\/\/slotsmaker.com\/vi\/wp-json\/wp\/v2\/media?parent=10283"}],"curies":[{"name":"wp","href":"https:\/\/api.w.org\/{rel}","templated":true}]}}