{"id":10713,"date":"2024-12-06T17:02:42","date_gmt":"2024-12-06T09:02:42","guid":{"rendered":"https:\/\/slotsmaker.com\/?page_id=10713"},"modified":"2024-12-09T00:52:12","modified_gmt":"2024-12-08T16:52:12","slug":"ice-barcelona-2025-a-major-event-you-wouldnt-want-to-miss","status":"publish","type":"page","link":"https:\/\/slotsmaker.com\/vi\/ice-barcelona-2025-a-major-event-you-wouldnt-want-to-miss\/","title":{"rendered":"ICE Barcelona 2025: A Major Event You Wouldn&#8217;t Want to Miss"},"content":{"rendered":"<p>[et_pb_section fb_built=&#8221;1&#8243; admin_label=&#8221;Section&#8221; _builder_version=&#8221;4.27.2&#8243; _module_preset=&#8221;default&#8221; background_color=&#8221;#FFFFFF&#8221; da_disable_devices=&#8221;off|off|off&#8221; global_colors_info=&#8221;{}&#8221; da_is_popup=&#8221;off&#8221; da_exit_intent=&#8221;off&#8221; da_has_close=&#8221;on&#8221; da_alt_close=&#8221;off&#8221; da_dark_close=&#8221;off&#8221; da_not_modal=&#8221;on&#8221; da_is_singular=&#8221;off&#8221; da_with_loader=&#8221;off&#8221; da_has_shadow=&#8221;on&#8221;][et_pb_row admin_label=&#8221;image&#8221; _builder_version=&#8221;4.21.0&#8243; _module_preset=&#8221;default&#8221; background_color=&#8221;#FFFFFF&#8221; global_colors_info=&#8221;{}&#8221;][et_pb_column type=&#8221;4_4&#8243; _builder_version=&#8221;4.21.0&#8243; _module_preset=&#8221;default&#8221; global_colors_info=&#8221;{}&#8221;][et_pb_image src=&#8221;https:\/\/slotsmaker.com\/wp-content\/uploads\/2024\/12\/ICE-Barcelona-2025.jpg&#8221; title_text=&#8221;ICE-Barcelona-2025&#8243; align=&#8221;center&#8221; force_fullwidth=&#8221;on&#8221; _builder_version=&#8221;4.27.4&#8243; _module_preset=&#8221;default&#8221; custom_margin=&#8221;-30px||||false|false&#8221; global_colors_info=&#8221;{}&#8221;][\/et_pb_image][\/et_pb_column][\/et_pb_row][et_pb_row admin_label=&#8221;articles&#8221; _builder_version=&#8221;4.21.0&#8243; _module_preset=&#8221;default&#8221; background_color=&#8221;#FFFFFF&#8221; global_colors_info=&#8221;{}&#8221;][et_pb_column type=&#8221;4_4&#8243; _builder_version=&#8221;4.21.0&#8243; _module_preset=&#8221;default&#8221; global_colors_info=&#8221;{}&#8221;][et_pb_text _builder_version=&#8221;4.27.4&#8243; _module_preset=&#8221;default&#8221; header_font=&#8221;|600|||||||&#8221; header_text_color=&#8221;gcid-primary-color&#8221; header_font_size=&#8221;22px&#8221; header_2_font_size=&#8221;30px&#8221; header_4_text_color=&#8221;gcid-293da448-f89a-45b9-8e92-706f4652a4ca&#8221; custom_padding=&#8221;|50px||50px|false|false&#8221; custom_padding_tablet=&#8221;|50px||50px|false|false&#8221; custom_padding_phone=&#8221;|0px||20px|false|false&#8221; custom_padding_last_edited=&#8221;on|tablet&#8221; hover_enabled=&#8221;0&#8243; header_2_font_size_tablet=&#8221;30px&#8221; header_2_font_size_phone=&#8221;23px&#8221; header_2_font_size_last_edited=&#8221;on|phone&#8221; global_colors_info=&#8221;{%22gcid-primary-color%22:%91%22header_text_color%22%93,%22gcid-293da448-f89a-45b9-8e92-706f4652a4ca%22:%91%22header_4_text_color%22%93}&#8221; sticky_enabled=&#8221;0&#8243;]<\/p>\n<h1>ICE Barcelona 2025: M\u1ed9t s\u1ef1 ki\u1ec7n l\u1edbn m\u00e0 b\u1ea1n kh\u00f4ng mu\u1ed1n b\u1ecf l\u1ee1<b><br \/><\/b><\/h1>\n<h4>5 \/ 12 \/ 2024<\/h4>\n<p>[\/et_pb_text][et_pb_text _builder_version=&#8221;4.27.4&#8243; _module_preset=&#8221;default&#8221; text_text_color=&#8221;#666666&#8243; text_font_size=&#8221;16px&#8221; text_line_height=&#8221;1.5em&#8221; header_2_font=&#8221;|600|||||||&#8221; header_2_text_color=&#8221;gcid-293da448-f89a-45b9-8e92-706f4652a4ca&#8221; header_2_font_size=&#8221;18px&#8221; header_3_font=&#8221;|600|||||||&#8221; header_3_text_color=&#8221;#5C5C5C&#8221; header_3_font_size=&#8221;18px&#8221; header_4_text_color=&#8221;#000000&#8243; custom_margin=&#8221;||||false|false&#8221; custom_padding=&#8221;|50px||50px|false|false&#8221; custom_padding_tablet=&#8221;|50px||50px|false|false&#8221; custom_padding_phone=&#8221;|10px||20px|false|false&#8221; custom_padding_last_edited=&#8221;on|phone&#8221; hover_enabled=&#8221;0&#8243; text_font_size_tablet=&#8221;16px&#8221; text_font_size_phone=&#8221;14px&#8221; text_font_size_last_edited=&#8221;on|phone&#8221; header_2_font_size_tablet=&#8221;&#8221; header_2_font_size_phone=&#8221;&#8221; header_2_font_size_last_edited=&#8221;on|phone&#8221; header_3_font_size_tablet=&#8221;&#8221; header_3_font_size_phone=&#8221;&#8221; header_3_font_size_last_edited=&#8221;on|phone&#8221; global_colors_info=&#8221;{%22gcid-293da448-f89a-45b9-8e92-706f4652a4ca%22:%91%22header_2_text_color%22%93}&#8221; sticky_enabled=&#8221;0&#8243;]<\/p>\n<h2>ICE Barcelona 2025: M\u1ed9t ng\u00e0nh c\u00f4ng nghi\u1ec7p tr\u00f2 ch\u01a1i \u0111ang ph\u00e1t tri\u1ec3n<\/h2>\n<h3>Fira Barcelona Gran gi\u00e0nh \u0111\u01b0\u1ee3c s\u1ef1 ki\u1ec7n ICE danh gi\u00e1<\/h3>\n<p><span style=\"font-weight: 400;\">Barcelona s\u1eafp tr\u1edf th\u00e0nh \u0111i\u1ec3m n\u00f3ng v\u1ec1 tr\u00f2 ch\u01a1i to\u00e0n c\u1ea7u khi chu\u1ea9n b\u1ecb t\u1ed5 ch\u1ee9c s\u1ef1 ki\u1ec7n ICE danh gi\u00e1 v\u00e0o th\u00e1ng 1 n\u0103m sau. Trong m\u1ed9t cu\u1ed9c ph\u1ecfng v\u1ea5n g\u1ea7n \u0111\u00e2y, Fira de Barcelona, \u200b\u200bm\u1ed9t trong nh\u1eefng \u0111\u01a1n v\u1ecb t\u1ed5 ch\u1ee9c h\u1ed9i ch\u1ee3 th\u01b0\u01a1ng m\u1ea1i h\u00e0ng \u0111\u1ea7u ch\u00e2u \u00c2u, \u0111\u00e3 chia s\u1ebb nh\u1eefng hi\u1ec3u bi\u1ebft s\u00e2u s\u1eafc v\u1ec1 t\u1ea7m quan tr\u1ecdng c\u1ee7a s\u1ef1 ki\u1ec7n n\u00e0y v\u00e0 c\u00e1ch Barcelona \u0111\u1ecbnh v\u1ecb m\u00ecnh l\u00e0 m\u1ed9t \u0111\u1ed1i th\u1ee7 ch\u1ee7 ch\u1ed1t trong l\u0129nh v\u1ef1c iGaming.<\/span><\/p>\n<h2>Chi\u1ebfn th\u1eafng chi\u1ebfn l\u01b0\u1ee3c cho ICE 2025<\/h2>\n<h3>T\u00e1c \u0111\u1ed9ng kinh t\u1ebf c\u1ee7a ICE \u0111\u1ed1i v\u1edbi Fira Gran<\/h3>\n<p><span style=\"font-weight: 400;\">K\u1ec3 t\u1eeb ICE London 2024, Fira de Barcelona \u0111\u00e3 th\u00e0nh c\u00f4ng v\u01b0\u1ee3t qua c\u00e1c th\u00e0nh ph\u1ed1 l\u1edbn kh\u00e1c, bao g\u1ed3m c\u1ea3 Paris, \u0111\u1ec3 gi\u00e0nh \u0111\u01b0\u1ee3c s\u1ef1 ki\u1ec7n ICE. C\u01a1 s\u1edf h\u1ea1 t\u1ea7ng v\u1eefng ch\u1eafc, c\u00e1c ho\u1ea1t \u0111\u1ed9ng v\u0103n h\u00f3a \u0111a d\u1ea1ng v\u00e0 th\u00e0nh t\u00edch \u0111\u00e3 \u0111\u01b0\u1ee3c ch\u1ee9ng minh trong vi\u1ec7c t\u1ed5 ch\u1ee9c c\u00e1c s\u1ef1 ki\u1ec7n quy m\u00f4 l\u1edbn c\u1ee7a th\u00e0nh ph\u1ed1 l\u00e0 nh\u1eefng y\u1ebfu t\u1ed1 ch\u00ednh trong quy\u1ebft \u0111\u1ecbnh n\u00e0y.<\/span><\/p>\n<p><span style=\"font-weight: 400;\">S\u1ef1 xu\u1ea5t hi\u1ec7n c\u1ee7a ICE d\u1ef1 ki\u1ebfn \u200b\u200bs\u1ebd t\u00e1c \u0111\u1ed9ng \u0111\u00e1ng k\u1ec3 \u0111\u1ebfn n\u1ec1n kinh t\u1ebf c\u1ee7a Barcelona. S\u1ef1 ki\u1ec7n n\u00e0y s\u1ebd thu h\u00fat h\u00e0ng ngh\u00ecn du kh\u00e1ch qu\u1ed1c t\u1ebf, th\u00fac \u0111\u1ea9y c\u00e1c doanh nghi\u1ec7p, kh\u00e1ch s\u1ea1n v\u00e0 nh\u00e0 h\u00e0ng \u0111\u1ecba ph\u01b0\u01a1ng. Ngo\u00e0i ra, s\u1ef1 ki\u1ec7n n\u00e0y s\u1ebd c\u1ee7ng c\u1ed1 v\u1ecb th\u1ebf c\u1ee7a Barcelona nh\u01b0 m\u1ed9t trung t\u00e2m to\u00e0n c\u1ea7u cho ng\u00e0nh c\u00f4ng nghi\u1ec7p iGaming v\u00e0 c\u00e1 c\u01b0\u1ee3c th\u1ec3 thao.<\/span><\/p>\n<h2>iGB Affiliate: N\u1ed7 l\u1ef1c h\u1ee3p t\u00e1c<\/h2>\n<h3>SlotsMaker gi\u1edbi thi\u1ec7u c\u00e1c gi\u1ea3i ph\u00e1p s\u00e1ng t\u1ea1o t\u1ea1i ICE Barcelona 2025<\/h3>\n<p><span style=\"font-weight: 400;\">Fira de Barcelona nh\u1ea5n m\u1ea1nh t\u1ea7m quan tr\u1ecdng c\u1ee7a vi\u1ec7c h\u1ee3p t\u00e1c v\u1edbi c\u00e1c c\u00f4ng ty iGaming \u0111\u1ecba ph\u01b0\u01a1ng v\u00e0 qu\u1ed1c gia \u0111\u1ec3 \u0111\u1ea3m b\u1ea3o th\u1ef1c hi\u1ec7n th\u00e0nh c\u00f4ng ICE. H\u1ecd \u0111\u1eb7t m\u1ee5c ti\u00eau t\u1ed1i \u0111a h\u00f3a ti\u1ec1m n\u0103ng c\u1ee7a s\u1ef1 ki\u1ec7n v\u00e0 t\u1eadn d\u1ee5ng l\u1ee3i \u00edch c\u1ee7a s\u1ef1 ki\u1ec7n cho th\u00e0nh ph\u1ed1 v\u00e0 \u0111\u1ea5t n\u01b0\u1edbc b\u1eb1ng c\u00e1ch h\u1ee3p t\u00e1c v\u1edbi nhau.<\/span><\/p>\n<p><span style=\"font-weight: 400;\">Khi Barcelona ti\u1ebfp t\u1ee5c ph\u00e1t tri\u1ec3n th\u00e0nh m\u1ed9t \u0111i\u1ec3m \u0111\u1ebfn ch\u01a1i game, s\u1ef1 ki\u1ec7n ICE \u0111\u00e1nh d\u1ea5u m\u1ed9t c\u1ed9t m\u1ed1c quan tr\u1ecdng. Th\u00e0nh ph\u1ed1 n\u00e0y \u0111ang s\u1eb5n s\u00e0ng c\u1ee7ng c\u1ed1 v\u1ecb th\u1ebf c\u1ee7a m\u00ecnh trong b\u1ed1i c\u1ea3nh ch\u01a1i game to\u00e0n c\u1ea7u b\u1eb1ng c\u00e1ch n\u1eafm b\u1eaft s\u1ef1 \u0111\u1ed5i m\u1edbi v\u00e0 th\u00fac \u0111\u1ea9y quan h\u1ec7 \u0111\u1ed1i t\u00e1c.<\/span><\/p>\n<p><span style=\"font-weight: 400;\">Khi ng\u00e0y di\u1ec5n ra ICE Barcelona 2025 \u0111ang \u0111\u1ebfn g\u1ea7n, <\/span><span style=\"color: #3366ff;\"><a href=\"https:\/\/slotsmaker.com\/\" style=\"color: #3366ff;\"><b>SlotsMaker<\/b><\/a><\/span><span style=\"font-weight: 400;\"><span style=\"color: #3366ff;\">,<\/span> m\u1ed9t c\u00f4ng ty x\u00e2y d\u1ef1ng th\u01b0\u01a1ng hi\u1ec7u v\u00e0 gi\u1ea3i ph\u00e1p iGaming h\u00e0ng \u0111\u1ea7u, r\u1ea5t vui m\u1eebng \u0111\u01b0\u1ee3c th\u00f4ng b\u00e1o v\u1ec1 s\u1ef1 tham gia c\u1ee7a m\u00ecnh. Kh\u00e1ch tham d\u1ef1 s\u1ef1 ki\u1ec7n s\u1ebd c\u00f3 c\u01a1 h\u1ed9i kh\u00e1m ph\u00e1 nh\u1eefng <\/span><span style=\"color: #3366ff;\"><a href=\"https:\/\/slotsmaker.com\/our-services\/\" style=\"color: #3366ff;\"><b>d\u1ecbch v\u1ee5<\/b><\/a><\/span><span style=\"font-weight: 400;\"> v\u00e0 s\u1ea3n ph\u1ea9m m\u1edbi nh\u1ea5t c\u1ee7a c\u00f4ng ty t\u1ea1i gian h\u00e0ng SlotsMaker 2K24 (H\u1ed9i tr\u01b0\u1eddng 2).<\/span><\/p>\n<p><span style=\"font-weight: 400;\">V\u00e9 ICE Barcelona 2025: Nh\u1ea5p v\u00e0o <\/span><span style=\"color: #3366ff;\"><a href=\"https:\/\/ice.reg.buzz\/?_gl=1*1305xtx*_ga*MTY4OTcxNDE2NS4xNzMxMDU5OTU1*_ga_MSEQLQ3X1J*MTczMTI5NTE2NS4yLjAuMTczMTI5NTE2Ni42MC4wLjA.*_gcl_au*NDQ3NjQyOTUuMTczMTA1OTk1OA..#otid=915843385519\" style=\"color: #3366ff;\" target=\"_blank\" rel=\"noopener\"><b>\u0111\u00e2y<\/b><\/a><\/span><\/p>\n<p><span style=\"font-weight: 400;\">\u0110\u1ecba \u0111i\u1ec3m ICE Barcelona 2025: Nh\u1ea5p v\u00e0o <\/span><span style=\"color: #3366ff;\"><a href=\"https:\/\/www.icegaming.com\/travel--accommodation\" style=\"color: #3366ff;\" target=\"_blank\" rel=\"noopener\"><b>\u0111\u00e2y<\/b><\/a><\/span><\/p>\n<p>[\/et_pb_text][et_pb_button button_url=&#8221;https:\/\/slotsmaker.com\/news\/?lang=vi&#8221; button_text=&#8221;Quay l\u1ea1i tin t\u1ee9c&#8221; button_alignment=&#8221;center&#8221; disabled_on=&#8221;off|off|off&#8221; module_class=&#8221;custom-button&#8221; _builder_version=&#8221;4.27.4&#8243; _module_preset=&#8221;default&#8221; custom_button=&#8221;on&#8221; button_text_size=&#8221;20px&#8221; button_text_color=&#8221;#FFFFFF&#8221; button_bg_color=&#8221;gcid-primary-color&#8221; button_border_width=&#8221;2px&#8221; button_border_color=&#8221;RGBA(255,255,255,0)&#8221; button_font=&#8221;|600|||||||&#8221; button_use_icon=&#8221;off&#8221; background_layout=&#8221;dark&#8221; custom_margin=&#8221;||||false|false&#8221; custom_padding=&#8221;||||false|false&#8221; custom_padding_tablet=&#8221;||||false|false&#8221; custom_padding_phone=&#8221;||||false|false&#8221; custom_padding_last_edited=&#8221;on|desktop&#8221; hover_enabled=&#8221;0&#8243; button_text_size_tablet=&#8221;16px&#8221; button_text_size_phone=&#8221;16px&#8221; button_text_size_last_edited=&#8221;on|desktop&#8221; custom_css_after=&#8221;margin-top: 1px;&#8221; locked=&#8221;off&#8221; global_colors_info=&#8221;{%22gcid-primary-color%22:%91%22button_bg_color%22,%22button_bg_color%22%93,%22gcid-secondary-color%22:%91%22button_bg_color%22,%22button_bg_color__hover%22%93,%22gcid-74575f5e-bedc-40c1-ae7b-6696e83b758c%22:%91%22button_bg_color__hover%22%93}&#8221; button_bg_color__hover=&#8221;#a7268b&#8221; button_bg_color__hover_enabled=&#8221;on|hover&#8221; button_border_width__hover=&#8221;2px&#8221; button_border_width__hover_enabled=&#8221;on|hover&#8221; sticky_enabled=&#8221;0&#8243;][\/et_pb_button][\/et_pb_column][\/et_pb_row][\/et_pb_section]<\/p>\n","protected":false},"excerpt":{"rendered":"<p>ICE Barcelona 2025: M\u1ed9t s\u1ef1 ki\u1ec7n l\u1edbn m\u00e0 b\u1ea1n kh\u00f4ng mu\u1ed1n b\u1ecf l\u1ee1 5 \/ 12 \/ 2024ICE Barcelona 2025: M\u1ed9t ng\u00e0nh c\u00f4ng nghi\u1ec7p tr\u00f2 ch\u01a1i \u0111ang ph\u00e1t tri\u1ec3n Fira Barcelona Gran gi\u00e0nh \u0111\u01b0\u1ee3c s\u1ef1 ki\u1ec7n ICE danh gi\u00e1 Barcelona s\u1eafp tr\u1edf th\u00e0nh \u0111i\u1ec3m n\u00f3ng v\u1ec1 tr\u00f2 ch\u01a1i to\u00e0n c\u1ea7u khi chu\u1ea9n b\u1ecb t\u1ed5 ch\u1ee9c [&hellip;]<\/p>\n","protected":false},"author":2,"featured_media":0,"parent":0,"menu_order":0,"comment_status":"closed","ping_status":"closed","template":"","meta":{"_et_pb_use_builder":"on","_et_pb_old_content":"[et_pb_section fb_built=\"1\" admin_label=\"Section\" _builder_version=\"4.27.2\" _module_preset=\"default\" background_color=\"#FFFFFF\" da_disable_devices=\"off|off|off\" global_colors_info=\"{}\" theme_builder_area=\"post_content\" da_is_popup=\"off\" da_exit_intent=\"off\" da_has_close=\"on\" da_alt_close=\"off\" da_dark_close=\"off\" da_not_modal=\"on\" da_is_singular=\"off\" da_with_loader=\"off\" da_has_shadow=\"on\"][et_pb_row admin_label=\"image\" _builder_version=\"4.21.0\" _module_preset=\"default\" background_color=\"#FFFFFF\" global_colors_info=\"{}\" theme_builder_area=\"post_content\"][et_pb_column type=\"4_4\" _builder_version=\"4.21.0\" _module_preset=\"default\" global_colors_info=\"{}\" theme_builder_area=\"post_content\"][et_pb_image src=\"https:\/\/slotsmaker.com\/wp-content\/uploads\/2024\/12\/ICE-Barcelona-2025.jpg\" title_text=\"ICE-Barcelona-2025\" align=\"center\" force_fullwidth=\"on\" _builder_version=\"4.27.4\" _module_preset=\"default\" custom_margin=\"-30px||||false|false\" hover_enabled=\"0\" global_colors_info=\"{}\" theme_builder_area=\"post_content\" sticky_enabled=\"0\"][\/et_pb_image][\/et_pb_column][\/et_pb_row][et_pb_row admin_label=\"articles\" _builder_version=\"4.21.0\" _module_preset=\"default\" background_color=\"#FFFFFF\" global_colors_info=\"{}\" theme_builder_area=\"post_content\"][et_pb_column type=\"4_4\" _builder_version=\"4.21.0\" _module_preset=\"default\" global_colors_info=\"{}\" theme_builder_area=\"post_content\"][et_pb_text _builder_version=\"4.27.4\" _module_preset=\"default\" header_font=\"|600|||||||\" header_text_color=\"gcid-primary-color\" header_font_size=\"22px\" header_2_font_size=\"30px\" header_4_text_color=\"gcid-293da448-f89a-45b9-8e92-706f4652a4ca\" custom_padding=\"|50px||50px|false|false\" custom_padding_tablet=\"|50px||50px|false|false\" custom_padding_phone=\"|0px||20px|false|false\" custom_padding_last_edited=\"on|tablet\" hover_enabled=\"0\" header_2_font_size_tablet=\"30px\" header_2_font_size_phone=\"23px\" header_2_font_size_last_edited=\"on|phone\" global_colors_info=\"{%22gcid-primary-color%22:%91%22header_text_color%22%93,%22gcid-293da448-f89a-45b9-8e92-706f4652a4ca%22:%91%22header_4_text_color%22%93}\" theme_builder_area=\"post_content\" sticky_enabled=\"0\"]\n<h1>ICE Barcelona 2025: A Major Event You Wouldn't Want to Miss<b>\n<\/b><\/h1>\n<h4>5th December 2024<\/h4>\n[\/et_pb_text][et_pb_text _builder_version=\"4.27.4\" _module_preset=\"default\" text_text_color=\"#666666\" text_font_size=\"16px\" text_line_height=\"1.5em\" header_2_font=\"|600|||||||\" header_2_text_color=\"gcid-293da448-f89a-45b9-8e92-706f4652a4ca\" header_2_font_size=\"18px\" header_3_font=\"|600|||||||\" header_3_text_color=\"#5C5C5C\" header_3_font_size=\"18px\" header_4_text_color=\"#000000\" custom_margin=\"||||false|false\" custom_padding=\"|50px||50px|false|false\" custom_padding_tablet=\"|50px||50px|false|false\" custom_padding_phone=\"|10px||20px|false|false\" custom_padding_last_edited=\"on|phone\" hover_enabled=\"0\" text_font_size_tablet=\"16px\" text_font_size_phone=\"14px\" text_font_size_last_edited=\"on|phone\" header_2_font_size_tablet=\"\" header_2_font_size_phone=\"\" header_2_font_size_last_edited=\"on|phone\" header_3_font_size_tablet=\"\" header_3_font_size_phone=\"\" header_3_font_size_last_edited=\"on|phone\" global_colors_info=\"{%22gcid-293da448-f89a-45b9-8e92-706f4652a4ca%22:%91%22header_2_text_color%22%93}\" theme_builder_area=\"post_content\" sticky_enabled=\"0\"]\n<h2>ICE Barcelona 2025: A Gaming Industry on the Rise<\/h2>\n<h3>Fira Barcelona Gran Secures Prestigious ICE Event<\/h3>\n<span style=\"font-weight: 400;\">Barcelona is set to become a global gaming hotspot as it prepares to host the prestigious <\/span><span style=\"color: #3366ff;\"><a href=\"https:\/\/www.icegaming.com\/about-ice\" style=\"color: #3366ff;\"><b>ICE<\/b><\/a><\/span><span style=\"font-weight: 400;\"> event in January next year. In a recent interview, Fira de Barcelona, one of Europe\u2019s leading trade fair organizers, shared insights into the significance of this event and how Barcelona is positioning itself as a key player in the iGaming sector.<\/span>\n<h2>A Strategic Win for ICE 2025<\/h2>\n<h3>The Economic Impact of ICE on Fira Gran<\/h3>\n<span style=\"font-weight: 400;\">Since ICE London 2024, Fira de Barcelona successfully outcompeted other major cities, including Paris, to secure the ICE event. The city's strong infrastructure, diverse cultural offerings, and proven track record in hosting large-scale events were key factors in this decision.<\/span>\n\n<span style=\"font-weight: 400;\">The arrival of ICE is expected to significantly impact Barcelona's economy. The event will attract thousands of international visitors, boosting local businesses, hotels, and restaurants. Additionally, it will strengthen Barcelona's position as a global hub for the iGaming and sports betting industry.<\/span>\n<h2>iGB Affiliate: A Collaborative Effort<\/h2>\n<h3>SlotsMaker to Showcase Innovative Solutions at ICE Barcelona 2025<\/h3>\n<span style=\"font-weight: 400;\">Fira de Barcelona emphasizes the importance of collaboration with local and national iGaming companies to ensure the successful execution of ICE. They aim to maximize the event's potential and leverage its benefits for the city and the country by working together.<\/span>\n\n<span style=\"font-weight: 400;\">As Barcelona continues to evolve as a gaming destination, the ICE event represents a major milestone. The city is poised to solidify its place in the global gaming landscape by embracing innovation and fostering partnerships.<\/span>\n\n<span style=\"font-weight: 400;\">As the <\/span><span style=\"color: #3366ff;\"><a href=\"https:\/\/www.icegaming.com\/\" style=\"color: #3366ff;\"><b>ICE Barcelona<\/b><\/a><\/span><span style=\"font-weight: 400;\"> 2025 dates approach, <\/span><span style=\"color: #3366ff;\"><a href=\"https:\/\/slotsmaker.com\/\" style=\"color: #3366ff;\"><b>SlotsMaker<\/b><\/a><\/span><span style=\"font-weight: 400;\"><span style=\"color: #3366ff;\">,<\/span> a leading iGaming solutions and branding company, is excited to announce its participation. Visitors to the event will have the opportunity to explore the company\u2019s latest offerings and <\/span><span style=\"color: #3366ff;\"><a href=\"https:\/\/slotsmaker.com\/our-services\/\" style=\"color: #3366ff;\"><b>services<\/b><\/a><\/span><span style=\"font-weight: 400;\"> at SlotsMaker booth 2K24 (Hall 2).<\/span>\n\n<span style=\"font-weight: 400;\">ICE Barcelona 2025 Tickets: Click <\/span><span style=\"color: #3366ff;\"><a href=\"https:\/\/ice.reg.buzz\/?_gl=1*1305xtx*_ga*MTY4OTcxNDE2NS4xNzMxMDU5OTU1*_ga_MSEQLQ3X1J*MTczMTI5NTE2NS4yLjAuMTczMTI5NTE2Ni42MC4wLjA.*_gcl_au*NDQ3NjQyOTUuMTczMTA1OTk1OA..#otid=915843385519\" style=\"color: #3366ff;\"><b>here<\/b><\/a><\/span>\n\n<span style=\"font-weight: 400;\">ICE Barcelona 2025 Location: Click <\/span><span style=\"color: #3366ff;\"><a href=\"https:\/\/www.icegaming.com\/travel--accommodation\" style=\"color: #3366ff;\"><b>here<\/b><\/a><\/span>\n\n[\/et_pb_text][et_pb_button button_url=\"https:\/\/slotsmaker.com\/news\/\" button_text=\"Back to news\" button_alignment=\"center\" disabled_on=\"off|off|off\" module_class=\"custom-button\" _builder_version=\"4.27.3\" _module_preset=\"default\" custom_button=\"on\" button_text_size=\"20px\" button_text_color=\"#FFFFFF\" button_bg_color=\"gcid-primary-color\" button_border_width=\"2px\" button_border_color=\"RGBA(255,255,255,0)\" button_font=\"|600|||||||\" button_use_icon=\"off\" background_layout=\"dark\" custom_margin=\"||||false|false\" custom_padding=\"||||false|false\" custom_padding_tablet=\"||||false|false\" custom_padding_phone=\"||||false|false\" custom_padding_last_edited=\"on|desktop\" button_text_size_tablet=\"16px\" button_text_size_phone=\"16px\" button_text_size_last_edited=\"on|desktop\" custom_css_after=\"margin-top: 1px;\" locked=\"off\" global_colors_info=\"{%22gcid-primary-color%22:%91%22button_bg_color%22,%22button_bg_color%22%93,%22gcid-secondary-color%22:%91%22button_bg_color%22,%22button_bg_color__hover%22%93,%22gcid-74575f5e-bedc-40c1-ae7b-6696e83b758c%22:%91%22button_bg_color__hover%22%93}\" button_bg_color__hover=\"#a7268b\" button_bg_color__hover_enabled=\"on|hover\" button_border_width__hover=\"2px\" button_border_width__hover_enabled=\"on|hover\" theme_builder_area=\"post_content\"][\/et_pb_button][\/et_pb_column][\/et_pb_row][\/et_pb_section]","_et_gb_content_width":"","content-type":"","footnotes":""},"class_list":["post-10713","page","type-page","status-publish","hentry"],"_links":{"self":[{"href":"https:\/\/slotsmaker.com\/vi\/wp-json\/wp\/v2\/pages\/10713","targetHints":{"allow":["GET"]}}],"collection":[{"href":"https:\/\/slotsmaker.com\/vi\/wp-json\/wp\/v2\/pages"}],"about":[{"href":"https:\/\/slotsmaker.com\/vi\/wp-json\/wp\/v2\/types\/page"}],"author":[{"embeddable":true,"href":"https:\/\/slotsmaker.com\/vi\/wp-json\/wp\/v2\/users\/2"}],"replies":[{"embeddable":true,"href":"https:\/\/slotsmaker.com\/vi\/wp-json\/wp\/v2\/comments?post=10713"}],"version-history":[{"count":3,"href":"https:\/\/slotsmaker.com\/vi\/wp-json\/wp\/v2\/pages\/10713\/revisions"}],"predecessor-version":[{"id":10724,"href":"https:\/\/slotsmaker.com\/vi\/wp-json\/wp\/v2\/pages\/10713\/revisions\/10724"}],"wp:attachment":[{"href":"https:\/\/slotsmaker.com\/vi\/wp-json\/wp\/v2\/media?parent=10713"}],"curies":[{"name":"wp","href":"https:\/\/api.w.org\/{rel}","templated":true}]}}