{"id":11992,"date":"2024-11-20T20:11:52","date_gmt":"2024-11-20T12:11:52","guid":{"rendered":"https:\/\/slotsmaker.com\/?page_id=11992"},"modified":"2025-01-13T20:34:32","modified_gmt":"2025-01-13T12:34:32","slug":"slotsmakers-framework-for-responsible-gaming","status":"publish","type":"page","link":"https:\/\/slotsmaker.com\/vi\/slotsmakers-framework-for-responsible-gaming\/","title":{"rendered":"SlotsMaker\u2019s Framework for Responsible Gaming"},"content":{"rendered":"<p>[et_pb_section fb_built=&#8221;1&#8243; admin_label=&#8221;Section&#8221; _builder_version=&#8221;4.27.2&#8243; _module_preset=&#8221;default&#8221; background_color=&#8221;#FFFFFF&#8221; da_disable_devices=&#8221;off|off|off&#8221; global_colors_info=&#8221;{}&#8221; da_is_popup=&#8221;off&#8221; da_exit_intent=&#8221;off&#8221; da_has_close=&#8221;on&#8221; da_alt_close=&#8221;off&#8221; da_dark_close=&#8221;off&#8221; da_not_modal=&#8221;on&#8221; da_is_singular=&#8221;off&#8221; da_with_loader=&#8221;off&#8221; da_has_shadow=&#8221;on&#8221;][et_pb_row admin_label=&#8221;image&#8221; _builder_version=&#8221;4.21.0&#8243; _module_preset=&#8221;default&#8221; background_color=&#8221;#FFFFFF&#8221; global_colors_info=&#8221;{}&#8221;][et_pb_column type=&#8221;4_4&#8243; _builder_version=&#8221;4.21.0&#8243; _module_preset=&#8221;default&#8221; global_colors_info=&#8221;{}&#8221;][et_pb_image src=&#8221;https:\/\/slotsmaker.com\/wp-content\/uploads\/2024\/11\/045_SlotsMaker_SlotsMakers-Framework-for-Responsible-Gaming_Article_1000x500.jpg&#8221; title_text=&#8221;045_SlotsMaker_SlotsMaker\u2019s Framework for Responsible Gaming_Article_1000x500&#8243; align=&#8221;center&#8221; force_fullwidth=&#8221;on&#8221; _builder_version=&#8221;4.27.3&#8243; _module_preset=&#8221;default&#8221; custom_margin=&#8221;-30px||||false|false&#8221; global_colors_info=&#8221;{}&#8221;][\/et_pb_image][\/et_pb_column][\/et_pb_row][et_pb_row admin_label=&#8221;articles&#8221; _builder_version=&#8221;4.21.0&#8243; _module_preset=&#8221;default&#8221; background_color=&#8221;#FFFFFF&#8221; global_colors_info=&#8221;{}&#8221;][et_pb_column type=&#8221;4_4&#8243; _builder_version=&#8221;4.21.0&#8243; _module_preset=&#8221;default&#8221; global_colors_info=&#8221;{}&#8221;][et_pb_text _builder_version=&#8221;4.27.4&#8243; _module_preset=&#8221;default&#8221; header_font=&#8221;|600|||||||&#8221; header_text_color=&#8221;gcid-primary-color&#8221; header_font_size=&#8221;22px&#8221; header_2_font_size=&#8221;30px&#8221; header_4_text_color=&#8221;gcid-293da448-f89a-45b9-8e92-706f4652a4ca&#8221; custom_padding=&#8221;|50px||50px|false|false&#8221; custom_padding_tablet=&#8221;|50px||50px|false|false&#8221; custom_padding_phone=&#8221;|0px||20px|false|false&#8221; custom_padding_last_edited=&#8221;on|tablet&#8221; hover_enabled=&#8221;0&#8243; header_2_font_size_tablet=&#8221;30px&#8221; header_2_font_size_phone=&#8221;23px&#8221; header_2_font_size_last_edited=&#8221;on|phone&#8221; global_colors_info=&#8221;{%22gcid-primary-color%22:%91%22header_text_color%22%93,%22gcid-293da448-f89a-45b9-8e92-706f4652a4ca%22:%91%22header_4_text_color%22%93}&#8221; sticky_enabled=&#8221;0&#8243;]<\/p>\n<h1>Khung ch\u01a1i game c\u00f3 tr\u00e1ch nhi\u1ec7m c\u1ee7a SlotsMaker<b><br \/><\/b><\/h1>\n<h4>1 \/ 4 \/ 2024<\/h4>\n<p>[\/et_pb_text][et_pb_text _builder_version=&#8221;4.27.4&#8243; _module_preset=&#8221;default&#8221; text_text_color=&#8221;#666666&#8243; text_font_size=&#8221;16px&#8221; text_line_height=&#8221;1.5em&#8221; header_2_font=&#8221;|600|||||||&#8221; header_2_text_color=&#8221;gcid-293da448-f89a-45b9-8e92-706f4652a4ca&#8221; header_2_font_size=&#8221;18px&#8221; header_3_font=&#8221;|600|||||||&#8221; header_3_text_color=&#8221;#5C5C5C&#8221; header_3_font_size=&#8221;18px&#8221; header_4_text_color=&#8221;#000000&#8243; custom_margin=&#8221;||||false|false&#8221; custom_padding=&#8221;|50px||50px|false|false&#8221; custom_padding_tablet=&#8221;|50px||50px|false|false&#8221; custom_padding_phone=&#8221;|10px||20px|false|false&#8221; custom_padding_last_edited=&#8221;on|phone&#8221; hover_enabled=&#8221;0&#8243; text_font_size_tablet=&#8221;16px&#8221; text_font_size_phone=&#8221;14px&#8221; text_font_size_last_edited=&#8221;on|phone&#8221; header_2_font_size_tablet=&#8221;&#8221; header_2_font_size_phone=&#8221;&#8221; header_2_font_size_last_edited=&#8221;on|phone&#8221; header_3_font_size_tablet=&#8221;&#8221; header_3_font_size_phone=&#8221;&#8221; header_3_font_size_last_edited=&#8221;on|phone&#8221; global_colors_info=&#8221;{%22gcid-293da448-f89a-45b9-8e92-706f4652a4ca%22:%91%22header_2_text_color%22%93}&#8221; sticky_enabled=&#8221;0&#8243;]<\/p>\n<p><span style=\"font-weight: 400;\">Khi ng\u00e0nh c\u00f4ng nghi\u1ec7p iGaming ti\u1ebfp t\u1ee5c ph\u00e1t tri\u1ec3n v\u00e0 tr\u1edf n\u00ean ph\u1ed5 bi\u1ebfn, vi\u1ec7c duy tr\u00ec c\u00e1c nguy\u00ean t\u1eafc ch\u01a1i game c\u00f3 tr\u00e1ch nhi\u1ec7m tr\u1edf n\u00ean quan tr\u1ecdng h\u01a1n bao gi\u1edd h\u1ebft. <\/span><span style=\"color: #0000ff;\"><a href=\"https:\/\/slotsmaker.com\/\" style=\"color: #0000ff;\"><b>SlotsMaker<\/b><\/a><\/span><span style=\"font-weight: 400;\">, m\u1ed9t c\u00f4ng ty ph\u00e1t tri\u1ec3n v\u00e0 x\u00e2y d\u1ef1ng th\u01b0\u01a1ng hi\u1ec7u tr\u00f2 ch\u01a1i \u0111\u00e1nh b\u1ea1c, \u0111i \u0111\u1ea7u trong vi\u1ec7c khuy\u1ebfn kh\u00edch ng\u01b0\u1eddi ch\u01a1i ch\u01a1i c\u00f3 tr\u00e1ch nhi\u1ec7m v\u00e0 an to\u00e0n.<\/span><\/p>\n<p><span style=\"font-weight: 400;\">SlotsMaker lu\u00f4n h\u1ee3p t\u00e1c v\u1edbi c\u00e1c \u0111\u1ed1i t\u00e1c kinh doanh \u0111\u1ec3 t\u1ea1o ra c\u00e1c t\u00ednh n\u0103ng m\u1edbi th\u00fac \u0111\u1ea9y ch\u01a1i game c\u00f3 tr\u00e1ch nhi\u1ec7m, cam k\u1ebft \u0111\u1ea3m b\u1ea3o ng\u01b0\u1eddi ch\u01a1i t\u1eadn h\u01b0\u1edfng tr\u00f2 ch\u01a1i \u0111\u00e1nh b\u1ea1c trong khi \u0111\u1eb7t s\u1ee9c kh\u1ecfe c\u1ee7a h\u1ecd l\u00ean h\u00e0ng \u0111\u1ea7u.<\/span><\/p>\n<h2>Ch\u01a1i game c\u00f3 tr\u00e1ch nhi\u1ec7m l\u00e0 g\u00ec?<\/h2>\n<h3>N\u00e2ng cao s\u00f2ng b\u1ea1c ch\u01a1i game c\u00f3 tr\u00e1ch nhi\u1ec7m<\/h3>\n<p><span style=\"font-weight: 400;\">Ch\u01a1i game c\u00f3 tr\u00e1ch nhi\u1ec7m \u0111\u00f2i h\u1ecfi c\u00e1c quy tr\u00ecnh chu\u1ea9n gi\u00fap t\u1ed1i \u0111a h\u00f3a ni\u1ec1m vui ch\u01a1i game c\u1ee7a ng\u01b0\u1eddi ch\u01a1i v\u1edbi c\u00e1c bi\u1ec7n ph\u00e1p an to\u00e0n \u0111\u1ec3 gi\u1ea3m thi\u1ec3u r\u1ee7i ro. SlotsMaker gi\u1edbi thi\u1ec7u c\u00e1c c\u00f4ng c\u1ee5 v\u00e0o tr\u00f2 ch\u01a1i c\u1ee7a m\u00ecnh \u0111\u1ec3 kh\u00e1ch h\u00e0ng \u0111i\u1ec1u ch\u1ec9nh, ch\u1eb3ng h\u1ea1n nh\u01b0 h\u1ea1n ch\u1ebf m\u1ee9c c\u01b0\u1ee3c \u0111\u1ed1i v\u1edbi ng\u01b0\u1eddi ch\u01a1i c\u1edd b\u1ea1c v\u1ecb th\u00e0nh ni\u00ean.<\/span><\/p>\n<p><span style=\"font-weight: 400;\">SlotsMaker mu\u1ed1n n\u00e2ng cao nh\u1eadn th\u1ee9c v\u1ec1 c\u00e1c v\u1ea5n \u0111\u1ec1 c\u1edd b\u1ea1c c\u00f3 tr\u00e1ch nhi\u1ec7m b\u1eb1ng c\u00e1ch t\u1ea1o ra m\u00f4i tr\u01b0\u1eddng ch\u01a1i game an to\u00e0n, \u0111\u1ea3m b\u1ea3o r\u1eb1ng ng\u01b0\u1eddi ch\u01a1i c\u00f3 th\u1ec3 tham gia c\u00e1 c\u01b0\u1ee3c th\u1ec3 thao \u0111\u01b0\u1ee3c x\u00e3 h\u1ed9i ch\u1ea5p nh\u1eadn m\u00e0 kh\u00f4ng ph\u1ea3i ch\u1ecbu h\u1eadu qu\u1ea3 c\u1ee7a ch\u1ee9ng nghi\u1ec7n c\u1edd b\u1ea1c c\u00f3 v\u1ea5n \u0111\u1ec1 ho\u1eb7c r\u1ee7i ro t\u00e0i ch\u00ednh.<\/span><\/p>\n<h2>T\u1ea1i sao ch\u01a1i game c\u00f3 tr\u00e1ch nhi\u1ec7m l\u1ea1i quan tr\u1ecdng?<\/h2>\n<h3>X\u00e2y d\u1ef1ng l\u00f2ng tin th\u00f4ng qua ch\u00ednh s\u00e1ch c\u1edd b\u1ea1c c\u00f3 tr\u00e1ch nhi\u1ec7m<\/h3>\n<p><span style=\"font-weight: 400;\">Chi\u1ebfn l\u01b0\u1ee3c ch\u01a1i game c\u00f3 tr\u00e1ch nhi\u1ec7m r\u1ea5t quan tr\u1ecdng \u0111\u1ed1i v\u1edbi kh\u00e1ch h\u00e0ng v\u00e0 ng\u01b0\u1eddi ch\u01a1i c\u1ee7a SlotsMaker v\u00ec nhi\u1ec1u l\u00fd do, trong \u0111\u00f3 danh ti\u1ebfng v\u00e0 s\u1ef1 tin t\u01b0\u1edfng l\u00e0 quan tr\u1ecdng nh\u1ea5t. C\u00e1c tr\u00f2 ch\u01a1i slot do SlotMaker ph\u00e1t tri\u1ec3n cung c\u1ea5p gi\u1edbi h\u1ea1n v\u1ec1 s\u1ed1 ti\u1ec1n c\u01b0\u1ee3c v\u00e0 m\u1ed9t s\u1ed1 v\u00ed d\u1ee5 v\u1ec1 ch\u01a1i game c\u00f3 tr\u00e1ch nhi\u1ec7m. \u0110\u00e2y l\u00e0 c\u00e1c b\u01b0\u1edbc ph\u00f2ng ng\u1eeba \u0111\u1ec3 ng\u01b0\u1eddi ch\u01a1i c\u00e2n nh\u1eafc v\u1ec1 s\u1ed1 ti\u1ec1n c\u01b0\u1ee3c m\u00e0 h\u1ecd s\u1eb5n s\u00e0ng chi.<\/span><\/p>\n<h2>Trang web ch\u01a1i game c\u00f3 tr\u00e1ch nhi\u1ec7m \u0111\u1ec3 tu\u00e2n th\u1ee7<\/h2>\n<h3>Ch\u1ee9ng nh\u1eadn GLI-19: N\u1ec1n t\u1ea3ng cho vi\u1ec7c b\u1ea3o v\u1ec7 ng\u01b0\u1eddi ch\u01a1i v\u00e0 an to\u00e0n khi ch\u01a1i game<\/h3>\n<p><span style=\"font-weight: 400;\">\u0110\u1ec3 ch\u1ee9ng minh r\u1eb1ng c\u00e1c \u1ee9ng d\u1ee5ng ch\u01a1i game c\u00f3 tr\u00e1ch nhi\u1ec7m l\u00e0 m\u1ee5c ti\u00eau c\u1ee7a SlotsMaker d\u00e0nh cho kh\u00e1ch h\u00e0ng, c\u00f4ng ty \u0111\u00e3 \u0111\u1ea1t \u0111\u01b0\u1ee3c ch\u1ee9ng nh\u1eadn GLI-19 do <\/span><span style=\"color: #0000ff;\"><a href=\"https:\/\/gaminglabs.com\/\" style=\"color: #0000ff;\" target=\"_blank\" rel=\"noopener\"><b>Gaming Lab International<\/b><\/a><\/span><span style=\"font-weight: 400;\"> (GLI) trao t\u1eb7ng, m\u1ed9t doanh nghi\u1ec7p \u0111\u1ed9c l\u1eadp chuy\u00ean ki\u1ec3m tra v\u00e0 \u0111\u00e1nh gi\u00e1 c\u00e1c h\u1ec7 th\u1ed1ng s\u00f2ng b\u1ea1c tr\u1ef1c tuy\u1ebfn.<\/span><\/p>\n<p><span style=\"font-weight: 400;\">Th\u00f4ng qua ch\u1ee9ng nh\u1eadn GLI-19, SlotsMaker \u01b0u ti\u00ean s\u1ef1 an to\u00e0n c\u1ee7a ng\u01b0\u1eddi ch\u01a1i v\u00e0 x\u00e2y d\u1ef1ng v\u0103n h\u00f3a ch\u01a1i game d\u1ef1a tr\u00ean s\u1ef1 kh\u1ecfe m\u1ea1nh. B\u1eb1ng c\u00e1ch \u0111\u1ea1t \u0111\u01b0\u1ee3c ch\u1ee9ng nh\u1eadn GLI-19, SlotsMaker kh\u1eb3ng \u0111\u1ecbnh l\u1ea1i cam k\u1ebft c\u1ee7a m\u00ecnh trong vi\u1ec7c b\u1ea3o v\u1ec7 ng\u01b0\u1eddi ch\u01a1i kh\u1ecfi v\u1ea5n \u0111\u1ec1 c\u1edd b\u1ea1c v\u00e0 th\u00fac \u0111\u1ea9y c\u00e1c tr\u01b0\u1eddng h\u1ee3p ch\u01a1i game c\u00f3 tr\u00e1ch nhi\u1ec7m.<\/span><\/p>\n<h2>C\u01a1 h\u1ed9i h\u1ee3p t\u00e1c<\/h2>\n<p><span style=\"font-weight: 400;\">Nh\u00ecn chung, ch\u01a1i game c\u00f3 tr\u00e1ch nhi\u1ec7m l\u00e0 c\u1ea7n thi\u1ebft \u0111\u1ec3 b\u1ea3o v\u1ec7 kh\u00e1ch h\u00e0ng c\u1ee7a SlotsMaker v\u00e0 duy tr\u00ec t\u00ednh to\u00e0n v\u1eb9n c\u1ee7a ng\u00e0nh. \u0110\u1ed1i v\u1edbi c\u00e1c doanh nghi\u1ec7p iGaming mu\u1ed1n h\u1ee3p t\u00e1c v\u1edbi SlotsMaker, h\u00e3y <\/span><span style=\"color: #0000ff;\"><a href=\"https:\/\/slotsmaker.com\/contact-us\/\" style=\"color: #0000ff;\"><b>li\u00ean h\u1ec7<\/b><\/a><\/span><span style=\"font-weight: 400;\"> v\u1edbi ch\u00fang t\u00f4i ngay h\u00f4m nay.<\/span><\/p>\n<p>[\/et_pb_text][et_pb_button button_url=&#8221;https:\/\/slotsmaker.com\/news\/?lang=vi&#8221; button_text=&#8221;Quay l\u1ea1i tin t\u1ee9c&#8221; button_alignment=&#8221;center&#8221; disabled_on=&#8221;off|off|off&#8221; module_class=&#8221;custom-button&#8221; _builder_version=&#8221;4.27.4&#8243; _module_preset=&#8221;default&#8221; custom_button=&#8221;on&#8221; button_text_size=&#8221;20px&#8221; button_text_color=&#8221;#FFFFFF&#8221; button_bg_color=&#8221;gcid-primary-color&#8221; button_border_width=&#8221;2px&#8221; button_border_color=&#8221;RGBA(255,255,255,0)&#8221; button_font=&#8221;|600|||||||&#8221; button_use_icon=&#8221;off&#8221; background_layout=&#8221;dark&#8221; custom_margin=&#8221;||||false|false&#8221; custom_padding=&#8221;||||false|false&#8221; custom_padding_tablet=&#8221;||||false|false&#8221; custom_padding_phone=&#8221;||||false|false&#8221; custom_padding_last_edited=&#8221;on|desktop&#8221; hover_enabled=&#8221;0&#8243; button_text_size_tablet=&#8221;16px&#8221; button_text_size_phone=&#8221;16px&#8221; button_text_size_last_edited=&#8221;on|desktop&#8221; custom_css_after=&#8221;margin-top: 1px;&#8221; locked=&#8221;off&#8221; global_colors_info=&#8221;{%22gcid-primary-color%22:%91%22button_bg_color%22,%22button_bg_color%22%93,%22gcid-secondary-color%22:%91%22button_bg_color%22,%22button_bg_color__hover%22%93,%22gcid-74575f5e-bedc-40c1-ae7b-6696e83b758c%22:%91%22button_bg_color__hover%22%93}&#8221; button_bg_color__hover=&#8221;#a7268b&#8221; button_bg_color__hover_enabled=&#8221;on|hover&#8221; button_border_width__hover=&#8221;2px&#8221; button_border_width__hover_enabled=&#8221;on|hover&#8221; sticky_enabled=&#8221;0&#8243;][\/et_pb_button][\/et_pb_column][\/et_pb_row][\/et_pb_section]<\/p>\n","protected":false},"excerpt":{"rendered":"<p>Khung ch\u01a1i game c\u00f3 tr\u00e1ch nhi\u1ec7m c\u1ee7a SlotsMaker 1 \/ 4 \/ 2024Khi ng\u00e0nh c\u00f4ng nghi\u1ec7p iGaming ti\u1ebfp t\u1ee5c ph\u00e1t tri\u1ec3n v\u00e0 tr\u1edf n\u00ean ph\u1ed5 bi\u1ebfn, vi\u1ec7c duy tr\u00ec c\u00e1c nguy\u00ean t\u1eafc ch\u01a1i game c\u00f3 tr\u00e1ch nhi\u1ec7m tr\u1edf n\u00ean quan tr\u1ecdng h\u01a1n bao gi\u1edd h\u1ebft. SlotsMaker, m\u1ed9t c\u00f4ng ty ph\u00e1t tri\u1ec3n v\u00e0 x\u00e2y d\u1ef1ng th\u01b0\u01a1ng [&hellip;]<\/p>\n","protected":false},"author":6,"featured_media":0,"parent":0,"menu_order":0,"comment_status":"closed","ping_status":"closed","template":"","meta":{"_et_pb_use_builder":"on","_et_pb_old_content":"[et_pb_section fb_built=\"1\" admin_label=\"Section\" _builder_version=\"4.27.2\" _module_preset=\"default\" background_color=\"#FFFFFF\" da_disable_devices=\"off|off|off\" global_colors_info=\"{}\" theme_builder_area=\"post_content\" da_is_popup=\"off\" da_exit_intent=\"off\" da_has_close=\"on\" da_alt_close=\"off\" da_dark_close=\"off\" da_not_modal=\"on\" da_is_singular=\"off\" da_with_loader=\"off\" da_has_shadow=\"on\"][et_pb_row admin_label=\"image\" _builder_version=\"4.21.0\" _module_preset=\"default\" background_color=\"#FFFFFF\" global_colors_info=\"{}\" theme_builder_area=\"post_content\"][et_pb_column type=\"4_4\" _builder_version=\"4.21.0\" _module_preset=\"default\" global_colors_info=\"{}\" theme_builder_area=\"post_content\"][et_pb_image src=\"https:\/\/slotsmaker.com\/wp-content\/uploads\/2024\/11\/045_SlotsMaker_SlotsMakers-Framework-for-Responsible-Gaming_Article_1000x500.jpg\" title_text=\"045_SlotsMaker_SlotsMaker\u2019s Framework for Responsible Gaming_Article_1000x500\" align=\"center\" force_fullwidth=\"on\" _builder_version=\"4.27.3\" _module_preset=\"default\" custom_margin=\"-30px||||false|false\" hover_enabled=\"0\" global_colors_info=\"{}\" theme_builder_area=\"post_content\" sticky_enabled=\"0\"][\/et_pb_image][\/et_pb_column][\/et_pb_row][et_pb_row admin_label=\"articles\" _builder_version=\"4.21.0\" _module_preset=\"default\" background_color=\"#FFFFFF\" global_colors_info=\"{}\" theme_builder_area=\"post_content\"][et_pb_column type=\"4_4\" _builder_version=\"4.21.0\" _module_preset=\"default\" global_colors_info=\"{}\" theme_builder_area=\"post_content\"][et_pb_text _builder_version=\"4.27.3\" _module_preset=\"default\" header_font=\"|600|||||||\" header_text_color=\"gcid-primary-color\" header_font_size=\"22px\" header_2_font_size=\"30px\" header_4_text_color=\"gcid-293da448-f89a-45b9-8e92-706f4652a4ca\" custom_padding=\"|50px||50px|false|false\" custom_padding_tablet=\"|50px||50px|false|false\" custom_padding_phone=\"|0px||20px|false|false\" custom_padding_last_edited=\"on|tablet\" hover_enabled=\"0\" header_2_font_size_tablet=\"30px\" header_2_font_size_phone=\"23px\" header_2_font_size_last_edited=\"on|phone\" global_colors_info=\"{%22gcid-primary-color%22:%91%22header_text_color%22%93,%22gcid-293da448-f89a-45b9-8e92-706f4652a4ca%22:%91%22header_4_text_color%22%93}\" theme_builder_area=\"post_content\" sticky_enabled=\"0\"]\n<h1>SlotsMaker\u2019s Framework for Responsible Gaming<b>\n<\/b><\/h1>\n<h4>1st April 2024<\/h4>\n[\/et_pb_text][et_pb_text _builder_version=\"4.27.3\" _module_preset=\"default\" text_text_color=\"#666666\" text_font_size=\"16px\" text_line_height=\"1.5em\" header_2_font=\"|600|||||||\" header_2_text_color=\"gcid-293da448-f89a-45b9-8e92-706f4652a4ca\" header_2_font_size=\"18px\" header_3_font=\"|600|||||||\" header_3_text_color=\"#5C5C5C\" header_3_font_size=\"18px\" header_4_text_color=\"#000000\" custom_margin=\"||||false|false\" custom_padding=\"|50px||50px|false|false\" custom_padding_tablet=\"|50px||50px|false|false\" custom_padding_phone=\"|10px||20px|false|false\" custom_padding_last_edited=\"on|phone\" hover_enabled=\"0\" text_font_size_tablet=\"16px\" text_font_size_phone=\"14px\" text_font_size_last_edited=\"on|phone\" header_2_font_size_tablet=\"\" header_2_font_size_phone=\"\" header_2_font_size_last_edited=\"on|phone\" header_3_font_size_tablet=\"\" header_3_font_size_phone=\"\" header_3_font_size_last_edited=\"on|phone\" global_colors_info=\"{%22gcid-293da448-f89a-45b9-8e92-706f4652a4ca%22:%91%22header_2_text_color%22%93}\" theme_builder_area=\"post_content\" sticky_enabled=\"0\"]\n\n<span style=\"font-weight: 400;\">As the iGaming industry continues to grow and gain popularity, it is more crucial than ever to uphold responsible gaming guidelines. <\/span><span style=\"color: #3366ff;\"><a href=\"https:\/\/slotsmaker.com\/\" style=\"color: #3366ff;\"><b>SlotsMaker<\/b><\/a><\/span><span style=\"font-weight: 400;\">, a <\/span><b>slots development and branding company<\/b><span style=\"font-weight: 400;\">, is at the forefront of encouraging players to play responsibly and safely.\u00a0<\/span>\n\n<span style=\"font-weight: 400;\">Consistently collaborating with its business partners to create new features that promote responsible gaming, SlotsMaker is committed to ensuring players enjoy slot games while putting their well-being first.<\/span>\n<h2>What is Responsible Gaming?<\/h2>\n<h3>Enhancing Responsible Gaming Casino<\/h3>\n<span style=\"font-weight: 400;\">Responsible gaming entails standard procedures that help maximize players\u2019 gaming enjoyment with safety measures to reduce risk. SlotsMaker introduces tools into its games for clients to adjust such as restricting bet size on underage gambling.\u00a0<\/span>\n\n<span style=\"font-weight: 400;\">SlotsMaker wants to raise awareness of responsible gambling problems by creating safe gaming environments, assuring that players can participate in socially acceptable sports betting without suffering the consequences of problem gambling addiction or financial risks.<\/span>\n<h2>Why is Responsible Gaming Important?<\/h2>\n<h3>Building Trust Through Responsible Gambling Policy<\/h3>\n<span style=\"font-weight: 400;\">Responsible gaming strategy is important to SlotsMaker's clients and players for several reasons, with reputation and trust being the number one. Slot games developed by SlotMaker provide bet size limits and some examples of responsible gaming. This functions as precautionary steps for players to think about how much the bet they are willing to spend.<\/span>\n<h2>Responsible Gaming Website for Compliance<\/h2>\n<h3>GLI-19 Certification: A Foundation for Player Protection &amp; Gaming Safety<\/h3>\n<span style=\"font-weight: 400;\">Proving responsible gaming apps are SlotsMaker\u2019s goals for its clients, the company has since acquired <\/span><b>GLI-19 certification<\/b><span style=\"font-weight: 400;\"> awarded by <\/span><span style=\"color: #3366ff;\"><a href=\"https:\/\/gaminglabs.com\/\" style=\"color: #3366ff;\"><b>Gaming Lab International<\/b><\/a><\/span><span style=\"font-weight: 400;\"> (GLI), an independent business that tests and reviews online casino systems.\u00a0<\/span>\n\n<span style=\"font-weight: 400;\">Through GLI-19 certification, SlotsMaker prioritizes player safety and cultivates a gaming culture built on well-being. By achieving GLI-19 certification, SlotsMaker reaffirms its dedication to safeguarding players' problem gambling and promoting responsible gaming cases.<\/span>\n<h2>Collaboration Opportunities<\/h2>\n<span style=\"font-weight: 400;\">Overall, responsible gaming is necessary to safeguard SlotsMaker clients and uphold the sector's integrity. For iGaming businesses looking to work with SlotsMaker, <\/span><span style=\"color: #3366ff;\"><a href=\"https:\/\/slotsmaker.com\/contact-us\/\" style=\"color: #3366ff;\"><b>contact us<\/b><\/a><\/span><span style=\"font-weight: 400;\"> today.<\/span>\n\n[\/et_pb_text][et_pb_button button_url=\"https:\/\/slotsmaker.com\/news\/\" button_text=\"Back to news\" button_alignment=\"center\" disabled_on=\"off|off|off\" module_class=\"custom-button\" _builder_version=\"4.27.3\" _module_preset=\"default\" custom_button=\"on\" button_text_size=\"20px\" button_text_color=\"#FFFFFF\" button_bg_color=\"gcid-primary-color\" button_border_width=\"2px\" button_border_color=\"RGBA(255,255,255,0)\" button_font=\"|600|||||||\" button_use_icon=\"off\" background_layout=\"dark\" custom_margin=\"||||false|false\" custom_padding=\"||||false|false\" custom_padding_tablet=\"||||false|false\" custom_padding_phone=\"||||false|false\" custom_padding_last_edited=\"on|desktop\" button_text_size_tablet=\"16px\" button_text_size_phone=\"16px\" button_text_size_last_edited=\"on|desktop\" custom_css_after=\"margin-top: 1px;\" locked=\"off\" global_colors_info=\"{%22gcid-primary-color%22:%91%22button_bg_color%22,%22button_bg_color%22%93,%22gcid-secondary-color%22:%91%22button_bg_color%22,%22button_bg_color__hover%22%93,%22gcid-74575f5e-bedc-40c1-ae7b-6696e83b758c%22:%91%22button_bg_color__hover%22%93}\" button_bg_color__hover=\"#a7268b\" button_bg_color__hover_enabled=\"on|hover\" button_border_width__hover=\"2px\" button_border_width__hover_enabled=\"on|hover\" theme_builder_area=\"post_content\"][\/et_pb_button][\/et_pb_column][\/et_pb_row][\/et_pb_section]","_et_gb_content_width":"","content-type":"","footnotes":""},"class_list":["post-11992","page","type-page","status-publish","hentry"],"_links":{"self":[{"href":"https:\/\/slotsmaker.com\/vi\/wp-json\/wp\/v2\/pages\/11992","targetHints":{"allow":["GET"]}}],"collection":[{"href":"https:\/\/slotsmaker.com\/vi\/wp-json\/wp\/v2\/pages"}],"about":[{"href":"https:\/\/slotsmaker.com\/vi\/wp-json\/wp\/v2\/types\/page"}],"author":[{"embeddable":true,"href":"https:\/\/slotsmaker.com\/vi\/wp-json\/wp\/v2\/users\/6"}],"replies":[{"embeddable":true,"href":"https:\/\/slotsmaker.com\/vi\/wp-json\/wp\/v2\/comments?post=11992"}],"version-history":[{"count":2,"href":"https:\/\/slotsmaker.com\/vi\/wp-json\/wp\/v2\/pages\/11992\/revisions"}],"predecessor-version":[{"id":12004,"href":"https:\/\/slotsmaker.com\/vi\/wp-json\/wp\/v2\/pages\/11992\/revisions\/12004"}],"wp:attachment":[{"href":"https:\/\/slotsmaker.com\/vi\/wp-json\/wp\/v2\/media?parent=11992"}],"curies":[{"name":"wp","href":"https:\/\/api.w.org\/{rel}","templated":true}]}}