{"id":14699,"date":"2025-06-16T21:48:14","date_gmt":"2025-06-16T13:48:14","guid":{"rendered":"https:\/\/slotsmaker.com\/?page_id=14699"},"modified":"2025-06-16T23:36:48","modified_gmt":"2025-06-16T15:36:48","slug":"how-to-choose-the-best-slot-game-provider-for-your-casino","status":"publish","type":"page","link":"https:\/\/slotsmaker.com\/vi\/how-to-choose-the-best-slot-game-provider-for-your-casino\/","title":{"rendered":"How to Choose the Best Slot Game Provider for Your Casino"},"content":{"rendered":"<p>[et_pb_section fb_built=&#8221;1&#8243; admin_label=&#8221;Section&#8221; _builder_version=&#8221;4.27.2&#8243; _module_preset=&#8221;default&#8221; background_color=&#8221;#FFFFFF&#8221; da_disable_devices=&#8221;off|off|off&#8221; locked=&#8221;off&#8221; global_colors_info=&#8221;{}&#8221; da_is_popup=&#8221;off&#8221; da_exit_intent=&#8221;off&#8221; da_has_close=&#8221;on&#8221; da_alt_close=&#8221;off&#8221; da_dark_close=&#8221;off&#8221; da_not_modal=&#8221;on&#8221; da_is_singular=&#8221;off&#8221; da_with_loader=&#8221;off&#8221; da_has_shadow=&#8221;on&#8221;][et_pb_row column_structure=&#8221;1_2,1_2&#8243; _builder_version=&#8221;4.27.4&#8243; _module_preset=&#8221;default&#8221; locked=&#8221;off&#8221; global_colors_info=&#8221;{}&#8221;][et_pb_column type=&#8221;1_2&#8243; _builder_version=&#8221;4.27.4&#8243; _module_preset=&#8221;default&#8221; global_colors_info=&#8221;{}&#8221;][et_pb_image src=&#8221;https:\/\/slotsmaker.com\/wp-content\/uploads\/2025\/06\/How-to-Choose-the-Best-Slot-Game-Provider-1.jpg&#8221; title_text=&#8221;How to Choose the Best Slot Game Provider (1)&#8221; _builder_version=&#8221;4.27.4&#8243; _module_preset=&#8221;default&#8221; scroll_horizontal_motion=&#8221;0|29|56|100|10|0|-4&#8243; scroll_fade=&#8221;0|49|49|100|0|100|100&#8243; border_radii=&#8221;off|50px|||&#8221; global_colors_info=&#8221;{}&#8221;][\/et_pb_image][\/et_pb_column][et_pb_column type=&#8221;1_2&#8243; _builder_version=&#8221;4.27.4&#8243; _module_preset=&#8221;default&#8221; global_colors_info=&#8221;{}&#8221;][et_pb_text _builder_version=&#8221;4.27.4&#8243; _module_preset=&#8221;default&#8221; text_text_color=&#8221;#FFFFFF&#8221; text_font_size=&#8221;18px&#8221; header_font=&#8221;||||||||&#8221; header_text_color=&#8221;#FFFFFF&#8221; header_line_height=&#8221;1.2em&#8221; background_color=&#8221;gcid-primary-color&#8221; width=&#8221;90%&#8221; custom_margin=&#8221;200px|||-150px|false|false&#8221; custom_margin_tablet=&#8221;120px|||-180px|false|false&#8221; custom_margin_phone=&#8221;-32px|||0px|false|false&#8221; custom_margin_last_edited=&#8221;on|phone&#8221; custom_padding=&#8221;20px||20px|30px|false|false&#8221; custom_padding_tablet=&#8221;20px||20px|30px|false|false&#8221; custom_padding_phone=&#8221;20px|||20px|false|false&#8221; custom_padding_last_edited=&#8221;on|phone&#8221; scroll_fade=&#8221;0|52|52|100|0|100|100&#8243; hover_enabled=&#8221;0&#8243; border_radii=&#8221;off|||30px|&#8221; global_colors_info=&#8221;{%22gcid-primary-color%22:%91%22background_color%22%93}&#8221; sticky_enabled=&#8221;0&#8243;]<\/p>\n<h1>C\u00e1ch ch\u1ecdn nh\u00e0 cung c\u1ea5p tr\u00f2 ch\u01a1i slot t\u1ed1t nh\u1ea5t cho s\u00f2ng b\u1ea1c c\u1ee7a b\u1ea1n<\/h1>\n<p><strong>13 \/ 6 \/ 2025<\/strong><\/p>\n<p>[\/et_pb_text][\/et_pb_column][\/et_pb_row][et_pb_row admin_label=&#8221;articles&#8221; _builder_version=&#8221;4.21.0&#8243; _module_preset=&#8221;default&#8221; background_color=&#8221;#FFFFFF&#8221; global_colors_info=&#8221;{}&#8221;][et_pb_column type=&#8221;4_4&#8243; _builder_version=&#8221;4.21.0&#8243; _module_preset=&#8221;default&#8221; global_colors_info=&#8221;{}&#8221;][et_pb_text _builder_version=&#8221;4.27.4&#8243; _module_preset=&#8221;default&#8221; text_text_color=&#8221;#666666&#8243; text_font_size=&#8221;16px&#8221; text_line_height=&#8221;1.5em&#8221; header_2_font=&#8221;|600|||||||&#8221; header_2_text_color=&#8221;gcid-293da448-f89a-45b9-8e92-706f4652a4ca&#8221; header_2_font_size=&#8221;18px&#8221; header_3_font=&#8221;|600|||||||&#8221; header_3_text_color=&#8221;#5C5C5C&#8221; header_3_font_size=&#8221;18px&#8221; header_4_text_color=&#8221;#000000&#8243; custom_margin=&#8221;||||false|false&#8221; custom_padding=&#8221;|50px||50px|false|false&#8221; custom_padding_tablet=&#8221;|50px||50px|false|false&#8221; custom_padding_phone=&#8221;|10px||20px|false|false&#8221; custom_padding_last_edited=&#8221;on|phone&#8221; hover_enabled=&#8221;0&#8243; text_font_size_tablet=&#8221;16px&#8221; text_font_size_phone=&#8221;14px&#8221; text_font_size_last_edited=&#8221;on|phone&#8221; header_2_font_size_tablet=&#8221;&#8221; header_2_font_size_phone=&#8221;&#8221; header_2_font_size_last_edited=&#8221;on|phone&#8221; header_3_font_size_tablet=&#8221;&#8221; header_3_font_size_phone=&#8221;&#8221; header_3_font_size_last_edited=&#8221;on|phone&#8221; global_colors_info=&#8221;{%22gcid-293da448-f89a-45b9-8e92-706f4652a4ca%22:%91%22header_2_text_color%22%93}&#8221; sticky_enabled=&#8221;0&#8243;]<\/p>\n<p><span style=\"font-weight: 400;\">B\u1ea1n \u0111\u00e3 s\u1eb5n s\u00e0ng ra m\u1eaft ho\u1eb7c n\u00e2ng c\u1ea5p s\u00f2ng b\u1ea1c tr\u1ef1c tuy\u1ebfn c\u1ee7a m\u00ecnh v\u00e0 m\u1ed9t quy\u1ebft \u0111\u1ecbnh quan tr\u1ecdng \u0111ang hi\u1ec7n ra: ch\u1ecdn \u0111\u00fang <\/span><span style=\"color: #3366ff;\"><a href=\"https:\/\/slotsmaker.com\/?lang=vi\" style=\"color: #3366ff;\"><b>nh\u00e0 cung c\u1ea5p tr\u00f2 ch\u01a1i slot<\/b><\/a><\/span><span style=\"font-weight: 400;\">. Kh\u00f4ng ch\u1ec9 l\u00e0 l\u1ea5p \u0111\u1ea7y th\u01b0 vi\u1ec7n tr\u00f2 ch\u01a1i c\u1ee7a b\u1ea1n m\u00e0 c\u00f2n \u0111\u1ea3m b\u1ea3o t\u01b0\u01a1ng lai cho n\u1ec1n t\u1ea3ng c\u1ee7a b\u1ea1n. Nh\u00e0 cung c\u1ea5p ph\u00f9 h\u1ee3p c\u00f3 th\u1ec3 th\u00fac \u0111\u1ea9y \u0111\u00e1ng k\u1ec3 vi\u1ec7c gi\u1eef ch\u00e2n ng\u01b0\u1eddi ch\u01a1i, t\u1ea1o s\u1ef1 kh\u00e1c bi\u1ec7t cho th\u01b0\u01a1ng hi\u1ec7u c\u1ee7a b\u1ea1n v\u00e0 th\u00fac \u0111\u1ea9y th\u00e0nh c\u00f4ng l\u00e2u d\u00e0i tr\u00ean th\u1ecb tr\u01b0\u1eddng iGaming c\u1ea1nh tranh. H\u00e3y c\u00f9ng kh\u00e1m ph\u00e1 c\u00e1ch \u0111\u01b0a ra l\u1ef1a ch\u1ecdn t\u1ed1t nh\u1ea5t cho doanh nghi\u1ec7p c\u1ee7a b\u1ea1n v\u00e0o n\u0103m 2025 v\u00e0 sau \u0111\u00f3.<\/span><\/p>\n<h2>Nh\u00e0 cung c\u1ea5p tr\u00f2 ch\u01a1i slot th\u1ef1c s\u1ef1 l\u00e0m g\u00ec?<\/h2>\n<p><span style=\"font-weight: 400;\">H\u00e3y coi nh\u00e0 cung c\u1ea5p tr\u00f2 ch\u01a1i slot l\u00e0 \u0111\u1ed9ng l\u1ef1c s\u00e1ng t\u1ea1o \u0111\u1eb1ng sau nh\u1eefng \u0111i\u1ec3m thu h\u00fat ph\u1ed5 bi\u1ebfn nh\u1ea5t c\u1ee7a s\u00f2ng b\u1ea1c c\u1ee7a b\u1ea1n. C\u00e1c c\u00f4ng ty n\u00e0y ch\u1ecbu tr\u00e1ch nhi\u1ec7m thi\u1ebft k\u1ebf, ph\u00e1t tri\u1ec3n v\u00e0 cung c\u1ea5p c\u00e1c tr\u00f2 ch\u01a1i slot m\u00e0 ng\u01b0\u1eddi ch\u01a1i y\u00eau th\u00edch. Vai tr\u00f2 ch\u00ednh c\u1ee7a h\u1ecd bao g\u1ed3m:<\/span><\/p>\n<p><b>Ph\u00e1t tri\u1ec3n tr\u00f2 ch\u01a1i:<\/b><span style=\"font-weight: 400;\"> T\u1ea1o ra c\u00e1c tr\u00f2 ch\u01a1i slot s\u00e1ng t\u1ea1o v\u00e0 h\u1ea5p d\u1eabn v\u1edbi ch\u1ee7 \u0111\u1ec1 h\u1ea5p d\u1eabn, c\u00e1c t\u00ednh n\u0103ng th\u00fa v\u1ecb v\u00e0 v\u00f2ng th\u01b0\u1edfng ly k\u1ef3.<\/span><\/p>\n<p><b>T\u00edch h\u1ee3p n\u1ec1n t\u1ea3ng:<\/b><span style=\"font-weight: 400;\"> \u0110\u1ea3m b\u1ea3o tr\u00f2 ch\u01a1i c\u1ee7a h\u1ecd k\u1ebft n\u1ed1i li\u1ec1n m\u1ea1ch v\u1edbi h\u1ec7 th\u1ed1ng qu\u1ea3n l\u00fd s\u00f2ng b\u1ea1c ho\u1eb7c n\u1ec1n t\u1ea3ng hi\u1ec7n t\u1ea1i c\u1ee7a b\u1ea1n.<\/span><\/p>\n<p><b>H\u1ed7 tr\u1ee3 li\u00ean t\u1ee5c:<\/b><span style=\"font-weight: 400;\"> Cung c\u1ea5p c\u00e1c b\u1ea3n c\u1eadp nh\u1eadt li\u00ean t\u1ee5c, h\u1ed7 tr\u1ee3 k\u1ef9 thu\u1eadt v\u00e0 c\u1ea3i ti\u1ebfn n\u1ed9i dung \u0111\u1ec3 tr\u00f2 ch\u01a1i c\u1ee7a b\u1ea1n lu\u00f4n m\u1edbi m\u1ebb v\u00e0 ho\u1ea1t \u0111\u1ed9ng hi\u1ec7u qu\u1ea3.<\/span><\/p>\n<h2>C\u00e1c tr\u1ee5 c\u1ed9t ch\u00ednh \u0111\u1ec3 l\u1ef1a ch\u1ecdn nh\u00e0 cung c\u1ea5p tr\u00f2 ch\u01a1i slot l\u00fd t\u01b0\u1edfng c\u1ee7a b\u1ea1n<\/h2>\n<p><span style=\"font-weight: 400;\">Vi\u1ec7c l\u1ef1a ch\u1ecdn nh\u00e0 cung c\u1ea5p \u0111\u00f2i h\u1ecfi ph\u1ea3i \u0111\u00e1nh gi\u00e1 k\u1ef9 l\u01b0\u1ee1ng m\u1ed9t s\u1ed1 y\u1ebfu t\u1ed1 c\u1ed1t l\u00f5i. Sau \u0111\u00e2y l\u00e0 nh\u1eefng \u0111i\u1ec1u c\u1ea7n t\u00ecm ki\u1ebfm:<\/span><\/p>\n<h3>Ch\u1ea5t l\u01b0\u1ee3ng v\u00e0 s\u1ef1 \u0111a d\u1ea1ng c\u1ee7a tr\u00f2 ch\u01a1i l\u00e0 t\u1ed1i quan tr\u1ecdng<\/h3>\n<p><span style=\"font-weight: 400;\">Ng\u01b0\u1eddi ch\u01a1i c\u1ee7a b\u1ea1n khao kh\u00e1t nh\u1eefng tr\u1ea3i nghi\u1ec7m h\u1ea5p d\u1eabn. \u01afu ti\u00ean c\u00e1c nh\u00e0 cung c\u1ea5p cung c\u1ea5p:<\/span><\/p>\n<ul>\n<li style=\"font-weight: 400;\" aria-level=\"1\"><span style=\"font-weight: 400;\">C\u00e1c ch\u1ee7 \u0111\u1ec1 v\u00e0 t\u00ednh n\u0103ng ch\u01a1i tr\u00f2 ch\u01a1i \u0111a d\u1ea1ng (h\u00e3y ngh\u0129 \u0111\u1ebfn c\u00e1c v\u00f2ng quay mi\u1ec5n ph\u00ed, gi\u1ea3i \u0111\u1ed9c \u0111\u1eafc l\u0169y ti\u1ebfn, c\u00e1c d\u00f2ng thanh to\u00e1n \u0111a d\u1ea1ng v\u00e0 c\u01a1 ch\u1ebf ti\u1ec1n th\u01b0\u1edfng \u0111\u1ed9c \u0111\u00e1o).<\/span><\/li>\n<li style=\"font-weight: 400;\" aria-level=\"1\"><span style=\"font-weight: 400;\">\u0110\u1ed3 h\u1ecda, h\u00ecnh \u1ea3nh \u0111\u1ed9ng ch\u1ea5t l\u01b0\u1ee3ng cao v\u00e0 \u00e2m thanh s\u1ed1ng \u0111\u1ed9ng th\u1ef1c s\u1ef1 thu h\u00fat ng\u01b0\u1eddi ch\u01a1i v\u00e0o tr\u00f2 ch\u01a1i.<\/span><\/li>\n<\/ul>\n<h3>Kh\u1ea3 n\u0103ng t\u01b0\u01a1ng th\u00edch v\u00e0 t\u00edch h\u1ee3p k\u1ef9 thu\u1eadt li\u1ec1n m\u1ea1ch<\/h3>\n<p><span style=\"font-weight: 400;\">Nh\u1eefng tr\u00f2 ch\u01a1i hay nh\u1ea5t s\u1ebd v\u00f4 d\u1ee5ng n\u1ebfu ch\u00fang kh\u00f4ng t\u00edch h\u1ee3p tr\u01a1n tru. \u0110\u1ea3m b\u1ea3o nh\u00e0 cung c\u1ea5p c\u1ee7a b\u1ea1n cung c\u1ea5p:<\/span><\/p>\n<ul>\n<li style=\"font-weight: 400;\" aria-level=\"1\"><span style=\"font-weight: 400;\">T\u00edch h\u1ee3p d\u1ec5 d\u00e0ng v\u1edbi h\u1ec7 th\u1ed1ng qu\u1ea3n l\u00fd s\u00f2ng b\u1ea1c hi\u1ec7n t\u1ea1i c\u1ee7a b\u1ea1n.<\/span><\/li>\n<li style=\"font-weight: 400;\" aria-level=\"1\"><span style=\"font-weight: 400;\">Kh\u1ea3 n\u0103ng s\u1eed d\u1ee5ng API m\u1ea1nh m\u1ebd v\u00e0 h\u1ed7 tr\u1ee3 n\u1ec1n t\u1ea3ng \u0111\u1ec3 tri\u1ec3n khai v\u00e0 v\u1eadn h\u00e0nh d\u1ec5 d\u00e0ng.<\/span><\/li>\n<\/ul>\n<h3>Ch\u01a1i c\u00f4ng b\u1eb1ng: RTP &amp; C\u00f4ng b\u1eb1ng trong tr\u00f2 ch\u01a1i<\/h3>\n<p><span style=\"font-weight: 400;\">Ni\u1ec1m tin l\u00e0 n\u1ec1n t\u1ea3ng c\u01a1 b\u1ea3n trong tr\u00f2 ch\u01a1i tr\u1ef1c tuy\u1ebfn. H\u00e3y t\u00ecm nh\u1eefng nh\u00e0 cung c\u1ea5p \u0111\u1ea3m b\u1ea3o:<\/span><\/p>\n<ul>\n<li style=\"font-weight: 400;\" aria-level=\"1\"><span style=\"font-weight: 400;\">T\u1ef7 l\u1ec7 ho\u00e0n tr\u1ea3 cho ng\u01b0\u1eddi ch\u01a1i (RTP) c\u1ea1nh tranh h\u1ea5p d\u1eabn ng\u01b0\u1eddi ch\u01a1i.<\/span><\/li>\n<li style=\"font-weight: 400;\" aria-level=\"1\"><span style=\"font-weight: 400;\">Ch\u1ee9ng nh\u1eadn c\u1ee7a c\u00e1c ph\u00f2ng th\u00ed nghi\u1ec7m th\u1eed nghi\u1ec7m RNG (M\u00e1y ph\u00e1t s\u1ed1 ng\u1eabu nhi\u00ean) uy t\u00edn \u0111\u1ea3m b\u1ea3o s\u1ef1 c\u00f4ng b\u1eb1ng th\u1ef1c s\u1ef1 v\u00e0 tu\u00e2n th\u1ee7 quy \u0111\u1ecbnh.<\/span><\/li>\n<\/ul>\n<h3>Mobile-First: T\u1ed1i \u01b0u h\u00f3a \u0111a n\u1ec1n t\u1ea3ng<\/h3>\n<p><span style=\"font-weight: 400;\">Ng\u01b0\u1eddi ch\u01a1i ng\u00e0y nay \u0111\u00f2i h\u1ecfi s\u1ef1 linh ho\u1ea1t. Nh\u00e0 cung c\u1ea5p c\u1ee7a b\u1ea1n ph\u1ea3i cung c\u1ea5p:<\/span><\/p>\n<ul>\n<li style=\"font-weight: 400;\" aria-level=\"1\"><span style=\"font-weight: 400;\">C\u00e1c tr\u00f2 ch\u01a1i \u0111\u01b0\u1ee3c ph\u00e1t tri\u1ec3n b\u1eb1ng HTML5 \u0111\u1ec3 ch\u01a1i m\u01b0\u1ee3t m\u00e0, ph\u1ea3n h\u1ed3i nhanh tr\u00ean m\u1ecdi thi\u1ebft b\u1ecb\u2014di \u0111\u1ed9ng, m\u00e1y t\u00ednh b\u1ea3ng v\u00e0 m\u00e1y t\u00ednh \u0111\u1ec3 b\u00e0n.<\/span><\/li>\n<li style=\"font-weight: 400;\" aria-level=\"1\"><span style=\"font-weight: 400;\">Giao di\u1ec7n ng\u01b0\u1eddi d\u00f9ng t\u1ea3i nhanh v\u00e0 th\u00e2n thi\u1ec7n v\u1edbi thi\u1ebft b\u1ecb di \u0111\u1ed9ng gi\u00fap n\u00e2ng cao tr\u1ea3i nghi\u1ec7m ch\u01a1i game khi \u0111ang di chuy\u1ec3n.<\/span><\/li>\n<\/ul>\n<h3>Uy t\u00edn &amp; Th\u00e0nh t\u00edch \u0111\u00e3 \u0111\u01b0\u1ee3c ch\u1ee9ng minh<\/h3>\n<p><span style=\"font-weight: 400;\">H\u1ee3p t\u00e1c v\u1edbi nh\u1eefng ng\u01b0\u1eddi d\u1eabn \u0111\u1ea7u gi\u00e0u kinh nghi\u1ec7m trong l\u0129nh v\u1ef1c n\u00e0y. \u0110\u00e1nh gi\u00e1:<\/span><\/p>\n<ul>\n<li style=\"font-weight: 400;\" aria-level=\"1\"><span style=\"font-weight: 400;\">Hi\u1ec7u su\u1ea5t v\u00e0 l\u1ecbch s\u1eed \u0111\u00e3 \u0111\u01b0\u1ee3c ch\u1ee9ng minh c\u1ee7a h\u1ecd trong ng\u00e0nh iGaming.<\/span><\/li>\n<li style=\"font-weight: 400;\" aria-level=\"1\"><span style=\"font-weight: 400;\">C\u00e1c nghi\u00ean c\u1ee9u \u0111i\u1ec3n h\u00ecnh ho\u1eb7c quan h\u1ec7 \u0111\u1ed1i t\u00e1c v\u1edbi c\u00e1c nh\u00e0 \u0111i\u1ec1u h\u00e0nh s\u00f2ng b\u1ea1c n\u1ed5i ti\u1ebfng v\u00e0 \u0111\u01b0\u1ee3c k\u00ednh tr\u1ecdng.<\/span><\/li>\n<\/ul>\n<h2>Nh\u00e0 cung c\u1ea5p ph\u00f9 h\u1ee3p s\u1ebd bi\u1ebfn \u0111\u1ed5i th\u00e0nh c\u00f4ng c\u1ee7a s\u00f2ng b\u1ea1c c\u1ee7a b\u1ea1n nh\u01b0 th\u1ebf n\u00e0o<\/h2>\n<p><span style=\"font-weight: 400;\">L\u1ef1a ch\u1ecdn nh\u00e0 cung c\u1ea5p tr\u00f2 ch\u01a1i slot c\u1ee7a b\u1ea1n \u1ea3nh h\u01b0\u1edfng tr\u1ef1c ti\u1ebfp \u0111\u1ebfn l\u1ee3i nhu\u1eadn r\u00f2ng v\u00e0 h\u00ecnh \u1ea3nh th\u01b0\u01a1ng hi\u1ec7u c\u1ee7a s\u00f2ng b\u1ea1c:<\/span><\/p>\n<p><b>T\u0103ng kh\u1ea3 n\u0103ng gi\u1eef ch\u00e2n ng\u01b0\u1eddi ch\u01a1i:<\/b><span style=\"font-weight: 400;\"> C\u00e1c slot ch\u1ea5t l\u01b0\u1ee3ng cao, h\u1ea5p d\u1eabn khi\u1ebfn ng\u01b0\u1eddi ch\u01a1i quay l\u1ea1i \u0111\u1ec3 ch\u01a1i nhi\u1ec1u h\u01a1n, k\u00e9o d\u00e0i gi\u00e1 tr\u1ecb tr\u1ecdn \u0111\u1eddi c\u1ee7a h\u1ecd.<\/span><\/p>\n<p><b>T\u1ef7 l\u1ec7 chuy\u1ec3n \u0111\u1ed5i t\u1ed1t h\u01a1n:<\/b><span style=\"font-weight: 400;\"> Tr\u00f2 ch\u01a1i m\u01b0\u1ee3t m\u00e0, c\u00e1c t\u00ednh n\u0103ng th\u00fa v\u1ecb v\u00e0 thi\u1ebft k\u1ebf h\u1ea5p d\u1eabn d\u1eabn \u0111\u1ebfn nhi\u1ec1u kho\u1ea3n ti\u1ec1n g\u1eedi ban \u0111\u1ea7u h\u01a1n v\u00e0 tr\u00f2 ch\u01a1i \u0111\u01b0\u1ee3c duy tr\u00ec l\u00e2u d\u00e0i.<\/span><\/p>\n<p><b>Nh\u1eadn di\u1ec7n th\u01b0\u01a1ng hi\u1ec7u m\u1ea1nh h\u01a1n:<\/b><span style=\"font-weight: 400;\"> C\u00e1c tr\u00f2 ch\u01a1i \u0111\u1ed9c \u0111\u00e1o v\u00e0 \u0111\u1ed9c quy\u1ec1n\u2014th\u1eadm ch\u00ed c\u00f3 th\u1ec3 l\u00e0 c\u00e1c tr\u00f2 ch\u01a1i slot c\u00f3 th\u01b0\u01a1ng hi\u1ec7u t\u00f9y ch\u1ec9nh\u2014c\u00f3 th\u1ec3 t\u1ea1o s\u1ef1 kh\u00e1c bi\u1ec7t \u0111\u00e1ng k\u1ec3 cho s\u00f2ng b\u1ea1c c\u1ee7a b\u1ea1n so v\u1edbi \u0111\u1ed1i th\u1ee7 c\u1ea1nh tranh, t\u1ea1o ra s\u1ef1 hi\u1ec7n di\u1ec7n ri\u00eang bi\u1ec7t tr\u00ean th\u1ecb tr\u01b0\u1eddng.<\/span><\/p>\n<p><span style=\"font-weight: 400;\">Vi\u1ec7c l\u1ef1a ch\u1ecdn \u0111\u00fang nh\u00e0 cung c\u1ea5p tr\u00f2 ch\u01a1i slot l\u00e0 m\u1ed9t quy\u1ebft \u0111\u1ecbnh chi\u1ebfn l\u01b0\u1ee3c quan tr\u1ecdng s\u1ebd \u1ea3nh h\u01b0\u1edfng s\u00e2u s\u1eafc \u0111\u1ebfn hi\u1ec7u su\u1ea5t c\u1ee7a s\u00f2ng b\u1ea1c, s\u1ef1 h\u00e0i l\u00f2ng c\u1ee7a ng\u01b0\u1eddi ch\u01a1i v\u00e0 s\u1ee9c m\u1ea1nh th\u01b0\u01a1ng hi\u1ec7u. B\u1eb1ng c\u00e1ch \u0111\u00e1nh gi\u00e1 t\u1ec9 m\u1ec9 ch\u1ea5t l\u01b0\u1ee3ng tr\u00f2 ch\u01a1i, kh\u1ea3 n\u0103ng k\u1ef9 thu\u1eadt, s\u1ef1 tu\u00e2n th\u1ee7 v\u00e0 kinh nghi\u1ec7m trong ng\u00e0nh, b\u1ea1n c\u00f3 th\u1ec3 x\u00e2y d\u1ef1ng m\u1ed1i quan h\u1ec7 \u0111\u1ed1i t\u00e1c v\u1edbi nh\u00e0 cung c\u1ea5p h\u00e0ng \u0111\u1ea7u gi\u00fap n\u1ec1n t\u1ea3ng c\u1ee7a b\u1ea1n ph\u00e1t tri\u1ec3n trong nhi\u1ec1u n\u0103m t\u1edbi.<\/span><\/p>\n<p><span style=\"font-weight: 400;\">B\u1ea1n \u0111ang t\u00ecm ki\u1ebfm \u0111\u1ed1i t\u00e1c c\u00f3 nh\u00e0 cung c\u1ea5p tr\u00f2 ch\u01a1i slot \u0111\u00e1ng tin c\u1eady? T\u1ea1i SlotsMaker, ch\u00fang t\u00f4i chuy\u00ean ph\u00e1t tri\u1ec3n tr\u00f2 ch\u01a1i slot t\u00f9y ch\u1ec9nh hi\u1ec7u su\u1ea5t cao v\u00e0 t\u00edch h\u1ee3p <\/span><span style=\"color: #3366ff;\"><a href=\"https:\/\/slotsmaker.com\/our-services\/slotsapi\/?lang=vi\" style=\"color: #3366ff;\"><b>SlotsAPI<\/b><\/a><\/span><span style=\"font-weight: 400;\"> ph\u00f9 h\u1ee3p v\u1edbi t\u1ea7m nh\u00ecn c\u1ee7a th\u01b0\u01a1ng hi\u1ec7u b\u1ea1n. H\u00e3y <\/span><span style=\"color: #3366ff;\"><a href=\"https:\/\/slotsmaker.com\/contact-us\/?lang=vi\" style=\"color: #3366ff;\"><b>li\u00ean h\u1ec7 v\u1edbi SlotsMaker<\/b><\/a><\/span><span style=\"font-weight: 400;\"> ngay h\u00f4m nay \u0111\u1ec3 kh\u00e1m ph\u00e1 c\u00e1ch ch\u00fang t\u00f4i c\u00f3 th\u1ec3 gi\u00fap s\u00f2ng b\u1ea1c tr\u1ef1c tuy\u1ebfn c\u1ee7a b\u1ea1n ph\u00e1t tri\u1ec3n.<\/span><\/p>\n<p>[\/et_pb_text][et_pb_button button_url=&#8221;https:\/\/slotsmaker.com\/news\/?lang=vi&#8221; button_text=&#8221;Quay l\u1ea1i tin t\u1ee9c&#8221; button_alignment=&#8221;center&#8221; disabled_on=&#8221;off|off|off&#8221; module_class=&#8221;custom-button&#8221; _builder_version=&#8221;4.27.4&#8243; _module_preset=&#8221;default&#8221; custom_button=&#8221;on&#8221; button_text_size=&#8221;20px&#8221; button_text_color=&#8221;#FFFFFF&#8221; button_bg_color=&#8221;gcid-primary-color&#8221; button_border_width=&#8221;2px&#8221; button_border_color=&#8221;RGBA(255,255,255,0)&#8221; button_font=&#8221;|600|||||||&#8221; button_use_icon=&#8221;off&#8221; background_layout=&#8221;dark&#8221; custom_margin=&#8221;||||false|false&#8221; custom_padding=&#8221;||||false|false&#8221; custom_padding_tablet=&#8221;||||false|false&#8221; custom_padding_phone=&#8221;||||false|false&#8221; custom_padding_last_edited=&#8221;on|desktop&#8221; hover_enabled=&#8221;0&#8243; button_text_size_tablet=&#8221;16px&#8221; button_text_size_phone=&#8221;16px&#8221; button_text_size_last_edited=&#8221;on|desktop&#8221; custom_css_after=&#8221;margin-top: 1px;&#8221; locked=&#8221;off&#8221; global_colors_info=&#8221;{%22gcid-primary-color%22:%91%22button_bg_color%22,%22button_bg_color%22%93,%22gcid-secondary-color%22:%91%22button_bg_color%22,%22button_bg_color__hover%22%93,%22gcid-74575f5e-bedc-40c1-ae7b-6696e83b758c%22:%91%22button_bg_color__hover%22%93}&#8221; button_bg_color__hover=&#8221;#a7268b&#8221; button_bg_color__hover_enabled=&#8221;on|hover&#8221; button_border_width__hover=&#8221;2px&#8221; button_border_width__hover_enabled=&#8221;on|hover&#8221; sticky_enabled=&#8221;0&#8243;][\/et_pb_button][\/et_pb_column][\/et_pb_row][\/et_pb_section]<\/p>\n","protected":false},"excerpt":{"rendered":"<p>C\u00e1ch ch\u1ecdn nh\u00e0 cung c\u1ea5p tr\u00f2 ch\u01a1i slot t\u1ed1t nh\u1ea5t cho s\u00f2ng b\u1ea1c c\u1ee7a b\u1ea1n 13 \/ 6 \/ 2025B\u1ea1n \u0111\u00e3 s\u1eb5n s\u00e0ng ra m\u1eaft ho\u1eb7c n\u00e2ng c\u1ea5p s\u00f2ng b\u1ea1c tr\u1ef1c tuy\u1ebfn c\u1ee7a m\u00ecnh v\u00e0 m\u1ed9t quy\u1ebft \u0111\u1ecbnh quan tr\u1ecdng \u0111ang hi\u1ec7n ra: ch\u1ecdn \u0111\u00fang nh\u00e0 cung c\u1ea5p tr\u00f2 ch\u01a1i slot. Kh\u00f4ng ch\u1ec9 l\u00e0 l\u1ea5p [&hellip;]<\/p>\n","protected":false},"author":6,"featured_media":0,"parent":0,"menu_order":0,"comment_status":"closed","ping_status":"closed","template":"","meta":{"_et_pb_use_builder":"on","_et_pb_old_content":"","_et_gb_content_width":"","content-type":"","footnotes":""},"class_list":["post-14699","page","type-page","status-publish","hentry"],"_links":{"self":[{"href":"https:\/\/slotsmaker.com\/vi\/wp-json\/wp\/v2\/pages\/14699","targetHints":{"allow":["GET"]}}],"collection":[{"href":"https:\/\/slotsmaker.com\/vi\/wp-json\/wp\/v2\/pages"}],"about":[{"href":"https:\/\/slotsmaker.com\/vi\/wp-json\/wp\/v2\/types\/page"}],"author":[{"embeddable":true,"href":"https:\/\/slotsmaker.com\/vi\/wp-json\/wp\/v2\/users\/6"}],"replies":[{"embeddable":true,"href":"https:\/\/slotsmaker.com\/vi\/wp-json\/wp\/v2\/comments?post=14699"}],"version-history":[{"count":2,"href":"https:\/\/slotsmaker.com\/vi\/wp-json\/wp\/v2\/pages\/14699\/revisions"}],"predecessor-version":[{"id":14711,"href":"https:\/\/slotsmaker.com\/vi\/wp-json\/wp\/v2\/pages\/14699\/revisions\/14711"}],"wp:attachment":[{"href":"https:\/\/slotsmaker.com\/vi\/wp-json\/wp\/v2\/media?parent=14699"}],"curies":[{"name":"wp","href":"https:\/\/api.w.org\/{rel}","templated":true}]}}