{"id":15785,"date":"2025-07-06T20:52:15","date_gmt":"2025-07-06T12:52:15","guid":{"rendered":"https:\/\/slotsmaker.com\/?page_id=15785"},"modified":"2025-07-06T20:55:13","modified_gmt":"2025-07-06T12:55:13","slug":"slotsmaker-uu-slots-crack-open-the-fun-with-new-slot-piggy-bank","status":"publish","type":"page","link":"https:\/\/slotsmaker.com\/vi\/slotsmaker-uu-slots-crack-open-the-fun-with-new-slot-piggy-bank\/","title":{"rendered":"SlotsMaker &amp; UU Slots Crack Open the Fun with New Slot: Piggy Bank"},"content":{"rendered":"<p>[et_pb_section fb_built=&#8221;1&#8243; admin_label=&#8221;Section&#8221; _builder_version=&#8221;4.27.2&#8243; _module_preset=&#8221;default&#8221; background_color=&#8221;#FFFFFF&#8221; da_disable_devices=&#8221;off|off|off&#8221; global_colors_info=&#8221;{}&#8221; da_is_popup=&#8221;off&#8221; da_exit_intent=&#8221;off&#8221; da_has_close=&#8221;on&#8221; da_alt_close=&#8221;off&#8221; da_dark_close=&#8221;off&#8221; da_not_modal=&#8221;on&#8221; da_is_singular=&#8221;off&#8221; da_with_loader=&#8221;off&#8221; da_has_shadow=&#8221;on&#8221;][et_pb_row admin_label=&#8221;image&#8221; _builder_version=&#8221;4.21.0&#8243; _module_preset=&#8221;default&#8221; background_color=&#8221;#FFFFFF&#8221; global_colors_info=&#8221;{}&#8221;][et_pb_column type=&#8221;4_4&#8243; _builder_version=&#8221;4.21.0&#8243; _module_preset=&#8221;default&#8221; global_colors_info=&#8221;{}&#8221;][et_pb_image src=&#8221;https:\/\/slotsmaker.com\/wp-content\/uploads\/2025\/07\/SlotsMaker_UU_Slots_Website_Game_Info_Banner_PiggyBank_1000x500.jpg&#8221; title_text=&#8221;SlotsMaker_UU_Slots_Website_Game_Info_Banner_PiggyBank_1000x500&#8243; align=&#8221;center&#8221; force_fullwidth=&#8221;on&#8221; _builder_version=&#8221;4.27.4&#8243; _module_preset=&#8221;default&#8221; custom_margin=&#8221;-30px||||false|false&#8221; hover_enabled=&#8221;0&#8243; global_colors_info=&#8221;{}&#8221; sticky_enabled=&#8221;0&#8243;][\/et_pb_image][\/et_pb_column][\/et_pb_row][et_pb_row column_structure=&#8221;1_3,1_3,1_3&#8243; disabled_on=&#8221;on|off|off&#8221; admin_label=&#8221;developed&#8221; _builder_version=&#8221;4.27.2&#8243; _module_preset=&#8221;default&#8221; background_color=&#8221;gcid-primary-color&#8221; custom_margin=&#8221;-30px||||false|false&#8221; global_colors_info=&#8221;{%22gcid-primary-color%22:%91%22background_color%22%93}&#8221;][et_pb_column type=&#8221;1_3&#8243; _builder_version=&#8221;4.27.2&#8243; _module_preset=&#8221;default&#8221; global_colors_info=&#8221;{}&#8221;][et_pb_text _builder_version=&#8221;4.27.4&#8243; _module_preset=&#8221;default&#8221; text_text_color=&#8221;#FFFFFF&#8221; text_font_size=&#8221;18px&#8221; custom_padding=&#8221;|||50px|false|false&#8221; global_colors_info=&#8221;{}&#8221;]<\/p>\n<p><span>\u0110\u01b0\u1ee3c ph\u00e1t tri\u1ec3n b\u1edfi<\/span><\/p>\n<p>[\/et_pb_text][\/et_pb_column][et_pb_column type=&#8221;1_3&#8243; _builder_version=&#8221;4.27.2&#8243; _module_preset=&#8221;default&#8221; global_colors_info=&#8221;{}&#8221;][et_pb_text _builder_version=&#8221;4.27.4&#8243; _module_preset=&#8221;default&#8221; custom_margin=&#8221;-20px|||-130px|false|false&#8221; global_colors_info=&#8221;{}&#8221;]<\/p>\n<p><img decoding=\"async\" src=\"https:\/\/slotsmaker.com\/wp-content\/uploads\/2024\/10\/UUSLOTS-LOGO-300x268.png\" width=\"53\" height=\"47\" alt=\"\" class=\"wp-image-5972 alignnone size-medium\" \/> <img decoding=\"async\" src=\"https:\/\/slotsmaker.com\/wp-content\/uploads\/2024\/10\/Slotsmaker_game-300x216.png\" width=\"65\" height=\"47\" alt=\"\" class=\"wp-image-5978 alignnone size-medium\" \/><\/p>\n<p>[\/et_pb_text][\/et_pb_column][et_pb_column type=&#8221;1_3&#8243; _builder_version=&#8221;4.27.2&#8243; _module_preset=&#8221;default&#8221; border_radii=&#8221;on|15px|15px|15px|15px&#8221; global_colors_info=&#8221;{}&#8221;][et_pb_image src=&#8221;https:\/\/slotsmaker.com\/wp-content\/uploads\/2024\/11\/PlayDemo_Vi.png&#8221; title_text=&#8221;PlayDemo_Vi&#8221; url=&#8221;#game_demo&#8221; _builder_version=&#8221;4.27.4&#8243; _module_preset=&#8221;default&#8221; width=&#8221;60%&#8221; module_alignment=&#8221;center&#8221; border_radii=&#8221;on|15px|15px|15px|15px&#8221; global_colors_info=&#8221;{}&#8221; src__hover_enabled=&#8221;on|hover&#8221; background__hover_enabled=&#8221;on|hover&#8221; background_color__hover=&#8221;rgba(0,0,0,0.3)&#8221; background_enable_color__hover=&#8221;on&#8221; use_background_color_gradient__hover=&#8221;off&#8221; src__hover=&#8221;https:\/\/slotsmaker.com\/wp-content\/uploads\/2024\/11\/PlayDemo_Vi.png&#8221;][\/et_pb_image][\/et_pb_column][\/et_pb_row][et_pb_row disabled_on=&#8221;off|on|on&#8221; admin_label=&#8221;developed mobile&#8221; _builder_version=&#8221;4.27.2&#8243; _module_preset=&#8221;default&#8221; background_color=&#8221;gcid-primary-color&#8221; custom_margin=&#8221;-30px||||false|false&#8221; global_colors_info=&#8221;{%22gcid-primary-color%22:%91%22background_color%22%93}&#8221;][et_pb_column type=&#8221;4_4&#8243; _builder_version=&#8221;4.27.2&#8243; _module_preset=&#8221;default&#8221; global_colors_info=&#8221;{}&#8221;][et_pb_text _builder_version=&#8221;4.27.4&#8243; _module_preset=&#8221;default&#8221; text_text_color=&#8221;#FFFFFF&#8221; text_font_size=&#8221;18px&#8221; text_orientation=&#8221;center&#8221; custom_margin=&#8221;||0px||false|false&#8221; custom_padding=&#8221;||||false|false&#8221; global_colors_info=&#8221;{}&#8221;]<\/p>\n<p><span>\u0110\u01b0\u1ee3c ph\u00e1t tri\u1ec3n b\u1edfi<\/span><\/p>\n<p>[\/et_pb_text][et_pb_text _builder_version=&#8221;4.27.2&#8243; _module_preset=&#8221;default&#8221; text_orientation=&#8221;center&#8221; module_alignment=&#8221;center&#8221; custom_margin=&#8221;||||false|false&#8221; global_colors_info=&#8221;{}&#8221;]<img decoding=\"async\" src=\"https:\/\/slotsmaker.com\/wp-content\/uploads\/2024\/10\/UUSLOTS-LOGO-300x268.png\" width=\"53\" height=\"47\" alt=\"\" class=\"wp-image-5972 alignnone size-medium\" \/> <img decoding=\"async\" src=\"https:\/\/slotsmaker.com\/wp-content\/uploads\/2024\/10\/Slotsmaker_game-300x216.png\" width=\"65\" height=\"47\" alt=\"\" class=\"wp-image-5978 alignnone size-medium\" \/>[\/et_pb_text][et_pb_image src=&#8221;https:\/\/slotsmaker.com\/wp-content\/uploads\/2024\/11\/PlayDemo_EN.png&#8221; title_text=&#8221;PlayDemo_Vi&#8221; url=&#8221;#game_demo&#8221; show_bottom_space=&#8221;off&#8221; align=&#8221;center&#8221; src_tablet=&#8221;https:\/\/slotsmaker.com\/wp-content\/uploads\/2024\/10\/bttn_03.png&#8221; src_phone=&#8221;https:\/\/slotsmaker.com\/wp-content\/uploads\/2024\/11\/PlayDemo_Vi.png&#8221; src_last_edited=&#8221;on|phone&#8221; _builder_version=&#8221;4.27.4&#8243; _module_preset=&#8221;default&#8221; width=&#8221;60%&#8221; width_tablet=&#8221;60%&#8221; width_phone=&#8221;50%&#8221; width_last_edited=&#8221;on|phone&#8221; module_alignment=&#8221;center&#8221; custom_margin=&#8221;-20px||||false|false&#8221; border_radii=&#8221;on|15px|15px|15px|15px&#8221; global_colors_info=&#8221;{}&#8221; src__hover_enabled=&#8221;on|desktop&#8221; background__hover_enabled=&#8221;on|hover&#8221; background_color__hover=&#8221;rgba(0,0,0,0.3)&#8221; background_enable_color__hover=&#8221;on&#8221; use_background_color_gradient__hover=&#8221;off&#8221; src__hover=&#8221;https:\/\/slotsmaker.com\/wp-content\/uploads\/2024\/10\/bttn_03.png&#8221;][\/et_pb_image][\/et_pb_column][\/et_pb_row][et_pb_row admin_label=&#8221;articles&#8221; _builder_version=&#8221;4.21.0&#8243; _module_preset=&#8221;default&#8221; background_color=&#8221;#FFFFFF&#8221; global_colors_info=&#8221;{}&#8221;][et_pb_column type=&#8221;4_4&#8243; _builder_version=&#8221;4.21.0&#8243; _module_preset=&#8221;default&#8221; global_colors_info=&#8221;{}&#8221;][et_pb_text _builder_version=&#8221;4.27.4&#8243; _module_preset=&#8221;default&#8221; header_font=&#8221;|600|||||||&#8221; header_text_color=&#8221;gcid-primary-color&#8221; header_font_size=&#8221;22px&#8221; header_2_font_size=&#8221;30px&#8221; header_4_text_color=&#8221;gcid-293da448-f89a-45b9-8e92-706f4652a4ca&#8221; custom_padding=&#8221;|50px||50px|false|false&#8221; custom_padding_tablet=&#8221;|50px||50px|false|false&#8221; custom_padding_phone=&#8221;|0px||20px|false|false&#8221; custom_padding_last_edited=&#8221;on|tablet&#8221; header_2_font_size_tablet=&#8221;30px&#8221; header_2_font_size_phone=&#8221;23px&#8221; header_2_font_size_last_edited=&#8221;on|phone&#8221; global_colors_info=&#8221;{%22gcid-primary-color%22:%91%22header_text_color%22%93,%22gcid-293da448-f89a-45b9-8e92-706f4652a4ca%22:%91%22header_4_text_color%22%93}&#8221;]<\/p>\n<h1>SlotsMaker &amp; UU Slots M\u1edf ra ni\u1ec1m vui v\u1edbi Slot m\u1edbi: Piggy Bank<\/h1>\n<h4>30 \/ 6 \/ 2025<\/h4>\n<p>[\/et_pb_text][et_pb_text _builder_version=&#8221;4.27.4&#8243; _module_preset=&#8221;default&#8221; text_text_color=&#8221;gcid-293da448-f89a-45b9-8e92-706f4652a4ca&#8221; text_font_size=&#8221;16px&#8221; header_font=&#8221;|600|||||||&#8221; header_text_color=&#8221;gcid-primary-color&#8221; header_font_size=&#8221;22px&#8221; header_2_font_size=&#8221;30px&#8221; header_4_text_color=&#8221;gcid-293da448-f89a-45b9-8e92-706f4652a4ca&#8221; custom_margin=&#8221;||||false|false&#8221; custom_padding=&#8221;10px|50px||50px|false|false&#8221; custom_padding_tablet=&#8221;|50px||50px|false|false&#8221; custom_padding_phone=&#8221;|0px||20px|false|false&#8221; custom_padding_last_edited=&#8221;on|tablet&#8221; header_2_font_size_tablet=&#8221;30px&#8221; header_2_font_size_phone=&#8221;23px&#8221; header_2_font_size_last_edited=&#8221;on|phone&#8221; border_width_all=&#8221;1px&#8221; border_color_all=&#8221;gcid-293da448-f89a-45b9-8e92-706f4652a4ca&#8221; global_colors_info=&#8221;{%22gcid-primary-color%22:%91%22header_text_color%22%93,%22gcid-293da448-f89a-45b9-8e92-706f4652a4ca%22:%91%22header_4_text_color%22,%22text_text_color%22,%22border_color_all%22%93}&#8221;]<\/p>\n<p><b>T\u1ed5ng quan v\u1ec1 Slot:<\/b><\/p>\n<p><span style=\"font-weight: 400;\">M\u1edf ra ni\u1ec1m vui trong Piggy Bank, m\u1ed9t tr\u00f2 ch\u01a1i slot 5 cu\u1ed9n, 3 h\u00e0ng s\u00f4i \u0111\u1ed9ng \u0111\u01b0\u1ee3c thi\u1ebft k\u1ebf \u0111\u1ec3 thu h\u00fat nhi\u1ec1u ng\u01b0\u1eddi ch\u01a1i. T\u1ef1a game h\u1ea5p d\u1eabn n\u00e0y cung c\u1ea5p c\u1ea5u tr\u00fac d\u00f2ng thanh to\u00e1n c\u1ed5 \u0111i\u1ec3n t\u1eeb tr\u00e1i sang ph\u1ea3i v\u1edbi c\u00e1c t\u00ednh n\u0103ng th\u00fa v\u1ecb t\u1eadp trung v\u00e0o Bi\u1ec3u t\u01b0\u1ee3ng Wild v\u00e0 b\u1ed9 s\u01b0u t\u1eadp Bi\u1ec3u t\u01b0\u1ee3ng Piggy sinh l\u1ee3i.<\/span><\/p>\n<p><b>T\u00ednh n\u0103ng Slot:<\/b><\/p>\n<ul>\n<li style=\"font-weight: 400;\" aria-level=\"1\"><b>Bi\u1ec3u t\u01b0\u1ee3ng Wild: <\/b><span style=\"font-weight: 400;\">Thay th\u1ebf cho c\u00e1c bi\u1ec3u t\u01b0\u1ee3ng kh\u00e1c trong tr\u00f2 ch\u01a1i c\u01a1 b\u1ea3n (xu\u1ea5t hi\u1ec7n cao 1-3 bi\u1ec3u t\u01b0\u1ee3ng) v\u00e0 \u0111\u1ea9y \u0111\u1ec3 l\u1ea5p \u0111\u1ea7y to\u00e0n b\u1ed9 cu\u1ed9n trong Tr\u00f2 ch\u01a1i mi\u1ec5n ph\u00ed.<\/span><\/li>\n<li style=\"font-weight: 400;\" aria-level=\"1\"><b>Bi\u1ec3u t\u01b0\u1ee3ng Piggy:<\/b><span style=\"font-weight: 400;\"> Khi xu\u1ea5t hi\u1ec7n 6 bi\u1ec3u t\u01b0\u1ee3ng tr\u1edf l\u00ean s\u1ebd k\u00edch ho\u1ea1t Tr\u00f2 ch\u01a1i th\u01b0\u1edfng.<\/span><\/li>\n<li style=\"font-weight: 400;\" aria-level=\"1\"><b>L\u1ef1a ch\u1ecdn t\u00ednh n\u0103ng Tr\u00f2 ch\u01a1i mi\u1ec5n ph\u00ed:<\/b><span style=\"font-weight: 400;\"> 3+ Bi\u1ec3u t\u01b0\u1ee3ng ph\u00e2n t\u00e1n cung c\u1ea5p t\u00f9y ch\u1ecdn gi\u1eefa Tr\u00f2 ch\u01a1i mi\u1ec5n ph\u00ed v\u00e0 Tr\u00f2 ch\u01a1i th\u01b0\u1edfng.<\/span><\/li>\n<\/ul>\n<p><b>Th\u00f4ng tin v\u1ec1 khe c\u1eafm:<\/b><\/p>\n<ul>\n<li><span style=\"font-weight: 400;\">Gu\u1ed3ng: 5<\/span><\/li>\n<li><span style=\"font-weight: 400;\">H\u00e0ng: 3<\/span><\/li>\n<li><span style=\"font-weight: 400;\">RTP: 96%<\/span><\/li>\n<li><span style=\"font-weight: 400;\">\u0110\u1ed9 bi\u1ebfn \u0111\u1ed9ng: Trung b\u00ecnh<\/span><\/li>\n<li><span style=\"font-weight: 400;\">T\u1ef7 l\u1ec7 th\u1eafng t\u1ed1i \u0111a: 10,000x<\/span><\/li>\n<li><span style=\"font-weight: 400;\">Ng\u00e0y ph\u00e1t h\u00e0nh: 25 th\u00e1ng 6 n\u0103m 2025<\/span><\/li>\n<\/ul>\n<p>[\/et_pb_text][\/et_pb_column][\/et_pb_row][et_pb_row _builder_version=&#8221;4.27.4&#8243; _module_preset=&#8221;default&#8221; global_colors_info=&#8221;{}&#8221;][et_pb_column type=&#8221;4_4&#8243; _builder_version=&#8221;4.27.4&#8243; _module_preset=&#8221;default&#8221; global_colors_info=&#8221;{}&#8221;][et_pb_text _builder_version=&#8221;4.27.4&#8243; _module_preset=&#8221;default&#8221; text_text_color=&#8221;#666666&#8243; text_font_size=&#8221;16px&#8221; text_line_height=&#8221;1.5em&#8221; header_2_font=&#8221;|600|||||||&#8221; header_2_text_color=&#8221;gcid-293da448-f89a-45b9-8e92-706f4652a4ca&#8221; header_2_font_size=&#8221;18px&#8221; header_3_font=&#8221;|600|||||||&#8221; header_3_text_color=&#8221;#5C5C5C&#8221; header_3_font_size=&#8221;18px&#8221; header_4_text_color=&#8221;#000000&#8243; custom_margin=&#8221;||||false|false&#8221; custom_padding=&#8221;|50px||50px|false|false&#8221; custom_padding_tablet=&#8221;|50px||50px|false|false&#8221; custom_padding_phone=&#8221;|10px||20px|false|false&#8221; custom_padding_last_edited=&#8221;on|phone&#8221; text_font_size_tablet=&#8221;16px&#8221; text_font_size_phone=&#8221;14px&#8221; text_font_size_last_edited=&#8221;on|phone&#8221; header_2_font_size_tablet=&#8221;&#8221; header_2_font_size_phone=&#8221;&#8221; header_2_font_size_last_edited=&#8221;on|phone&#8221; header_3_font_size_tablet=&#8221;&#8221; header_3_font_size_phone=&#8221;&#8221; header_3_font_size_last_edited=&#8221;on|phone&#8221; global_colors_info=&#8221;{%22gcid-293da448-f89a-45b9-8e92-706f4652a4ca%22:%91%22header_2_text_color%22%93}&#8221;]<\/p>\n<h2>Thi\u1ebft l\u1eadp cu\u1ed9n c\u1ed5 \u0111i\u1ec3n v\u1edbi nh\u1eefng n\u00e9t hi\u1ec7n \u0111\u1ea1i<\/h2>\n<p><span style=\"color: #3366ff;\"><a href=\"https:\/\/slotsmaker.com\/?lang=vi\" style=\"color: #3366ff;\"><b>SlotsMaker<\/b><\/a><\/span><span style=\"font-weight: 400;\"> v\u00e0 <\/span><span style=\"color: #3366ff;\"><a href=\"https:\/\/uuslotsofficial.com\/\" style=\"color: #3366ff;\" target=\"_blank\" rel=\"noopener\"><b>UU Slots<\/b><\/a><\/span><span style=\"font-weight: 400;\"> \u0111\u00e3 h\u1ee3p t\u00e1c \u0111\u1ec3 mang \u0111\u1ebfn tr\u1ea3i nghi\u1ec7m slot m\u1edbi th\u00fa v\u1ecb v\u1edbi t\u1ef1a game m\u1edbi nh\u1ea5t c\u1ee7a h\u1ecd, <\/span><b>Piggy Bank<\/b><span style=\"font-weight: 400;\">. Slot tr\u1ef1c tuy\u1ebfn m\u1edbi h\u1ea5p d\u1eabn n\u00e0y \u0111\u01b0\u1ee3c thi\u1ebft k\u1ebf \u0111\u1ec3 thu h\u00fat ng\u01b0\u1eddi ch\u01a1i \u1edf \u00dac v\u00e0 khu v\u1ef1c Ch\u00e2u \u00c1, cung c\u1ea5p s\u1ef1 k\u1ebft h\u1ee3p gi\u1eefa c\u00e1c c\u01a1 ch\u1ebf quen thu\u1ed9c v\u1edbi c\u00e1c t\u00ednh n\u0103ng th\u00fa v\u1ecb v\u00e0 ti\u1ec1m n\u0103ng gi\u00e0nh chi\u1ebfn th\u1eafng l\u1edbn.<\/span><\/p>\n<p><span style=\"font-weight: 400;\">Piggy Bank c\u00f3 b\u1ed1 c\u1ee5c 5 cu\u1ed9n, 3 h\u00e0ng truy\u1ec1n th\u1ed1ng v\u1edbi c\u00e1c d\u00f2ng thanh to\u00e1n ch\u1ea1y t\u1eeb tr\u00e1i sang ph\u1ea3i. Tr\u00f2 ch\u01a1i \u0111\u01b0\u1ee3c thi\u1ebft k\u1ebf \u0111\u1ec3 ch\u01a1i theo h\u01b0\u1edbng ngang v\u00e0 d\u1ecdc, ph\u00f9 h\u1ee3p v\u1edbi nhi\u1ec1u thi\u1ebft b\u1ecb v\u00e0 s\u1edf th\u00edch c\u1ee7a ng\u01b0\u1eddi ch\u01a1i.<\/span><\/p>\n<h2>Tr\u1ecdng t\u00e2m t\u00ednh n\u0103ng: Bi\u1ec3u t\u01b0\u1ee3ng Wild &amp; Bi\u1ec3u t\u01b0\u1ee3ng Piggy Galore<\/h2>\n<p><span style=\"font-weight: 400;\">Bi\u1ec3u t\u01b0\u1ee3ng Wild n\u00e2ng cao Piggy Bank theo hai c\u00e1ch. Trong tr\u00f2 ch\u01a1i c\u01a1 b\u1ea3n, c\u00e1c bi\u1ec3u t\u01b0\u1ee3ng Wild xu\u1ea5t hi\u1ec7n tr\u00ean b\u1ea5t k\u1ef3 cu\u1ed9n n\u00e0o, thay th\u1ebf cho c\u00e1c bi\u1ec3u t\u01b0\u1ee3ng kh\u00e1c v\u00e0 xu\u1ea5t hi\u1ec7n d\u01b0\u1edbi d\u1ea1ng 1, 2 ho\u1eb7c 3 bi\u1ec3u t\u01b0\u1ee3ng cao. Trong Tr\u00f2 ch\u01a1i mi\u1ec5n ph\u00ed, Bi\u1ec3u t\u01b0\u1ee3ng hoang d\u00e3 s\u1ebd xu\u1ea5t hi\u1ec7n d\u01b0\u1edbi d\u1ea1ng c\u00e1c cu\u1ed9n hoang d\u00e3 v\u00e0 \u0111\u1ea9y \u0111\u1ec3 l\u1ea5p \u0111\u1ea7y to\u00e0n b\u1ed9 cu\u1ed9n, t\u0103ng c\u01a1 h\u1ed9i gi\u00e0nh chi\u1ebfn th\u1eafng l\u1edbn.<\/span><\/p>\n<p><span style=\"font-weight: 400;\">Thu th\u1eadp 6 ho\u1eb7c nhi\u1ec1u Bi\u1ec3u t\u01b0\u1ee3ng Heo \u0111\u1ea5t trong Ng\u00e2n h\u00e0ng heo \u0111\u1ea5t s\u1ebd b\u1eaft \u0111\u1ea7u Tr\u00f2 ch\u01a1i th\u01b0\u1edfng. Bi\u1ec3u t\u01b0\u1ee3ng Heo \u0111\u1ea5t ban \u0111\u1ea7u s\u1ebd gi\u1eef nguy\u00ean v\u00e0 ng\u01b0\u1eddi ch\u01a1i s\u1ebd \u0111\u01b0\u1ee3c quay \u0111\u1ec3 h\u1ea1 c\u00e1nh nhi\u1ec1u h\u01a1n. Bi\u1ec3u t\u01b0\u1ee3ng Heo \u0111\u1ea5t m\u1edbi s\u1ebd kh\u00f4ng cung c\u1ea5p cho ng\u01b0\u1eddi ch\u01a1i c\u00e1c l\u01b0\u1ee3t quay th\u00eam. N\u1ebfu ch\u00fang l\u1ea5p \u0111\u1ea7y t\u1ea5t c\u1ea3 c\u00e1c v\u1ecb tr\u00ed b\u1eb1ng Bi\u1ec3u t\u01b0\u1ee3ng Heo \u0111\u1ea5t, ph\u1ea7n th\u01b0\u1edfng s\u1ebd k\u1ebft th\u00fac b\u1eb1ng m\u1ed9t gi\u1ea3i th\u01b0\u1edfng l\u1edbn. Bi\u1ec3u t\u01b0\u1ee3ng Heo \u0111\u1ea5t c\u1ea1nh nhau s\u1ebd t\u1ea1o th\u00e0nh c\u00e1c h\u00ecnh d\u1ea1ng mang l\u1ea1i cho ng\u01b0\u1eddi ch\u01a1i gi\u1ea3i th\u01b0\u1edfng khi k\u1ebft th\u00fac ph\u1ea7n th\u01b0\u1edfng. M\u1ed7i Bi\u1ec3u t\u01b0\u1ee3ng Heo \u0111\u1ea5t ch\u1ec9 c\u00f3 th\u1ec3 l\u00e0 m\u1ed9t ph\u1ea7n c\u1ee7a m\u1ed9t h\u00ecnh d\u1ea1ng.<\/span><\/p>\n<p><span style=\"font-weight: 400;\">Khi ng\u01b0\u1eddi ch\u01a1i h\u1ea1 c\u00e1nh 3 ho\u1eb7c nhi\u1ec1u Bi\u1ec3u t\u01b0\u1ee3ng Scatter trong Tr\u00f2 ch\u01a1i mi\u1ec5n ph\u00ed, h\u1ecd c\u00f3 th\u1ec3 ch\u1ecdn gi\u1eefa vi\u1ec7c ch\u01a1i Tr\u00f2 ch\u01a1i mi\u1ec5n ph\u00ed ho\u1eb7c Tr\u00f2 ch\u01a1i th\u01b0\u1edfng. N\u1ebfu h\u1ecd quy\u1ebft \u0111\u1ecbnh ch\u01a1i Tr\u00f2 ch\u01a1i mi\u1ec5n ph\u00ed, s\u1ed1 l\u01b0\u1ee3t quay mi\u1ec5n ph\u00ed h\u1ecd nh\u1eadn \u0111\u01b0\u1ee3c ph\u1ee5 thu\u1ed9c v\u00e0o s\u1ed1 l\u01b0\u1ee3ng bi\u1ec3u t\u01b0\u1ee3ng Scatter k\u00edch ho\u1ea1t t\u00ednh n\u0103ng: 3 Bi\u1ec3u t\u01b0\u1ee3ng Scatter s\u1ebd cung c\u1ea5p cho h\u1ecd 10 l\u01b0\u1ee3t quay mi\u1ec5n ph\u00ed, 4 Bi\u1ec3u t\u01b0\u1ee3ng Scatter s\u1ebd th\u01b0\u1edfng 15 l\u01b0\u1ee3t quay mi\u1ec5n ph\u00ed v\u00e0 5 Bi\u1ec3u t\u01b0\u1ee3ng Scatter s\u1ebd th\u01b0\u1edfng 25 l\u01b0\u1ee3t quay mi\u1ec5n ph\u00ed.<\/span><\/p>\n<p><span style=\"font-weight: 400;\">N\u1ebfu m\u1ed9t Wild Reel xu\u1ea5t hi\u1ec7n tr\u00ean m\u1ed9t cu\u1ed9n phim, ngay c\u1ea3 khi n\u00f3 ch\u1ec9 bao ph\u1ee7 m\u1ed9t ph\u1ea7n c\u1ee7a cu\u1ed9n phim, n\u00f3 s\u1ebd t\u1ef1 \u0111\u1ed9ng di chuy\u1ec3n \u0111\u1ec3 bao ph\u1ee7 to\u00e0n b\u1ed9 cu\u1ed9n phim. T\u1ea5t c\u1ea3 c\u00e1c kho\u1ea3n ti\u1ec1n th\u1eafng trong Tr\u00f2 ch\u01a1i mi\u1ec5n ph\u00ed s\u1ebd \u0111\u01b0\u1ee3c nh\u00e2n \u0111\u00f4i. Ng\u01b0\u1eddi ch\u01a1i c\u0169ng c\u00f3 th\u1ec3 k\u00edch ho\u1ea1t Tr\u00f2 ch\u01a1i th\u01b0\u1edfng Piggy Bank trong khi ch\u01a1i Tr\u00f2 ch\u01a1i mi\u1ec5n ph\u00ed, nh\u01b0ng b\u1ea5t k\u1ef3 kho\u1ea3n ti\u1ec1n th\u1eafng n\u00e0o h\u1ecd nh\u1eadn \u0111\u01b0\u1ee3c t\u1eeb Tr\u00f2 ch\u01a1i th\u01b0\u1edfng trong th\u1eddi gian n\u00e0y s\u1ebd kh\u00f4ng ph\u1ea3i ch\u1ecbu h\u1ec7 s\u1ed1 nh\u00e2n \u0111\u00f4i.<\/span><\/p>\n<h2>M\u1ed9t quan h\u1ec7 \u0111\u1ed1i t\u00e1c m\u1ea1nh m\u1ebd mang \u0111\u1ebfn l\u1ed1i ch\u01a1i h\u1ea5p d\u1eabn<\/h2>\n<p><span style=\"font-weight: 400;\">Piggy Bank \u0111\u1ea1i di\u1ec7n cho s\u1ef1 h\u1ee3p t\u00e1c th\u00fa v\u1ecb gi\u1eefa qu\u00e1 tr\u00ecnh ph\u00e1t tri\u1ec3n tr\u00f2 ch\u01a1i s\u00e1ng t\u1ea1o c\u1ee7a SlotsMaker v\u00e0 UU Slots. Tr\u00f2 ch\u01a1i slot n\u00e0y \u0111\u01b0\u1ee3c \u0111\u1ecbnh h\u01b0\u1edbng tr\u1edf th\u00e0nh tr\u00f2 ch\u01a1i y\u00eau th\u00edch c\u1ee7a ng\u01b0\u1eddi ch\u01a1i, cung c\u1ea5p s\u1ef1 k\u1ebft h\u1ee3p phong ph\u00fa gi\u1eefa c\u00e1c t\u00ednh n\u0103ng h\u1ea5p d\u1eabn v\u00e0 ti\u1ec1m n\u0103ng mang l\u1ea1i ph\u1ea7n th\u01b0\u1edfng.<\/span><\/p>\n<p><span style=\"font-weight: 400;\">B\u1ea1n \u0111\u00e3 s\u1eb5n s\u00e0ng t\u00edch h\u1ee3p <\/span><span style=\"color: #3366ff;\"><strong><a href=\"https:\/\/qr.me-qr.com\/YOscxsEW\" style=\"color: #3366ff;\" target=\"_blank\" rel=\"noopener\">Piggy Bank Demo<\/a><\/strong><\/span><span style=\"font-weight: 400;\"> v\u00e0 c\u00e1c t\u1ef1a game h\u1ea5p d\u1eabn kh\u00e1c v\u00e0o n\u1ec1n t\u1ea3ng c\u1ee7a m\u00ecnh ch\u01b0a? <\/span><span style=\"color: #3366ff;\"><a href=\"https:\/\/live22.com\/contact-us\/\" style=\"color: #3366ff;\" target=\"_blank\" rel=\"noopener\"><b>H\u00e3y li\u00ean h\u1ec7 v\u1edbi SlotsMaker<\/b><\/a><\/span><span style=\"font-weight: 400;\"> ngay h\u00f4m nay \u0111\u1ec3 kh\u00e1m ph\u00e1 danh m\u1ee5c \u0111\u1ea7u t\u01b0 \u0111a d\u1ea1ng c\u1ee7a ch\u00fang t\u00f4i v\u00e0 kh\u00e1m ph\u00e1 c\u00e1ch c\u00e1c gi\u1ea3i ph\u00e1p s\u00e1ng t\u1ea1o c\u1ee7a ch\u00fang t\u00f4i c\u00f3 th\u1ec3 th\u00fac \u0111\u1ea9y s\u1ef1 tham gia v\u00e0 t\u0103ng tr\u01b0\u1edfng c\u1ee7a ng\u01b0\u1eddi ch\u01a1i cho doanh nghi\u1ec7p c\u1ee7a b\u1ea1n. H\u00e3y c\u00f9ng nhau x\u00e2y d\u1ef1ng th\u00e0nh c\u00f4ng!<\/span><\/p>\n<p>[\/et_pb_text][et_pb_button button_url=&#8221;https:\/\/slotsmaker.com\/news\/?lang=vi&#8221; button_text=&#8221;Quay l\u1ea1i tin t\u1ee9c&#8221; button_alignment=&#8221;center&#8221; disabled_on=&#8221;off|off|off&#8221; module_class=&#8221;custom-button&#8221; _builder_version=&#8221;4.27.4&#8243; _module_preset=&#8221;default&#8221; custom_button=&#8221;on&#8221; button_text_size=&#8221;20px&#8221; button_text_color=&#8221;#FFFFFF&#8221; button_bg_color=&#8221;gcid-primary-color&#8221; button_border_width=&#8221;2px&#8221; button_border_color=&#8221;RGBA(255,255,255,0)&#8221; button_font=&#8221;|600|||||||&#8221; button_use_icon=&#8221;off&#8221; background_layout=&#8221;dark&#8221; custom_margin=&#8221;||||false|false&#8221; custom_padding=&#8221;||||false|false&#8221; custom_padding_tablet=&#8221;||||false|false&#8221; custom_padding_phone=&#8221;||||false|false&#8221; custom_padding_last_edited=&#8221;on|desktop&#8221; button_text_size_tablet=&#8221;16px&#8221; button_text_size_phone=&#8221;16px&#8221; button_text_size_last_edited=&#8221;on|desktop&#8221; custom_css_after=&#8221;margin-top: 1px;&#8221; locked=&#8221;off&#8221; global_colors_info=&#8221;{%22gcid-primary-color%22:%91%22button_bg_color%22,%22button_bg_color%22%93,%22gcid-secondary-color%22:%91%22button_bg_color%22,%22button_bg_color__hover%22%93,%22gcid-74575f5e-bedc-40c1-ae7b-6696e83b758c%22:%91%22button_bg_color__hover%22%93}&#8221; button_bg_color__hover=&#8221;#a7268b&#8221; button_bg_color__hover_enabled=&#8221;on|hover&#8221; button_border_width__hover=&#8221;2px&#8221; button_border_width__hover_enabled=&#8221;on|hover&#8221;][\/et_pb_button][\/et_pb_column][\/et_pb_row][\/et_pb_section][et_pb_section fb_built=&#8221;1&#8243; admin_label=&#8221;game_demo&#8221; module_id=&#8221;game_demo&#8221; module_class=&#8221;game_demo popup&#8221; _builder_version=&#8221;4.27.2&#8243; _module_preset=&#8221;default&#8221; background_color=&#8221;rgba(0,0,0,0.29)&#8221; da_is_popup=&#8221;on&#8221; da_popup_slug=&#8221;game_demo&#8221; da_disable_devices=&#8221;off|off|off&#8221; locked=&#8221;off&#8221; global_colors_info=&#8221;{}&#8221; da_exit_intent=&#8221;off&#8221; da_has_close=&#8221;on&#8221; da_alt_close=&#8221;off&#8221; da_dark_close=&#8221;off&#8221; da_not_modal=&#8221;on&#8221; da_is_singular=&#8221;off&#8221; da_with_loader=&#8221;off&#8221; da_has_shadow=&#8221;on&#8221;][et_pb_row _builder_version=&#8221;4.27.2&#8243; _module_preset=&#8221;default&#8221; global_colors_info=&#8221;{}&#8221;][et_pb_column type=&#8221;4_4&#8243; _builder_version=&#8221;4.27.2&#8243; _module_preset=&#8221;default&#8221; global_colors_info=&#8221;{}&#8221;][et_pb_code _builder_version=&#8221;4.27.4&#8243; _module_preset=&#8221;default&#8221; global_colors_info=&#8221;{}&#8221;]<iframe src=\"https:\/\/qr.me-qr.com\/YOscxsEW\" width=\"100%\" height=\"500px\"><\/iframe>[\/et_pb_code][\/et_pb_column][\/et_pb_row][\/et_pb_section]<\/p>\n","protected":false},"excerpt":{"rendered":"<p>\u0110\u01b0\u1ee3c ph\u00e1t tri\u1ec3n b\u1edfi \u0110\u01b0\u1ee3c ph\u00e1t tri\u1ec3n b\u1edfi SlotsMaker &amp; UU Slots M\u1edf ra ni\u1ec1m vui v\u1edbi Slot m\u1edbi: Piggy Bank 30 \/ 6 \/ 2025T\u1ed5ng quan v\u1ec1 Slot: M\u1edf ra ni\u1ec1m vui trong Piggy Bank, m\u1ed9t tr\u00f2 ch\u01a1i slot 5 cu\u1ed9n, 3 h\u00e0ng s\u00f4i \u0111\u1ed9ng \u0111\u01b0\u1ee3c thi\u1ebft k\u1ebf \u0111\u1ec3 thu h\u00fat nhi\u1ec1u ng\u01b0\u1eddi ch\u01a1i. [&hellip;]<\/p>\n","protected":false},"author":6,"featured_media":0,"parent":0,"menu_order":0,"comment_status":"closed","ping_status":"closed","template":"","meta":{"_et_pb_use_builder":"on","_et_pb_old_content":"","_et_gb_content_width":"","content-type":"","footnotes":""},"class_list":["post-15785","page","type-page","status-publish","hentry"],"_links":{"self":[{"href":"https:\/\/slotsmaker.com\/vi\/wp-json\/wp\/v2\/pages\/15785","targetHints":{"allow":["GET"]}}],"collection":[{"href":"https:\/\/slotsmaker.com\/vi\/wp-json\/wp\/v2\/pages"}],"about":[{"href":"https:\/\/slotsmaker.com\/vi\/wp-json\/wp\/v2\/types\/page"}],"author":[{"embeddable":true,"href":"https:\/\/slotsmaker.com\/vi\/wp-json\/wp\/v2\/users\/6"}],"replies":[{"embeddable":true,"href":"https:\/\/slotsmaker.com\/vi\/wp-json\/wp\/v2\/comments?post=15785"}],"version-history":[{"count":3,"href":"https:\/\/slotsmaker.com\/vi\/wp-json\/wp\/v2\/pages\/15785\/revisions"}],"predecessor-version":[{"id":15811,"href":"https:\/\/slotsmaker.com\/vi\/wp-json\/wp\/v2\/pages\/15785\/revisions\/15811"}],"wp:attachment":[{"href":"https:\/\/slotsmaker.com\/vi\/wp-json\/wp\/v2\/media?parent=15785"}],"curies":[{"name":"wp","href":"https:\/\/api.w.org\/{rel}","templated":true}]}}