{"id":16003,"date":"2025-07-10T21:39:35","date_gmt":"2025-07-10T13:39:35","guid":{"rendered":"https:\/\/slotsmaker.com\/?page_id=16003"},"modified":"2025-07-10T22:19:34","modified_gmt":"2025-07-10T14:19:34","slug":"slotsmaker-confirmed-for-sbc-summit-2025","status":"publish","type":"page","link":"https:\/\/slotsmaker.com\/vi\/slotsmaker-confirmed-for-sbc-summit-2025\/","title":{"rendered":"SlotsMaker Confirmed for SBC Summit 2025"},"content":{"rendered":"<p>[et_pb_section fb_built=&#8221;1&#8243; admin_label=&#8221;Section&#8221; _builder_version=&#8221;4.27.2&#8243; _module_preset=&#8221;default&#8221; background_color=&#8221;#FFFFFF&#8221; da_disable_devices=&#8221;off|off|off&#8221; locked=&#8221;off&#8221; global_colors_info=&#8221;{}&#8221; da_is_popup=&#8221;off&#8221; da_exit_intent=&#8221;off&#8221; da_has_close=&#8221;on&#8221; da_alt_close=&#8221;off&#8221; da_dark_close=&#8221;off&#8221; da_not_modal=&#8221;on&#8221; da_is_singular=&#8221;off&#8221; da_with_loader=&#8221;off&#8221; da_has_shadow=&#8221;on&#8221;][et_pb_row column_structure=&#8221;1_2,1_2&#8243; _builder_version=&#8221;4.27.4&#8243; _module_preset=&#8221;default&#8221; locked=&#8221;off&#8221; global_colors_info=&#8221;{}&#8221;][et_pb_column type=&#8221;1_2&#8243; _builder_version=&#8221;4.27.4&#8243; _module_preset=&#8221;default&#8221; global_colors_info=&#8221;{}&#8221;][et_pb_image src=&#8221;https:\/\/slotsmaker.com\/wp-content\/uploads\/2025\/07\/SlotsMaker-Article_Lets-Meet-SBC-Summit-2025_1000x1000.jpg&#8221; title_text=&#8221;SlotsMaker Article_Let&#8217;s Meet SBC Summit 2025_1000x1000&#8243; _builder_version=&#8221;4.27.4&#8243; _module_preset=&#8221;default&#8221; scroll_horizontal_motion=&#8221;0|29|56|100|10|0|-4&#8243; scroll_fade=&#8221;0|49|49|100|0|100|100&#8243; border_radii=&#8221;off|50px|||&#8221; global_colors_info=&#8221;{}&#8221;][\/et_pb_image][\/et_pb_column][et_pb_column type=&#8221;1_2&#8243; _builder_version=&#8221;4.27.4&#8243; _module_preset=&#8221;default&#8221; global_colors_info=&#8221;{}&#8221;][et_pb_text _builder_version=&#8221;4.27.4&#8243; _module_preset=&#8221;default&#8221; text_text_color=&#8221;#FFFFFF&#8221; text_font_size=&#8221;18px&#8221; header_font=&#8221;||||||||&#8221; header_text_color=&#8221;#FFFFFF&#8221; header_line_height=&#8221;1.2em&#8221; background_color=&#8221;gcid-primary-color&#8221; width=&#8221;90%&#8221; custom_margin=&#8221;200px|||-150px|false|false&#8221; custom_margin_tablet=&#8221;120px|||-180px|false|false&#8221; custom_margin_phone=&#8221;-32px|||0px|false|false&#8221; custom_margin_last_edited=&#8221;on|phone&#8221; custom_padding=&#8221;20px||20px|30px|false|false&#8221; custom_padding_tablet=&#8221;20px||20px|30px|false|false&#8221; custom_padding_phone=&#8221;20px|||20px|false|false&#8221; custom_padding_last_edited=&#8221;on|phone&#8221; scroll_fade=&#8221;0|52|52|100|0|100|100&#8243; hover_enabled=&#8221;0&#8243; border_radii=&#8221;off|||30px|&#8221; global_colors_info=&#8221;{%22gcid-primary-color%22:%91%22background_color%22%93}&#8221; sticky_enabled=&#8221;0&#8243;]<\/p>\n<h1>SlotsMaker \u0111\u01b0\u1ee3c x\u00e1c nh\u1eadn tham d\u1ef1 SBC Summit 2025<\/h1>\n<p><strong>9 \/ 7 \/ 2025<\/strong><\/p>\n<p>[\/et_pb_text][\/et_pb_column][\/et_pb_row][et_pb_row admin_label=&#8221;articles&#8221; _builder_version=&#8221;4.21.0&#8243; _module_preset=&#8221;default&#8221; background_color=&#8221;#FFFFFF&#8221; global_colors_info=&#8221;{}&#8221;][et_pb_column type=&#8221;4_4&#8243; _builder_version=&#8221;4.21.0&#8243; _module_preset=&#8221;default&#8221; global_colors_info=&#8221;{}&#8221;][et_pb_text _builder_version=&#8221;4.27.4&#8243; _module_preset=&#8221;default&#8221; text_text_color=&#8221;#666666&#8243; text_font_size=&#8221;16px&#8221; text_line_height=&#8221;1.5em&#8221; header_2_font=&#8221;|600|||||||&#8221; header_2_text_color=&#8221;gcid-293da448-f89a-45b9-8e92-706f4652a4ca&#8221; header_2_font_size=&#8221;18px&#8221; header_3_font=&#8221;|600|||||||&#8221; header_3_text_color=&#8221;#5C5C5C&#8221; header_3_font_size=&#8221;18px&#8221; header_4_text_color=&#8221;#000000&#8243; custom_margin=&#8221;||||false|false&#8221; custom_padding=&#8221;|50px||50px|false|false&#8221; custom_padding_tablet=&#8221;|50px||50px|false|false&#8221; custom_padding_phone=&#8221;|10px||20px|false|false&#8221; custom_padding_last_edited=&#8221;on|phone&#8221; hover_enabled=&#8221;0&#8243; text_font_size_tablet=&#8221;16px&#8221; text_font_size_phone=&#8221;14px&#8221; text_font_size_last_edited=&#8221;on|phone&#8221; header_2_font_size_tablet=&#8221;&#8221; header_2_font_size_phone=&#8221;&#8221; header_2_font_size_last_edited=&#8221;on|phone&#8221; header_3_font_size_tablet=&#8221;&#8221; header_3_font_size_phone=&#8221;&#8221; header_3_font_size_last_edited=&#8221;on|phone&#8221; global_colors_info=&#8221;{%22gcid-293da448-f89a-45b9-8e92-706f4652a4ca%22:%91%22header_2_text_color%22%93}&#8221; sticky_enabled=&#8221;0&#8243;]<\/p>\n<h2>SlotsMaker c\u00f4ng b\u1ed1 c\u00e1c gi\u1ea3i ph\u00e1p iGaming d\u1ef1a tr\u00ean d\u1eef li\u1ec7u t\u1ea1i SBC Summit 2025<\/h2>\n<h3>Tri\u1ec3n l\u00e3m \u0111\u1ed9c quy\u1ec1n \u0111\u1ec3 c\u00e1ch m\u1ea1ng h\u00f3a vi\u1ec7c gi\u1eef ch\u00e2n ng\u01b0\u1eddi ch\u01a1i<\/h3>\n<p><a href=\"https:\/\/slotsmaker.com\/about-us\/?lang=vi\"><b><span style=\"color: #3366ff;\">SlotsMaker<\/span><\/b><\/a><span style=\"font-weight: 400;\">, m\u1ed9t c\u00f4ng ty <\/span><span style=\"color: #3366ff;\"><a href=\"https:\/\/slotsmaker.com\/?lang=vi\" style=\"color: #3366ff;\"><b>ph\u00e1t tri\u1ec3n tr\u00f2 ch\u01a1i slot v\u00e0 x\u00e2y d\u1ef1ng th\u01b0\u01a1ng hi\u1ec7u s\u00f2ng b\u1ea1c<\/b><\/a><\/span><span style=\"font-weight: 400;\"> to\u00e0n c\u1ea7u, s\u1ebd t\u1ea1o n\u00ean l\u00e0n s\u00f3ng t\u1ea1i SBC Summit 2025, di\u1ec5n ra t\u1eeb ng\u00e0y 16 \u0111\u1ebfn 18 th\u00e1ng 9, t\u1ea1i Feira Internacional de Lisboa. T\u1ea1i gian h\u00e0ng B574, SlotsMaker s\u1ebd t\u1ed5 ch\u1ee9c m\u1ed9t tri\u1ec3n l\u00e3m \u0111\u1ed9c quy\u1ec1n gi\u1edbi thi\u1ec7u c\u00e1c gi\u1ea3i ph\u00e1p v\u00e0 <\/span><span style=\"color: #3366ff;\"><a href=\"https:\/\/slotsmaker.com\/our-services\/branding-game-development\/?lang=vi\" style=\"color: #3366ff;\"><b>d\u1ecbch v\u1ee5<\/b><\/a><\/span><span style=\"font-weight: 400;\"> s\u00f2ng b\u1ea1c tr\u1ef1c tuy\u1ebfn \u0111\u1ed9t ph\u00e1 c\u1ee7a m\u00ecnh, \u0111\u01b0\u1ee3c thi\u1ebft k\u1ebf \u0111\u1ec3 trao quy\u1ec1n cho c\u00e1c nh\u00e0 \u0111i\u1ec1u h\u00e0nh iGaming b\u1eb1ng c\u00e1c chi\u1ebfn l\u01b0\u1ee3c d\u1ef1a tr\u00ean d\u1eef li\u1ec7u nh\u1eb1m t\u0103ng c\u01b0\u1eddng s\u1ef1 t\u01b0\u01a1ng t\u00e1c c\u1ee7a ng\u01b0\u1eddi ch\u01a1i.<\/span><\/p>\n<p><span style=\"font-weight: 400;\">Tri\u1ec3n l\u00e3m c\u1ee7a SlotsMaker c\u0169ng s\u1ebd cho ph\u00e9p nh\u1eefng ng\u01b0\u1eddi tham d\u1ef1 kh\u00e1m ph\u00e1 c\u00e1c gi\u1ea3i ph\u00e1p t\u00f9y ch\u1ec9nh slot v\u00e0 d\u1ecbch v\u1ee5 x\u00e2y d\u1ef1ng th\u01b0\u01a1ng hi\u1ec7u s\u00f2ng b\u1ea1c c\u1ee7a c\u00f4ng ty d\u01b0\u1edbi s\u1ef1 ch\u1ec9 \u0111\u1ea1o c\u1ee7a Keen Chong, Gi\u00e1m \u0111\u1ed1c \u0111i\u1ec1u h\u00e0nh c\u1ee7a SlotsMaker.<\/span><\/p>\n<p><span style=\"font-weight: 400;\">S\u1ef1 ki\u1ec7n giao l\u01b0u n\u00e0y s\u1ebd ch\u1ee9ng minh c\u00e1ch SlotsMaker \u0111ang chuy\u1ec3n \u0111\u1ed5i ho\u1ea1t \u0111\u1ed9ng kinh doanh iGaming c\u1ee7a kh\u00e1ch h\u00e0ng th\u00f4ng qua c\u00e1c c\u00f4ng ngh\u1ec7 v\u00e0 tr\u1ea3i nghi\u1ec7m ch\u01a1i game \u0111\u01b0\u1ee3c thi\u1ebft k\u1ebf ri\u00eang. Nh\u1eefng ng\u01b0\u1eddi tham d\u1ef1 s\u1ebd th\u1ea5y nh\u1eefng v\u00ed d\u1ee5 th\u1ef1c t\u1ebf v\u1ec1 c\u00e1ch l\u00f2ng trung th\u00e0nh c\u1ee7a ng\u01b0\u1eddi ch\u01a1i chuy\u1ec3n th\u00e0nh l\u1ee3i nhu\u1eadn th\u00f4ng qua SlotsAPI c\u1ee7a c\u00f4ng ty v\u00e0 c\u00e1c nh\u00e0 \u0111i\u1ec1u h\u00e0nh c\u00f3 th\u1ec3 tr\u1edf th\u00e0nh m\u1ed9t ph\u1ea7n c\u1ee7a h\u1ec7 sinh th\u00e1i \u0111\u1ec3 x\u00e2y d\u1ef1ng s\u1ef1 g\u1eafn k\u1ebft c\u1ee7a ng\u01b0\u1eddi ch\u01a1i.<\/span><\/p>\n<h2>SlotsMaker s\u1ebd gi\u1edbi thi\u1ec7u nh\u1eefng g\u00ec t\u1ea1i H\u1ed9i ngh\u1ecb th\u01b0\u1ee3ng \u0111\u1ec9nh SBC 2025<\/h2>\n<h3>N\u1ec1n t\u1ea3ng \u0111\u01b0\u1ee3c thi\u1ebft k\u1ebf ri\u00eang &amp; N\u1ed9i dung tr\u00f2 ch\u01a1i \u0111\u01b0\u1ee3c b\u1ea3n \u0111\u1ecba h\u00f3a cho th\u1ecb tr\u01b0\u1eddng to\u00e0n c\u1ea7u<\/h3>\n<p><span style=\"font-weight: 400;\">Nh\u1eefng ng\u01b0\u1eddi tham d\u1ef1 c\u00f3 th\u1ec3 mong \u0111\u1ee3i th\u1ea5y m\u1ed9t lo\u1ea1t c\u00e1c d\u1ecbch v\u1ee5 s\u00e1ng t\u1ea1o \u0111\u01b0\u1ee3c thi\u1ebft k\u1ebf \u0111\u1ec3 trao quy\u1ec1n cho c\u00e1c s\u00f2ng b\u1ea1c tr\u1ef1c tuy\u1ebfn v\u00e0 n\u00e2ng cao tr\u1ea3i nghi\u1ec7m c\u1ee7a ng\u01b0\u1eddi ch\u01a1i.<\/span><\/p>\n<p><span style=\"font-weight: 400;\">M\u1ed9t trong nh\u1eefng \u0111i\u1ec3m n\u1ed5i b\u1eadt ch\u00ednh s\u1ebd l\u00e0 c\u00e1c d\u1ecbch v\u1ee5 ph\u00e1t tri\u1ec3n tr\u00f2 ch\u01a1i slot t\u00f9y ch\u1ec9nh c\u1ee7a SlotsMaker. Nh\u1eadn ra r\u1eb1ng m\u1ed7i s\u00f2ng b\u1ea1c \u0111\u1ec1u c\u00f3 nhu c\u1ea7u v\u00e0 mong mu\u1ed1n ri\u00eang, SlotsMaker cung c\u1ea5p thi\u1ebft k\u1ebf slot v\u00e0 c\u00e1c t\u00ednh n\u0103ng tr\u00f2 ch\u01a1i \u0111\u01b0\u1ee3c thi\u1ebft k\u1ebf ri\u00eang ho\u00e0n to\u00e0n. \u0110i\u1ec1u n\u00e0y cho ph\u00e9p c\u00e1c nh\u00e0 \u0111i\u1ec1u h\u00e0nh t\u1ea1o ra nh\u1eefng tr\u1ea3i nghi\u1ec7m ch\u01a1i game ri\u00eang bi\u1ec7t ho\u00e0n to\u00e0n ph\u00f9 h\u1ee3p v\u1edbi b\u1ea3n s\u1eafc th\u01b0\u01a1ng hi\u1ec7u v\u00e0 s\u1edf th\u00edch c\u1ee7a ng\u01b0\u1eddi ch\u01a1i.<\/span><\/p>\n<p><span style=\"font-weight: 400;\">Ngo\u00e0i ra, SlotsMaker s\u1ebd gi\u1edbi thi\u1ec7u c\u00e1c gi\u1ea3i ph\u00e1p x\u00e2y d\u1ef1ng th\u01b0\u01a1ng hi\u1ec7u s\u00f2ng b\u1ea1c c\u1ee7a m\u00ecnh. C\u00e1c gi\u1ea3i ph\u00e1p n\u00e0y gi\u00fap c\u00e1c nh\u00e0 \u0111i\u1ec1u h\u00e0nh iGaming x\u00e2y d\u1ef1ng c\u00e1c th\u01b0\u01a1ng hi\u1ec7u slot \u0111\u1eb7c bi\u1ec7t n\u1ed5i b\u1eadt tr\u00ean m\u1ed9t th\u1ecb tr\u01b0\u1eddng \u0111\u00f4ng \u0111\u00fac. B\u1eb1ng c\u00e1ch t\u1ea1o ra c\u00e1c th\u01b0\u01a1ng hi\u1ec7u \u0111\u1ed9c \u0111\u00e1o v\u00e0 \u0111\u00e1ng nh\u1edb, c\u00e1c nh\u00e0 \u0111i\u1ec1u h\u00e0nh c\u00f3 th\u1ec3 t\u0103ng kh\u1ea3 n\u0103ng hi\u1ec3n th\u1ecb c\u1ee7a m\u00ecnh v\u00e0 thu h\u00fat ng\u01b0\u1eddi ch\u01a1i m\u1edbi.<\/span><\/p>\n<p><span style=\"font-weight: 400;\">SlotsMaker c\u0169ng s\u1ebd gi\u1edbi thi\u1ec7u c\u00e1c gi\u1ea3i ph\u00e1p SlotsAPI m\u1edbi nh\u1ea5t c\u1ee7a m\u00ecnh. Nh\u1eefng c\u00f4ng c\u1ee5 ti\u00ean ti\u1ebfn n\u00e0y cung c\u1ea5p cho c\u00e1c s\u00f2ng b\u1ea1c tr\u1ef1c tuy\u1ebfn c\u00f4ng ngh\u1ec7 m\u00e0 h\u1ecd c\u1ea7n \u0111\u1ec3 n\u00e2ng cao tr\u1ea3i nghi\u1ec7m ch\u01a1i game v\u00e0 th\u00fac \u0111\u1ea9y vi\u1ec7c gi\u1eef ch\u00e2n ng\u01b0\u1eddi ch\u01a1i. T\u1eeb t\u00edch h\u1ee3p li\u1ec1n m\u1ea1ch \u0111\u1ebfn c\u00e1c t\u00ednh n\u0103ng s\u00e1ng t\u1ea1o, API c\u1ee7a SlotsMaker \u0111\u01b0\u1ee3c thi\u1ebft k\u1ebf \u0111\u1ec3 th\u00fac \u0111\u1ea9y s\u1ef1 tham gia v\u00e0 s\u1ef1 h\u00e0i l\u00f2ng c\u1ee7a ng\u01b0\u1eddi ch\u01a1i.<\/span><\/p>\n<h2>K\u1ebft n\u1ed1i v\u1edbi SlotsMaker t\u1ea1i gian h\u00e0ng B574<\/h2>\n<p><span style=\"font-weight: 400;\">&#8220;M\u1ee5c ti\u00eau c\u1ee7a ch\u00fang t\u00f4i v\u1edbi SBC Summit l\u00e0 ch\u1ee9ng minh c\u00e1ch c\u00e1c d\u1ecbch v\u1ee5, tr\u00f2 ch\u01a1i slot \u0111\u1ed9c l\u1eadp c\u1ee7a ch\u00fang t\u00f4i c\u00f3 th\u1ec3 n\u00e2ng cao \u0111\u00e1ng k\u1ec3 doanh thu c\u1ee7a nh\u00e0 \u0111i\u1ec1u h\u00e0nh v\u00e0 th\u00fac \u0111\u1ea9y vi\u1ec7c gi\u1eef ch\u00e2n ng\u01b0\u1eddi ch\u01a1i trong th\u1ecb tr\u01b0\u1eddng Lisbon \u0111ang ph\u00e1t tri\u1ec3n nhanh ch\u00f3ng&#8221;, Keen cho bi\u1ebft. &#8220;Ch\u00fang t\u00f4i h\u00e1o h\u1ee9c mong \u0111\u1ee3i \u0111\u01b0\u1ee3c k\u1ebft n\u1ed1i v\u1edbi c\u00e1c nh\u00e0 l\u00e3nh \u0111\u1ea1o trong ng\u00e0nh v\u00e0 gi\u1edbi thi\u1ec7u s\u1ee9c m\u1ea1nh \u0111\u1ed5i m\u1edbi mang t\u00ednh chuy\u1ec3n \u0111\u1ed5i c\u1ee7a ch\u00fang t\u00f4i trong iGaming&#8221;.<\/span><\/p>\n<p><span style=\"font-weight: 400;\">SlotsMaker m\u1eddi t\u1ea5t c\u1ea3 m\u1ecdi ng\u01b0\u1eddi tham d\u1ef1 <\/span><span style=\"color: #3366ff;\"><a href=\"https:\/\/sbcevents.com\/sbc-summit\/\" style=\"color: #3366ff;\" target=\"_blank\" rel=\"noopener\"><b>SBC Summit 2025<\/b><\/a><\/span><span style=\"font-weight: 400;\"> gh\u00e9 qua gian h\u00e0ng B574. C\u00e1c nh\u00e0 \u0111i\u1ec1u h\u00e0nh s\u1ebd c\u00f3 c\u01a1 h\u1ed9i giao l\u01b0u v\u1edbi c\u00e1c \u0111\u1ea1i bi\u1ec3u c\u1ee7a SlotsMaker, t\u00ecm hi\u1ec3u th\u00eam v\u1ec1 c\u00e1c k\u1ebf ho\u1ea1ch m\u1edf r\u1ed9ng chi\u1ebfn l\u01b0\u1ee3c c\u1ee7a c\u00f4ng ty v\u00e0 th\u1ea3o lu\u1eadn v\u1ec1 quan h\u1ec7 \u0111\u1ed1i t\u00e1c.<\/span><\/p>\n<p><span style=\"font-weight: 400;\">\u0110\u1eb7t l\u1ecbch h\u1ecdp ngay \u0111\u1ec3 kh\u00e1m ph\u00e1 c\u00e1ch c\u00e1c gi\u1ea3i ph\u00e1p ph\u00e1t tri\u1ec3n tr\u00f2 ch\u01a1i slot c\u1ee7a ch\u00fang t\u00f4i c\u00f3 th\u1ec3 n\u00e2ng cao ho\u1ea1t \u0111\u1ed9ng kinh doanh iGaming c\u1ee7a b\u1ea1n!<\/span><\/p>\n<p>[\/et_pb_text][et_pb_button button_url=&#8221;https:\/\/slotsmaker.com\/news\/?lang=vi&#8221; button_text=&#8221;Quay l\u1ea1i tin t\u1ee9c&#8221; button_alignment=&#8221;center&#8221; disabled_on=&#8221;off|off|off&#8221; module_class=&#8221;custom-button&#8221; _builder_version=&#8221;4.27.4&#8243; _module_preset=&#8221;default&#8221; custom_button=&#8221;on&#8221; button_text_size=&#8221;20px&#8221; button_text_color=&#8221;#FFFFFF&#8221; button_bg_color=&#8221;gcid-primary-color&#8221; button_border_width=&#8221;2px&#8221; button_border_color=&#8221;RGBA(255,255,255,0)&#8221; button_font=&#8221;|600|||||||&#8221; button_use_icon=&#8221;off&#8221; background_layout=&#8221;dark&#8221; custom_margin=&#8221;||||false|false&#8221; custom_padding=&#8221;||||false|false&#8221; custom_padding_tablet=&#8221;||||false|false&#8221; custom_padding_phone=&#8221;||||false|false&#8221; custom_padding_last_edited=&#8221;on|desktop&#8221; hover_enabled=&#8221;0&#8243; button_text_size_tablet=&#8221;16px&#8221; button_text_size_phone=&#8221;16px&#8221; button_text_size_last_edited=&#8221;on|desktop&#8221; custom_css_after=&#8221;margin-top: 1px;&#8221; locked=&#8221;off&#8221; global_colors_info=&#8221;{%22gcid-primary-color%22:%91%22button_bg_color%22,%22button_bg_color%22%93,%22gcid-secondary-color%22:%91%22button_bg_color%22,%22button_bg_color__hover%22%93,%22gcid-74575f5e-bedc-40c1-ae7b-6696e83b758c%22:%91%22button_bg_color__hover%22%93}&#8221; button_bg_color__hover=&#8221;#a7268b&#8221; button_bg_color__hover_enabled=&#8221;on|hover&#8221; button_border_width__hover=&#8221;2px&#8221; button_border_width__hover_enabled=&#8221;on|hover&#8221; sticky_enabled=&#8221;0&#8243;][\/et_pb_button][\/et_pb_column][\/et_pb_row][\/et_pb_section]<\/p>\n","protected":false},"excerpt":{"rendered":"<p>SlotsMaker \u0111\u01b0\u1ee3c x\u00e1c nh\u1eadn tham d\u1ef1 SBC Summit 2025 9 \/ 7 \/ 2025SlotsMaker c\u00f4ng b\u1ed1 c\u00e1c gi\u1ea3i ph\u00e1p iGaming d\u1ef1a tr\u00ean d\u1eef li\u1ec7u t\u1ea1i SBC Summit 2025 Tri\u1ec3n l\u00e3m \u0111\u1ed9c quy\u1ec1n \u0111\u1ec3 c\u00e1ch m\u1ea1ng h\u00f3a vi\u1ec7c gi\u1eef ch\u00e2n ng\u01b0\u1eddi ch\u01a1i SlotsMaker, m\u1ed9t c\u00f4ng ty ph\u00e1t tri\u1ec3n tr\u00f2 ch\u01a1i slot v\u00e0 x\u00e2y d\u1ef1ng th\u01b0\u01a1ng hi\u1ec7u [&hellip;]<\/p>\n","protected":false},"author":6,"featured_media":0,"parent":0,"menu_order":0,"comment_status":"closed","ping_status":"closed","template":"","meta":{"_et_pb_use_builder":"on","_et_pb_old_content":"","_et_gb_content_width":"","content-type":"","footnotes":""},"class_list":["post-16003","page","type-page","status-publish","hentry"],"_links":{"self":[{"href":"https:\/\/slotsmaker.com\/vi\/wp-json\/wp\/v2\/pages\/16003","targetHints":{"allow":["GET"]}}],"collection":[{"href":"https:\/\/slotsmaker.com\/vi\/wp-json\/wp\/v2\/pages"}],"about":[{"href":"https:\/\/slotsmaker.com\/vi\/wp-json\/wp\/v2\/types\/page"}],"author":[{"embeddable":true,"href":"https:\/\/slotsmaker.com\/vi\/wp-json\/wp\/v2\/users\/6"}],"replies":[{"embeddable":true,"href":"https:\/\/slotsmaker.com\/vi\/wp-json\/wp\/v2\/comments?post=16003"}],"version-history":[{"count":2,"href":"https:\/\/slotsmaker.com\/vi\/wp-json\/wp\/v2\/pages\/16003\/revisions"}],"predecessor-version":[{"id":16014,"href":"https:\/\/slotsmaker.com\/vi\/wp-json\/wp\/v2\/pages\/16003\/revisions\/16014"}],"wp:attachment":[{"href":"https:\/\/slotsmaker.com\/vi\/wp-json\/wp\/v2\/media?parent=16003"}],"curies":[{"name":"wp","href":"https:\/\/api.w.org\/{rel}","templated":true}]}}