{"id":16315,"date":"2025-08-13T15:50:54","date_gmt":"2025-08-13T07:50:54","guid":{"rendered":"https:\/\/slotsmaker.com\/?page_id=16315"},"modified":"2025-08-13T16:29:45","modified_gmt":"2025-08-13T08:29:45","slug":"what-makes-a-great-casino-slot-game-in-2025","status":"publish","type":"page","link":"https:\/\/slotsmaker.com\/vi\/what-makes-a-great-casino-slot-game-in-2025\/","title":{"rendered":"What Makes a Great Casino Slot Game in 2025?"},"content":{"rendered":"<p>[et_pb_section fb_built=&#8221;1&#8243; admin_label=&#8221;Section&#8221; _builder_version=&#8221;4.27.2&#8243; _module_preset=&#8221;default&#8221; background_color=&#8221;#FFFFFF&#8221; da_disable_devices=&#8221;off|off|off&#8221; locked=&#8221;off&#8221; global_colors_info=&#8221;{}&#8221; da_is_popup=&#8221;off&#8221; da_exit_intent=&#8221;off&#8221; da_has_close=&#8221;on&#8221; da_alt_close=&#8221;off&#8221; da_dark_close=&#8221;off&#8221; da_not_modal=&#8221;on&#8221; da_is_singular=&#8221;off&#8221; da_with_loader=&#8221;off&#8221; da_has_shadow=&#8221;on&#8221;][et_pb_row column_structure=&#8221;1_2,1_2&#8243; _builder_version=&#8221;4.27.4&#8243; _module_preset=&#8221;default&#8221; locked=&#8221;off&#8221; global_colors_info=&#8221;{}&#8221;][et_pb_column type=&#8221;1_2&#8243; _builder_version=&#8221;4.27.4&#8243; _module_preset=&#8221;default&#8221; global_colors_info=&#8221;{}&#8221;][et_pb_image src=&#8221;https:\/\/slotsmaker.com\/wp-content\/uploads\/2025\/08\/SlotsMaker_Article_What_Makes_a_Great_Casino_Slot_Game_in_2025_1000x1000.jpg&#8221; title_text=&#8221;SlotsMaker_Article_What_Makes_a_Great_Casino_Slot_Game_in_2025_1000x1000&#8243; _builder_version=&#8221;4.27.4&#8243; _module_preset=&#8221;default&#8221; scroll_horizontal_motion=&#8221;0|29|56|100|10|0|-4&#8243; scroll_fade=&#8221;0|49|49|100|0|100|100&#8243; border_radii=&#8221;off|50px|||&#8221; global_colors_info=&#8221;{}&#8221;][\/et_pb_image][\/et_pb_column][et_pb_column type=&#8221;1_2&#8243; _builder_version=&#8221;4.27.4&#8243; _module_preset=&#8221;default&#8221; global_colors_info=&#8221;{}&#8221;][et_pb_text _builder_version=&#8221;4.27.4&#8243; _module_preset=&#8221;default&#8221; text_text_color=&#8221;#FFFFFF&#8221; text_font_size=&#8221;18px&#8221; header_font=&#8221;||||||||&#8221; header_text_color=&#8221;#FFFFFF&#8221; header_line_height=&#8221;1.2em&#8221; background_color=&#8221;gcid-primary-color&#8221; width=&#8221;90%&#8221; custom_margin=&#8221;200px|||-150px|false|false&#8221; custom_margin_tablet=&#8221;120px|||-180px|false|false&#8221; custom_margin_phone=&#8221;-32px|||0px|false|false&#8221; custom_margin_last_edited=&#8221;on|phone&#8221; custom_padding=&#8221;20px||20px|30px|false|false&#8221; custom_padding_tablet=&#8221;20px||20px|30px|false|false&#8221; custom_padding_phone=&#8221;20px|||20px|false|false&#8221; custom_padding_last_edited=&#8221;on|phone&#8221; scroll_fade=&#8221;0|52|52|100|0|100|100&#8243; hover_enabled=&#8221;0&#8243; border_radii=&#8221;off|||30px|&#8221; global_colors_info=&#8221;{%22gcid-primary-color%22:%91%22background_color%22%93}&#8221; sticky_enabled=&#8221;0&#8243;]<\/p>\n<h1>\u0110i\u1ec1u g\u00ec t\u1ea1o n\u00ean m\u1ed9t tr\u00f2 ch\u01a1i m\u00e1y \u0111\u00e1nh b\u1ea1c s\u00f2ng b\u1ea1c tuy\u1ec7t v\u1eddi v\u00e0o n\u0103m 2025?<\/h1>\n<p>12 \/ 8 \/ 2025<\/p>\n<p>[\/et_pb_text][\/et_pb_column][\/et_pb_row][et_pb_row admin_label=&#8221;articles&#8221; _builder_version=&#8221;4.21.0&#8243; _module_preset=&#8221;default&#8221; background_color=&#8221;#FFFFFF&#8221; global_colors_info=&#8221;{}&#8221;][et_pb_column type=&#8221;4_4&#8243; _builder_version=&#8221;4.21.0&#8243; _module_preset=&#8221;default&#8221; global_colors_info=&#8221;{}&#8221;][et_pb_text _builder_version=&#8221;4.27.4&#8243; _module_preset=&#8221;default&#8221; text_text_color=&#8221;#666666&#8243; text_font_size=&#8221;16px&#8221; text_line_height=&#8221;1.5em&#8221; header_2_font=&#8221;|600|||||||&#8221; header_2_text_color=&#8221;gcid-293da448-f89a-45b9-8e92-706f4652a4ca&#8221; header_2_font_size=&#8221;18px&#8221; header_3_font=&#8221;|600|||||||&#8221; header_3_text_color=&#8221;#5C5C5C&#8221; header_3_font_size=&#8221;18px&#8221; header_4_text_color=&#8221;#000000&#8243; custom_margin=&#8221;||||false|false&#8221; custom_padding=&#8221;|50px||50px|false|false&#8221; custom_padding_tablet=&#8221;|50px||50px|false|false&#8221; custom_padding_phone=&#8221;|10px||20px|false|false&#8221; custom_padding_last_edited=&#8221;on|phone&#8221; hover_enabled=&#8221;0&#8243; text_font_size_tablet=&#8221;16px&#8221; text_font_size_phone=&#8221;14px&#8221; text_font_size_last_edited=&#8221;on|phone&#8221; header_2_font_size_tablet=&#8221;&#8221; header_2_font_size_phone=&#8221;&#8221; header_2_font_size_last_edited=&#8221;on|phone&#8221; header_3_font_size_tablet=&#8221;&#8221; header_3_font_size_phone=&#8221;&#8221; header_3_font_size_last_edited=&#8221;on|phone&#8221; global_colors_info=&#8221;{%22gcid-293da448-f89a-45b9-8e92-706f4652a4ca%22:%91%22header_2_text_color%22%93}&#8221; sticky_enabled=&#8221;0&#8243;]<\/p>\n<p><span style=\"font-weight: 400;\">Ng\u00e0nh c\u00f4ng nghi\u1ec7p s\u00f2ng b\u1ea1c tr\u1ef1c tuy\u1ebfn v\u00e0o n\u0103m 2025 l\u00e0 m\u1ed9t b\u1ed1i c\u1ea3nh s\u00f4i \u0111\u1ed9ng v\u00e0 kh\u00f4ng ng\u1eebng ph\u00e1t tri\u1ec3n, li\u00ean t\u1ee5c th\u00fac \u0111\u1ea9y ranh gi\u1edbi c\u1ee7a s\u1ef1 \u0111\u1ed5i m\u1edbi trong c\u00e1c tr\u00f2 ch\u01a1i m\u00e1y \u0111\u00e1nh b\u1ea1c. \u0110\u1ec3 duy tr\u00ec kh\u1ea3 n\u0103ng c\u1ea1nh tranh, c\u00e1c nh\u00e0 \u0111i\u1ec1u h\u00e0nh ph\u1ea3i hi\u1ec3u th\u1ebf n\u00e0o l\u00e0 m\u1ed9t tr\u00f2 ch\u01a1i m\u00e1y \u0111\u00e1nh b\u1ea1c &#8220;tuy\u1ec7t v\u1eddi&#8221; ng\u00e0y nay. C\u00e1c <\/span><span style=\"color: #0000ff;\"><a href=\"https:\/\/slotsmaker.com\/?lang=vi\" style=\"color: #0000ff;\"><b>nh\u00e0 cung c\u1ea5p tr\u00f2 ch\u01a1i s\u00f2ng b\u1ea1c<\/b><\/a><\/span><span style=\"font-weight: 400;\"> h\u00e0ng \u0111\u1ea7u \u0111ang \u0111i \u0111\u1ea7u trong qu\u00e1 tr\u00ecnh ph\u00e1t tri\u1ec3n n\u00e0y, cung c\u1ea5p n\u1ed9i dung ch\u1ea5t l\u01b0\u1ee3ng cao thu h\u00fat ng\u01b0\u1eddi ch\u01a1i v\u00e0 khi\u1ebfn h\u1ecd quay l\u1ea1i \u0111\u1ec3 ch\u01a1i th\u00eam.<\/span><\/p>\n<h2>L\u1ed1i ch\u01a1i h\u1ea5p d\u1eabn v\u00e0 c\u00e1c t\u00ednh n\u0103ng s\u00e1ng t\u1ea1o<\/h2>\n<p><span style=\"font-weight: 400;\">Th\u1eddi \u0111\u1ea1i c\u1ee7a c\u00e1c m\u00e1y \u0111\u00e1nh b\u1ea1c t\u0129nh, ba cu\u1ed9n \u0111\u00e3 qua l\u00e2u r\u1ed3i. V\u00e0o n\u0103m 2025, ng\u01b0\u1eddi ch\u01a1i \u0111\u00f2i h\u1ecfi nh\u1eefng tr\u1ea3i nghi\u1ec7m m\u00e1y \u0111\u00e1nh b\u1ea1c t\u01b0\u01a1ng t\u00e1c v\u00e0 nh\u1eadp vai. C\u01a1 ch\u1ebf tr\u00f2 ch\u01a1i nh\u01b0 Megaways, v\u1edbi s\u1ed1 l\u01b0\u1ee3ng c\u00e1ch chi\u1ebfn th\u1eafng lu\u00f4n thay \u0111\u1ed5i, ti\u1ebfp t\u1ee5c th\u1ed1ng tr\u1ecb, mang \u0111\u1ebfn l\u1ed1i ch\u01a1i n\u0103ng \u0111\u1ed9ng v\u00e0 kh\u00f4ng th\u1ec3 \u0111o\u00e1n tr\u01b0\u1edbc. C\u00e1c cu\u1ed9n phim x\u1ebfp t\u1ea7ng, n\u01a1i c\u00e1c bi\u1ec3u t\u01b0\u1ee3ng chi\u1ebfn th\u1eafng bi\u1ebfn m\u1ea5t v\u00e0 c\u00e1c bi\u1ec3u t\u01b0\u1ee3ng m\u1edbi xu\u1ea5t hi\u1ec7n, t\u1ea1o ra c\u00e1c ph\u1ea3n \u1ee9ng d\u00e2y chuy\u1ec1n th\u00fa v\u1ecb.<\/span><\/p>\n<p><span style=\"font-weight: 400;\">C\u00e1c v\u00f2ng th\u01b0\u1edfng kh\u00f4ng c\u00f2n ch\u1ec9 l\u00e0 c\u00e1c v\u00f2ng quay mi\u1ec5n ph\u00ed n\u1eefa; ch\u00fang th\u01b0\u1eddng bao g\u1ed3m c\u00e1c tr\u00f2 ch\u01a1i nh\u1ecf ph\u1ee9c t\u1ea1p, c\u00e1c t\u00ednh n\u0103ng ch\u1ecdn v\u00e0 th\u1eafng ho\u1eb7c th\u1eadm ch\u00ed l\u00e0 c\u00e1c y\u1ebfu t\u1ed1 d\u1ef1a tr\u00ean k\u1ef9 n\u0103ng mang l\u1ea1i cho ng\u01b0\u1eddi ch\u01a1i c\u1ea3m gi\u00e1c ki\u1ec3m so\u00e1t v\u00e0 t\u01b0\u01a1ng t\u00e1c nhi\u1ec1u h\u01a1n. S\u1ef1 thay \u0111\u1ed5i n\u00e0y h\u01b0\u1edbng t\u1edbi nhi\u1ec1u tr\u1ea3i nghi\u1ec7m t\u01b0\u01a1ng t\u00e1c h\u01a1n l\u00e0 r\u1ea5t quan tr\u1ecdng \u0111\u1ec3 t\u0103ng th\u1eddi l\u01b0\u1ee3ng ch\u01a1i v\u00e0 th\u00fac \u0111\u1ea9y l\u00f2ng trung th\u00e0nh c\u1ee7a ng\u01b0\u1eddi ch\u01a1i.<\/span><\/p>\n<h2>Thi\u1ebft k\u1ebf \u0111\u1ed3 h\u1ecda v\u00e0 \u00e2m thanh ch\u1ea5t l\u01b0\u1ee3ng cao<\/h2>\n<p><span style=\"font-weight: 400;\">Kh\u00f4ng th\u1ec3 c\u01b0\u1eddng \u0111i\u1ec7u h\u00f3a t\u00e1c \u0111\u1ed9ng v\u1ec1 m\u1eb7t th\u1ecb gi\u00e1c v\u00e0 th\u00ednh gi\u00e1c c\u1ee7a tr\u00f2 ch\u01a1i slot. V\u00e0o n\u0103m 2025, ho\u1ea1t h\u00ecnh 3D tuy\u1ec7t \u0111\u1eb9p, hi\u1ec7u \u1ee9ng \u0111i\u1ec7n \u1ea3nh v\u00e0 nh\u1ea1c n\u1ec1n th\u00edch \u1ee9ng l\u00e0 ti\u00eau chu\u1ea9n. C\u00e1c nh\u00e0 cung c\u1ea5p tr\u00f2 ch\u01a1i s\u00f2ng b\u1ea1c h\u00e0ng \u0111\u1ea7u \u0111ang \u0111\u1ea7u t\u01b0 m\u1ea1nh v\u00e0o c\u00e1c nh\u00e0 thi\u1ebft k\u1ebf \u0111\u1ed3 h\u1ecda v\u00e0 k\u1ef9 s\u01b0 \u00e2m thanh \u0111\u1ec3 t\u1ea1o ra m\u00f4i tr\u01b0\u1eddng th\u1ef1c s\u1ef1 nh\u1eadp vai. T\u1eeb ho\u1ea1t \u1ea3nh nh\u00e2n v\u1eadt ph\u1ee9c t\u1ea1p \u0111\u1ebfn b\u1ed1i c\u1ea3nh \u0111\u1ed9ng ph\u1ea3n \u1ee9ng v\u1edbi tr\u00f2 ch\u01a1i, m\u1ecdi chi ti\u1ebft \u0111\u1ec1u g\u00f3p ph\u1ea7n t\u1ea1o n\u00ean s\u1ef1 th\u00edch th\u00fa chung c\u1ee7a ng\u01b0\u1eddi ch\u01a1i. C\u00e1c t\u1ef1a game n\u1ed5i b\u1eadt l\u00e0 nh\u1eefng t\u1ef1a game \u0111\u01b0a ng\u01b0\u1eddi ch\u01a1i v\u00e0o th\u1ebf gi\u1edbi phong ph\u00fa, ch\u00e2n th\u1ef1c v\u1edbi \u00e2m thanh n\u00e2ng cao m\u1ecdi v\u00f2ng quay v\u00e0 chi\u1ebfn th\u1eafng.<\/span><\/p>\n<h2>Thi\u1ebft k\u1ebf v\u00e0 kh\u1ea3 n\u0103ng truy c\u1eadp \u01b0u ti\u00ean thi\u1ebft b\u1ecb di \u0111\u1ed9ng<\/h2>\n<p><span style=\"font-weight: 400;\">V\u1edbi s\u1edf th\u00edch ng\u00e0y c\u00e0ng t\u0103ng \u0111\u1ed1i v\u1edbi tr\u00f2 ch\u01a1i di \u0111\u1ed9ng, m\u1ed9t tr\u00f2 ch\u01a1i slot tuy\u1ec7t v\u1eddi v\u00e0o n\u0103m 2025 ph\u1ea3i \u0111\u01b0\u1ee3c thi\u1ebft k\u1ebf d\u00e0nh cho \u0111i\u1ec7n tho\u1ea1i th\u00f4ng minh v\u00e0 m\u00e1y t\u00ednh b\u1ea3ng. \u0110i\u1ec1u n\u00e0y c\u00f3 ngh\u0129a l\u00e0 thi\u1ebft k\u1ebf ph\u1ea3n h\u1ed3i th\u00edch \u1ee9ng li\u1ec1n m\u1ea1ch v\u1edbi c\u00e1c k\u00edch th\u01b0\u1edbc m\u00e0n h\u00ecnh v\u00e0 h\u1ec7 \u0111i\u1ec1u h\u00e0nh kh\u00e1c nhau, c\u00f9ng v\u1edbi hi\u1ec7u su\u1ea5t \u0111\u01b0\u1ee3c t\u1ed1i \u01b0u h\u00f3a \u0111\u1ec3 \u0111\u1ea3m b\u1ea3o th\u1eddi gian t\u1ea3i nhanh v\u00e0 tr\u00f2 ch\u01a1i m\u01b0\u1ee3t m\u00e0. \u0110i\u1ec1u khi\u1ec3n th\u00e2n thi\u1ec7n v\u1edbi c\u1ea3m \u1ee9ng v\u00e0 \u0111i\u1ec1u h\u01b0\u1edbng tr\u1ef1c quan l\u00e0 r\u1ea5t quan tr\u1ecdng \u0111\u1ec3 c\u00f3 tr\u1ea3i nghi\u1ec7m di \u0111\u1ed9ng t\u00edch c\u1ef1c. C\u00e1c tr\u00f2 ch\u01a1i h\u00e0ng \u0111\u1ea7u trong b\u1ea5t k\u1ef3 tr\u00f2 ch\u01a1i slot casino n\u00e0o \u0111\u1ec1u \u01b0u ti\u00ean t\u00ednh d\u1ec5 ti\u1ebfp c\u1eadn, \u0111\u1ea3m b\u1ea3o ng\u01b0\u1eddi ch\u01a1i c\u00f3 th\u1ec3 th\u01b0\u1edfng th\u1ee9c c\u00e1c t\u1ef1a game y\u00eau th\u00edch c\u1ee7a m\u00ecnh m\u1ecdi l\u00fac, m\u1ecdi n\u01a1i m\u00e0 kh\u00f4ng \u1ea3nh h\u01b0\u1edfng \u0111\u1ebfn ch\u1ea5t l\u01b0\u1ee3ng.<\/span><\/p>\n<h2>C\u00f4ng b\u1eb1ng, Minh b\u1ea1ch &amp; B\u1ea3o m\u1eadt<\/h2>\n<p><span style=\"font-weight: 400;\">Tr\u1ecdng t\u00e2m c\u1ee7a l\u00f2ng tin c\u1ee7a ng\u01b0\u1eddi ch\u01a1i n\u1eb1m \u1edf t\u00ednh to\u00e0n v\u1eb9n c\u1ee7a tr\u00f2 ch\u01a1i. Vai tr\u00f2 quan tr\u1ecdng c\u1ee7a Tr\u00ecnh t\u1ea1o s\u1ed1 ng\u1eabu nhi\u00ean (RNG) trong vi\u1ec7c \u0111\u1ea3m b\u1ea3o k\u1ebft qu\u1ea3 c\u00f4ng b\u1eb1ng v\u00e0 kh\u00f4ng th\u1ec3 \u0111o\u00e1n tr\u01b0\u1edbc l\u00e0 t\u1ed1i quan tr\u1ecdng. C\u00e1c nh\u00e0 cung c\u1ea5p tr\u00f2 ch\u01a1i casino uy t\u00edn tu\u00e2n th\u1ee7 c\u00e1c quy \u0111\u1ecbnh nghi\u00eam ng\u1eb7t v\u00e0 tr\u1ea3i qua qu\u00e1 tr\u00ecnh ki\u1ec3m tra nghi\u00eam ng\u1eb7t c\u1ee7a c\u00e1c c\u00f4ng ty ki\u1ec3m to\u00e1n \u0111\u1ed9c l\u1eadp \u0111\u1ec3 ch\u1ee9ng nh\u1eadn RNG c\u1ee7a h\u1ecd. Vi\u1ec7c tu\u00e2n th\u1ee7 c\u00e1c c\u01a1 quan c\u1ea5p ph\u00e9p v\u00e0 qu\u1ea3n l\u00fd l\u00e0 kh\u00f4ng th\u1ec3 th\u01b0\u01a1ng l\u01b0\u1ee3ng. X\u00e2y d\u1ef1ng l\u00f2ng tin c\u1ee7a ng\u01b0\u1eddi ch\u01a1i th\u00f4ng qua vi\u1ec7c giao ti\u1ebfp r\u00f5 r\u00e0ng v\u1ec1 c\u01a1 ch\u1ebf tr\u00f2 ch\u01a1i, t\u1ef7 l\u1ec7 RTP (Tr\u1ea3 l\u1ea1i cho ng\u01b0\u1eddi ch\u01a1i) v\u00e0 c\u00e1c bi\u1ec7n ph\u00e1p b\u1ea3o m\u1eadt m\u1ea1nh m\u1ebd l\u00e0 n\u1ec1n t\u1ea3ng cho tr\u1ea3i nghi\u1ec7m tr\u00f2 ch\u01a1i slot tuy\u1ec7t v\u1eddi v\u00e0o n\u0103m 2025.<\/span><\/p>\n<h2>S\u1ef1 \u0111a d\u1ea1ng v\u1ec1 ch\u1ee7 \u0111\u1ec1 v\u00e0 \u0111a d\u1ea1ng v\u1ec1 th\u1ec3 lo\u1ea1i<\/h2>\n<p><span style=\"font-weight: 400;\">C\u01a1 s\u1edf ng\u01b0\u1eddi ch\u01a1i hi\u1ec7n \u0111\u1ea1i v\u00f4 c\u00f9ng \u0111a d\u1ea1ng, v\u1edbi nhi\u1ec1u s\u1edf th\u00edch v\u00e0 \u01b0u ti\u00ean kh\u00e1c nhau. Danh s\u00e1ch tr\u00f2 ch\u01a1i slot casino to\u00e0n di\u1ec7n v\u00e0o n\u0103m 2025 cung c\u1ea5p nhi\u1ec1u ch\u1ee7 \u0111\u1ec1 kh\u00e1c nhau, \u0111\u00e1p \u1ee9ng m\u1ecdi s\u1edf th\u00edch. C\u00f3 th\u1ec3 bao g\u1ed3m t\u1eeb c\u00e1c tr\u00f2 ch\u01a1i slot tr\u00e1i c\u00e2y c\u1ed5 \u0111i\u1ec3n ho\u00e0i c\u1ed5 \u0111\u1ebfn c\u00e1c cu\u1ed9c phi\u00eau l\u01b0u ph\u1ee9c t\u1ea1p, theo c\u1ed1t truy\u1ec7n d\u1ef1a tr\u00ean v\u0103n h\u00f3a \u0111\u1ea1i ch\u00fang, th\u1ea7n tho\u1ea1i ho\u1eb7c c\u00e1c kh\u00e1i ni\u1ec7m g\u1ed1c. C\u00e1c ch\u1ee7 \u0111\u1ec1 th\u1ecbnh h\u00e0nh trong n\u0103m 2025 th\u01b0\u1eddng bao g\u1ed3m n\u1ed9i dung c\u00f3 th\u01b0\u01a1ng hi\u1ec7u t\u1eeb phim \u1ea3nh v\u00e0 ch\u01b0\u01a1ng tr\u00ecnh truy\u1ec1n h\u00ecnh, th\u1ebf gi\u1edbi k\u1ef3 \u1ea3o, kh\u00e1m ph\u00e1 d\u01b0\u1edbi n\u01b0\u1edbc v\u00e0 c\u00e1c c\u00e2u chuy\u1ec7n l\u1ea5y c\u1ea3m h\u1ee9ng t\u1eeb v\u0103n h\u00f3a. S\u1ef1 \u0111a d\u1ea1ng tuy\u1ec7t \u0111\u1ed1i \u0111\u1ea3m b\u1ea3o r\u1eb1ng lu\u00f4n c\u00f3 \u0111i\u1ec1u g\u00ec \u0111\u00f3 m\u1edbi m\u1ebb v\u00e0 th\u00fa v\u1ecb \u0111\u1ec3 kh\u00e1m ph\u00e1, thu h\u00fat nhi\u1ec1u \u0111\u1ed1i t\u01b0\u1ee3ng h\u01a1n v\u00e0 ng\u0103n ng\u1eeba t\u00ecnh tr\u1ea1ng ng\u01b0\u1eddi ch\u01a1i m\u1ec7t m\u1ecfi.<\/span><\/p>\n<h2>T\u00edch h\u1ee3p v\u1edbi N\u1ec1n t\u1ea3ng &amp; Ti\u1ec1n th\u01b0\u1edfng S\u00f2ng b\u1ea1c<\/h2>\n<p><span style=\"font-weight: 400;\">M\u1ed9t tr\u00f2 ch\u01a1i slot tuy\u1ec7t v\u1eddi trong n\u0103m 2025 kh\u00f4ng t\u1ed3n t\u1ea1i trong ch\u00e2n kh\u00f4ng; vi\u1ec7c t\u00edch h\u1ee3p tr\u01a1n tru v\u1edbi n\u1ec1n t\u1ea3ng s\u00f2ng b\u1ea1c l\u00e0 \u0111i\u1ec1u c\u1ea7n thi\u1ebft. C\u00e1c nh\u00e0 cung c\u1ea5p tr\u00f2 ch\u01a1i s\u00f2ng b\u1ea1c h\u00e0ng \u0111\u1ea7u \u0111\u1ea3m b\u1ea3o r\u1eb1ng c\u00e1c tr\u00f2 ch\u01a1i c\u1ee7a h\u1ecd \u0111\u01b0\u1ee3c tri\u1ec3n khai d\u1ec5 d\u00e0ng, mang l\u1ea1i tr\u1ea3i nghi\u1ec7m ng\u01b0\u1eddi d\u00f9ng li\u1ec1n m\u1ea1ch. H\u01a1n n\u1eefa, vai tr\u00f2 c\u1ee7a ti\u1ec1n th\u01b0\u1edfng t\u00edch h\u1ee3p, v\u00f2ng quay mi\u1ec5n ph\u00ed v\u00e0 gi\u1ea3i \u0111\u1ed9c \u0111\u1eafc l\u0169y ti\u1ebfn r\u1ea5t quan tr\u1ecdng \u0111\u1ed1i v\u1edbi s\u1ef1 tham gia v\u00e0 gi\u1eef ch\u00e2n ng\u01b0\u1eddi ch\u01a1i. C\u00e1c c\u1ea5u tr\u00fac ti\u1ec1n th\u01b0\u1edfng s\u00e1ng t\u1ea1o, ch\u1eb3ng h\u1ea1n nh\u01b0 gi\u1ea3i \u0111\u1ed9c \u0111\u1eafc nhi\u1ec1u c\u1ea5p, v\u00f2ng quay ti\u1ec1n th\u01b0\u1edfng t\u01b0\u01a1ng t\u00e1c ho\u1eb7c c\u00e1c t\u00ednh n\u0103ng \u0111\u1ed9c \u0111\u00e1o m\u1edf kh\u00f3a theo th\u1eddi gian, t\u1ea1o th\u00eam chi\u1ec1u s\u00e2u v\u00e0 s\u1ef1 ph\u1ea5n kh\u00edch, khuy\u1ebfn kh\u00edch ng\u01b0\u1eddi ch\u01a1i ti\u1ebfp t\u1ee5c h\u00e0nh tr\u00ecnh c\u1ee7a h\u1ecd trong tr\u00f2 ch\u01a1i v\u00e0 s\u00f2ng b\u1ea1c.<\/span><\/p>\n<p><span style=\"font-weight: 400;\">V\u00e0o n\u0103m 2025, m\u1ed9t tr\u00f2 ch\u01a1i slot s\u00f2ng b\u1ea1c th\u1ef1c s\u1ef1 tuy\u1ec7t v\u1eddi l\u00e0 m\u1ed9t l\u1edbp h\u1ecdc b\u1eadc th\u1ea7y v\u1ec1 s\u1ef1 k\u1ebft h\u1ee3p gi\u1eefa l\u1ed1i ch\u01a1i s\u00e1ng t\u1ea1o, thi\u1ebft k\u1ebf tuy\u1ec7t \u0111\u1eb9p, s\u1ef1 c\u00f4ng b\u1eb1ng kh\u00f4ng lay chuy\u1ec3n v\u00e0 kh\u1ea3 n\u0103ng truy c\u1eadp li\u1ec1n m\u1ea1ch. B\u1eb1ng c\u00e1ch h\u1ee3p t\u00e1c v\u1edbi c\u00e1c nh\u00e0 cung c\u1ea5p tr\u00f2 ch\u01a1i s\u00f2ng b\u1ea1c h\u00e0ng \u0111\u1ea7u, c\u00e1c nh\u00e0 \u0111i\u1ec1u h\u00e0nh c\u00f3 th\u1ec3 \u0111\u1ea3m b\u1ea3o danh s\u00e1ch tr\u00f2 ch\u01a1i m\u00e1y \u0111\u00e1nh b\u1ea1c s\u00f2ng b\u1ea1c c\u1ee7a h\u1ecd v\u1eabn h\u1ea5p d\u1eabn, l\u00f4i cu\u1ed1n v\u00e0 c\u00f3 t\u00ednh c\u1ea1nh tranh cao, cu\u1ed1i c\u00f9ng d\u1eabn \u0111\u1ebfn c\u01a1 s\u1edf ng\u01b0\u1eddi ch\u01a1i ph\u00e1t tri\u1ec3n m\u1ea1nh m\u1ebd v\u00e0 th\u00e0nh c\u00f4ng b\u1ec1n v\u1eefng tr\u00ean th\u1ecb tr\u01b0\u1eddng c\u1edd b\u1ea1c tr\u1ef1c tuy\u1ebfn n\u0103ng \u0111\u1ed9ng.<\/span><\/p>\n<p><span style=\"font-weight: 400;\">B\u1ea1n \u0111ang mu\u1ed1n m\u1edf r\u1ed9ng danh s\u00e1ch tr\u00f2 ch\u01a1i m\u00e1y \u0111\u00e1nh b\u1ea1c s\u00f2ng b\u1ea1c c\u1ee7a m\u00ecnh b\u1eb1ng c\u00e1c t\u1ef1a game h\u00e0ng \u0111\u1ea7u t\u1eeb c\u00e1c nh\u00e0 ph\u00e1t tri\u1ec3n tr\u00f2 ch\u01a1i s\u00f2ng b\u1ea1c \u0111\u00e1ng tin c\u1eady? <\/span><span style=\"color: #0000ff;\"><a href=\"https:\/\/slotsmaker.com\/contact-us\/?lang=vi\" style=\"color: #0000ff;\"><b>H\u00e3y li\u00ean h\u1ec7 v\u1edbi<\/b><\/a><\/span><span style=\"font-weight: 400;\"> ch\u00fang t\u00f4i ngay h\u00f4m nay \u0111\u1ec3 kh\u00e1m ph\u00e1 b\u1ed9 s\u01b0u t\u1eadp \u0111\u1ed9c quy\u1ec1n v\u00e0 c\u00e1c gi\u1ea3i ph\u00e1p tr\u00f2 ch\u01a1i m\u00e1y \u0111\u00e1nh b\u1ea1c ti\u00ean ti\u1ebfn c\u1ee7a SlotsMaker.<\/span><\/p>\n<p>[\/et_pb_text][et_pb_button button_url=&#8221;https:\/\/slotsmaker.com\/news\/?lang=vi&#8221; button_text=&#8221;Quay l\u1ea1i tin t\u1ee9c&#8221; button_alignment=&#8221;center&#8221; disabled_on=&#8221;off|off|off&#8221; module_class=&#8221;custom-button&#8221; _builder_version=&#8221;4.27.4&#8243; _module_preset=&#8221;default&#8221; custom_button=&#8221;on&#8221; button_text_size=&#8221;20px&#8221; button_text_color=&#8221;#FFFFFF&#8221; button_bg_color=&#8221;gcid-primary-color&#8221; button_border_width=&#8221;2px&#8221; button_border_color=&#8221;RGBA(255,255,255,0)&#8221; button_font=&#8221;|600|||||||&#8221; button_use_icon=&#8221;off&#8221; background_layout=&#8221;dark&#8221; custom_margin=&#8221;||||false|false&#8221; custom_padding=&#8221;||||false|false&#8221; custom_padding_tablet=&#8221;||||false|false&#8221; custom_padding_phone=&#8221;||||false|false&#8221; custom_padding_last_edited=&#8221;on|desktop&#8221; hover_enabled=&#8221;0&#8243; button_text_size_tablet=&#8221;16px&#8221; button_text_size_phone=&#8221;16px&#8221; button_text_size_last_edited=&#8221;on|desktop&#8221; custom_css_after=&#8221;margin-top: 1px;&#8221; locked=&#8221;off&#8221; global_colors_info=&#8221;{%22gcid-primary-color%22:%91%22button_bg_color%22,%22button_bg_color%22%93,%22gcid-secondary-color%22:%91%22button_bg_color%22,%22button_bg_color__hover%22%93,%22gcid-74575f5e-bedc-40c1-ae7b-6696e83b758c%22:%91%22button_bg_color__hover%22%93}&#8221; button_bg_color__hover=&#8221;#a7268b&#8221; button_bg_color__hover_enabled=&#8221;on|hover&#8221; button_border_width__hover=&#8221;2px&#8221; button_border_width__hover_enabled=&#8221;on|hover&#8221; sticky_enabled=&#8221;0&#8243;][\/et_pb_button][\/et_pb_column][\/et_pb_row][\/et_pb_section]<\/p>\n","protected":false},"excerpt":{"rendered":"<p>\u0110i\u1ec1u g\u00ec t\u1ea1o n\u00ean m\u1ed9t tr\u00f2 ch\u01a1i m\u00e1y \u0111\u00e1nh b\u1ea1c s\u00f2ng b\u1ea1c tuy\u1ec7t v\u1eddi v\u00e0o n\u0103m 2025? 12 \/ 8 \/ 2025Ng\u00e0nh c\u00f4ng nghi\u1ec7p s\u00f2ng b\u1ea1c tr\u1ef1c tuy\u1ebfn v\u00e0o n\u0103m 2025 l\u00e0 m\u1ed9t b\u1ed1i c\u1ea3nh s\u00f4i \u0111\u1ed9ng v\u00e0 kh\u00f4ng ng\u1eebng ph\u00e1t tri\u1ec3n, li\u00ean t\u1ee5c th\u00fac \u0111\u1ea9y ranh gi\u1edbi c\u1ee7a s\u1ef1 \u0111\u1ed5i m\u1edbi trong c\u00e1c tr\u00f2 [&hellip;]<\/p>\n","protected":false},"author":6,"featured_media":0,"parent":0,"menu_order":0,"comment_status":"closed","ping_status":"closed","template":"","meta":{"_et_pb_use_builder":"on","_et_pb_old_content":"","_et_gb_content_width":"","content-type":"","footnotes":""},"class_list":["post-16315","page","type-page","status-publish","hentry"],"_links":{"self":[{"href":"https:\/\/slotsmaker.com\/vi\/wp-json\/wp\/v2\/pages\/16315","targetHints":{"allow":["GET"]}}],"collection":[{"href":"https:\/\/slotsmaker.com\/vi\/wp-json\/wp\/v2\/pages"}],"about":[{"href":"https:\/\/slotsmaker.com\/vi\/wp-json\/wp\/v2\/types\/page"}],"author":[{"embeddable":true,"href":"https:\/\/slotsmaker.com\/vi\/wp-json\/wp\/v2\/users\/6"}],"replies":[{"embeddable":true,"href":"https:\/\/slotsmaker.com\/vi\/wp-json\/wp\/v2\/comments?post=16315"}],"version-history":[{"count":2,"href":"https:\/\/slotsmaker.com\/vi\/wp-json\/wp\/v2\/pages\/16315\/revisions"}],"predecessor-version":[{"id":16325,"href":"https:\/\/slotsmaker.com\/vi\/wp-json\/wp\/v2\/pages\/16315\/revisions\/16325"}],"wp:attachment":[{"href":"https:\/\/slotsmaker.com\/vi\/wp-json\/wp\/v2\/media?parent=16315"}],"curies":[{"name":"wp","href":"https:\/\/api.w.org\/{rel}","templated":true}]}}