{"id":17669,"date":"2025-10-13T11:15:00","date_gmt":"2025-10-13T03:15:00","guid":{"rendered":"https:\/\/slotsmaker.com\/?page_id=17669"},"modified":"2025-10-13T11:45:50","modified_gmt":"2025-10-13T03:45:50","slug":"building-the-ultimate-casino-slot-games-to-attract-more-players","status":"publish","type":"page","link":"https:\/\/slotsmaker.com\/vi\/building-the-ultimate-casino-slot-games-to-attract-more-players\/","title":{"rendered":"Building the Ultimate Casino Slot Games to Attract More Players"},"content":{"rendered":"<p>[et_pb_section fb_built=&#8221;1&#8243; admin_label=&#8221;Section&#8221; _builder_version=&#8221;4.27.2&#8243; _module_preset=&#8221;default&#8221; background_color=&#8221;#FFFFFF&#8221; da_disable_devices=&#8221;off|off|off&#8221; locked=&#8221;off&#8221; global_colors_info=&#8221;{}&#8221; da_is_popup=&#8221;off&#8221; da_exit_intent=&#8221;off&#8221; da_has_close=&#8221;on&#8221; da_alt_close=&#8221;off&#8221; da_dark_close=&#8221;off&#8221; da_not_modal=&#8221;on&#8221; da_is_singular=&#8221;off&#8221; da_with_loader=&#8221;off&#8221; da_has_shadow=&#8221;on&#8221;][et_pb_row column_structure=&#8221;1_2,1_2&#8243; _builder_version=&#8221;4.27.4&#8243; _module_preset=&#8221;default&#8221; locked=&#8221;off&#8221; global_colors_info=&#8221;{}&#8221;][et_pb_column type=&#8221;1_2&#8243; _builder_version=&#8221;4.27.4&#8243; _module_preset=&#8221;default&#8221; global_colors_info=&#8221;{}&#8221;][et_pb_image src=&#8221;https:\/\/slotsmaker.com\/wp-content\/uploads\/2025\/10\/SlotsMaker-Article_The-Complete-Slot-Game-Development-Process-Explained_1000x1000.jpg&#8221; alt=&#8221;A vibrant and conceptual graphic showing a diverse list of casino slot games.<br \/>\n&#8221; title_text=&#8221;SlotsMaker Article_The Complete Slot Game Development Process Explained_1000x1000&#8243; _builder_version=&#8221;4.27.4&#8243; _module_preset=&#8221;default&#8221; scroll_horizontal_motion=&#8221;0|29|56|100|10|0|-4&#8243; scroll_fade=&#8221;0|49|49|100|0|100|100&#8243; border_radii=&#8221;off|50px|||&#8221; global_colors_info=&#8221;{}&#8221;][\/et_pb_image][\/et_pb_column][et_pb_column type=&#8221;1_2&#8243; _builder_version=&#8221;4.27.4&#8243; _module_preset=&#8221;default&#8221; global_colors_info=&#8221;{}&#8221;][et_pb_text _builder_version=&#8221;4.27.4&#8243; _module_preset=&#8221;default&#8221; text_text_color=&#8221;#FFFFFF&#8221; text_font_size=&#8221;18px&#8221; header_font=&#8221;||||||||&#8221; header_text_color=&#8221;#FFFFFF&#8221; header_line_height=&#8221;1.2em&#8221; background_color=&#8221;gcid-primary-color&#8221; width=&#8221;90%&#8221; custom_margin=&#8221;200px|||-150px|false|false&#8221; custom_margin_tablet=&#8221;120px|||-180px|false|false&#8221; custom_margin_phone=&#8221;-32px|||0px|false|false&#8221; custom_margin_last_edited=&#8221;on|phone&#8221; custom_padding=&#8221;20px||20px|30px|false|false&#8221; custom_padding_tablet=&#8221;20px||20px|30px|false|false&#8221; custom_padding_phone=&#8221;20px|||20px|false|false&#8221; custom_padding_last_edited=&#8221;on|phone&#8221; scroll_fade=&#8221;0|52|52|100|0|100|100&#8243; hover_enabled=&#8221;0&#8243; border_radii=&#8221;off|||30px|&#8221; global_colors_info=&#8221;{%22gcid-primary-color%22:%91%22background_color%22%93}&#8221; sticky_enabled=&#8221;0&#8243;]<\/p>\n<h1>X\u00e2y d\u1ef1ng c\u00e1c tr\u00f2 ch\u01a1i m\u00e1y \u0111\u00e1nh b\u1ea1c s\u00f2ng b\u1ea1c \u0111\u1ec9nh cao \u0111\u1ec3 thu h\u00fat nhi\u1ec1u ng\u01b0\u1eddi ch\u01a1i h\u01a1n<\/h1>\n<p>10 \/\u00a0 10 \/ 2025<\/p>\n<p>[\/et_pb_text][\/et_pb_column][\/et_pb_row][et_pb_row admin_label=&#8221;articles&#8221; _builder_version=&#8221;4.21.0&#8243; _module_preset=&#8221;default&#8221; background_color=&#8221;#FFFFFF&#8221; global_colors_info=&#8221;{}&#8221;][et_pb_column type=&#8221;4_4&#8243; _builder_version=&#8221;4.21.0&#8243; _module_preset=&#8221;default&#8221; global_colors_info=&#8221;{}&#8221;][et_pb_text _builder_version=&#8221;4.27.4&#8243; _module_preset=&#8221;default&#8221; text_text_color=&#8221;#666666&#8243; text_font_size=&#8221;16px&#8221; text_line_height=&#8221;1.5em&#8221; header_2_font=&#8221;|600|||||||&#8221; header_2_text_color=&#8221;gcid-293da448-f89a-45b9-8e92-706f4652a4ca&#8221; header_2_font_size=&#8221;18px&#8221; header_3_font=&#8221;|600|||||||&#8221; header_3_text_color=&#8221;#5C5C5C&#8221; header_3_font_size=&#8221;18px&#8221; header_4_text_color=&#8221;#000000&#8243; custom_margin=&#8221;||||false|false&#8221; custom_padding=&#8221;|50px||50px|false|false&#8221; custom_padding_tablet=&#8221;|50px||50px|false|false&#8221; custom_padding_phone=&#8221;|10px||20px|false|false&#8221; custom_padding_last_edited=&#8221;on|phone&#8221; hover_enabled=&#8221;0&#8243; text_font_size_tablet=&#8221;16px&#8221; text_font_size_phone=&#8221;14px&#8221; text_font_size_last_edited=&#8221;on|phone&#8221; header_2_font_size_tablet=&#8221;&#8221; header_2_font_size_phone=&#8221;&#8221; header_2_font_size_last_edited=&#8221;on|phone&#8221; header_3_font_size_tablet=&#8221;&#8221; header_3_font_size_phone=&#8221;&#8221; header_3_font_size_last_edited=&#8221;on|phone&#8221; global_colors_info=&#8221;{%22gcid-293da448-f89a-45b9-8e92-706f4652a4ca%22:%91%22header_2_text_color%22%93}&#8221; sticky_enabled=&#8221;0&#8243;]<\/p>\n<p><span style=\"font-weight: 400;\">Trong s\u00f2ng b\u1ea1c tr\u1ef1c tuy\u1ebfn, danh s\u00e1ch tr\u00f2 ch\u01a1i m\u00e1y \u0111\u00e1nh b\u1ea1c s\u00f2ng b\u1ea1c c\u1ee7a b\u1ea1n kh\u00f4ng ch\u1ec9 l\u00e0 m\u1ed9t th\u1ef1c \u0111\u01a1n gi\u1ea3i tr\u00ed m\u00e0 c\u00f2n l\u00e0 m\u1ed9t c\u00f4ng c\u1ee5 m\u1ea1nh m\u1ebd \u0111\u1ec3 thu h\u00fat ng\u01b0\u1eddi ch\u01a1i m\u1edbi v\u00e0 gi\u1eef ch\u00e2n ng\u01b0\u1eddi ch\u01a1i hi\u1ec7n t\u1ea1i. M\u1ed9t l\u1ef1a ch\u1ecdn \u0111\u01b0\u1ee3c tuy\u1ec3n ch\u1ecdn k\u1ef9 l\u01b0\u1ee1ng c\u00f3 th\u1ec3 gi\u00fap n\u1ec1n t\u1ea3ng c\u1ee7a b\u1ea1n n\u1ed5i b\u1eadt so v\u1edbi c\u00e1c \u0111\u1ed1i th\u1ee7 c\u1ea1nh tranh, th\u1ec3 hi\u1ec7n b\u1ea3n s\u1eafc th\u01b0\u01a1ng hi\u1ec7u v\u00e0 khuy\u1ebfn kh\u00edch ng\u01b0\u1eddi ch\u01a1i quay l\u1ea1i.<\/span><\/p>\n<p><span style=\"font-weight: 400;\">H\u1ee3p t\u00e1c v\u1edbi c\u00e1c nh\u00e0 cung c\u1ea5p tr\u00f2 ch\u01a1i s\u00f2ng b\u1ea1c ph\u00f9 h\u1ee3p \u0111\u1ea3m b\u1ea3o r\u1eb1ng danh s\u00e1ch tr\u00f2 ch\u01a1i c\u1ee7a b\u1ea1n kh\u00f4ng ch\u1ec9 \u0111a d\u1ea1ng m\u00e0 c\u00f2n mang \u0111\u1ebfn tr\u1ea3i nghi\u1ec7m ch\u1ea5t l\u01b0\u1ee3ng cao, tu\u00e2n th\u1ee7 quy \u0111\u1ecbnh v\u00e0 h\u1ea5p d\u1eabn cho ng\u01b0\u1eddi ch\u01a1i.<\/span><\/p>\n<h2>Cung c\u1ea5p nhi\u1ec1u ch\u1ee7 \u0111\u1ec1 v\u00e0 phong c\u00e1ch \u0111a d\u1ea1ng<\/h2>\n<p><span style=\"font-weight: 400;\">Ng\u01b0\u1eddi ch\u01a1i c\u00f3 s\u1edf th\u00edch kh\u00e1c nhau, v\u00e0 s\u1ef1 \u0111a d\u1ea1ng l\u00e0 \u0111i\u1ec1u c\u1ea7n thi\u1ebft \u0111\u1ec3 gi\u1eef ch\u00e2n h\u1ecd. M\u1ed9t danh m\u1ee5c tr\u00f2 ch\u01a1i phong ph\u00fa \u0111\u1ea3m b\u1ea3o r\u1eb1ng m\u1ecdi ng\u01b0\u1eddi ch\u01a1i \u0111\u1ec1u t\u00ecm th\u1ea5y th\u1ee9 m\u00ecnh y\u00eau th\u00edch.<\/span><\/p>\n<ul>\n<li style=\"font-weight: 400;\" aria-level=\"1\"><b>Game Mix:<\/b><span style=\"font-weight: 400;\"> Bao g\u1ed3m s\u1ef1 k\u1ebft h\u1ee3p gi\u1eefa c\u00e1c tr\u00f2 ch\u01a1i m\u00e1y \u0111\u00e1nh b\u1ea1c 3 cu\u1ed9n c\u1ed5 \u0111i\u1ec3n, m\u00e1y \u0111\u00e1nh b\u1ea1c video h\u1ea5p d\u1eabn v\u1edbi c\u1ed1t truy\u1ec7n phong ph\u00fa v\u00e0 gi\u1ea3i \u0111\u1ed9c \u0111\u1eafc l\u0169y ti\u1ebfn mang \u0111\u1ebfn nh\u1eefng chi\u1ebfn th\u1eafng thay \u0111\u1ed5i cu\u1ed9c \u0111\u1eddi.<\/span><\/li>\n<li style=\"font-weight: 400;\" aria-level=\"1\"><b>Ch\u1ee7 \u0111\u1ec1 ph\u1ed5 bi\u1ebfn: <\/b><span style=\"font-weight: 400;\">Bao g\u1ed3m c\u00e1c ch\u1ee7 \u0111\u1ec1 ph\u1ed5 bi\u1ebfn nh\u01b0 th\u1ea7n tho\u1ea1i, phi\u00eau l\u01b0u v\u00e0 v\u0103n h\u00f3a \u0111\u1ea1i ch\u00fang \u0111\u1ec3 thu h\u00fat nhi\u1ec1u \u0111\u1ed1i t\u01b0\u1ee3ng. Ch\u1ee7 \u0111\u1ec1 ph\u00f9 h\u1ee3p c\u00f3 th\u1ec3 t\u1ea1o ra k\u1ebft n\u1ed1i c\u1ea3m x\u00fac m\u1ea1nh m\u1ebd v\u1edbi ng\u01b0\u1eddi ch\u01a1i.<\/span><\/li>\n<li style=\"font-weight: 400;\" aria-level=\"1\"><b>L\u00e0m m\u1edbi theo m\u00f9a:<\/b><span style=\"font-weight: 400;\"> Th\u01b0\u1eddng xuy\u00ean l\u00e0m m\u1edbi danh s\u00e1ch tr\u00f2 ch\u01a1i m\u00e1y \u0111\u00e1nh b\u1ea1c s\u00f2ng b\u1ea1c c\u1ee7a b\u1ea1n b\u1eb1ng c\u00e1c tr\u00f2 ch\u01a1i theo m\u00f9a ho\u1eb7c theo s\u1ef1 ki\u1ec7n (v\u00ed d\u1ee5: Halloween, Gi\u00e1ng sinh) \u0111\u1ec3 t\u1ea1o c\u1ea3m gi\u00e1c c\u1ea5p b\u00e1ch v\u00e0 m\u1edbi m\u1ebb.<\/span><\/li>\n<\/ul>\n<h2>C\u00e2n b\u1eb1ng gi\u1eefa c\u00e1c t\u1ef1a game ph\u1ed5 bi\u1ebfn v\u00e0 n\u1ed9i dung \u0111\u1ed9c \u0111\u00e1o<\/h2>\n<p><span style=\"font-weight: 400;\">M\u1ed9t danh s\u00e1ch tr\u00f2 ch\u01a1i m\u00e1y \u0111\u00e1nh b\u1ea1c s\u00f2ng b\u1ea1c th\u00e0nh c\u00f4ng n\u00ean \u0111\u00e1p \u1ee9ng nhu c\u1ea7u c\u1ee7a c\u1ea3 ng\u01b0\u1eddi ch\u01a1i b\u00ecnh th\u01b0\u1eddng, nh\u1eefng ng\u01b0\u1eddi t\u00ecm ki\u1ebfm s\u1ef1 quen thu\u1ed9c v\u00e0 nh\u1eefng ng\u01b0\u1eddi t\u00ecm ki\u1ebfm \u0111i\u1ec1u g\u00ec \u0111\u00f3 m\u1edbi m\u1ebb.<\/span><\/p>\n<ul>\n<li style=\"font-weight: 400;\" aria-level=\"1\"><b>N\u1ed5i b\u1eadt c\u00e1c t\u1ef1a game n\u1ed5i ti\u1ebfng:<\/b><span style=\"font-weight: 400;\"> Bao g\u1ed3m c\u00e1c t\u1ef1a game ph\u1ed5 bi\u1ebfn t\u1eeb c\u00e1c nh\u00e0 cung c\u1ea5p tr\u00f2 ch\u01a1i s\u00f2ng b\u1ea1c h\u00e0ng \u0111\u1ea7u \u0111\u1ec3 thu h\u00fat l\u01b0\u1ee3ng kh\u00e1n gi\u1ea3 r\u1ed9ng r\u00e3i. Ng\u01b0\u1eddi ch\u01a1i th\u01b0\u1eddng t\u00ecm ki\u1ebfm c\u00e1c tr\u00f2 ch\u01a1i y\u00eau th\u00edch c\u1ee7a h\u1ecd, v\u00ec v\u1eady vi\u1ec7c c\u00f3 ch\u00fang tr\u00ean n\u1ec1n t\u1ea3ng c\u1ee7a b\u1ea1n l\u00e0 \u0111i\u1ec1u b\u1eaft bu\u1ed9c.<\/span><\/li>\n<li style=\"font-weight: 400;\" aria-level=\"1\"><b>N\u1ed5i b\u1eadt c\u00e1c tr\u00f2 ch\u01a1i \u0111\u1ed9c quy\u1ec1n:<\/b><span style=\"font-weight: 400;\"> Cung c\u1ea5p c\u00e1c tr\u00f2 ch\u01a1i \u0111\u1ed9c quy\u1ec1n ho\u1eb7c \u00edt \u0111\u01b0\u1ee3c bi\u1ebft \u0111\u1ebfn \u0111\u1ec3 mang \u0111\u1ebfn cho ng\u01b0\u1eddi ch\u01a1i nh\u1eefng tr\u1ea3i nghi\u1ec7m m\u1edbi m\u1ebb m\u00e0 h\u1ecd kh\u00f4ng th\u1ec3 t\u00ecm th\u1ea5y \u1edf n\u01a1i kh\u00e1c. \u0110\u00e2y c\u00f3 th\u1ec3 l\u00e0 \u0111i\u1ec3m kh\u00e1c bi\u1ec7t quan tr\u1ecdng cho th\u01b0\u01a1ng hi\u1ec7u c\u1ee7a b\u1ea1n.<\/span><\/li>\n<li style=\"font-weight: 400;\" aria-level=\"1\"><b>Theo d\u00f5i d\u1eef li\u1ec7u:<\/b><span style=\"font-weight: 400;\"> Li\u00ean t\u1ee5c theo d\u00f5i d\u1eef li\u1ec7u hi\u1ec7u su\u1ea5t \u0111\u1ec3 \u0111i\u1ec1u ch\u1ec9nh s\u1ef1 c\u00e2n b\u1eb1ng gi\u1eefa c\u00e1c tr\u00f2 ch\u01a1i kinh \u0111i\u1ec3n v\u00e0 c\u00e1c b\u1ea3n ph\u00e1t h\u00e0nh m\u1edbi. Ph\u01b0\u01a1ng ph\u00e1p ti\u1ebfp c\u1eadn d\u1ef1a tr\u00ean d\u1eef li\u1ec7u n\u00e0y \u0111\u1ea3m b\u1ea3o danh s\u00e1ch c\u1ee7a b\u1ea1n lu\u00f4n h\u1ea5p d\u1eabn v\u00e0 sinh l\u1eddi.<\/span><\/li>\n<\/ul>\n<h2>T\u1eadp trung v\u00e0o ch\u1ea5t l\u01b0\u1ee3ng v\u00e0 hi\u1ec7u su\u1ea5t<\/h2>\n<p><span style=\"font-weight: 400;\">C\u00e1c tr\u00f2 ch\u01a1i m\u00e1y \u0111\u00e1nh b\u1ea1c hay nh\u1ea5t ph\u1ea3i h\u1ea5p d\u1eabn, b\u1eaft m\u1eaft v\u00e0 ch\u1ea1y m\u01b0\u1ee3t m\u00e0 tr\u00ean m\u1ecdi thi\u1ebft b\u1ecb. Tr\u1ea3i nghi\u1ec7m ng\u01b0\u1eddi d\u00f9ng ho\u00e0n h\u1ea3o l\u00e0 \u0111i\u1ec1u kh\u00f4ng th\u1ec3 b\u00e0n c\u00e3i \u0111\u1ec3 gi\u1eef ch\u00e2n ng\u01b0\u1eddi ch\u01a1i.<\/span><\/p>\n<ul>\n<li style=\"font-weight: 400;\" aria-level=\"1\"><b>\u0110\u1ed3 h\u1ecda ch\u1ea5t l\u01b0\u1ee3ng cao:<\/b><span style=\"font-weight: 400;\"> H\u1ee3p t\u00e1c v\u1edbi c\u00e1c nh\u00e0 cung c\u1ea5p tr\u00f2 ch\u01a1i s\u00f2ng b\u1ea1c n\u1ed5i ti\u1ebfng v\u1edbi \u0111\u1ed3 h\u1ecda, h\u00ecnh \u1ea3nh \u0111\u1ed9ng v\u00e0 hi\u1ec7u \u1ee9ng \u00e2m thanh ch\u1ea5t l\u01b0\u1ee3ng cao, t\u1ea1o n\u00ean m\u1ed9t m\u00f4i tr\u01b0\u1eddng nh\u1eadp vai.<\/span><\/li>\n<li style=\"font-weight: 400;\" aria-level=\"1\"><b>D\u1ef1a tr\u00ean HTML5:<\/b><span style=\"font-weight: 400;\"> \u0110\u1ea3m b\u1ea3o t\u1ea5t c\u1ea3 c\u00e1c tr\u00f2 ch\u01a1i \u0111\u1ec1u d\u1ef1a tr\u00ean HTML5 \u0111\u1ec3 ch\u01a1i m\u01b0\u1ee3t m\u00e0 tr\u00ean thi\u1ebft b\u1ecb di \u0111\u1ed9ng v\u00e0 m\u00e1y t\u00ednh \u0111\u1ec3 b\u00e0n. \u0110i\u1ec1u n\u00e0y r\u1ea5t quan tr\u1ecdng v\u00ec h\u1ea7u h\u1ebft ng\u01b0\u1eddi ch\u01a1i hi\u1ec7n nay \u0111\u1ec1u truy c\u1eadp tr\u00f2 ch\u01a1i tr\u00ean thi\u1ebft b\u1ecb di \u0111\u1ed9ng.<\/span><\/li>\n<li style=\"font-weight: 400;\" aria-level=\"1\"><b>C\u00f4ng b\u1eb1ng &amp; B\u1ea3o m\u1eadt: <\/b><span style=\"font-weight: 400;\">\u01afu ti\u00ean c\u00e1c nh\u00e0 cung c\u1ea5p c\u00f3 uy t\u00edn cao v\u1ec1 t\u00ednh c\u00f4ng b\u1eb1ng v\u00e0 b\u1ea3o m\u1eadt, bao g\u1ed3m RNG (B\u1ed9 t\u1ea1o s\u1ed1 ng\u1eabu nhi\u00ean) \u0111\u01b0\u1ee3c ch\u1ee9ng nh\u1eadn, \u0111\u1ec3 x\u00e2y d\u1ef1ng ni\u1ec1m tin c\u1ee7a ng\u01b0\u1eddi ch\u01a1i.<\/span><\/li>\n<\/ul>\n<h2>K\u1ebft h\u1ee3p c\u00e1c t\u00ednh n\u0103ng \u0111\u01b0\u1ee3c ng\u01b0\u1eddi ch\u01a1i y\u00eau th\u00edch<\/h2>\n<p><span style=\"font-weight: 400;\">C\u01a1 ch\u1ebf tr\u00f2 ch\u01a1i c\u00f3 th\u1ec3 t\u00e1c \u0111\u1ed9ng \u0111\u00e1ng k\u1ec3 \u0111\u1ebfn vi\u1ec7c gi\u1eef ch\u00e2n v\u00e0 s\u1ef1 h\u00e0i l\u00f2ng c\u1ee7a ng\u01b0\u1eddi ch\u01a1i. Vi\u1ec7c cung c\u1ea5p nhi\u1ec1u t\u00ednh n\u0103ng \u0111a d\u1ea1ng gi\u00fap tr\u00f2 ch\u01a1i lu\u00f4n n\u0103ng \u0111\u1ed9ng v\u00e0 th\u00fa v\u1ecb.<\/span><\/p>\n<ul>\n<li style=\"font-weight: 400;\" aria-level=\"1\"><b>C\u00e1c t\u00ednh n\u0103ng ph\u1ed5 bi\u1ebfn:<\/b><span style=\"font-weight: 400;\"> Bao g\u1ed3m c\u00e1c tr\u00f2 ch\u01a1i m\u00e1y \u0111\u00e1nh b\u1ea1c s\u00f2ng b\u1ea1c v\u1edbi c\u00e1c t\u00ednh n\u0103ng ph\u1ed5 bi\u1ebfn nh\u01b0 v\u00f2ng quay mi\u1ec5n ph\u00ed, bi\u1ec3u t\u01b0\u1ee3ng hoang d\u00e3 m\u1edf r\u1ed9ng v\u00e0 h\u1ec7 s\u1ed1 nh\u00e2n gi\u00fap t\u0103ng c\u01a1 h\u1ed9i th\u1eafng l\u1edbn.<\/span><\/li>\n<li style=\"font-weight: 400;\" aria-level=\"1\"><b>C\u01a1 ch\u1ebf s\u00e1ng t\u1ea1o:<\/b><span style=\"font-weight: 400;\"> Xem x\u00e9t c\u00e1c c\u01a1 ch\u1ebf m\u1edbi h\u01a1n, s\u00e1ng t\u1ea1o h\u01a1n nh\u01b0 tr\u1ea3 th\u01b0\u1edfng theo c\u1ee5m ho\u1eb7c cu\u1ed9n x\u1ebfp t\u1ea7ng mang \u0111\u1ebfn m\u1ed9t phong c\u00e1ch ch\u01a1i kh\u00e1c bi\u1ec7t.<\/span><\/li>\n<li style=\"font-weight: 400;\" aria-level=\"1\"><b>Bi\u1ebfn \u0111\u1ed9ng \u0111a d\u1ea1ng:<\/b><span style=\"font-weight: 400;\"> Cung c\u1ea5p c\u00e1c tr\u00f2 ch\u01a1i v\u1edbi RTP v\u00e0 m\u1ee9c \u0111\u1ed9 bi\u1ebfn \u0111\u1ed9ng kh\u00e1c nhau (th\u1ea5p, trung b\u00ecnh, cao) \u0111\u1ec3 ph\u00f9 h\u1ee3p v\u1edbi nhi\u1ec1u lo\u1ea1i ng\u01b0\u1eddi ch\u01a1i kh\u00e1c nhau, t\u1eeb nh\u1eefng ng\u01b0\u1eddi th\u00edch th\u1eafng nh\u1ecf th\u01b0\u1eddng xuy\u00ean \u0111\u1ebfn nh\u1eefng ng\u01b0\u1eddi theo \u0111u\u1ed5i gi\u1ea3i \u0111\u1ed9c \u0111\u1eafc l\u1edbn.<\/span><\/li>\n<\/ul>\n<h2>T\u1ed1i \u01b0u h\u00f3a danh s\u00e1ch tr\u00f2 ch\u01a1i c\u1ee7a b\u1ea1n cho th\u1ecb tr\u01b0\u1eddng m\u1ee5c ti\u00eau<\/h2>\n<p><span style=\"font-weight: 400;\">M\u1ed7i khu v\u1ef1c c\u00f3 s\u1edf th\u00edch v\u00e0 y\u00eau c\u1ea7u quy \u0111\u1ecbnh kh\u00e1c nhau c\u1ee7a ng\u01b0\u1eddi ch\u01a1i. M\u1ed9t danh s\u00e1ch tr\u00f2 ch\u01a1i m\u00e1y \u0111\u00e1nh b\u1ea1c s\u00f2ng b\u1ea1c th\u1ef1c s\u1ef1 ho\u00e0n h\u1ea3o \u0111\u01b0\u1ee3c thi\u1ebft k\u1ebf ri\u00eang cho \u0111\u1ed1i t\u01b0\u1ee3ng c\u1ee7a n\u00f3.<\/span><\/p>\n<ul>\n<li style=\"font-weight: 400;\" aria-level=\"1\"><b>B\u1ea3n \u0111\u1ecba h\u00f3a n\u1ed9i dung:<\/b><span style=\"font-weight: 400;\"> B\u1ea3n \u0111\u1ecba h\u00f3a n\u1ed9i dung tr\u00f2 ch\u01a1i v\u1edbi ng\u00f4n ng\u1eef, tham chi\u1ebfu v\u0103n h\u00f3a v\u00e0 ch\u1ee7 \u0111\u1ec1 ph\u00f9 h\u1ee3p \u0111\u1ec3 ng\u01b0\u1eddi ch\u01a1i \u1edf c\u00e1c khu v\u1ef1c c\u1ee5 th\u1ec3 c\u1ea3m th\u1ea5y g\u1eafn k\u1ebft h\u01a1n v\u1edbi tr\u00f2 ch\u01a1i.<\/span><\/li>\n<li style=\"font-weight: 400;\" aria-level=\"1\"><b>Chuy\u00ean m\u00f4n v\u1ec1 th\u1ecb tr\u01b0\u1eddng m\u1ee5c ti\u00eau:<\/b><span style=\"font-weight: 400;\"> L\u00e0m vi\u1ec7c v\u1edbi c\u00e1c nh\u00e0 cung c\u1ea5p tr\u00f2 ch\u01a1i s\u00f2ng b\u1ea1c c\u00f3 kinh nghi\u1ec7m v\u00e0 gi\u1ea5y ph\u00e9p t\u1ea1i th\u1ecb tr\u01b0\u1eddng m\u1ee5c ti\u00eau c\u1ee7a b\u1ea1n \u0111\u1ec3 \u0111\u1ea3m b\u1ea3o vi\u1ec7c ra m\u1eaft v\u00e0 v\u1eadn h\u00e0nh su\u00f4n s\u1ebb.<\/span><\/li>\n<li style=\"font-weight: 400;\" aria-level=\"1\"><b>Tu\u00e2n th\u1ee7:<\/b><span style=\"font-weight: 400;\"> \u0110\u1ea3m b\u1ea3o t\u1ea5t c\u1ea3 c\u00e1c tr\u00f2 ch\u01a1i \u0111\u00e1p \u1ee9ng c\u00e1c ti\u00eau chu\u1ea9n tu\u00e2n th\u1ee7 v\u00e0 y\u00eau c\u1ea7u c\u1ea5p ph\u00e9p t\u1ea1i c\u00e1c khu v\u1ef1c ph\u00e1p l\u00fd n\u01a1i b\u1ea1n ho\u1ea1t \u0111\u1ed9ng \u0111\u1ec3 tr\u00e1nh c\u00e1c v\u1ea5n \u0111\u1ec1 ph\u00e1p l\u00fd v\u00e0 x\u00e2y d\u1ef1ng th\u01b0\u01a1ng hi\u1ec7u \u0111\u00e1ng tin c\u1eady.<\/span><\/li>\n<\/ul>\n<h2>Con \u0111\u01b0\u1eddng d\u1eabn \u0111\u1ebfn l\u00f2ng trung th\u00e0nh c\u1ee7a ng\u01b0\u1eddi ch\u01a1i<\/h2>\n<p><span style=\"font-weight: 400;\">M\u1ed9t danh s\u00e1ch tr\u00f2 ch\u01a1i m\u00e1y \u0111\u00e1nh b\u1ea1c s\u00f2ng b\u1ea1c \u0111\u01b0\u1ee3c l\u00ean k\u1ebf ho\u1ea1ch k\u1ef9 l\u01b0\u1ee1ng c\u00f3 th\u1ec3 l\u00e0 m\u1ed9t trong nh\u1eefng t\u00e0i s\u1ea3n m\u1ea1nh nh\u1ea5t c\u1ee7a b\u1ea1n trong vi\u1ec7c thu h\u00fat v\u00e0 gi\u1eef ch\u00e2n ng\u01b0\u1eddi ch\u01a1i. B\u1eb1ng c\u00e1ch cung c\u1ea5p s\u1ef1 \u0111a d\u1ea1ng, c\u00e2n b\u1eb1ng gi\u1eefa c\u00e1c t\u1ef1a game ph\u1ed5 bi\u1ebfn v\u00e0 \u0111\u1ed9c \u0111\u00e1o, t\u1eadp trung v\u00e0o ch\u1ea5t l\u01b0\u1ee3ng v\u00e0 ph\u00f9 h\u1ee3p v\u1edbi th\u1ecb tr\u01b0\u1eddng m\u1ee5c ti\u00eau, b\u1ea1n c\u00f3 th\u1ec3 t\u1ea1o ra m\u1ed9t danh m\u1ee5c tr\u00f2 ch\u01a1i khi\u1ebfn ng\u01b0\u1eddi ch\u01a1i quay l\u1ea1i nhi\u1ec1u l\u1ea7n. H\u1ee3p t\u00e1c v\u1edbi c\u00e1c nh\u00e0 cung c\u1ea5p tr\u00f2 ch\u01a1i s\u00f2ng b\u1ea1c uy t\u00edn \u0111\u1ea3m b\u1ea3o danh m\u1ee5c c\u1ee7a b\u1ea1n lu\u00f4n m\u1edbi m\u1ebb, c\u1ea1nh tranh v\u00e0 sinh l\u1eddi.<\/span><\/p>\n<p><span style=\"font-weight: 400;\">T\u1ea1i <\/span><a href=\"https:\/\/slotsmaker.com\/vi\/\"><span style=\"color: #0000ff;\"><b>SlotsMaker<\/b><\/span><span style=\"font-weight: 400;\">,<\/span><\/a><span style=\"font-weight: 400;\"> ch\u00fang t\u00f4i h\u1ee3p t\u00e1c v\u1edbi c\u00e1c nh\u00e0 cung c\u1ea5p tr\u00f2 ch\u01a1i s\u00f2ng b\u1ea1c h\u00e0ng \u0111\u1ea7u \u0111\u1ec3 gi\u00fap b\u1ea1n x\u00e2y d\u1ef1ng danh s\u00e1ch tr\u00f2 ch\u01a1i m\u00e1y \u0111\u00e1nh b\u1ea1c s\u00f2ng b\u1ea1c \u0111\u01b0\u1ee3c t\u1ed1i \u01b0u h\u00f3a cho s\u1ef1 t\u01b0\u01a1ng t\u00e1c c\u1ee7a ng\u01b0\u1eddi ch\u01a1i v\u00e0 th\u00e0nh c\u00f4ng tr\u00ean th\u1ecb tr\u01b0\u1eddng. <\/span><span style=\"color: #0000ff;\"><a href=\"https:\/\/slotsmaker.com\/vi\/contact-us\/\" style=\"color: #0000ff;\"><b>Li\u00ean h\u1ec7 v\u1edbi ch\u00fang<\/b><\/a><\/span> <span style=\"font-weight: 400;\">t\u00f4i ngay h\u00f4m nay \u0111\u1ec3 b\u1eaft \u0111\u1ea7u n\u00e2ng cao danh m\u1ee5c tr\u00f2 ch\u01a1i tr\u00ean n\u1ec1n t\u1ea3ng c\u1ee7a b\u1ea1n.<\/span><\/p>\n<p>[\/et_pb_text][et_pb_button button_url=&#8221;https:\/\/slotsmaker.com\/vi\/news\/&#8221; button_text=&#8221;Quay l\u1ea1i tin t\u1ee9c&#8221; button_alignment=&#8221;center&#8221; disabled_on=&#8221;off|off|off&#8221; module_class=&#8221;custom-button&#8221; _builder_version=&#8221;4.27.4&#8243; _module_preset=&#8221;default&#8221; custom_button=&#8221;on&#8221; button_text_size=&#8221;20px&#8221; button_text_color=&#8221;#FFFFFF&#8221; button_bg_color=&#8221;gcid-primary-color&#8221; button_border_width=&#8221;2px&#8221; button_border_color=&#8221;RGBA(255,255,255,0)&#8221; button_font=&#8221;|600|||||||&#8221; button_use_icon=&#8221;off&#8221; background_layout=&#8221;dark&#8221; custom_margin=&#8221;||||false|false&#8221; custom_padding=&#8221;||||false|false&#8221; custom_padding_tablet=&#8221;||||false|false&#8221; custom_padding_phone=&#8221;||||false|false&#8221; custom_padding_last_edited=&#8221;on|desktop&#8221; hover_enabled=&#8221;0&#8243; button_text_size_tablet=&#8221;16px&#8221; button_text_size_phone=&#8221;16px&#8221; button_text_size_last_edited=&#8221;on|desktop&#8221; custom_css_after=&#8221;margin-top: 1px;&#8221; locked=&#8221;off&#8221; global_colors_info=&#8221;{%22gcid-primary-color%22:%91%22button_bg_color%22,%22button_bg_color%22%93,%22gcid-secondary-color%22:%91%22button_bg_color%22,%22button_bg_color__hover%22%93,%22gcid-74575f5e-bedc-40c1-ae7b-6696e83b758c%22:%91%22button_bg_color__hover%22%93}&#8221; button_bg_color__hover=&#8221;#a7268b&#8221; button_bg_color__hover_enabled=&#8221;on|hover&#8221; button_border_width__hover=&#8221;2px&#8221; button_border_width__hover_enabled=&#8221;on|hover&#8221; sticky_enabled=&#8221;0&#8243;][\/et_pb_button][\/et_pb_column][\/et_pb_row][\/et_pb_section]<\/p>\n","protected":false},"excerpt":{"rendered":"<p>X\u00e2y d\u1ef1ng c\u00e1c tr\u00f2 ch\u01a1i m\u00e1y \u0111\u00e1nh b\u1ea1c s\u00f2ng b\u1ea1c \u0111\u1ec9nh cao \u0111\u1ec3 thu h\u00fat nhi\u1ec1u ng\u01b0\u1eddi ch\u01a1i h\u01a1n 10 \/\u00a0 10 \/ 2025Trong s\u00f2ng b\u1ea1c tr\u1ef1c tuy\u1ebfn, danh s\u00e1ch tr\u00f2 ch\u01a1i m\u00e1y \u0111\u00e1nh b\u1ea1c s\u00f2ng b\u1ea1c c\u1ee7a b\u1ea1n kh\u00f4ng ch\u1ec9 l\u00e0 m\u1ed9t th\u1ef1c \u0111\u01a1n gi\u1ea3i tr\u00ed m\u00e0 c\u00f2n l\u00e0 m\u1ed9t c\u00f4ng c\u1ee5 m\u1ea1nh m\u1ebd [&hellip;]<\/p>\n","protected":false},"author":6,"featured_media":0,"parent":0,"menu_order":0,"comment_status":"closed","ping_status":"closed","template":"","meta":{"_et_pb_use_builder":"on","_et_pb_old_content":"","_et_gb_content_width":"","content-type":"","footnotes":""},"class_list":["post-17669","page","type-page","status-publish","hentry"],"_links":{"self":[{"href":"https:\/\/slotsmaker.com\/vi\/wp-json\/wp\/v2\/pages\/17669","targetHints":{"allow":["GET"]}}],"collection":[{"href":"https:\/\/slotsmaker.com\/vi\/wp-json\/wp\/v2\/pages"}],"about":[{"href":"https:\/\/slotsmaker.com\/vi\/wp-json\/wp\/v2\/types\/page"}],"author":[{"embeddable":true,"href":"https:\/\/slotsmaker.com\/vi\/wp-json\/wp\/v2\/users\/6"}],"replies":[{"embeddable":true,"href":"https:\/\/slotsmaker.com\/vi\/wp-json\/wp\/v2\/comments?post=17669"}],"version-history":[{"count":2,"href":"https:\/\/slotsmaker.com\/vi\/wp-json\/wp\/v2\/pages\/17669\/revisions"}],"predecessor-version":[{"id":17687,"href":"https:\/\/slotsmaker.com\/vi\/wp-json\/wp\/v2\/pages\/17669\/revisions\/17687"}],"wp:attachment":[{"href":"https:\/\/slotsmaker.com\/vi\/wp-json\/wp\/v2\/media?parent=17669"}],"curies":[{"name":"wp","href":"https:\/\/api.w.org\/{rel}","templated":true}]}}