{"id":18627,"date":"2025-12-17T10:37:43","date_gmt":"2025-12-17T02:37:43","guid":{"rendered":"https:\/\/slotsmaker.com\/?page_id=18627"},"modified":"2025-12-17T11:39:42","modified_gmt":"2025-12-17T03:39:42","slug":"7-benefits-of-integrating-slotsapi-into-your-casino","status":"publish","type":"page","link":"https:\/\/slotsmaker.com\/vi\/7-benefits-of-integrating-slotsapi-into-your-casino\/","title":{"rendered":"Top 7 Essential Benefits of Integrating a SlotsAPI into Your Casino Platform"},"content":{"rendered":"<p>[et_pb_section fb_built=&#8221;1&#8243; admin_label=&#8221;Section&#8221; _builder_version=&#8221;4.27.2&#8243; _module_preset=&#8221;default&#8221; background_color=&#8221;#FFFFFF&#8221; da_disable_devices=&#8221;off|off|off&#8221; locked=&#8221;off&#8221; global_colors_info=&#8221;{}&#8221; da_is_popup=&#8221;off&#8221; da_exit_intent=&#8221;off&#8221; da_has_close=&#8221;on&#8221; da_alt_close=&#8221;off&#8221; da_dark_close=&#8221;off&#8221; da_not_modal=&#8221;on&#8221; da_is_singular=&#8221;off&#8221; da_with_loader=&#8221;off&#8221; da_has_shadow=&#8221;on&#8221;][et_pb_row column_structure=&#8221;1_2,1_2&#8243; _builder_version=&#8221;4.27.4&#8243; _module_preset=&#8221;default&#8221; locked=&#8221;off&#8221; global_colors_info=&#8221;{}&#8221;][et_pb_column type=&#8221;1_2&#8243; _builder_version=&#8221;4.27.4&#8243; _module_preset=&#8221;default&#8221; global_colors_info=&#8221;{}&#8221;][et_pb_image src=&#8221;https:\/\/slotsmaker.com\/wp-content\/uploads\/2025\/12\/1000&#215;1000-6.jpg&#8221; alt=&#8221;Graphic showing a SlotsAPI connection line rapidly linking a casino platform to multiple icons representing diverse slot games.&#8221; title_text=&#8221;1000&#215;1000 (6)&#8221; _builder_version=&#8221;4.27.4&#8243; _module_preset=&#8221;default&#8221; scroll_horizontal_motion=&#8221;0|29|56|100|10|0|-4&#8243; scroll_fade=&#8221;0|49|49|100|0|100|100&#8243; border_radii=&#8221;off|50px|||&#8221; global_colors_info=&#8221;{}&#8221;][\/et_pb_image][\/et_pb_column][et_pb_column type=&#8221;1_2&#8243; _builder_version=&#8221;4.27.4&#8243; _module_preset=&#8221;default&#8221; global_colors_info=&#8221;{}&#8221;][et_pb_text _builder_version=&#8221;4.27.4&#8243; _module_preset=&#8221;default&#8221; text_text_color=&#8221;#FFFFFF&#8221; text_font_size=&#8221;18px&#8221; header_font=&#8221;||||||||&#8221; header_text_color=&#8221;#FFFFFF&#8221; header_line_height=&#8221;1.2em&#8221; background_color=&#8221;gcid-primary-color&#8221; width=&#8221;90%&#8221; custom_margin=&#8221;200px|||-150px|false|false&#8221; custom_margin_tablet=&#8221;120px|||-180px|false|false&#8221; custom_margin_phone=&#8221;-32px|||0px|false|false&#8221; custom_margin_last_edited=&#8221;on|phone&#8221; custom_padding=&#8221;20px||20px|30px|false|false&#8221; custom_padding_tablet=&#8221;20px||20px|30px|false|false&#8221; custom_padding_phone=&#8221;20px|||20px|false|false&#8221; custom_padding_last_edited=&#8221;on|phone&#8221; scroll_fade=&#8221;0|52|52|100|0|100|100&#8243; hover_enabled=&#8221;0&#8243; border_radii=&#8221;off|||30px|&#8221; global_colors_info=&#8221;{%22gcid-primary-color%22:%91%22background_color%22%93}&#8221; sticky_enabled=&#8221;0&#8243;]<\/p>\n<h1>7 L\u1ee3i \u00edch Thi\u1ebft y\u1ebfu H\u00e0ng \u0111\u1ea7u c\u1ee7a vi\u1ec7c T\u00edch h\u1ee3p SlotsAPI v\u00e0o N\u1ec1n t\u1ea3ng S\u00f2ng b\u1ea1c c\u1ee7a B\u1ea1n<\/h1>\n<p>17th December 2025<\/p>\n<p>[\/et_pb_text][\/et_pb_column][\/et_pb_row][et_pb_row admin_label=&#8221;articles&#8221; _builder_version=&#8221;4.27.4&#8243; _module_preset=&#8221;default&#8221; background_color=&#8221;#FFFFFF&#8221; global_colors_info=&#8221;{}&#8221;][et_pb_column type=&#8221;4_4&#8243; _builder_version=&#8221;4.21.0&#8243; _module_preset=&#8221;default&#8221; global_colors_info=&#8221;{}&#8221;][et_pb_text _builder_version=&#8221;4.27.4&#8243; _module_preset=&#8221;default&#8221; text_text_color=&#8221;#666666&#8243; text_font_size=&#8221;16px&#8221; text_line_height=&#8221;1.5em&#8221; header_2_font=&#8221;|600|||||||&#8221; header_2_text_color=&#8221;gcid-293da448-f89a-45b9-8e92-706f4652a4ca&#8221; header_2_font_size=&#8221;18px&#8221; header_3_font=&#8221;|600|||||||&#8221; header_3_text_color=&#8221;#5C5C5C&#8221; header_3_font_size=&#8221;18px&#8221; header_4_text_color=&#8221;#000000&#8243; custom_margin=&#8221;||||false|false&#8221; custom_padding=&#8221;|50px||50px|false|false&#8221; custom_padding_tablet=&#8221;|50px||50px|false|false&#8221; custom_padding_phone=&#8221;|10px||20px|false|false&#8221; custom_padding_last_edited=&#8221;on|phone&#8221; hover_enabled=&#8221;0&#8243; text_font_size_tablet=&#8221;16px&#8221; text_font_size_phone=&#8221;14px&#8221; text_font_size_last_edited=&#8221;on|phone&#8221; header_2_font_size_tablet=&#8221;&#8221; header_2_font_size_phone=&#8221;&#8221; header_2_font_size_last_edited=&#8221;on|phone&#8221; header_3_font_size_tablet=&#8221;&#8221; header_3_font_size_phone=&#8221;&#8221; header_3_font_size_last_edited=&#8221;on|phone&#8221; global_colors_info=&#8221;{%22gcid-293da448-f89a-45b9-8e92-706f4652a4ca%22:%91%22header_2_text_color%22%93}&#8221; sticky_enabled=&#8221;0&#8243;]<\/p>\n<p><span style=\"font-weight: 400;\">Trong b\u1ed1i c\u1ea3nh tr\u00f2 ch\u01a1i tr\u1ef1c tuy\u1ebfn c\u1ea1nh tranh kh\u1ed1c li\u1ec7t, th\u00e0nh c\u00f4ng ph\u1ee5 thu\u1ed9c v\u00e0o hai y\u1ebfu t\u1ed1 ch\u00ednh: ch\u1ea5t l\u01b0\u1ee3ng th\u01b0 vi\u1ec7n tr\u00f2 ch\u01a1i v\u00e0 hi\u1ec7u su\u1ea5t li\u1ec1n m\u1ea1ch c\u1ee7a n\u1ec1n t\u1ea3ng. C\u00f4ng c\u1ee5 m\u1ea1nh m\u1ebd nh\u1ea5t \u0111\u1ec3 \u0111\u1ea1t \u0111\u01b0\u1ee3c c\u1ea3 hai \u0111i\u1ec1u n\u00e0y ch\u00ednh l\u00e0 T\u00edch h\u1ee3p <\/span><span style=\"color: #3366ff;\"><a href=\"https:\/\/slotsmaker.com\/vi\/our-services\/slotsapi\/\" style=\"color: #3366ff;\"><b>SlotsAPI<\/b><\/a><\/span><span style=\"font-weight: 400;\">.<\/span><\/p>\n<p><span style=\"font-weight: 400;\">Giao di\u1ec7n L\u1eadp tr\u00ecnh \u1ee8ng d\u1ee5ng (API) l\u00e0 m\u1ed9t c\u1ea7u n\u1ed1i c\u00f4ng ngh\u1ec7 quan tr\u1ecdng, k\u1ebft n\u1ed1i li\u1ec1n m\u1ea1ch n\u1ec1n t\u1ea3ng s\u00f2ng b\u1ea1c c\u1ee7a b\u1ea1n v\u1edbi to\u00e0n b\u1ed9 b\u1ed9 s\u01b0u t\u1eadp tr\u00f2 ch\u01a1i slot c\u1ee7a nh\u00e0 t\u1ed5ng h\u1ee3p ho\u1eb7c nh\u00e0 cung c\u1ea5p tr\u00f2 ch\u01a1i. K\u1ebft n\u1ed1i m\u1ed9t l\u1ea7n n\u00e0y m\u1edf ra m\u1ed9t danh m\u1ee5c n\u1ed9i dung kh\u1ed5ng l\u1ed3, \u0111a d\u1ea1ng v\u00e0 ch\u1ea5t l\u01b0\u1ee3ng cao, gi\u00fap n\u00e2ng c\u1ea5p to\u00e0n b\u1ed9 ho\u1ea1t \u0111\u1ed9ng c\u1ee7a b\u1ea1n ngay l\u1eadp t\u1ee9c.<\/span><\/p>\n<p><span style=\"font-weight: 400;\">D\u01b0\u1edbi \u0111\u00e2y l\u00e0 7 l\u1ee3i \u00edch kh\u00f4ng th\u1ec3 ph\u1ee7 nh\u1eadn c\u1ee7a vi\u1ec7c t\u00edch h\u1ee3p SlotsAPI, \u0111\u01b0\u1ee3c thi\u1ebft k\u1ebf \u0111\u1ec3 t\u1ed1i \u0111a h\u00f3a th\u00e0nh c\u00f4ng c\u1ee7a n\u1ec1n t\u1ea3ng v\u00e0 gi\u1eef ch\u00e2n ng\u01b0\u1eddi ch\u01a1i.<\/span><\/p>\n<h2>Truy c\u1eadp ngay v\u00e0o Danh m\u1ee5c Tr\u00f2 ch\u01a1i Kh\u1ed5ng l\u1ed3, Ch\u1ea5t l\u01b0\u1ee3ng Cao<\/h2>\n<p><span style=\"font-weight: 400;\">L\u1ee3i \u00edch tr\u1ef1c ti\u1ebfp nh\u1ea5t c\u1ee7a m\u1ed9t SlotsAPI m\u1ea1nh m\u1ebd ch\u00ednh l\u00e0 kh\u1ed1i l\u01b0\u1ee3ng n\u1ed9i dung kh\u1ed5ng l\u1ed3 m\u00e0 n\u00f3 cung c\u1ea5p. Ch\u1ec9 c\u1ea7n t\u00edch h\u1ee3p m\u1ed9t l\u1ea7n, b\u1ea1n c\u00f3 th\u1ec3 truy c\u1eadp v\u00e0o h\u00e0ng ng\u00e0n t\u1ef1a game slot \u0111\u01b0\u1ee3c ph\u00e1t tri\u1ec3n t\u1ec9 m\u1ec9 t\u1eeb c\u00e1c nh\u00e0 cung c\u1ea5p h\u00e0ng \u0111\u1ea7u th\u1ebf gi\u1edbi.<\/span><\/p>\n<ul>\n<li style=\"font-weight: 400;\" aria-level=\"1\"><span style=\"font-weight: 400;\">T\u00e1c \u0111\u1ed9ng \u0111\u1ebfn Doanh nghi\u1ec7p: B\u1ea1n c\u00f3 th\u1ec3 \u0111\u00e1p \u1ee9ng m\u1ecdi ph\u00e2n kh\u00fac ng\u01b0\u1eddi ch\u01a1i, t\u1eeb nh\u1eefng ng\u01b0\u1eddi h\u00e2m m\u1ed9 m\u00e1y \u0111\u00e1nh b\u1ea1c 3 cu\u1ed9n c\u1ed5 \u0111i\u1ec3n \u0111\u1ebfn nh\u1eefng ng\u01b0\u1eddi ch\u01a1i t\u00ecm ki\u1ebfm m\u00e1y \u0111\u00e1nh b\u1ea1c video s\u00e1ng t\u1ea1o m\u1edbi nh\u1ea5t v\u00e0 gi\u1ea3i \u0111\u1ed9c \u0111\u1eafc l\u0169y ti\u1ebfn, \u0111\u1ea3m b\u1ea3o ph\u1ea1m vi ph\u1ee7 s\u00f3ng th\u1ecb tr\u01b0\u1eddng t\u1ed1i \u0111a.<\/span><\/li>\n<\/ul>\n<h2>\u0110\u1ea1t \u0111\u01b0\u1ee3c T\u1ed1c \u0111\u1ed9 Ra m\u1eaft Th\u1ecb tr\u01b0\u1eddng V\u00f4 song<\/h2>\n<p><span style=\"font-weight: 400;\">Vi\u1ec7c ph\u00e1t tri\u1ec3n m\u1ed9t tr\u00f2 ch\u01a1i m\u00e1y \u0111\u00e1nh b\u1ea1c \u0111\u01a1n l\u1ebb l\u00e0 m\u1ed9t n\u1ed7 l\u1ef1c ph\u1ee9c t\u1ea1p, k\u00e9o d\u00e0i nhi\u1ec1u th\u00e1ng. Ng\u01b0\u1ee3c l\u1ea1i, vi\u1ec7c t\u00edch h\u1ee3p SlotsAPI ch\u1ec9 m\u1ea5t v\u00e0i tu\u1ea7n. \u0110i\u1ec1u n\u00e0y gi\u00fap t\u0103ng t\u1ed1c \u0111\u00e1ng k\u1ec3 kh\u1ea3 n\u0103ng ra m\u1eaft n\u1ec1n t\u1ea3ng tr\u00f2 ch\u01a1i c\u1ee7a b\u1ea1n.<\/span><\/p>\n<ul>\n<li style=\"font-weight: 400;\" aria-level=\"1\"><span style=\"font-weight: 400;\">T\u00e1c \u0111\u1ed9ng \u0111\u1ebfn Doanh nghi\u1ec7p: Vi\u1ec7c tri\u1ec3n khai nhanh ch\u00f3ng cho ph\u00e9p b\u1ea1n t\u1eadn d\u1ee5ng xu h\u01b0\u1edbng th\u1ecb tr\u01b0\u1eddng ngay l\u1eadp t\u1ee9c, ra m\u1eaft n\u1ed9i dung m\u1edbi nhanh h\u01a1n \u0111\u1ed1i th\u1ee7 c\u1ea1nh tranh v\u00e0 b\u1eaft \u0111\u1ea7u t\u1ea1o doanh thu s\u1edbm h\u01a1n d\u1ef1 ki\u1ebfn.<\/span><\/li>\n<\/ul>\n<h2>Gi\u1ea3m \u0110\u00e1ng k\u1ec3 Chi ph\u00ed Ph\u00e1t tri\u1ec3n &amp; B\u1ea3o tr\u00ec<\/h2>\n<p><span style=\"font-weight: 400;\">M\u00f4 h\u00ecnh SlotsAPI cho ph\u00e9p b\u1ea1n tr\u00e1nh \u0111\u01b0\u1ee3c chi ph\u00ed kh\u1ed5ng l\u1ed3, y\u00eau c\u1ea7u v\u1ec1 nh\u00e2n s\u1ef1 v\u00e0 th\u1eddi gian l\u00e3ng ph\u00ed li\u00ean quan \u0111\u1ebfn vi\u1ec7c ph\u00e1t tri\u1ec3n, ch\u1ee9ng nh\u1eadn v\u00e0 l\u01b0u tr\u1eef tr\u00f2 ch\u01a1i n\u1ed9i b\u1ed9.<\/span><\/p>\n<ul>\n<li style=\"font-weight: 400;\" aria-level=\"1\"><span style=\"font-weight: 400;\">T\u00e1c \u0111\u1ed9ng \u0111\u1ebfn Doanh nghi\u1ec7p: B\u1ea1n gi\u1ea3m \u0111\u00e1ng k\u1ec3 chi ph\u00ed chung v\u00e0 gi\u1ea3i ph\u00f3ng v\u1ed1n \u0111\u1ec3 \u0111\u1ea7u t\u01b0 v\u00e0o c\u00e1c l\u0129nh v\u1ef1c chi\u1ebfn l\u01b0\u1ee3c nh\u01b0 thu h\u00fat ng\u01b0\u1eddi ch\u01a1i, chi\u1ebfn d\u1ecbch ti\u1ebfp th\u1ecb v\u00e0 c\u1ea3i ti\u1ebfn c\u00e1c t\u00ednh n\u0103ng \u0111\u1ed9c \u0111\u00e1o c\u1ee7a n\u1ec1n t\u1ea3ng.<\/span><\/li>\n<\/ul>\n<h2>Tr\u1ea3i nghi\u1ec7m ng\u01b0\u1eddi d\u00f9ng (UX) ho\u00e0n h\u1ea3o v\u00e0 nh\u1ea5t qu\u00e1n<\/h2>\n<p><span style=\"font-weight: 400;\">Modern SlotsAPI \u0111\u1ea3m b\u1ea3o m\u1ecdi tr\u00f2 ch\u01a1i \u0111\u1ec1u ch\u1ea1y m\u01b0\u1ee3t m\u00e0, b\u1ea5t k\u1ec3 thi\u1ebft b\u1ecb hay k\u1ebft n\u1ed1i c\u1ee7a ng\u01b0\u1eddi ch\u01a1i. Ng\u01b0\u1eddi ch\u01a1i c\u00f3 th\u1ec3 chuy\u1ec3n \u0111\u1ed5i ngay l\u1eadp t\u1ee9c gi\u1eefa c\u00e1c tr\u00f2 ch\u01a1i kh\u00e1c nhau m\u00e0 kh\u00f4ng c\u1ea7n \u0111\u0103ng xu\u1ea5t hay g\u1eb7p ph\u1ea3i t\u00ecnh tr\u1ea1ng ch\u1eadm tr\u1ec5.<\/span><\/p>\n<ul>\n<li style=\"font-weight: 400;\" aria-level=\"1\"><span style=\"font-weight: 400;\">T\u00e1c \u0111\u1ed9ng \u0111\u1ebfn doanh nghi\u1ec7p: Gi\u1ea3m thi\u1ec3u s\u1ef1 kh\u00f3 ch\u1ecbu v\u00e0 b\u1ef1c b\u1ed9i, gi\u00fap k\u00e9o d\u00e0i th\u1eddi gian ch\u01a1i, t\u0103ng t\u1ea7n su\u1ea5t ch\u01a1i, n\u00e2ng cao m\u1ee9c \u0111\u1ed9 h\u00e0i l\u00f2ng v\u00e0 c\u1ea3i thi\u1ec7n t\u1ef7 l\u1ec7 gi\u1eef ch\u00e2n ng\u01b0\u1eddi ch\u01a1i.<\/span><\/li>\n<\/ul>\n<h2>\u0110\u1ea3m b\u1ea3o kh\u1ea3 n\u0103ng t\u01b0\u01a1ng th\u00edch \u0111a n\u1ec1n t\u1ea3ng v\u00e0 di \u0111\u1ed9ng<\/h2>\n<p><span style=\"font-weight: 400;\">V\u00ec h\u1ea7u h\u1ebft l\u01b0u l\u01b0\u1ee3ng truy c\u1eadp iGaming \u0111\u1ebfn t\u1eeb thi\u1ebft b\u1ecb di \u0111\u1ed9ng, n\u1ed9i dung c\u1ee7a b\u1ea1n ph\u1ea3i ho\u00e0n h\u1ea3o khi di chuy\u1ec3n. API cung c\u1ea5p c\u00e1c tr\u00f2 ch\u01a1i \u0111\u01b0\u1ee3c x\u00e2y d\u1ef1ng tr\u00ean c\u00f4ng ngh\u1ec7 HTML5 hi\u1ec7n \u0111\u1ea1i, \u0111\u1ea3m b\u1ea3o kh\u1ea3 n\u0103ng ph\u1ea3n h\u1ed3i ho\u00e0n h\u1ea3o tr\u00ean m\u00e1y t\u00ednh \u0111\u1ec3 b\u00e0n, m\u00e1y t\u00ednh b\u1ea3ng, thi\u1ebft b\u1ecb iOS v\u00e0 Android.<\/span><\/p>\n<ul>\n<li style=\"font-weight: 400;\" aria-level=\"1\"><span style=\"font-weight: 400;\">T\u00e1c \u0111\u1ed9ng \u0111\u1ebfn doanh nghi\u1ec7p: B\u1ea1n \u0111\u1ea3m b\u1ea3o n\u1ed9i dung c\u00f3 gi\u00e1 tr\u1ecb cao nh\u1ea5t c\u1ee7a m\u00ecnh c\u00f3 th\u1ec3 ti\u1ebfp c\u1eadn \u0111\u01b0\u1ee3c v\u1edbi t\u1ea5t c\u1ea3 ng\u01b0\u1eddi ch\u01a1i, t\u1ed1i \u0111a h\u00f3a l\u01b0\u1ee3ng kh\u00e1n gi\u1ea3 ti\u1ec1m n\u0103ng v\u00e0 \u0111\u1ea3m b\u1ea3o hi\u1ec7u su\u1ea5t t\u1ed1c \u0111\u1ed9 cao tr\u00ean thi\u1ebft b\u1ecb di \u0111\u1ed9ng, \u0111i\u1ec1u n\u00e0y r\u1ea5t quan tr\u1ecdng \u0111\u1ec3 gi\u1eef ch\u00e2n ng\u01b0\u1eddi d\u00f9ng hi\u1ec7n \u0111\u1ea1i.<\/span><\/li>\n<\/ul>\n<h2>N\u00e2ng cao b\u1ea3o m\u1eadt v\u00e0 tu\u00e2n th\u1ee7 quy \u0111\u1ecbnh<\/h2>\n<p><span style=\"font-weight: 400;\">C\u00e1c nh\u00e0 cung c\u1ea5p SlotsAPI uy t\u00edn x\u1eed l\u00fd c\u00e1c kh\u00eda c\u1ea1nh quan tr\u1ecdng, ph\u1ee9c t\u1ea1p v\u00e0 b\u1eaft bu\u1ed9c v\u1ec1 b\u1ea3o m\u1eadt v\u00e0 tu\u00e2n th\u1ee7 tr\u00f2 ch\u01a1i. \u0110i\u1ec1u n\u00e0y bao g\u1ed3m ch\u1ee9ng nh\u1eadn c\u1ee7a b\u00ean th\u1ee9 ba v\u1ec1 M\u00e1y t\u1ea1o s\u1ed1 ng\u1eabu nhi\u00ean (RNG) v\u1ec1 t\u00ednh c\u00f4ng b\u1eb1ng, tu\u00e2n th\u1ee7 c\u00e1c quy \u0111\u1ecbnh c\u1edd b\u1ea1c to\u00e0n c\u1ea7u v\u00e0 c\u00e1c y\u00eau c\u1ea7u c\u1ea5p ph\u00e9p.<\/span><\/p>\n<ul>\n<li style=\"font-weight: 400;\" aria-level=\"1\"><span style=\"font-weight: 400;\">T\u00e1c \u0111\u1ed9ng \u0111\u1ebfn doanh nghi\u1ec7p: B\u1eb1ng c\u00e1ch s\u1eed d\u1ee5ng n\u1ed9i dung \u0111\u01b0\u1ee3c ch\u1ee9ng nh\u1eadn c\u1ee7a SlotsAPI, n\u1ec1n t\u1ea3ng c\u1ee7a b\u1ea1n ngay l\u1eadp t\u1ee9c \u0111\u01b0\u1ee3c th\u1eeba h\u01b0\u1edfng m\u1ee9c \u0111\u1ed9 tin c\u1eady cao, \u0111i\u1ec1u c\u1ea7n thi\u1ebft cho s\u1ef1 trung th\u00e0nh c\u1ee7a ng\u01b0\u1eddi ch\u01a1i v\u00e0 tr\u00e1nh c\u00e1c v\u1ea5n \u0111\u1ec1 ph\u00e1p l\u00fd v\u00e0 k\u1ef9 thu\u1eadt t\u1ed1n k\u00e9m.<\/span><\/li>\n<\/ul>\n<h2>Qu\u1ea3n l\u00fd v\u1eadn h\u00e0nh h\u1ee3p l\u00fd<\/h2>\n<p><span style=\"font-weight: 400;\">V\u1edbi SlotsAPI, b\u1ea1n qu\u1ea3n l\u00fd to\u00e0n b\u1ed9 th\u01b0 vi\u1ec7n tr\u00f2 ch\u01a1i \u0111a d\u1ea1ng c\u1ee7a m\u00ecnh\u2014bao g\u1ed3m b\u00e1o c\u00e1o, theo d\u00f5i ho\u1ea1t \u0111\u1ed9ng c\u1ee7a ng\u01b0\u1eddi ch\u01a1i v\u00e0 ph\u00e2n ph\u1ed1i ti\u1ec1n th\u01b0\u1edfng\u2014th\u00f4ng qua m\u1ed9t h\u1ec7 th\u1ed1ng v\u0103n ph\u00f2ng th\u1ed1ng nh\u1ea5t duy nh\u1ea5t.<\/span><\/p>\n<ul>\n<li style=\"font-weight: 400;\" aria-level=\"1\"><span style=\"font-weight: 400;\">T\u00e1c \u0111\u1ed9ng \u0111\u1ebfn doanh nghi\u1ec7p: Hi\u1ec7u qu\u1ea3 v\u1eadn h\u00e0nh n\u00e0y gi\u00fap \u0111\u1ed9i ng\u0169 k\u1ef9 thu\u1eadt v\u00e0 qu\u1ea3n l\u00fd c\u1ee7a b\u1ea1n tho\u00e1t kh\u1ecfi vi\u1ec7c b\u1ea3o tr\u00ec nhi\u1ec1u h\u1ec7 th\u1ed1ng r\u01b0\u1eddm r\u00e0, cho ph\u00e9p h\u1ecd t\u1eadp trung v\u00e0o t\u0103ng tr\u01b0\u1edfng kinh doanh chi\u1ebfn l\u01b0\u1ee3c, qu\u1ea3n l\u00fd ng\u01b0\u1eddi ch\u01a1i v\u00e0 t\u1ed1i \u0111a h\u00f3a c\u00e1c t\u00ednh n\u0103ng c\u1ee7a n\u1ec1n t\u1ea3ng.<\/span><\/li>\n<\/ul>\n<h2>M\u1edf kh\u00f3a hi\u1ec7u qu\u1ea3, \u0111a d\u1ea1ng v\u00e0 l\u1ee3i nhu\u1eadn<\/h2>\n<p><span style=\"font-weight: 400;\">T\u00edch h\u1ee3p SlotsAPI l\u00e0 c\u00e1ch th\u00f4ng minh v\u00e0 ti\u1ebft ki\u1ec7m t\u00e0i nguy\u00ean nh\u1ea5t \u0111\u1ec3 x\u00e2y d\u1ef1ng m\u1ed9t s\u00f2ng b\u1ea1c tr\u1ef1c tuy\u1ebfn \u0111\u1eb3ng c\u1ea5p th\u1ebf gi\u1edbi. N\u00f3 cung c\u1ea5p kh\u1ed1i l\u01b0\u1ee3ng n\u1ed9i dung, t\u1ed1c \u0111\u1ed9, \u0111\u1ed9 tin c\u1eady v\u00e0 b\u1ea3o m\u1eadt, cho ph\u00e9p b\u1ea1n t\u1eadp trung ho\u00e0n to\u00e0n v\u00e0o s\u1ee9 m\u1ec7nh c\u1ed1t l\u00f5i c\u1ee7a m\u00ecnh: thu h\u00fat v\u00e0 g\u1eafn k\u1ebft m\u1ed9t l\u01b0\u1ee3ng ng\u01b0\u1eddi ch\u01a1i trung th\u00e0nh.<\/span><\/p>\n<p><span style=\"font-weight: 400;\">B\u1ea1n \u0111\u00e3 s\u1eb5n s\u00e0ng ra m\u1eaft h\u00e0ng ngh\u00ecn m\u00e1y \u0111\u00e1nh b\u1ea1c ch\u1ec9 trong m\u1ed9t phi\u00ean? Chuy\u1ec3n \u0111\u1ed5i danh m\u1ee5c tr\u00f2 ch\u01a1i c\u1ee7a b\u1ea1n ngay h\u00f4m nay. T\u00ecm hi\u1ec3u th\u00eam v\u1ec1 t\u00edch h\u1ee3p SlotsAPI li\u1ec1n m\u1ea1ch v\u1edbi <\/span><span style=\"color: #3366ff;\"><a href=\"https:\/\/slotsmaker.com\/vi\/\" style=\"color: #3366ff;\"><b>SlotsMaker<\/b><\/a><\/span><span style=\"font-weight: 400;\">.<\/span><\/p>\n<p>[\/et_pb_text][et_pb_button button_url=&#8221;https:\/\/slotsmaker.com\/vi\/news\/&#8221; button_text=&#8221;Quay l\u1ea1i tin t\u1ee9c&#8221; button_alignment=&#8221;center&#8221; disabled_on=&#8221;off|off|off&#8221; module_class=&#8221;custom-button&#8221; _builder_version=&#8221;4.27.4&#8243; _module_preset=&#8221;default&#8221; custom_button=&#8221;on&#8221; button_text_size=&#8221;20px&#8221; button_text_color=&#8221;#FFFFFF&#8221; button_bg_color=&#8221;gcid-primary-color&#8221; button_border_width=&#8221;2px&#8221; button_border_color=&#8221;RGBA(255,255,255,0)&#8221; button_font=&#8221;|600|||||||&#8221; button_use_icon=&#8221;off&#8221; background_layout=&#8221;dark&#8221; custom_margin=&#8221;||||false|false&#8221; custom_padding=&#8221;||||false|false&#8221; custom_padding_tablet=&#8221;||||false|false&#8221; custom_padding_phone=&#8221;||||false|false&#8221; custom_padding_last_edited=&#8221;on|desktop&#8221; hover_enabled=&#8221;0&#8243; button_text_size_tablet=&#8221;16px&#8221; button_text_size_phone=&#8221;16px&#8221; button_text_size_last_edited=&#8221;on|desktop&#8221; custom_css_after=&#8221;margin-top: 1px;&#8221; locked=&#8221;off&#8221; global_colors_info=&#8221;{%22gcid-primary-color%22:%91%22button_bg_color%22,%22button_bg_color%22%93,%22gcid-secondary-color%22:%91%22button_bg_color%22,%22button_bg_color__hover%22%93,%22gcid-74575f5e-bedc-40c1-ae7b-6696e83b758c%22:%91%22button_bg_color__hover%22%93}&#8221; button_bg_color__hover=&#8221;#a7268b&#8221; button_bg_color__hover_enabled=&#8221;on|hover&#8221; button_border_width__hover=&#8221;2px&#8221; button_border_width__hover_enabled=&#8221;on|hover&#8221; sticky_enabled=&#8221;0&#8243;][\/et_pb_button][\/et_pb_column][\/et_pb_row][\/et_pb_section]<\/p>\n","protected":false},"excerpt":{"rendered":"<p>7 L\u1ee3i \u00edch Thi\u1ebft y\u1ebfu H\u00e0ng \u0111\u1ea7u c\u1ee7a vi\u1ec7c T\u00edch h\u1ee3p SlotsAPI v\u00e0o N\u1ec1n t\u1ea3ng S\u00f2ng b\u1ea1c c\u1ee7a B\u1ea1n 17th December 2025Trong b\u1ed1i c\u1ea3nh tr\u00f2 ch\u01a1i tr\u1ef1c tuy\u1ebfn c\u1ea1nh tranh kh\u1ed1c li\u1ec7t, th\u00e0nh c\u00f4ng ph\u1ee5 thu\u1ed9c v\u00e0o hai y\u1ebfu t\u1ed1 ch\u00ednh: ch\u1ea5t l\u01b0\u1ee3ng th\u01b0 vi\u1ec7n tr\u00f2 ch\u01a1i v\u00e0 hi\u1ec7u su\u1ea5t li\u1ec1n m\u1ea1ch c\u1ee7a n\u1ec1n t\u1ea3ng. [&hellip;]<\/p>\n","protected":false},"author":7,"featured_media":18595,"parent":0,"menu_order":0,"comment_status":"closed","ping_status":"closed","template":"","meta":{"_et_pb_use_builder":"on","_et_pb_old_content":"","_et_gb_content_width":"","content-type":"","footnotes":""},"class_list":["post-18627","page","type-page","status-publish","has-post-thumbnail","hentry"],"_links":{"self":[{"href":"https:\/\/slotsmaker.com\/vi\/wp-json\/wp\/v2\/pages\/18627","targetHints":{"allow":["GET"]}}],"collection":[{"href":"https:\/\/slotsmaker.com\/vi\/wp-json\/wp\/v2\/pages"}],"about":[{"href":"https:\/\/slotsmaker.com\/vi\/wp-json\/wp\/v2\/types\/page"}],"author":[{"embeddable":true,"href":"https:\/\/slotsmaker.com\/vi\/wp-json\/wp\/v2\/users\/7"}],"replies":[{"embeddable":true,"href":"https:\/\/slotsmaker.com\/vi\/wp-json\/wp\/v2\/comments?post=18627"}],"version-history":[{"count":2,"href":"https:\/\/slotsmaker.com\/vi\/wp-json\/wp\/v2\/pages\/18627\/revisions"}],"predecessor-version":[{"id":18630,"href":"https:\/\/slotsmaker.com\/vi\/wp-json\/wp\/v2\/pages\/18627\/revisions\/18630"}],"wp:featuredmedia":[{"embeddable":true,"href":"https:\/\/slotsmaker.com\/vi\/wp-json\/wp\/v2\/media\/18595"}],"wp:attachment":[{"href":"https:\/\/slotsmaker.com\/vi\/wp-json\/wp\/v2\/media?parent=18627"}],"curies":[{"name":"wp","href":"https:\/\/api.w.org\/{rel}","templated":true}]}}