{"id":18911,"date":"2026-02-04T14:16:03","date_gmt":"2026-02-04T06:16:03","guid":{"rendered":"https:\/\/slotsmaker.com\/?page_id=18911"},"modified":"2026-02-04T15:12:22","modified_gmt":"2026-02-04T07:12:22","slug":"slotsmaker-igaming-software-development-cost","status":"publish","type":"page","link":"https:\/\/slotsmaker.com\/vi\/slotsmaker-igaming-software-development-cost\/","title":{"rendered":"Calculating the iGaming Software Development Cost: A Comprehensive Guide"},"content":{"rendered":"<p>[et_pb_section fb_built=&#8221;1&#8243; admin_label=&#8221;Section&#8221; _builder_version=&#8221;4.27.2&#8243; _module_preset=&#8221;default&#8221; background_color=&#8221;#FFFFFF&#8221; da_disable_devices=&#8221;off|off|off&#8221; locked=&#8221;off&#8221; global_colors_info=&#8221;{}&#8221; da_is_popup=&#8221;off&#8221; da_exit_intent=&#8221;off&#8221; da_has_close=&#8221;on&#8221; da_alt_close=&#8221;off&#8221; da_dark_close=&#8221;off&#8221; da_not_modal=&#8221;on&#8221; da_is_singular=&#8221;off&#8221; da_with_loader=&#8221;off&#8221; da_has_shadow=&#8221;on&#8221;][et_pb_row column_structure=&#8221;1_2,1_2&#8243; _builder_version=&#8221;4.27.4&#8243; _module_preset=&#8221;default&#8221; locked=&#8221;off&#8221; global_colors_info=&#8221;{}&#8221;][et_pb_column type=&#8221;1_2&#8243; _builder_version=&#8221;4.27.4&#8243; _module_preset=&#8221;default&#8221; global_colors_info=&#8221;{}&#8221;][et_pb_image src=&#8221;https:\/\/slotsmaker.com\/wp-content\/uploads\/2026\/02\/SlotsMaker-SEO-Article-1_1000x1000.jpg&#8221; alt=&#8221;Article image of the cost breakdown percentages for iGaming software development stages.&#8221; title_text=&#8221;SlotsMaker SEO Article 1_1000x1000&#8243; _builder_version=&#8221;4.27.4&#8243; _module_preset=&#8221;default&#8221; scroll_horizontal_motion=&#8221;0|29|56|100|10|0|-4&#8243; scroll_fade=&#8221;0|49|49|100|0|100|100&#8243; border_radii=&#8221;off|50px|||&#8221; global_colors_info=&#8221;{}&#8221;][\/et_pb_image][\/et_pb_column][et_pb_column type=&#8221;1_2&#8243; _builder_version=&#8221;4.27.4&#8243; _module_preset=&#8221;default&#8221; global_colors_info=&#8221;{}&#8221;][et_pb_text _builder_version=&#8221;4.27.4&#8243; _module_preset=&#8221;default&#8221; text_text_color=&#8221;#FFFFFF&#8221; text_font_size=&#8221;18px&#8221; header_font=&#8221;||||||||&#8221; header_text_color=&#8221;#FFFFFF&#8221; header_line_height=&#8221;1.2em&#8221; background_color=&#8221;gcid-primary-color&#8221; width=&#8221;90%&#8221; custom_margin=&#8221;200px|||-150px|false|false&#8221; custom_margin_tablet=&#8221;120px|||-180px|false|false&#8221; custom_margin_phone=&#8221;-32px|||0px|false|false&#8221; custom_margin_last_edited=&#8221;on|phone&#8221; custom_padding=&#8221;20px||20px|30px|false|false&#8221; custom_padding_tablet=&#8221;20px||20px|30px|false|false&#8221; custom_padding_phone=&#8221;20px|||20px|false|false&#8221; custom_padding_last_edited=&#8221;on|phone&#8221; scroll_fade=&#8221;0|52|52|100|0|100|100&#8243; hover_enabled=&#8221;0&#8243; border_radii=&#8221;off|||30px|&#8221; global_colors_info=&#8221;{%22gcid-primary-color%22:%91%22background_color%22%93}&#8221; sticky_enabled=&#8221;0&#8243;]<\/p>\n<h1>T\u00ednh to\u00e1n chi ph\u00ed ph\u00e1t tri\u1ec3n ph\u1ea7n m\u1ec1m iGaming: H\u01b0\u1edbng d\u1eabn to\u00e0n di\u1ec7n<\/h1>\n<p>4th February 2026<\/p>\n<p>[\/et_pb_text][\/et_pb_column][\/et_pb_row][et_pb_row admin_label=&#8221;articles&#8221; _builder_version=&#8221;4.27.4&#8243; _module_preset=&#8221;default&#8221; background_color=&#8221;#FFFFFF&#8221; global_colors_info=&#8221;{}&#8221;][et_pb_column type=&#8221;4_4&#8243; _builder_version=&#8221;4.21.0&#8243; _module_preset=&#8221;default&#8221; global_colors_info=&#8221;{}&#8221;][et_pb_text _builder_version=&#8221;4.27.4&#8243; _module_preset=&#8221;default&#8221; text_text_color=&#8221;#666666&#8243; text_font_size=&#8221;16px&#8221; text_line_height=&#8221;1.5em&#8221; header_2_font=&#8221;|600|||||||&#8221; header_2_text_color=&#8221;gcid-293da448-f89a-45b9-8e92-706f4652a4ca&#8221; header_2_font_size=&#8221;18px&#8221; header_3_font=&#8221;|600|||||||&#8221; header_3_text_color=&#8221;#5C5C5C&#8221; header_3_font_size=&#8221;18px&#8221; header_4_text_color=&#8221;#000000&#8243; custom_margin=&#8221;||||false|false&#8221; custom_padding=&#8221;|50px||50px|false|false&#8221; custom_padding_tablet=&#8221;|50px||50px|false|false&#8221; custom_padding_phone=&#8221;|10px||20px|false|false&#8221; custom_padding_last_edited=&#8221;on|phone&#8221; hover_enabled=&#8221;0&#8243; text_font_size_tablet=&#8221;16px&#8221; text_font_size_phone=&#8221;14px&#8221; text_font_size_last_edited=&#8221;on|phone&#8221; header_2_font_size_tablet=&#8221;&#8221; header_2_font_size_phone=&#8221;&#8221; header_2_font_size_last_edited=&#8221;on|phone&#8221; header_3_font_size_tablet=&#8221;&#8221; header_3_font_size_phone=&#8221;&#8221; header_3_font_size_last_edited=&#8221;on|phone&#8221; global_colors_info=&#8221;{%22gcid-293da448-f89a-45b9-8e92-706f4652a4ca%22:%91%22header_2_text_color%22%93}&#8221; sticky_enabled=&#8221;0&#8243;]<\/p>\n<h2>Ng\u1eebng ph\u1ecfng \u0111o\u00e1n: SlotsMaker mang \u0111\u1ebfn s\u1ef1 ch\u1eafc ch\u1eafn v\u1ec1 ng\u00e2n s\u00e1ch trong iGaming<\/h2>\n<p><span style=\"font-weight: 400;\">H\u00e0nh tr\u00ecnh t\u1eeb \u00fd t\u01b0\u1edfng \u0111\u1ebfn m\u1ed9t n\u1ec1n t\u1ea3ng iGaming ph\u00e1t tri\u1ec3n m\u1ea1nh m\u1ebd \u0111\u1ea7y r\u1eaby nh\u1eefng chi ph\u00ed \u1ea9n v\u00e0 r\u00e0o c\u1ea3n ph\u00e1p l\u00fd. \u0110\u1ed1i v\u1edbi c\u00e1c nh\u00e0 \u0111i\u1ec1u h\u00e0nh B2B nghi\u00eam t\u00fac, vi\u1ec7c d\u1ef1a v\u00e0o \u01b0\u1edbc t\u00ednh theo gi\u1edd \u0111\u01a1n gi\u1ea3n cho vi\u1ec7c ph\u00e1t tri\u1ec3n ph\u1ea7n m\u1ec1m iGaming l\u00e0 c\u00f4ng th\u1ee9c d\u1eabn \u0111\u1ebfn v\u01b0\u1ee3t ng\u00e2n s\u00e1ch v\u00e0 tr\u00ec ho\u00e3n ra m\u1eaft s\u1ea3n ph\u1ea9m.<\/span><\/p>\n<p><span style=\"font-weight: 400;\">T\u1ea1i <\/span><span style=\"color: #3366ff;\"><a href=\"https:\/\/slotsmaker.com\/vi\/\" style=\"color: #3366ff;\"><b>SlotsMaker<\/b><\/a><\/span><span style=\"font-weight: 400;\">, ch\u00fang t\u00f4i kh\u00f4ng ch\u1ec9 cung c\u1ea5p m\u1ed9t n\u1ec1n t\u1ea3ng; ch\u00fang t\u00f4i cung c\u1ea5p s\u1ef1 d\u1ef1 \u0111o\u00e1n v\u1ec1 t\u00e0i ch\u00ednh. Ch\u00fang t\u00f4i t\u1eadn d\u1ee5ng kinh nghi\u1ec7m \u0111\u1ec3 chuy\u1ec3n \u0111\u1ed5i b\u1ed1i c\u1ea3nh ph\u1ee9c t\u1ea1p v\u00e0 t\u1ed1n k\u00e9m c\u1ee7a vi\u1ec7c ph\u00e1t tri\u1ec3n iGaming th\u00e0nh m\u1ed9t quy tr\u00ecnh r\u00f5 r\u00e0ng, d\u1ec5 qu\u1ea3n l\u00fd. \u0110\u00e2y l\u00e0 h\u01b0\u1edbng d\u1eabn chuy\u00ean gia c\u1ee7a ch\u00fang t\u00f4i \u0111\u1ec3 hi\u1ec3u r\u00f5 chi ph\u00ed c\u1ee7a b\u1ea1n\u2014v\u00e0 c\u00e1ch h\u1ee3p t\u00e1c v\u1edbi ch\u00fang t\u00f4i \u0111\u1ea3m b\u1ea3o T\u1ed5ng chi ph\u00ed s\u1edf h\u1eefu (TCO) t\u1ed1t h\u01a1n.<\/span><\/p>\n<h2>T\u1ef1 x\u00e2y d\u1ef1ng hay mua: L\u1ee3i th\u1ebf c\u1ee7a SlotsMaker<\/h2>\n<p><span style=\"font-weight: 400;\">Quy\u1ebft \u0111\u1ecbnh c\u01a1 b\u1ea3n m\u00e0 m\u1ecdi doanh nh\u00e2n iGaming ph\u1ea3i \u0111\u1ed1i m\u1eb7t l\u00e0 li\u1ec7u n\u00ean b\u1eaft \u0111\u1ea7u con \u0111\u01b0\u1eddng Ph\u00e1t tri\u1ec3n T\u00f9y ch\u1ec9nh (T\u1ef1 x\u00e2y d\u1ef1ng) hay ch\u1ecdn Gi\u1ea3i ph\u00e1p Nh\u00e3n tr\u1eafng (Mua). Trong l\u1ecbch s\u1eed, l\u1ef1a ch\u1ecdn n\u00e0y \u0111\u00e3 bu\u1ed9c ph\u1ea3i c\u00f3 m\u1ed9t s\u1ef1 th\u1ecfa hi\u1ec7p kh\u00f4ng th\u1ec3 ch\u1ea5p nh\u1eadn \u0111\u01b0\u1ee3c: t\u1ed1c \u0111\u1ed9 so v\u1edbi quy\u1ec1n ki\u1ec3m so\u00e1t.<\/span><\/p>\n<p><span style=\"font-weight: 400;\">X\u00e2y d\u1ef1ng n\u1ec1n t\u1ea3ng t\u00f9y ch\u1ec9nh mang l\u1ea1i cho b\u1ea1n quy\u1ec1n s\u1edf h\u1eefu ho\u00e0n to\u00e0n, kh\u00f4ng ph\u1ea3i chia s\u1ebb doanh thu \u0111\u1ecbnh k\u1ef3 v\u00e0 ki\u1ec3m so\u00e1t ho\u00e0n to\u00e0n th\u01b0\u01a1ng hi\u1ec7u c\u0169ng nh\u01b0 d\u1eef li\u1ec7u ng\u01b0\u1eddi ch\u01a1i. Tuy nhi\u00ean, \u0111i\u1ec1u n\u00e0y \u0111\u00f2i h\u1ecfi m\u1ed9t kho\u1ea3n \u0111\u1ea7u t\u01b0 v\u1ed1n ban \u0111\u1ea7u kh\u1ed5ng l\u1ed3, th\u01b0\u1eddng v\u01b0\u1ee3t qu\u00e1 500.000 \u0111\u1ebfn 1.500.000 \u0111\u00f4 la tr\u1edf l\u00ean, v\u00e0 khi\u1ebfn b\u1ea1n ph\u1ea3i ch\u1ecbu th\u1eddi gian ra m\u1eaft th\u1ecb tr\u01b0\u1eddng (TTM) d\u00e0i, c\u00f3 th\u1ec3 k\u00e9o d\u00e0i t\u1eeb 12 \u0111\u1ebfn 24 th\u00e1ng.<\/span><\/p>\n<p><span style=\"font-weight: 400;\">Ph\u01b0\u01a1ng \u00e1n White-Label (nh\u00e3n tr\u1eafng) mang l\u1ea1i \u0111i\u1ec1u ng\u01b0\u1ee3c l\u1ea1i: chi ph\u00ed ban \u0111\u1ea7u th\u1ea5p h\u01a1n v\u00e0 con \u0111\u01b0\u1eddng nhanh nh\u1ea5t \u0111\u1ec3 ra m\u1eaft s\u1ea3n ph\u1ea9m. Tuy nhi\u00ean, t\u1ed1c \u0111\u1ed9 n\u00e0y \u0111i k\u00e8m v\u1edbi m\u1ed9t c\u00e1i gi\u00e1 \u2013 quy\u1ec1n ki\u1ec3m so\u00e1t h\u1ea1n ch\u1ebf \u0111\u1ed1i v\u1edbi m\u00e3 ngu\u1ed3n, kh\u1ea3 n\u0103ng ph\u00e2n bi\u1ec7t th\u01b0\u01a1ng hi\u1ec7u b\u1ecb h\u1ea1n ch\u1ebf v\u00e0 chi ph\u00ed v\u1eadn h\u00e0nh d\u00e0i h\u1ea1n cao th\u00f4ng qua t\u1ef7 l\u1ec7 chia s\u1ebb doanh thu cao, th\u01b0\u1eddng l\u00e0 10% \u0111\u1ebfn 25% t\u1ed5ng doanh thu tr\u00f2 ch\u01a1i.<\/span><\/p>\n<p><span style=\"font-weight: 400;\">SlotsMaker lo\u1ea1i b\u1ecf s\u1ef1 th\u1ecfa hi\u1ec7p n\u00e0y. Ch\u00fang t\u00f4i kh\u00f4ng \u00e9p bu\u1ed9c b\u1ea1n ph\u1ea3i l\u1ef1a ch\u1ecdn m\u1ed9t ph\u01b0\u01a1ng \u00e1n k\u00e9m h\u01a1n. C\u00e1c gi\u1ea3i ph\u00e1p linh ho\u1ea1t c\u1ee7a ch\u00fang t\u00f4i cung c\u1ea5p cho b\u1ea1n nh\u1eefng t\u00ednh n\u0103ng t\u1ed1t nh\u1ea5t c\u1ee7a c\u1ea3 hai ph\u01b0\u01a1ng \u00e1n, cho ph\u00e9p b\u1ea1n \u0111\u1ea1t \u0111\u01b0\u1ee3c t\u1ed1c \u0111\u1ed9 m\u00e0 kh\u00f4ng ph\u1ea3i hy sinh quy\u1ec1n s\u1edf h\u1eefu v\u00e0 ki\u1ec3m so\u00e1t, cu\u1ed1i c\u00f9ng mang l\u1ea1i m\u1ed9t m\u00f4 h\u00ecnh kinh doanh t\u1ed1t h\u01a1n.<\/span><\/p>\n<p><span style=\"font-weight: 400;\">\u0110\u1ec3 c\u00f3 quy\u1ec1n s\u1edf h\u1eefu ho\u00e0n to\u00e0n v\u00e0 ki\u1ec3m so\u00e1t chi ph\u00ed, ch\u00fang t\u00f4i khuy\u00ean b\u1ea1n n\u00ean s\u1eed d\u1ee5ng SlotsMaker <\/span><span style=\"color: #3366ff;\"><a href=\"https:\/\/slotsmaker.com\/vi\/our-services\/slotsapi\/\" style=\"color: #3366ff;\"><b>SlotsAPI<\/b><\/a><\/span><span style=\"font-weight: 400;\">. Ch\u00fang t\u00f4i cung c\u1ea5p ki\u1ebfn \u200b\u200btr\u00fac c\u1ed1t l\u00f5i \u0111\u00e3 \u0111\u01b0\u1ee3c ch\u1ee9ng minh, s\u1eb5n s\u00e0ng t\u00edch h\u1ee3p th\u00f4ng qua API. C\u00e1ch ti\u1ebfp c\u1eadn n\u00e0y gi\u00fap gi\u1ea3m \u0111\u00e1ng k\u1ec3 \u0111\u1ed9 ph\u1ee9c t\u1ea1p v\u00e0 chi ph\u00ed ph\u00e1t tri\u1ec3n t\u00f9y ch\u1ec9nh, \u0111\u1ed3ng th\u1eddi v\u1eabn duy tr\u00ec to\u00e0n quy\u1ec1n ki\u1ec3m so\u00e1t th\u01b0\u01a1ng hi\u1ec7u v\u00e0 d\u1eef li\u1ec7u ng\u01b0\u1eddi ch\u01a1i qu\u00fd gi\u00e1 c\u1ee7a b\u1ea1n.<\/span><\/p>\n<p><span style=\"font-weight: 400;\">B\u1eb1ng c\u00e1ch ch\u1ecdn T\u00edch h\u1ee3p SlotsAPI c\u1ee7a ch\u00fang t\u00f4i, b\u1ea1n s\u1ebd t\u1eadn d\u1ee5ng n\u1ec1n t\u1ea3ng hi\u1ec7n c\u00f3, gi\u00fap tr\u00e1nh \u0111\u01b0\u1ee3c khung th\u1eddi gian 12-24 th\u00e1ng v\u00e0 kho\u1ea3n \u0111\u1ea7u t\u01b0 ban \u0111\u1ea7u kh\u1ed5ng l\u1ed3 li\u00ean quan \u0111\u1ebfn vi\u1ec7c x\u00e2y d\u1ef1ng to\u00e0n b\u1ed9 h\u1ec7 th\u1ed1ng t\u1eeb \u0111\u1ea7u. SlotsMaker l\u00e0 \u0111\u1ed1i t\u00e1c c\u1ee7a b\u1ea1n trong vi\u1ec7c \u0111\u1ea1t \u0111\u01b0\u1ee3c quy\u1ec1n ki\u1ec3m so\u00e1t chi\u1ebfn l\u01b0\u1ee3c v\u1edbi ng\u00e2n s\u00e1ch ch\u1eafc ch\u1eafn.<\/span><\/p>\n<h2>H\u1ee3p t\u00e1c v\u1edbi SlotsMaker \u0111\u1ec3 th\u00e0nh c\u00f4ng<\/h2>\n<p><span style=\"font-weight: 400;\">B\u1ea1n kh\u00f4ng c\u1ea7n m\u1ed9t ng\u00e2n s\u00e1ch kh\u1ed5ng l\u1ed3, kh\u00f3 d\u1ef1 \u0111o\u00e1n \u0111\u1ec3 tham gia th\u1ecb tr\u01b0\u1eddng iGaming. B\u1ea1n c\u1ea7n m\u1ed9t \u0111\u1ed1i t\u00e1c th\u00f4ng minh. Trong khi c\u00e1c d\u1ef1 \u00e1n x\u00e2y d\u1ef1ng t\u00f9y ch\u1ec9nh ho\u00e0n to\u00e0n c\u00f3 th\u1ec3 v\u01b0\u1ee3t qu\u00e1 1.000.000 \u0111\u00f4 la, SlotsMaker cung c\u1ea5p kh\u1ea3 n\u0103ng ki\u1ec3m so\u00e1t, tu\u00e2n th\u1ee7 v\u00e0 c\u00e1c t\u00ednh n\u0103ng c\u1ee7a m\u1ed9t n\u1ec1n t\u1ea3ng cao c\u1ea5p v\u1edbi r\u1ee7i ro th\u1ea5p h\u01a1n nhi\u1ec1u.<\/span><\/p>\n<p><span style=\"font-weight: 400;\">S\u1eb5n s\u00e0ng ra m\u1eaft n\u1ec1n t\u1ea3ng c\u1ee7a b\u1ea1n v\u1edbi ng\u00e2n s\u00e1ch d\u1ec5 d\u1ef1 \u0111o\u00e1n nh\u1ea5t trong ng\u00e0nh? <\/span><span style=\"color: #3366ff;\"><a href=\"https:\/\/slotsmaker.com\/vi\/contact-us\/\" style=\"color: #3366ff;\"><b>Li\u00ean h\u1ec7 v\u1edbi SlotsMaker<\/b><\/a><\/span><span style=\"font-weight: 400;\"> ngay h\u00f4m nay. H\u00e3y \u0111\u1ec3 ch\u00fang t\u00f4i cho b\u1ea1n th\u1ea5y c\u00e1c gi\u1ea3i ph\u00e1p m\u1ea1nh m\u1ebd c\u1ee7a ch\u00fang t\u00f4i gi\u00fap b\u1ea1n \u0111\u1ea1t \u0111\u01b0\u1ee3c th\u00e0nh c\u00f4ng nh\u01b0 th\u1ebf n\u00e0o.<\/span><\/p>\n<p>[\/et_pb_text][et_pb_button button_url=&#8221;https:\/\/slotsmaker.com\/vi\/news\/&#8221; button_text=&#8221;Quay l\u1ea1i tin t\u1ee9c&#8221; button_alignment=&#8221;center&#8221; disabled_on=&#8221;off|off|off&#8221; module_class=&#8221;custom-button&#8221; _builder_version=&#8221;4.27.4&#8243; _module_preset=&#8221;default&#8221; custom_button=&#8221;on&#8221; button_text_size=&#8221;20px&#8221; button_text_color=&#8221;#FFFFFF&#8221; button_bg_color=&#8221;gcid-primary-color&#8221; button_border_width=&#8221;2px&#8221; button_border_color=&#8221;RGBA(255,255,255,0)&#8221; button_font=&#8221;|600|||||||&#8221; button_use_icon=&#8221;off&#8221; background_layout=&#8221;dark&#8221; custom_margin=&#8221;||||false|false&#8221; custom_padding=&#8221;||||false|false&#8221; custom_padding_tablet=&#8221;||||false|false&#8221; custom_padding_phone=&#8221;||||false|false&#8221; custom_padding_last_edited=&#8221;on|desktop&#8221; hover_enabled=&#8221;0&#8243; button_text_size_tablet=&#8221;16px&#8221; button_text_size_phone=&#8221;16px&#8221; button_text_size_last_edited=&#8221;on|desktop&#8221; custom_css_after=&#8221;margin-top: 1px;&#8221; locked=&#8221;off&#8221; global_colors_info=&#8221;{%22gcid-primary-color%22:%91%22button_bg_color%22,%22button_bg_color%22%93,%22gcid-secondary-color%22:%91%22button_bg_color%22,%22button_bg_color__hover%22%93,%22gcid-74575f5e-bedc-40c1-ae7b-6696e83b758c%22:%91%22button_bg_color__hover%22%93}&#8221; button_bg_color__hover=&#8221;#a7268b&#8221; button_bg_color__hover_enabled=&#8221;on|hover&#8221; button_border_width__hover=&#8221;2px&#8221; button_border_width__hover_enabled=&#8221;on|hover&#8221; sticky_enabled=&#8221;0&#8243;][\/et_pb_button][\/et_pb_column][\/et_pb_row][\/et_pb_section]<\/p>\n","protected":false},"excerpt":{"rendered":"<p>T\u00ednh to\u00e1n chi ph\u00ed ph\u00e1t tri\u1ec3n ph\u1ea7n m\u1ec1m iGaming: H\u01b0\u1edbng d\u1eabn to\u00e0n di\u1ec7n 4th February 2026Ng\u1eebng ph\u1ecfng \u0111o\u00e1n: SlotsMaker mang \u0111\u1ebfn s\u1ef1 ch\u1eafc ch\u1eafn v\u1ec1 ng\u00e2n s\u00e1ch trong iGaming H\u00e0nh tr\u00ecnh t\u1eeb \u00fd t\u01b0\u1edfng \u0111\u1ebfn m\u1ed9t n\u1ec1n t\u1ea3ng iGaming ph\u00e1t tri\u1ec3n m\u1ea1nh m\u1ebd \u0111\u1ea7y r\u1eaby nh\u1eefng chi ph\u00ed \u1ea9n v\u00e0 r\u00e0o c\u1ea3n ph\u00e1p l\u00fd. \u0110\u1ed1i [&hellip;]<\/p>\n","protected":false},"author":7,"featured_media":18882,"parent":0,"menu_order":0,"comment_status":"closed","ping_status":"closed","template":"","meta":{"_et_pb_use_builder":"on","_et_pb_old_content":"","_et_gb_content_width":"","content-type":"","footnotes":""},"class_list":["post-18911","page","type-page","status-publish","has-post-thumbnail","hentry"],"_links":{"self":[{"href":"https:\/\/slotsmaker.com\/vi\/wp-json\/wp\/v2\/pages\/18911","targetHints":{"allow":["GET"]}}],"collection":[{"href":"https:\/\/slotsmaker.com\/vi\/wp-json\/wp\/v2\/pages"}],"about":[{"href":"https:\/\/slotsmaker.com\/vi\/wp-json\/wp\/v2\/types\/page"}],"author":[{"embeddable":true,"href":"https:\/\/slotsmaker.com\/vi\/wp-json\/wp\/v2\/users\/7"}],"replies":[{"embeddable":true,"href":"https:\/\/slotsmaker.com\/vi\/wp-json\/wp\/v2\/comments?post=18911"}],"version-history":[{"count":2,"href":"https:\/\/slotsmaker.com\/vi\/wp-json\/wp\/v2\/pages\/18911\/revisions"}],"predecessor-version":[{"id":18913,"href":"https:\/\/slotsmaker.com\/vi\/wp-json\/wp\/v2\/pages\/18911\/revisions\/18913"}],"wp:featuredmedia":[{"embeddable":true,"href":"https:\/\/slotsmaker.com\/vi\/wp-json\/wp\/v2\/media\/18882"}],"wp:attachment":[{"href":"https:\/\/slotsmaker.com\/vi\/wp-json\/wp\/v2\/media?parent=18911"}],"curies":[{"name":"wp","href":"https:\/\/api.w.org\/{rel}","templated":true}]}}