{"id":18972,"date":"2026-02-12T11:02:10","date_gmt":"2026-02-12T03:02:10","guid":{"rendered":"https:\/\/slotsmaker.com\/?page_id=18972"},"modified":"2026-02-12T13:30:09","modified_gmt":"2026-02-12T05:30:09","slug":"best-slot-game-features-2026-driving-revenue","status":"publish","type":"page","link":"https:\/\/slotsmaker.com\/vi\/best-slot-game-features-2026-driving-revenue\/","title":{"rendered":"The Best Slot Game Features 2026 Driving Player Retention and Revenue"},"content":{"rendered":"<p>[et_pb_section fb_built=&#8221;1&#8243; admin_label=&#8221;Section&#8221; _builder_version=&#8221;4.27.2&#8243; _module_preset=&#8221;default&#8221; background_color=&#8221;#FFFFFF&#8221; da_disable_devices=&#8221;off|off|off&#8221; locked=&#8221;off&#8221; global_colors_info=&#8221;{}&#8221; da_is_popup=&#8221;off&#8221; da_exit_intent=&#8221;off&#8221; da_has_close=&#8221;on&#8221; da_alt_close=&#8221;off&#8221; da_dark_close=&#8221;off&#8221; da_not_modal=&#8221;on&#8221; da_is_singular=&#8221;off&#8221; da_with_loader=&#8221;off&#8221; da_has_shadow=&#8221;on&#8221;][et_pb_row column_structure=&#8221;1_2,1_2&#8243; _builder_version=&#8221;4.27.4&#8243; _module_preset=&#8221;default&#8221; locked=&#8221;off&#8221; global_colors_info=&#8221;{}&#8221;][et_pb_column type=&#8221;1_2&#8243; _builder_version=&#8221;4.27.4&#8243; _module_preset=&#8221;default&#8221; global_colors_info=&#8221;{}&#8221;][et_pb_image src=&#8221;https:\/\/slotsmaker.com\/wp-content\/uploads\/2026\/02\/SlotsMaker-SEO-Article-2_1000x1000.jpg&#8221; alt=&#8221;The best slot game features for 2026, showing a dynamic slot machine reel surrounded by glowing digital overlays of data charts&#8221; title_text=&#8221;SlotsMaker SEO Article 2_1000x1000&#8243; _builder_version=&#8221;4.27.4&#8243; _module_preset=&#8221;default&#8221; scroll_horizontal_motion=&#8221;0|29|56|100|10|0|-4&#8243; scroll_fade=&#8221;0|49|49|100|0|100|100&#8243; border_radii=&#8221;off|50px|||&#8221; global_colors_info=&#8221;{}&#8221;][\/et_pb_image][\/et_pb_column][et_pb_column type=&#8221;1_2&#8243; _builder_version=&#8221;4.27.4&#8243; _module_preset=&#8221;default&#8221; global_colors_info=&#8221;{}&#8221;][et_pb_text _builder_version=&#8221;4.27.4&#8243; _module_preset=&#8221;default&#8221; text_text_color=&#8221;#FFFFFF&#8221; text_font_size=&#8221;18px&#8221; header_font=&#8221;||||||||&#8221; header_text_color=&#8221;#FFFFFF&#8221; header_line_height=&#8221;1.2em&#8221; background_color=&#8221;gcid-primary-color&#8221; width=&#8221;90%&#8221; custom_margin=&#8221;200px|||-150px|false|false&#8221; custom_margin_tablet=&#8221;120px|||-180px|false|false&#8221; custom_margin_phone=&#8221;-32px|||0px|false|false&#8221; custom_margin_last_edited=&#8221;on|phone&#8221; custom_padding=&#8221;20px||20px|30px|false|false&#8221; custom_padding_tablet=&#8221;20px||20px|30px|false|false&#8221; custom_padding_phone=&#8221;20px|||20px|false|false&#8221; custom_padding_last_edited=&#8221;on|phone&#8221; scroll_fade=&#8221;0|52|52|100|0|100|100&#8243; hover_enabled=&#8221;0&#8243; border_radii=&#8221;off|||30px|&#8221; global_colors_info=&#8221;{%22gcid-primary-color%22:%91%22background_color%22%93}&#8221; sticky_enabled=&#8221;0&#8243;]<\/p>\n<h1>C\u00e1c T\u00ednh N\u0103ng Tr\u00f2 Ch\u01a1i Slot T\u1ed1t Nh\u1ea5t N\u0103m 2026 Th\u00fac \u0110\u1ea9y Gi\u1eef Ch\u00e2n Ng\u01b0\u1eddi Ch\u01a1i v\u00e0 Doanh Thu<\/h1>\n<p>12th February 2026<\/p>\n<p>[\/et_pb_text][\/et_pb_column][\/et_pb_row][et_pb_row admin_label=&#8221;articles&#8221; _builder_version=&#8221;4.27.4&#8243; _module_preset=&#8221;default&#8221; background_color=&#8221;#FFFFFF&#8221; global_colors_info=&#8221;{}&#8221;][et_pb_column type=&#8221;4_4&#8243; _builder_version=&#8221;4.21.0&#8243; _module_preset=&#8221;default&#8221; global_colors_info=&#8221;{}&#8221;][et_pb_text _builder_version=&#8221;4.27.4&#8243; _module_preset=&#8221;default&#8221; text_text_color=&#8221;#666666&#8243; text_font_size=&#8221;16px&#8221; text_line_height=&#8221;1.5em&#8221; header_2_font=&#8221;|600|||||||&#8221; header_2_text_color=&#8221;gcid-293da448-f89a-45b9-8e92-706f4652a4ca&#8221; header_2_font_size=&#8221;18px&#8221; header_3_font=&#8221;|600|||||||&#8221; header_3_text_color=&#8221;#5C5C5C&#8221; header_3_font_size=&#8221;18px&#8221; header_4_text_color=&#8221;#000000&#8243; custom_margin=&#8221;||||false|false&#8221; custom_padding=&#8221;|50px||50px|false|false&#8221; custom_padding_tablet=&#8221;|50px||50px|false|false&#8221; custom_padding_phone=&#8221;|10px||20px|false|false&#8221; custom_padding_last_edited=&#8221;on|phone&#8221; hover_enabled=&#8221;0&#8243; text_font_size_tablet=&#8221;16px&#8221; text_font_size_phone=&#8221;14px&#8221; text_font_size_last_edited=&#8221;on|phone&#8221; header_2_font_size_tablet=&#8221;&#8221; header_2_font_size_phone=&#8221;&#8221; header_2_font_size_last_edited=&#8221;on|phone&#8221; header_3_font_size_tablet=&#8221;&#8221; header_3_font_size_phone=&#8221;&#8221; header_3_font_size_last_edited=&#8221;on|phone&#8221; global_colors_info=&#8221;{%22gcid-293da448-f89a-45b9-8e92-706f4652a4ca%22:%91%22header_2_text_color%22%93}&#8221; sticky_enabled=&#8221;0&#8243;]<\/p>\n<p><span style=\"font-weight: 400;\">B\u1ee9c tranh ng\u00e0nh c\u00f4ng nghi\u1ec7p game tr\u1ef1c tuy\u1ebfn \u0111ang thay \u0111\u1ed5i. Khi c\u1ea1nh tranh ng\u00e0y c\u00e0ng gay g\u1eaft, th\u01b0\u1edbc \u0111o th\u00e0nh c\u00f4ng kh\u00f4ng c\u00f2n ch\u1ec9 l\u00e0 vi\u1ec7c thu h\u00fat ng\u01b0\u1eddi ch\u01a1i m\u1edbi, m\u00e0 l\u00e0 vi\u1ec7c gi\u1eef ch\u00e2n ng\u01b0\u1eddi ch\u01a1i l\u00e2u d\u00e0i v\u00e0 s\u1ef1 gia t\u0103ng Gi\u00e1 Tr\u1ecb Tr\u1ecdn \u0110\u1eddi (LTV). \u0110\u1ed1i v\u1edbi n\u0103m 2026, c\u00e1c t\u00ednh n\u0103ng tr\u00f2 ch\u01a1i slot t\u1ed1t nh\u1ea5t \u0111ang v\u01b0\u1ee3t ra ngo\u00e0i c\u00e1c v\u00f2ng quay mi\u1ec5n ph\u00ed v\u00e0 bi\u1ec3u t\u01b0\u1ee3ng Wild ti\u00eau chu\u1ea9n, ph\u00e1t tri\u1ec3n th\u00e0nh c\u00e1c h\u1ec7 th\u1ed1ng ph\u1ee9c t\u1ea1p, d\u1ef1a tr\u00ean d\u1eef li\u1ec7u \u0111\u01b0\u1ee3c thi\u1ebft k\u1ebf \u0111\u1ec3 t\u1ea1o ra h\u00e0nh tr\u00ecnh ch\u01a1i game li\u00ean t\u1ee5c, \u0111\u01b0\u1ee3c c\u00e1 nh\u00e2n h\u00f3a s\u00e2u s\u1eafc. L\u00e0 nh\u00e0 cung c\u1ea5p B2B h\u00e0ng \u0111\u1ea7u th\u1ecb tr\u01b0\u1eddng, SlotsMaker \u0111\u00e3 x\u00e1c \u0111\u1ecbnh c\u00e1c t\u00ednh n\u0103ng c\u1ed1t l\u00f5i s\u1ebd \u0111\u1ecbnh h\u00ecnh danh m\u1ee5c tr\u00f2 ch\u01a1i slot hi\u1ec7u su\u1ea5t cao trong n\u0103m t\u1edbi.<\/span><\/p>\n<h2>K\u1ef7 Nguy\u00ean M\u1edbi: C\u00e1c T\u00ednh N\u0103ng N\u00f3i L\u00ean Ng\u01b0\u1eddi Ch\u01a1i, Kh\u00f4ng Ch\u1ec9 V\u00ed Ti\u1ec1n<\/h2>\n<p><span style=\"font-weight: 400;\">Th\u1ebf h\u1ec7 t\u00ednh n\u0103ng slot ti\u1ebfp theo th\u00e0nh c\u00f4ng v\u00ec ch\u00fang khai th\u00e1c c\u00e1c y\u1ebfu t\u1ed1 t\u00e2m l\u00fd th\u00fac \u0111\u1ea9y s\u1ef1 tham gia: s\u1ef1 ti\u1ebfn b\u1ed9, c\u1ed9ng \u0111\u1ed3ng v\u00e0 th\u1eed th\u00e1ch c\u00e1 nh\u00e2n. \u0110\u1ec3 \u0111\u1ea1t \u0111\u01b0\u1ee3c \u0111i\u1ec1u n\u00e0y, thi\u1ebft k\u1ebf tr\u00f2 ch\u01a1i ph\u1ea3i n\u0103ng \u0111\u1ed9ng v\u00e0 \u0111\u01b0\u1ee3c c\u00e1 nh\u00e2n h\u00f3a cao.<\/span><\/p>\n<p><span style=\"font-weight: 400;\">K\u1ef7 nguy\u00ean c\u1ee7a m\u1ed9t m\u00f4 h\u00ecnh to\u00e1n h\u1ecdc c\u1ed1 \u0111\u1ecbnh duy nh\u1ea5t \u0111ang nhanh ch\u00f3ng k\u1ebft th\u00fac. T\u01b0\u01a1ng lai c\u1ee7a c\u01a1 ch\u1ebf tr\u00f2 ch\u01a1i slot n\u1eb1m \u1edf c\u00e1c m\u00f4 h\u00ecnh \u0111i\u1ec1u ch\u1ec9nh m\u1ed9t c\u00e1ch tinh t\u1ebf v\u00e0 c\u00f3 tr\u00e1ch nhi\u1ec7m d\u1ef1a tr\u00ean h\u00e0nh vi c\u1ee7a ng\u01b0\u1eddi ch\u01a1i trong th\u1eddi gian th\u1ef1c, t\u1ed1i \u01b0u h\u00f3a gi\u00e1 tr\u1ecb gi\u1ea3i tr\u00ed. T\u00ednh n\u0103ng c\u1ed1t l\u00f5i l\u00e0 l\u1edbp Tr\u00ed tu\u1ec7 nh\u00e2n t\u1ea1o (AI) ho\u1eb7c H\u1ecdc m\u00e1y (ML) \u0111\u01b0\u1ee3c t\u00edch h\u1ee3p, li\u00ean t\u1ee5c gi\u00e1m s\u00e1t c\u00e1c phi\u00ean ch\u01a1i, k\u00edch th\u01b0\u1edbc \u0111\u1eb7t c\u01b0\u1ee3c v\u00e0 th\u1eddi gian ch\u01a1i.<\/span><\/p>\n<p><span style=\"font-weight: 400;\">\u0110i\u1ec1u n\u00e0y \u0111\u1ea3m b\u1ea3o tr\u1ea3i nghi\u1ec7m \u0111\u01b0\u1ee3c c\u00e1 nh\u00e2n h\u00f3a: ng\u01b0\u1eddi ch\u01a1i c\u00f3 t\u1ef7 l\u1ec7 gi\u1eef ch\u00e2n th\u1ea5p c\u00f3 th\u1ec3 th\u1ea5y t\u1ea7n su\u1ea5t xu\u1ea5t hi\u1ec7n c\u00e1c t\u00ednh n\u0103ng c\u00f3 gi\u00e1 tr\u1ecb th\u1ea5p \u0111\u1ebfn trung b\u00ecnh t\u0103ng l\u00ean \u0111\u1ec3 duy tr\u00ec s\u1ef1 h\u1ee9ng th\u00fa v\u00e0 k\u00e9o d\u00e0i phi\u00ean ch\u01a1i, trong khi ng\u01b0\u1eddi ch\u01a1i c\u00f3 gi\u00e1 tr\u1ecb cao h\u01a1n c\u00f3 th\u1ec3 \u0111\u01b0\u1ee3c h\u01b0\u1edbng \u0111\u1ebfn c\u00e1c chu\u1ed7i c\u00f3 \u0111\u1ed9 bi\u1ebfn \u0111\u1ed9ng cao h\u01a1n, \u0111\u00e1p \u1ee9ng s\u1edf th\u00edch c\u1ee7a ng\u01b0\u1eddi ch\u01a1i th\u00edch c\u1ea3m gi\u00e1c m\u1ea1nh v\u1edbi nh\u1eefng chi\u1ebfn th\u1eafng l\u1edbn h\u01a1n nh\u01b0ng \u00edt th\u01b0\u1eddng xuy\u00ean h\u01a1n. L\u1ee3i \u00edch tr\u1ef1c ti\u1ebfp cho nh\u00e0 \u0111i\u1ec1u h\u00e0nh l\u00e0 t\u1ed1i \u0111a h\u00f3a t\u1ef7 l\u1ec7 gi\u1eef ch\u00e2n v\u00e0 gi\u00e1 tr\u1ecb v\u00f2ng \u0111\u1eddi kh\u00e1ch h\u00e0ng (LTV), v\u00ec vi\u1ec7c c\u00e1 nh\u00e2n h\u00f3a li\u00ean t\u1ee5c n\u00e0y gi\u00fap ng\u01b0\u1eddi ch\u01a1i g\u1eafn b\u00f3 l\u00e2u h\u01a1n b\u1eb1ng c\u00e1ch cung c\u1ea5p m\u1ed9t phi\u00ean ch\u01a1i \u0111\u01b0\u1ee3c thi\u1ebft k\u1ebf ho\u00e0n h\u1ea3o ph\u00f9 h\u1ee3p v\u1edbi h\u1ed3 s\u01a1 r\u1ee7i ro c\u1ee7a h\u1ecd, gi\u1ea3m thi\u1ec3u hi\u1ec7u qu\u1ea3 t\u00ecnh tr\u1ea1ng b\u1ecf ch\u01a1i kh\u00f4ng c\u1ea7n thi\u1ebft m\u00e0 kh\u00f4ng \u1ea3nh h\u01b0\u1edfng \u0111\u1ebfn t\u00ednh c\u00f4ng b\u1eb1ng.<\/span><\/p>\n<h2>C\u01a1 ch\u1ebf tr\u00f2 ch\u01a1i slot x\u00e3 h\u1ed9i v\u00e0 nhi\u1ec1u ng\u01b0\u1eddi ch\u01a1i<\/h2>\n<p><span style=\"font-weight: 400;\">Ng\u01b0\u1eddi ch\u01a1i hi\u1ec7n \u0111\u1ea1i, \u0111\u1eb7c bi\u1ec7t l\u00e0 nh\u1eefng ng\u01b0\u1eddi tr\u1ebb tu\u1ed5i, r\u1ea5t mong mu\u1ed1n nh\u1eefng tr\u1ea3i nghi\u1ec7m \u0111\u01b0\u1ee3c chia s\u1ebb. Do \u0111\u00f3, danh m\u1ee5c tr\u00f2 ch\u01a1i slot n\u0103m 2026 ph\u1ea3i t\u00edch h\u1ee3p y\u1ebfu t\u1ed1 x\u00e3 h\u1ed9i, v\u01b0\u1ee3t xa vi\u1ec7c ch\u1ec9 hi\u1ec3n th\u1ecb b\u1ea3ng x\u1ebfp h\u1ea1ng \u0111\u01a1n gi\u1ea3n. M\u1ed9t c\u01a1 ch\u1ebf thi\u1ebft y\u1ebfu kh\u00e1c l\u00e0 T\u00edch h\u1ee3p \u0111\u1eb7t c\u01b0\u1ee3c v\u1edbi ng\u01b0\u1eddi ph\u00e1t tr\u1ef1c ti\u1ebfp\/ng\u01b0\u1eddi c\u00f3 \u1ea3nh h\u01b0\u1edfng (\u0110\u1eb7t c\u01b0\u1ee3c c\u00f9ng ng\u01b0\u1eddi ph\u00e1t tr\u1ef1c ti\u1ebfp), cung c\u1ea5p kh\u1ea3 n\u0103ng t\u00edch h\u1ee3p li\u1ec1n m\u1ea1ch cho ph\u00e9p ng\u01b0\u1eddi ch\u01a1i c\u1ee7a nh\u00e0 \u0111i\u1ec1u h\u00e0nh &#8216;sao ch\u00e9p&#8217; c\u01b0\u1ee3c c\u1ee7a ng\u01b0\u1eddi ph\u00e1t tr\u1ef1c ti\u1ebfp \u0111\u00e1ng tin c\u1eady tr\u1ef1c ti\u1ebfp t\u1eeb c\u1eeda s\u1ed5 ph\u00e1t tr\u1ef1c ti\u1ebfp \u0111\u01b0\u1ee3c nh\u00fang trong s\u1ea3nh tr\u00f2 ch\u01a1i. L\u1ee3i \u00edch ch\u00ednh c\u1ee7a c\u00e1c c\u01a1 ch\u1ebf x\u00e3 h\u1ed9i n\u00e0y \u0111\u1ed1i v\u1edbi nh\u00e0 \u0111i\u1ec1u h\u00e0nh l\u00e0 s\u1ef1 ph\u00e1t tri\u1ec3n lan truy\u1ec1n v\u00e0 x\u00e2y d\u1ef1ng c\u1ed9ng \u0111\u1ed3ng. Ch\u00fang bi\u1ebfn m\u1ed9t ho\u1ea1t \u0111\u1ed9ng v\u1ed1n d\u0129 \u0111\u01a1n \u0111\u1ed9c th\u00e0nh m\u1ed9t ho\u1ea1t \u0111\u1ed9ng c\u1ed9ng \u0111\u1ed3ng, t\u1ea1o ra c\u00e1c cu\u1ed9c tr\u00f2 chuy\u1ec7n quan tr\u1ecdng, khuy\u1ebfn kh\u00edch c\u00e1c phi\u00ean ch\u01a1i d\u00e0i h\u01a1n v\u00e0 th\u01b0\u1eddng xuy\u00ean h\u01a1n, \u0111\u1ed3ng th\u1eddi t\u1eadn d\u1ee5ng hi\u1ec7u qu\u1ea3 s\u1ee9c m\u1ea1nh to l\u1edbn c\u1ee7a n\u1ed9i dung do ng\u01b0\u1eddi d\u00f9ng t\u1ea1o ra v\u00e0 s\u1ef1 tin t\u01b0\u1edfng.<\/span><\/p>\n<h2>C\u00e1c tr\u1ee5 c\u1ed9t c\u00f4ng ngh\u1ec7 c\u1ee7a SlotsMaker cho n\u0103m 2026<\/h2>\n<p><span style=\"font-weight: 400;\">Vi\u1ec7c l\u1ef1a ch\u1ecdn c\u00e1c t\u00ednh n\u0103ng tr\u00f2 ch\u01a1i slot t\u1ed1t nh\u1ea5t ch\u1eafc ch\u1eafn l\u00e0 quy\u1ebft \u0111\u1ecbnh quan tr\u1ecdng nh\u1ea5t m\u00e0 nh\u00e0 \u0111i\u1ec1u h\u00e0nh c\u00f3 th\u1ec3 \u0111\u01b0a ra \u0111\u1ec3 t\u00e1c \u0111\u1ed9ng t\u00edch c\u1ef1c \u0111\u1ebfn l\u1ee3i nhu\u1eadn c\u1ee7a h\u1ecd v\u00e0o n\u0103m 2026. S\u1ef1 thay \u0111\u1ed5i r\u00f5 r\u1ec7t l\u00e0 t\u1eeb vi\u1ec7c cung c\u1ea5p n\u1ed9i dung t\u0129nh sang cung c\u1ea5p gi\u1ea3i tr\u00ed n\u0103ng \u0111\u1ed9ng, t\u01b0\u01a1ng t\u00e1c. SlotsMaker kh\u00f4ng ch\u1ec9 \u0111\u01a1n thu\u1ea7n cung c\u1ea5p tr\u00f2 ch\u01a1i slot; ch\u00fang t\u00f4i cung c\u1ea5p m\u1ed9t b\u1ed9 t\u00ednh n\u0103ng to\u00e0n di\u1ec7n, hi\u1ec7u su\u1ea5t cao, t\u1eadp trung v\u00e0o vi\u1ec7c gi\u1eef ch\u00e2n ng\u01b0\u1eddi ch\u01a1i, \u0111\u01b0\u1ee3c x\u00e2y d\u1ef1ng tr\u00ean c\u00f4ng ngh\u1ec7 hi\u1ec7n \u0111\u1ea1i. To\u00e0n b\u1ed9 l\u1ed9 tr\u00ecnh ph\u00e1t tri\u1ec3n s\u1ea3n ph\u1ea9m c\u1ee7a ch\u00fang t\u00f4i \u0111\u01b0\u1ee3c thi\u1ebft k\u1ebf \u0111\u1eb7c bi\u1ec7t \u0111\u1ec3 cung c\u1ea5p cho n\u1ec1n t\u1ea3ng c\u1ee7a b\u1ea1n l\u1ee3i th\u1ebf c\u1ea1nh tranh c\u1ea7n thi\u1ebft \u0111\u1ec3 chuy\u1ec3n \u0111\u1ed5i ng\u01b0\u1eddi ch\u01a1i th\u00f4ng th\u01b0\u1eddng th\u00e0nh kh\u00e1ch h\u00e0ng trung th\u00e0nh, c\u00f3 gi\u00e1 tr\u1ecb v\u00f2ng \u0111\u1eddi kh\u00e1ch h\u00e0ng cao (LTV).<\/span><\/p>\n<p><span style=\"font-weight: 400;\">B\u1ea1n \u0111\u00e3 s\u1eb5n s\u00e0ng xem <\/span><span style=\"color: #3366ff;\"><a href=\"https:\/\/slotsmaker.com\/vi\/\" style=\"color: #3366ff;\"><b>SlotsMaker<\/b><\/a><\/span><span style=\"font-weight: 400;\"> c\u00f3 th\u1ec3 t\u00edch h\u1ee3p li\u1ec1n m\u1ea1ch v\u1edbi n\u1ec1n t\u1ea3ng hi\u1ec7n c\u00f3 c\u1ee7a b\u1ea1n nh\u01b0 th\u1ebf n\u00e0o ch\u01b0a? <\/span><span style=\"color: #3366ff;\"><a href=\"https:\/\/slotsmaker.com\/vi\/contact-us\/\" style=\"color: #3366ff;\"><b>Li\u00ean h\u1ec7 v\u1edbi SlotsMaker<\/b><\/a><\/span><span style=\"font-weight: 400;\"> \u0111\u1ec3 th\u1ea3o lu\u1eadn v\u1ec1 chi\u1ebfn l\u01b0\u1ee3c n\u1ed9i dung t\u00f9y ch\u1ec9nh nh\u1eafm m\u1ee5c ti\u00eau v\u00e0o th\u1ecb tr\u01b0\u1eddng c\u1ed1t l\u00f5i c\u1ee7a b\u1ea1n.<\/span><\/p>\n<p>[\/et_pb_text][et_pb_button button_url=&#8221;https:\/\/slotsmaker.com\/vi\/news\/&#8221; button_text=&#8221;Quay l\u1ea1i tin t\u1ee9c&#8221; button_alignment=&#8221;center&#8221; disabled_on=&#8221;off|off|off&#8221; module_class=&#8221;custom-button&#8221; _builder_version=&#8221;4.27.4&#8243; _module_preset=&#8221;default&#8221; custom_button=&#8221;on&#8221; button_text_size=&#8221;20px&#8221; button_text_color=&#8221;#FFFFFF&#8221; button_bg_color=&#8221;gcid-primary-color&#8221; button_border_width=&#8221;2px&#8221; button_border_color=&#8221;RGBA(255,255,255,0)&#8221; button_font=&#8221;|600|||||||&#8221; button_use_icon=&#8221;off&#8221; background_layout=&#8221;dark&#8221; custom_margin=&#8221;||||false|false&#8221; custom_padding=&#8221;||||false|false&#8221; custom_padding_tablet=&#8221;||||false|false&#8221; custom_padding_phone=&#8221;||||false|false&#8221; custom_padding_last_edited=&#8221;on|desktop&#8221; hover_enabled=&#8221;0&#8243; button_text_size_tablet=&#8221;16px&#8221; button_text_size_phone=&#8221;16px&#8221; button_text_size_last_edited=&#8221;on|desktop&#8221; custom_css_after=&#8221;margin-top: 1px;&#8221; locked=&#8221;off&#8221; global_colors_info=&#8221;{%22gcid-primary-color%22:%91%22button_bg_color%22,%22button_bg_color%22%93,%22gcid-secondary-color%22:%91%22button_bg_color%22,%22button_bg_color__hover%22%93,%22gcid-74575f5e-bedc-40c1-ae7b-6696e83b758c%22:%91%22button_bg_color__hover%22%93}&#8221; button_bg_color__hover=&#8221;#a7268b&#8221; button_bg_color__hover_enabled=&#8221;on|hover&#8221; button_border_width__hover=&#8221;2px&#8221; button_border_width__hover_enabled=&#8221;on|hover&#8221; sticky_enabled=&#8221;0&#8243;][\/et_pb_button][\/et_pb_column][\/et_pb_row][\/et_pb_section]<\/p>\n","protected":false},"excerpt":{"rendered":"<p>C\u00e1c T\u00ednh N\u0103ng Tr\u00f2 Ch\u01a1i Slot T\u1ed1t Nh\u1ea5t N\u0103m 2026 Th\u00fac \u0110\u1ea9y Gi\u1eef Ch\u00e2n Ng\u01b0\u1eddi Ch\u01a1i v\u00e0 Doanh Thu 12th February 2026B\u1ee9c tranh ng\u00e0nh c\u00f4ng nghi\u1ec7p game tr\u1ef1c tuy\u1ebfn \u0111ang thay \u0111\u1ed5i. Khi c\u1ea1nh tranh ng\u00e0y c\u00e0ng gay g\u1eaft, th\u01b0\u1edbc \u0111o th\u00e0nh c\u00f4ng kh\u00f4ng c\u00f2n ch\u1ec9 l\u00e0 vi\u1ec7c thu h\u00fat ng\u01b0\u1eddi ch\u01a1i m\u1edbi, m\u00e0 l\u00e0 [&hellip;]<\/p>\n","protected":false},"author":7,"featured_media":18938,"parent":0,"menu_order":0,"comment_status":"closed","ping_status":"closed","template":"","meta":{"_et_pb_use_builder":"on","_et_pb_old_content":"","_et_gb_content_width":"","content-type":"","footnotes":""},"class_list":["post-18972","page","type-page","status-publish","has-post-thumbnail","hentry"],"_links":{"self":[{"href":"https:\/\/slotsmaker.com\/vi\/wp-json\/wp\/v2\/pages\/18972","targetHints":{"allow":["GET"]}}],"collection":[{"href":"https:\/\/slotsmaker.com\/vi\/wp-json\/wp\/v2\/pages"}],"about":[{"href":"https:\/\/slotsmaker.com\/vi\/wp-json\/wp\/v2\/types\/page"}],"author":[{"embeddable":true,"href":"https:\/\/slotsmaker.com\/vi\/wp-json\/wp\/v2\/users\/7"}],"replies":[{"embeddable":true,"href":"https:\/\/slotsmaker.com\/vi\/wp-json\/wp\/v2\/comments?post=18972"}],"version-history":[{"count":2,"href":"https:\/\/slotsmaker.com\/vi\/wp-json\/wp\/v2\/pages\/18972\/revisions"}],"predecessor-version":[{"id":18974,"href":"https:\/\/slotsmaker.com\/vi\/wp-json\/wp\/v2\/pages\/18972\/revisions\/18974"}],"wp:featuredmedia":[{"embeddable":true,"href":"https:\/\/slotsmaker.com\/vi\/wp-json\/wp\/v2\/media\/18938"}],"wp:attachment":[{"href":"https:\/\/slotsmaker.com\/vi\/wp-json\/wp\/v2\/media?parent=18972"}],"curies":[{"name":"wp","href":"https:\/\/api.w.org\/{rel}","templated":true}]}}