{"id":19151,"date":"2026-02-25T18:00:17","date_gmt":"2026-02-25T10:00:17","guid":{"rendered":"https:\/\/slotsmaker.com\/?page_id=19151"},"modified":"2026-02-25T18:34:00","modified_gmt":"2026-02-25T10:34:00","slug":"live22-and-slotsmaker-unveil-mahjong-gold-phoenix","status":"publish","type":"page","link":"https:\/\/slotsmaker.com\/vi\/live22-and-slotsmaker-unveil-mahjong-gold-phoenix\/","title":{"rendered":"Live22 &amp; SlotsMaker Unveil Mahjong Gold: Phoenix &#8211; A Masterpiece for the Thai Market"},"content":{"rendered":"<p>[et_pb_section fb_built=&#8221;1&#8243; admin_label=&#8221;Section&#8221; _builder_version=&#8221;4.27.2&#8243; _module_preset=&#8221;default&#8221; background_color=&#8221;#FFFFFF&#8221; da_disable_devices=&#8221;off|off|off&#8221; locked=&#8221;off&#8221; global_colors_info=&#8221;{}&#8221; da_is_popup=&#8221;off&#8221; da_exit_intent=&#8221;off&#8221; da_has_close=&#8221;on&#8221; da_alt_close=&#8221;off&#8221; da_dark_close=&#8221;off&#8221; da_not_modal=&#8221;on&#8221; da_is_singular=&#8221;off&#8221; da_with_loader=&#8221;off&#8221; da_has_shadow=&#8221;on&#8221;][et_pb_row column_structure=&#8221;1_2,1_2&#8243; _builder_version=&#8221;4.27.4&#8243; _module_preset=&#8221;default&#8221; locked=&#8221;off&#8221; global_colors_info=&#8221;{}&#8221;][et_pb_column type=&#8221;1_2&#8243; _builder_version=&#8221;4.27.4&#8243; _module_preset=&#8221;default&#8221; global_colors_info=&#8221;{}&#8221;][et_pb_image src=&#8221;https:\/\/slotsmaker.com\/wp-content\/uploads\/2026\/02\/SlotsMaker-New-Game-Article_Mahjong-Gold-Phoenix_1000x1000.jpg&#8221; alt=&#8221;Pixar-style 2.5D rendered Mahjong tiles with glowing gold frames on a premium casino background.&#8221; title_text=&#8221;SlotsMaker New Game Article_Mahjong Gold Phoenix_1000x1000&#8243; _builder_version=&#8221;4.27.4&#8243; _module_preset=&#8221;default&#8221; scroll_horizontal_motion=&#8221;0|29|56|100|10|0|-4&#8243; scroll_fade=&#8221;0|49|49|100|0|100|100&#8243; border_radii=&#8221;off|50px|||&#8221; global_colors_info=&#8221;{}&#8221;][\/et_pb_image][\/et_pb_column][et_pb_column type=&#8221;1_2&#8243; _builder_version=&#8221;4.27.4&#8243; _module_preset=&#8221;default&#8221; global_colors_info=&#8221;{}&#8221;][et_pb_text _builder_version=&#8221;4.27.4&#8243; _module_preset=&#8221;default&#8221; text_text_color=&#8221;#FFFFFF&#8221; text_font_size=&#8221;18px&#8221; header_font=&#8221;||||||||&#8221; header_text_color=&#8221;#FFFFFF&#8221; header_line_height=&#8221;1.2em&#8221; background_color=&#8221;gcid-primary-color&#8221; width=&#8221;90%&#8221; custom_margin=&#8221;200px|||-150px|false|false&#8221; custom_margin_tablet=&#8221;120px|||-180px|false|false&#8221; custom_margin_phone=&#8221;-32px|||0px|false|false&#8221; custom_margin_last_edited=&#8221;on|phone&#8221; custom_padding=&#8221;20px||20px|30px|false|false&#8221; custom_padding_tablet=&#8221;20px||20px|30px|false|false&#8221; custom_padding_phone=&#8221;20px|||20px|false|false&#8221; custom_padding_last_edited=&#8221;on|phone&#8221; scroll_fade=&#8221;0|52|52|100|0|100|100&#8243; hover_enabled=&#8221;0&#8243; border_radii=&#8221;off|||30px|&#8221; global_colors_info=&#8221;{%22gcid-primary-color%22:%91%22background_color%22%93}&#8221; sticky_enabled=&#8221;0&#8243;]<\/p>\n<h1>Live22 &amp; SlotsMaker Ra M\u1eaft Mahjong Gold: Phoenix &#8211; Ki\u1ec7t T\u00e1c D\u00e0nh Cho Th\u1ecb Tr\u01b0\u1eddng Th\u00e1i Lan<\/h1>\n<p>25th February 2026<\/p>\n<p>[\/et_pb_text][\/et_pb_column][\/et_pb_row][et_pb_row admin_label=&#8221;articles&#8221; _builder_version=&#8221;4.27.4&#8243; _module_preset=&#8221;default&#8221; background_color=&#8221;#FFFFFF&#8221; global_colors_info=&#8221;{}&#8221;][et_pb_column type=&#8221;4_4&#8243; _builder_version=&#8221;4.21.0&#8243; _module_preset=&#8221;default&#8221; global_colors_info=&#8221;{}&#8221;][et_pb_text _builder_version=&#8221;4.27.4&#8243; _module_preset=&#8221;default&#8221; text_text_color=&#8221;#666666&#8243; text_font_size=&#8221;16px&#8221; text_line_height=&#8221;1.5em&#8221; header_2_font=&#8221;|600|||||||&#8221; header_2_text_color=&#8221;gcid-293da448-f89a-45b9-8e92-706f4652a4ca&#8221; header_2_font_size=&#8221;18px&#8221; header_3_font=&#8221;|600|||||||&#8221; header_3_text_color=&#8221;#5C5C5C&#8221; header_3_font_size=&#8221;18px&#8221; header_4_text_color=&#8221;#000000&#8243; custom_margin=&#8221;||||false|false&#8221; custom_padding=&#8221;|50px||50px|false|false&#8221; custom_padding_tablet=&#8221;|50px||50px|false|false&#8221; custom_padding_phone=&#8221;|10px||20px|false|false&#8221; custom_padding_last_edited=&#8221;on|phone&#8221; hover_enabled=&#8221;0&#8243; text_font_size_tablet=&#8221;16px&#8221; text_font_size_phone=&#8221;14px&#8221; text_font_size_last_edited=&#8221;on|phone&#8221; header_2_font_size_tablet=&#8221;&#8221; header_2_font_size_phone=&#8221;&#8221; header_2_font_size_last_edited=&#8221;on|phone&#8221; header_3_font_size_tablet=&#8221;&#8221; header_3_font_size_phone=&#8221;&#8221; header_3_font_size_last_edited=&#8221;on|phone&#8221; global_colors_info=&#8221;{%22gcid-293da448-f89a-45b9-8e92-706f4652a4ca%22:%91%22header_2_text_color%22%93}&#8221; sticky_enabled=&#8221;0&#8243;]<\/p>\n<p><span style=\"font-weight: 400;\">Th\u1ebf gi\u1edbi game tr\u1ef1c tuy\u1ebfn v\u1eeba tr\u1edf n\u00ean r\u1ea1ng r\u1ee1 h\u01a1n bao gi\u1edd h\u1ebft. Trong m\u1ed9t s\u1ef1 h\u1ee3p t\u00e1c \u0111\u1ea7y th\u00fa v\u1ecb, hai \u00f4ng l\u1edbn trong ng\u00e0nh <\/span><span style=\"color: #3366ff;\"><a href=\"http:\/\/www.live22.com\" style=\"color: #3366ff;\" target=\"_blank\" rel=\"noopener\"><b>Live22<\/b><\/a><\/span><span style=\"font-weight: 400;\"> v\u00e0 <\/span><span style=\"color: #3366ff;\"><a href=\"http:\/\/www.slotsmaker.com\" style=\"color: #3366ff;\"><b>SlotsMaker<\/b><\/a><\/span><span style=\"font-weight: 400;\"> \u0111\u00e3 c\u00f9ng nhau ra m\u1eaft t\u1ef1a game h\u00e0ng \u0111\u1ea7u m\u1edbi nh\u1ea5t c\u1ee7a h\u1ecd, Mahjong Gold: Phoenix. \u0110\u01b0\u1ee3c thi\u1ebft k\u1ebf \u0111\u1eb7c bi\u1ec7t \u0111\u1ec3 ph\u00f9 h\u1ee3p v\u1edbi s\u1edf th\u00edch th\u1ea9m m\u1ef9 v\u00e0 phong c\u00e1ch ch\u01a1i c\u1ee7a ng\u01b0\u1eddi ch\u01a1i t\u1ea1i Th\u00e1i Lan, s\u1ef1 h\u1ee3p t\u00e1c n\u00e0y mang \u0111\u1ebfn m\u1ed9t di\u1ec7n m\u1ea1o m\u1edbi m\u1ebb, cao c\u1ea5p cho th\u1ec3 lo\u1ea1i Mahjong \u0111\u01b0\u1ee3c y\u00eau th\u00edch.<\/span><\/p>\n<h2>M\u1ed9t Cu\u1ed9c C\u00e1ch M\u1ea1ng H\u00ecnh \u1ea2nh: Ngh\u1ec7 Thu\u1eadt Phong C\u00e1ch Pixar<\/h2>\n<p><span style=\"font-weight: 400;\">Kh\u00e1c bi\u1ec7t v\u1edbi thi\u1ebft k\u1ebf slot truy\u1ec1n th\u1ed1ng, Mahjong Gold: Phoenix s\u1eed d\u1ee5ng phong c\u00e1ch ngh\u1ec7 thu\u1eadt 2.5D l\u1ea5y c\u1ea3m h\u1ee9ng t\u1eeb Pixar. K\u1ebft qu\u1ea3 l\u00e0 m\u1ed9t b\u1ea7u kh\u00f4ng kh\u00ed s\u1ed1ng \u0111\u1ed9ng, \u201cl\u1ea5p l\u00e1nh\u201d, n\u01a1i m\u1ed7i qu\u00e2n b\u00e0i \u0111\u1ec1u c\u00f3 c\u1ea3m gi\u00e1c ch\u00e2n th\u1ef1c v\u00e0 m\u1ecdi ho\u1ea1t \u1ea3nh \u0111\u1ec1u m\u01b0\u1ee3t m\u00e0. Gi\u00e1 tr\u1ecb s\u1ea3n xu\u1ea5t cao n\u00e0y t\u1ea1o ra tr\u1ea3i nghi\u1ec7m nh\u1eadp vai, gi\u1ed1ng nh\u01b0 m\u1ed9t b\u1ed9 phim ho\u1ea1t h\u00ecnh hi\u1ec7n \u0111\u1ea1i h\u01a1n l\u00e0 m\u1ed9t m\u00e1y slot th\u00f4ng th\u01b0\u1eddng.<\/span><\/p>\n<h2>L\u1ed1i Ch\u01a1i S\u00e1ng T\u1ea1o: S\u1ef1 Bi\u1ebfn \u0110\u1ed5i V\u00e0ng<\/h2>\n<p><span style=\"font-weight: 400;\">C\u1ed1t l\u00f5i c\u1ee7a tr\u00f2 ch\u01a1i slot 1024 c\u00e1ch ch\u01a1i n\u00e0y ch\u00ednh l\u00e0 c\u01a1 ch\u1ebf Bi\u1ec3u T\u01b0\u1ee3ng V\u00e0ng. Trong m\u1ed7i v\u00f2ng quay, c\u00e1c bi\u1ec3u t\u01b0\u1ee3ng th\u00f4ng th\u01b0\u1eddng c\u00f3 th\u1ec3 xu\u1ea5t hi\u1ec7n v\u1edbi khung v\u00e0ng l\u1ea5p l\u00e1nh tr\u00ean c\u00e1c cu\u1ed9n 2, 3 v\u00e0 4. Khi c\u00e1c bi\u1ec3u t\u01b0\u1ee3ng n\u00e0y t\u1ea1o th\u00e0nh m\u1ed9t li\u00ean k\u1ebft chi\u1ebfn th\u1eafng, ch\u00fang kh\u00f4ng ch\u1ec9 bi\u1ebfn m\u1ea5t m\u00e0 c\u00f2n ti\u1ebfn h\u00f3a.<\/span><\/p>\n<p><span style=\"font-weight: 400;\">Ch\u00fang bi\u1ebfn \u0111\u1ed5i th\u00e0nh bi\u1ec3u t\u01b0\u1ee3ng Wild th\u00f4ng th\u01b0\u1eddng ho\u1eb7c bi\u1ec3u t\u01b0\u1ee3ng Sticky Wild m\u1ea1nh m\u1ebd. Sticky Wild l\u00e0 m\u1ed9t y\u1ebfu t\u1ed1 thay \u0111\u1ed5i cu\u1ed9c ch\u01a1i th\u1ef1c s\u1ef1, xu\u1ea5t hi\u1ec7n v\u1edbi ba m\u1ea1ng s\u1ed1ng. N\u00f3 s\u1ebd kh\u00f3a tr\u00ean b\u1ea3ng trong t\u1ed1i \u0111a ba li\u00ean k\u1ebft chi\u1ebfn th\u1eafng li\u00ean ti\u1ebfp, t\u1ea1o ra \u0111\u1ed9ng l\u1ef1c m\u1ea1nh m\u1ebd cho ng\u01b0\u1eddi ch\u01a1i mu\u1ed1n t\u1ea1o chu\u1ed7i chi\u1ebfn th\u1eafng li\u00ean ti\u1ebfp.<\/span><\/p>\n<h2>Ph\u1ea7n th\u01b0\u1edfng t\u0103ng d\u1ea7n: H\u1ec7 s\u1ed1 nh\u00e2n v\u00e0 V\u00f2ng quay mi\u1ec5n ph\u00ed<\/h2>\n<p><span style=\"font-weight: 400;\">S\u1ef1 h\u1ee3p t\u00e1c gi\u1eefa Live22 v\u00e0 SlotsMaker t\u1eadp trung v\u00e0o vi\u1ec7c mang \u0111\u1ebfn s\u1ef1 ph\u1ea5n kh\u00edch t\u1ed9t \u0111\u1ed9 th\u00f4ng qua h\u1ec7 th\u1ed1ng h\u1ec7 s\u1ed1 nh\u00e2n theo c\u1ea5p b\u1eadc, th\u01b0\u1edfng cho nh\u1eefng chi\u1ebfn th\u1eafng li\u00ean ti\u1ebfp.<\/span><\/p>\n<ul>\n<li style=\"font-weight: 400;\" aria-level=\"1\"><span style=\"font-weight: 400;\">\u0110\u1ed9ng l\u1ef1c tr\u00f2 ch\u01a1i c\u01a1 b\u1ea3n: M\u1ed7i chi\u1ebfn th\u1eafng s\u1ebd k\u00edch ho\u1ea1t m\u1ed9t chu\u1ed7i li\u00ean ti\u1ebfp, trong \u0111\u00f3 h\u1ec7 s\u1ed1 nh\u00e2n t\u0103ng t\u1eeb x1 l\u00ean x2, x3 v\u00e0 cu\u1ed1i c\u00f9ng l\u00e0 x5.<\/span><\/li>\n<li style=\"font-weight: 400;\" aria-level=\"1\"><span style=\"font-weight: 400;\">Bi\u1ec3u t\u01b0\u1ee3ng Scatter (V\u00f2ng quay mi\u1ec5n ph\u00ed): Xu\u1ea5t hi\u1ec7n ba bi\u1ec3u t\u01b0\u1ee3ng Scatter s\u1ebd m\u1edf kh\u00f3a 10 V\u00f2ng quay mi\u1ec5n ph\u00ed, v\u1edbi c\u00e1c bi\u1ec3u t\u01b0\u1ee3ng Scatter b\u1ed5 sung s\u1ebd mang l\u1ea1i th\u00eam 2 v\u00f2ng quay m\u1ed7i bi\u1ec3u t\u01b0\u1ee3ng.<\/span><\/li>\n<li style=\"font-weight: 400;\" aria-level=\"1\"><span style=\"font-weight: 400;\">Nh\u00e2n \u0111\u00f4i h\u1ec7 s\u1ed1 nh\u00e2n: Trong v\u00f2ng ch\u01a1i mi\u1ec5n ph\u00ed, m\u1ee9c c\u01b0\u1ee3c \u0111\u01b0\u1ee3c n\u00e2ng cao. H\u1ec7 s\u1ed1 nh\u00e2n b\u1eaft \u0111\u1ea7u t\u1eeb x2 v\u00e0 c\u00f3 th\u1ec3 t\u0103ng v\u1ecdt l\u00ean x10, duy tr\u00ec m\u1ea1nh m\u1ebd trong su\u1ed1t chu\u1ed7i \u0111\u1ec3 gi\u00fap ng\u01b0\u1eddi ch\u01a1i \u0111\u1ea1t \u0111\u01b0\u1ee3c chi\u1ebfn th\u1eafng t\u1ed1i \u0111a \u0111\u00e1ng kinh ng\u1ea1c l\u00ean \u0111\u1ebfn 25.000 l\u1ea7n.<\/span><\/li>\n<\/ul>\n<h2>Th\u00f4ng s\u1ed1 k\u1ef9 thu\u1eadt<\/h2>\n<p><span style=\"font-weight: 400;\">\u0110\u01b0\u1ee3c thi\u1ebft k\u1ebf cho m\u1ed9t phi\u00ean ch\u01a1i m\u01b0\u1ee3t m\u00e0 v\u00e0 c\u00e2n b\u1eb1ng, m\u00f4 h\u00ecnh to\u00e1n h\u1ecdc c\u1ee7a tr\u00f2 ch\u01a1i \u0111\u01b0\u1ee3c x\u00e2y d\u1ef1ng m\u1ed9t c\u00e1ch chuy\u00ean nghi\u1ec7p \u0111\u1ec3 \u0111\u1ea3m b\u1ea3o c\u1ea3 th\u1eddi gian ch\u01a1i l\u00e2u d\u00e0i v\u00e0 s\u1ef1 h\u1ee9ng th\u00fa. S\u1ef1 h\u1ee3p t\u00e1c ph\u00e1t tri\u1ec3n n\u1ed5i b\u1eadt gi\u1eefa Live22 v\u00e0 SlotsMaker \u0111\u00e3 t\u1ea1o ra m\u1ed9t t\u1ef1a game ho\u1ea1t \u0111\u1ed9ng v\u1edbi \u0111\u1ed9 bi\u1ebfn \u0111\u1ed9ng trung b\u00ecnh, t\u1ea1o n\u00ean s\u1ef1 c\u00e2n b\u1eb1ng ho\u00e0n h\u1ea3o gi\u1eefa c\u00e1c kho\u1ea3n thanh to\u00e1n th\u01b0\u1eddng xuy\u00ean v\u00e0 c\u1ea3m gi\u00e1c h\u1ed3i h\u1ed9p khi theo \u0111u\u1ed5i m\u1ee5c ti\u00eau. Ng\u01b0\u1eddi ch\u01a1i c\u00f3 th\u1ec3 t\u1eadn h\u01b0\u1edfng tr\u1ea3i nghi\u1ec7m nh\u1ea5t qu\u00e1n v\u1edbi t\u1ef7 l\u1ec7 RTP l\u00e0 96%, \u0111\u1ea3m b\u1ea3o l\u1ee3i nhu\u1eadn c\u00f4ng b\u1eb1ng trong th\u1eddi gian ch\u01a1i d\u00e0i. C\u1ea5u tr\u00fac tr\u00f2 ch\u01a1i v\u00f4 c\u00f9ng r\u1ed9ng l\u1edbn, cung c\u1ea5p 1.024 c\u00e1ch chi\u1ebfn th\u1eafng tr\u00ean c\u00e1c cu\u1ed9n, m\u1edf \u0111\u01b0\u1eddng cho kho\u1ea3n thanh to\u00e1n t\u1ed1i \u0111a ti\u1ec1m n\u0103ng kh\u1ed5ng l\u1ed3 l\u00ean \u0111\u1ebfn 25.000 l\u1ea7n ti\u1ec1n c\u01b0\u1ee3c ban \u0111\u1ea7u. Cho d\u00f9 b\u1ea1n l\u00e0 ng\u01b0\u1eddi ch\u01a1i th\u00f4ng th\u01b0\u1eddng hay m\u1ed9t chi\u1ebfn l\u01b0\u1ee3c gia t\u1eadn t\u00e2m, nh\u1eefng n\u1ec1n t\u1ea3ng k\u1ef9 thu\u1eadt n\u00e0y \u0111\u1ec1u cung c\u1ea5p m\u1ed9t khung v\u1eefng ch\u1eafc v\u00e0 b\u1ed5 \u00edch cho m\u1ed7i v\u00f2ng quay.<\/span><\/p>\n<h2>Nh\u1eadn \u0111\u1ecbnh<\/h2>\n<p><span style=\"font-weight: 400;\">S\u1ef1 h\u1ee3p t\u00e1c gi\u1eefa Live22 v\u00e0 SlotsMaker \u0111\u00e3 t\u1ea1o ra m\u1ed9t tr\u00f2 ch\u01a1i mang \u0111\u1ebfn c\u1ea3m gi\u00e1c cao c\u1ea5p \u0111\u1ed9c \u0111\u00e1o. B\u1eb1ng c\u00e1ch k\u1ebft h\u1ee3p s\u1ee9c h\u1ea5p d\u1eabn chi\u1ebfn l\u01b0\u1ee3c c\u1ee7a Mahjong v\u1edbi \u0111\u1ed3 h\u1ecda 2.5D cao c\u1ea5p v\u00e0 m\u00f4 h\u00ecnh to\u00e1n h\u1ecdc c\u00f3 \u0111\u1ed9 bi\u1ebfn \u0111\u1ed9ng trung b\u00ecnh, Mahjong Gold: Phoenix h\u1ee9a h\u1eb9n s\u1ebd tr\u1edf th\u00e0nh tr\u00f2 ch\u01a1i quen thu\u1ed9c \u0111\u1ed1i v\u1edbi ng\u01b0\u1eddi ch\u01a1i Th\u00e1i Lan, nh\u1eefng ng\u01b0\u1eddi \u0111\u00e1nh gi\u00e1 cao ch\u1ea5t l\u01b0\u1ee3ng, v\u1ebb \u0111\u1eb9p v\u00e0 c\u01a1 h\u1ed9i nh\u1eadn \u0111\u01b0\u1ee3c kho\u1ea3n thanh to\u00e1n huy\u1ec1n tho\u1ea1i.<\/span><\/p>\n<p>[\/et_pb_text][et_pb_button button_url=&#8221;https:\/\/slotsmaker.com\/vi\/news\/&#8221; button_text=&#8221;Quay l\u1ea1i tin t\u1ee9c&#8221; button_alignment=&#8221;center&#8221; disabled_on=&#8221;off|off|off&#8221; module_class=&#8221;custom-button&#8221; _builder_version=&#8221;4.27.4&#8243; _module_preset=&#8221;default&#8221; custom_button=&#8221;on&#8221; button_text_size=&#8221;20px&#8221; button_text_color=&#8221;#FFFFFF&#8221; button_bg_color=&#8221;gcid-primary-color&#8221; button_border_width=&#8221;2px&#8221; button_border_color=&#8221;RGBA(255,255,255,0)&#8221; button_font=&#8221;|600|||||||&#8221; button_use_icon=&#8221;off&#8221; background_layout=&#8221;dark&#8221; custom_margin=&#8221;||||false|false&#8221; custom_padding=&#8221;||||false|false&#8221; custom_padding_tablet=&#8221;||||false|false&#8221; custom_padding_phone=&#8221;||||false|false&#8221; custom_padding_last_edited=&#8221;on|desktop&#8221; hover_enabled=&#8221;0&#8243; button_text_size_tablet=&#8221;16px&#8221; button_text_size_phone=&#8221;16px&#8221; button_text_size_last_edited=&#8221;on|desktop&#8221; custom_css_after=&#8221;margin-top: 1px;&#8221; locked=&#8221;off&#8221; global_colors_info=&#8221;{%22gcid-primary-color%22:%91%22button_bg_color%22,%22button_bg_color%22%93,%22gcid-secondary-color%22:%91%22button_bg_color%22,%22button_bg_color__hover%22%93,%22gcid-74575f5e-bedc-40c1-ae7b-6696e83b758c%22:%91%22button_bg_color__hover%22%93}&#8221; button_bg_color__hover=&#8221;#a7268b&#8221; button_bg_color__hover_enabled=&#8221;on|hover&#8221; button_border_width__hover=&#8221;2px&#8221; button_border_width__hover_enabled=&#8221;on|hover&#8221; sticky_enabled=&#8221;0&#8243;][\/et_pb_button][\/et_pb_column][\/et_pb_row][\/et_pb_section]<\/p>\n","protected":false},"excerpt":{"rendered":"<p>Live22 &amp; SlotsMaker Ra M\u1eaft Mahjong Gold: Phoenix &#8211; Ki\u1ec7t T\u00e1c D\u00e0nh Cho Th\u1ecb Tr\u01b0\u1eddng Th\u00e1i Lan 25th February 2026Th\u1ebf gi\u1edbi game tr\u1ef1c tuy\u1ebfn v\u1eeba tr\u1edf n\u00ean r\u1ea1ng r\u1ee1 h\u01a1n bao gi\u1edd h\u1ebft. Trong m\u1ed9t s\u1ef1 h\u1ee3p t\u00e1c \u0111\u1ea7y th\u00fa v\u1ecb, hai \u00f4ng l\u1edbn trong ng\u00e0nh Live22 v\u00e0 SlotsMaker \u0111\u00e3 c\u00f9ng nhau ra m\u1eaft t\u1ef1a [&hellip;]<\/p>\n","protected":false},"author":7,"featured_media":19122,"parent":0,"menu_order":0,"comment_status":"closed","ping_status":"closed","template":"","meta":{"_et_pb_use_builder":"on","_et_pb_old_content":"","_et_gb_content_width":"","content-type":"","footnotes":""},"class_list":["post-19151","page","type-page","status-publish","has-post-thumbnail","hentry"],"_links":{"self":[{"href":"https:\/\/slotsmaker.com\/vi\/wp-json\/wp\/v2\/pages\/19151","targetHints":{"allow":["GET"]}}],"collection":[{"href":"https:\/\/slotsmaker.com\/vi\/wp-json\/wp\/v2\/pages"}],"about":[{"href":"https:\/\/slotsmaker.com\/vi\/wp-json\/wp\/v2\/types\/page"}],"author":[{"embeddable":true,"href":"https:\/\/slotsmaker.com\/vi\/wp-json\/wp\/v2\/users\/7"}],"replies":[{"embeddable":true,"href":"https:\/\/slotsmaker.com\/vi\/wp-json\/wp\/v2\/comments?post=19151"}],"version-history":[{"count":2,"href":"https:\/\/slotsmaker.com\/vi\/wp-json\/wp\/v2\/pages\/19151\/revisions"}],"predecessor-version":[{"id":19154,"href":"https:\/\/slotsmaker.com\/vi\/wp-json\/wp\/v2\/pages\/19151\/revisions\/19154"}],"wp:featuredmedia":[{"embeddable":true,"href":"https:\/\/slotsmaker.com\/vi\/wp-json\/wp\/v2\/media\/19122"}],"wp:attachment":[{"href":"https:\/\/slotsmaker.com\/vi\/wp-json\/wp\/v2\/media?parent=19151"}],"curies":[{"name":"wp","href":"https:\/\/api.w.org\/{rel}","templated":true}]}}