{"id":19439,"date":"2026-03-25T10:49:18","date_gmt":"2026-03-25T02:49:18","guid":{"rendered":"https:\/\/slotsmaker.com\/?page_id=19439"},"modified":"2026-03-25T12:20:15","modified_gmt":"2026-03-25T04:20:15","slug":"why-custom-slot-game-development-is-the-future-of-igaming","status":"publish","type":"page","link":"https:\/\/slotsmaker.com\/vi\/why-custom-slot-game-development-is-the-future-of-igaming\/","title":{"rendered":"Why Custom Slot Game Development is the Future of iGaming Differentiation"},"content":{"rendered":"<p>[et_pb_section fb_built=&#8221;1&#8243; admin_label=&#8221;Section&#8221; _builder_version=&#8221;4.27.2&#8243; _module_preset=&#8221;default&#8221; background_color=&#8221;#FFFFFF&#8221; da_disable_devices=&#8221;off|off|off&#8221; locked=&#8221;off&#8221; global_colors_info=&#8221;{}&#8221; da_is_popup=&#8221;off&#8221; da_exit_intent=&#8221;off&#8221; da_has_close=&#8221;on&#8221; da_alt_close=&#8221;off&#8221; da_dark_close=&#8221;off&#8221; da_not_modal=&#8221;on&#8221; da_is_singular=&#8221;off&#8221; da_with_loader=&#8221;off&#8221; da_has_shadow=&#8221;on&#8221;][et_pb_row column_structure=&#8221;1_2,1_2&#8243; _builder_version=&#8221;4.27.4&#8243; _module_preset=&#8221;default&#8221; locked=&#8221;off&#8221; global_colors_info=&#8221;{}&#8221;][et_pb_column type=&#8221;1_2&#8243; _builder_version=&#8221;4.27.4&#8243; _module_preset=&#8221;default&#8221; global_colors_info=&#8221;{}&#8221;][et_pb_image src=&#8221;https:\/\/slotsmaker.com\/wp-content\/uploads\/2026\/03\/SM-SEO-Article-4_1000x1000.jpg&#8221; alt=&#8221;A vibrant, futuristic custom slot game interface with unique symbols and bonus features, set against a backdrop of a digital city.&#8221; title_text=&#8221;SM SEO Article 4_1000x1000&#8243; _builder_version=&#8221;4.27.4&#8243; _module_preset=&#8221;default&#8221; scroll_horizontal_motion=&#8221;0|29|56|100|10|0|-4&#8243; scroll_fade=&#8221;0|49|49|100|0|100|100&#8243; border_radii=&#8221;off|50px|||&#8221; global_colors_info=&#8221;{}&#8221;][\/et_pb_image][\/et_pb_column][et_pb_column type=&#8221;1_2&#8243; _builder_version=&#8221;4.27.4&#8243; _module_preset=&#8221;default&#8221; global_colors_info=&#8221;{}&#8221;][et_pb_text _builder_version=&#8221;4.27.4&#8243; _module_preset=&#8221;default&#8221; text_text_color=&#8221;#FFFFFF&#8221; text_font_size=&#8221;18px&#8221; header_font=&#8221;||||||||&#8221; header_text_color=&#8221;#FFFFFF&#8221; header_line_height=&#8221;1.2em&#8221; background_color=&#8221;gcid-primary-color&#8221; width=&#8221;90%&#8221; custom_margin=&#8221;200px|||-150px|false|false&#8221; custom_margin_tablet=&#8221;120px|||-180px|false|false&#8221; custom_margin_phone=&#8221;-32px|||0px|false|false&#8221; custom_margin_last_edited=&#8221;on|phone&#8221; custom_padding=&#8221;20px||20px|30px|false|false&#8221; custom_padding_tablet=&#8221;20px||20px|30px|false|false&#8221; custom_padding_phone=&#8221;20px|||20px|false|false&#8221; custom_padding_last_edited=&#8221;on|phone&#8221; scroll_fade=&#8221;0|52|52|100|0|100|100&#8243; hover_enabled=&#8221;0&#8243; border_radii=&#8221;off|||30px|&#8221; global_colors_info=&#8221;{%22gcid-primary-color%22:%91%22background_color%22%93}&#8221; sticky_enabled=&#8221;0&#8243;]<\/p>\n<h1>T\u1ea1i sao ph\u00e1t tri\u1ec3n game slot t\u00f9y ch\u1ec9nh l\u00e0 t\u01b0\u01a1ng lai c\u1ee7a s\u1ef1 kh\u00e1c bi\u1ec7t trong ng\u00e0nh iGaming<\/h1>\n<p>25th March 2026<\/p>\n<p>[\/et_pb_text][\/et_pb_column][\/et_pb_row][et_pb_row admin_label=&#8221;articles&#8221; _builder_version=&#8221;4.27.4&#8243; _module_preset=&#8221;default&#8221; background_color=&#8221;#FFFFFF&#8221; global_colors_info=&#8221;{}&#8221;][et_pb_column type=&#8221;4_4&#8243; _builder_version=&#8221;4.21.0&#8243; _module_preset=&#8221;default&#8221; global_colors_info=&#8221;{}&#8221;][et_pb_text _builder_version=&#8221;4.27.4&#8243; _module_preset=&#8221;default&#8221; text_text_color=&#8221;#666666&#8243; text_font_size=&#8221;16px&#8221; text_line_height=&#8221;1.5em&#8221; header_2_font=&#8221;|600|||||||&#8221; header_2_text_color=&#8221;gcid-293da448-f89a-45b9-8e92-706f4652a4ca&#8221; header_2_font_size=&#8221;18px&#8221; header_3_font=&#8221;|600|||||||&#8221; header_3_text_color=&#8221;#5C5C5C&#8221; header_3_font_size=&#8221;18px&#8221; header_4_text_color=&#8221;#000000&#8243; custom_margin=&#8221;||||false|false&#8221; custom_padding=&#8221;|50px||50px|false|false&#8221; custom_padding_tablet=&#8221;|50px||50px|false|false&#8221; custom_padding_phone=&#8221;|10px||20px|false|false&#8221; custom_padding_last_edited=&#8221;on|phone&#8221; hover_enabled=&#8221;0&#8243; text_font_size_tablet=&#8221;16px&#8221; text_font_size_phone=&#8221;14px&#8221; text_font_size_last_edited=&#8221;on|phone&#8221; header_2_font_size_tablet=&#8221;&#8221; header_2_font_size_phone=&#8221;&#8221; header_2_font_size_last_edited=&#8221;on|phone&#8221; header_3_font_size_tablet=&#8221;&#8221; header_3_font_size_phone=&#8221;&#8221; header_3_font_size_last_edited=&#8221;on|phone&#8221; global_colors_info=&#8221;{%22gcid-293da448-f89a-45b9-8e92-706f4652a4ca%22:%91%22header_2_text_color%22%93}&#8221; sticky_enabled=&#8221;0&#8243;]<\/p>\n<p><span style=\"font-weight: 400;\">Ng\u00e0nh iGaming \u0111ang c\u1ea1nh tranh kh\u1ed1c li\u1ec7t h\u01a1n bao gi\u1edd h\u1ebft. V\u1edbi v\u00f4 s\u1ed1 nh\u00e0 \u0111i\u1ec1u h\u00e0nh tranh gi\u00e0nh s\u1ef1 ch\u00fa \u00fd c\u1ee7a ng\u01b0\u1eddi ch\u01a1i, vi\u1ec7c ch\u1ec9 cung c\u1ea5p m\u1ed9t lo\u1ea1t c\u00e1c tr\u00f2 ch\u01a1i chung chung kh\u00f4ng c\u00f2n \u0111\u1ee7 n\u1eefa. \u0110\u1ec3 th\u1ef1c s\u1ef1 n\u1ed5i b\u1eadt v\u00e0 x\u00e2y d\u1ef1ng m\u1ed9t l\u01b0\u1ee3ng ng\u01b0\u1eddi ch\u01a1i trung th\u00e0nh, c\u00e1c doanh nghi\u1ec7p iGaming c\u1ea7n ph\u1ea3i cung c\u1ea5p m\u1ed9t c\u00e1i g\u00ec \u0111\u00f3 \u0111\u1ed9c \u0111\u00e1o, m\u1ed9t c\u00e1i g\u00ec \u0111\u00f3 g\u00e2y \u0111\u01b0\u1ee3c ti\u1ebfng vang s\u00e2u s\u1eafc v\u1edbi \u0111\u1ed1i t\u01b0\u1ee3ng m\u1ee5c ti\u00eau c\u1ee7a h\u1ecd. \u0110\u00e2y l\u00e0 l\u00fac ph\u00e1t tri\u1ec3n game slot t\u00f9y ch\u1ec9nh n\u1ed5i l\u00ean kh\u00f4ng ch\u1ec9 nh\u01b0 m\u1ed9t xu h\u01b0\u1edbng m\u00e0 c\u00f2n l\u00e0 m\u1ed9t \u0111i\u1ec1u c\u1ea7n thi\u1ebft cho s\u1ef1 th\u00e0nh c\u00f4ng trong t\u01b0\u01a1ng lai.<\/span><\/p>\n<h2>Th\u00e1ch th\u1ee9c c\u1ee7a s\u1ef1 h\u00e0ng h\u00f3a h\u00f3a trong iGaming<\/h2>\n<p><span style=\"font-weight: 400;\">Trong nhi\u1ec1u n\u0103m, ng\u00e0nh c\u00f4ng nghi\u1ec7p iGaming ho\u1ea1t \u0111\u1ed9ng theo m\u00f4 h\u00ecnh m\u00e0 c\u00e1c nh\u00e0 \u0111i\u1ec1u h\u00e0nh c\u1ea5p ph\u00e9p tr\u00f2 ch\u01a1i t\u1eeb m\u1ed9t nh\u00f3m nh\u00e0 cung c\u1ea5p t\u01b0\u01a1ng \u0111\u1ed1i nh\u1ecf. M\u1eb7c d\u00f9 \u0111i\u1ec1u n\u00e0y mang l\u1ea1i con \u0111\u01b0\u1eddng nhanh ch\u00f3ng \u0111\u1ec3 ti\u1ebfp c\u1eadn th\u1ecb tr\u01b0\u1eddng, nh\u01b0ng n\u00f3 c\u0169ng d\u1eabn \u0111\u1ebfn m\u1ed9t v\u1ea5n \u0111\u1ec1 \u0111\u00e1ng k\u1ec3: s\u1ef1 h\u00e0ng h\u00f3a h\u00f3a. Ng\u01b0\u1eddi ch\u01a1i s\u1ebd th\u1ea5y c\u00f9ng m\u1ed9t t\u1ef1a game ph\u1ed5 bi\u1ebfn tr\u00ean nhi\u1ec1u n\u1ec1n t\u1ea3ng, khi\u1ebfn c\u00e1c th\u01b0\u01a1ng hi\u1ec7u ri\u00eang l\u1ebb kh\u00f3 c\u00f3 th\u1ec3 t\u1ea1o d\u1ef1ng \u0111\u01b0\u1ee3c b\u1ea3n s\u1eafc ri\u00eang bi\u1ec7t.<\/span><\/p>\n<p><span style=\"font-weight: 400;\">Trong m\u1ed9t m\u00f4i tr\u01b0\u1eddng \u0111\u00f4ng \u0111\u00fac nh\u01b0 v\u1eady, nh\u1eefng y\u1ebfu t\u1ed1 kh\u00e1c bi\u1ec7t th\u1ef1c s\u1ef1 duy nh\u1ea5t tr\u1edf th\u00e0nh ti\u1ec1n th\u01b0\u1edfng, khuy\u1ebfn m\u00e3i ho\u1eb7c nh\u1eefng thay \u0111\u1ed5i nh\u1ecf trong giao di\u1ec7n ng\u01b0\u1eddi d\u00f9ng &#8211; kh\u00f4ng c\u00e1i n\u00e0o trong s\u1ed1 \u0111\u00f3 th\u00fac \u0111\u1ea9y l\u00f2ng trung th\u00e0nh l\u00e2u d\u00e0i ho\u1eb7c tr\u1ea3i nghi\u1ec7m th\u01b0\u01a1ng hi\u1ec7u th\u1ef1c s\u1ef1 \u0111\u1ed9c \u0111\u00e1o. C\u00e1c nh\u00e0 \u0111i\u1ec1u h\u00e0nh nh\u1eadn th\u1ea5y m\u00ecnh \u0111ang tham gia v\u00e0o m\u1ed9t cu\u1ed9c \u0111ua xu\u1ed1ng \u0111\u00e1y, li\u00ean t\u1ee5c h\u1ea1 gi\u00e1 c\u00e1c \u0111\u1ed1i th\u1ee7 c\u1ea1nh tranh v\u1ec1 ti\u1ec1n th\u01b0\u1edfng ch\u1ec9 \u0111\u1ec3 thu h\u00fat v\u00e0 gi\u1eef ch\u00e2n ng\u01b0\u1eddi ch\u01a1i.<\/span><\/p>\n<h2>S\u1ee9c m\u1ea1nh c\u1ee7a vi\u1ec7c ph\u00e1t tri\u1ec3n tr\u00f2 ch\u01a1i slot t\u00f9y ch\u1ec9nh<\/h2>\n<p><span style=\"font-weight: 400;\">Vi\u1ec7c ph\u00e1t tri\u1ec3n tr\u00f2 ch\u01a1i slot t\u00f9y ch\u1ec9nh mang \u0111\u1ebfn m\u1ed9t gi\u1ea3i ph\u00e1p m\u1ea1nh m\u1ebd ch\u1ed1ng l\u1ea1i s\u1ef1 h\u00e0ng h\u00f3a h\u00f3a n\u00e0y. B\u1eb1ng c\u00e1ch \u0111\u1ea7u t\u01b0 v\u00e0o c\u00e1c tr\u00f2 ch\u01a1i \u0111\u01b0\u1ee3c thi\u1ebft k\u1ebf ri\u00eang, c\u00e1c nh\u00e0 \u0111i\u1ec1u h\u00e0nh iGaming c\u00f3 th\u1ec3:<\/span><\/p>\n<ul>\n<li style=\"font-weight: 400;\" aria-level=\"1\"><b>T\u1ea1o d\u1ef1ng b\u1ea3n s\u1eafc th\u01b0\u01a1ng hi\u1ec7u \u0111\u1ed9c \u0111\u00e1o: <\/b><span style=\"font-weight: 400;\">H\u00e3y t\u01b0\u1edfng t\u01b0\u1ee3ng b\u1ea1n c\u00f3 m\u1ed9t tr\u00f2 ch\u01a1i \u0111\u1eb7c tr\u01b0ng \u0111\u1ed9c quy\u1ec1n tr\u00ean n\u1ec1n t\u1ea3ng c\u1ee7a m\u00ecnh. \u0110i\u1ec1u n\u00e0y ngay l\u1eadp t\u1ee9c gi\u00fap b\u1ea1n n\u1ed5i b\u1eadt so v\u1edbi c\u00e1c \u0111\u1ed1i th\u1ee7 c\u1ea1nh tranh. M\u1ed9t tr\u00f2 ch\u01a1i t\u00f9y ch\u1ec9nh c\u00f3 th\u1ec3 th\u1ec3 hi\u1ec7n tinh th\u1ea7n, th\u1ea9m m\u1ef9 c\u1ee7a th\u01b0\u01a1ng hi\u1ec7u v\u00e0 th\u1eadm ch\u00ed k\u1ebft h\u1ee3p c\u00e1c y\u1ebfu t\u1ed1 trong c\u00e2u chuy\u1ec7n th\u01b0\u01a1ng hi\u1ec7u c\u1ee7a b\u1ea1n. T\u00ednh \u0111\u1ed9c quy\u1ec1n n\u00e0y l\u00e0 m\u1ed9t s\u1ee9c h\u00fat m\u1ea1nh m\u1ebd \u0111\u1ed1i v\u1edbi nh\u1eefng ng\u01b0\u1eddi ch\u01a1i \u0111ang t\u00ecm ki\u1ebfm \u0111i\u1ec1u g\u00ec \u0111\u00f3 m\u1edbi m\u1ebb v\u00e0 kh\u00e1c bi\u1ec7t.<\/span><\/li>\n<li style=\"font-weight: 400;\" aria-level=\"1\"><b>Nh\u1eafm m\u1ee5c ti\u00eau v\u00e0o nh\u00f3m ng\u01b0\u1eddi ch\u01a1i c\u1ee5 th\u1ec3: <\/b><span style=\"font-weight: 400;\">C\u00e1c tr\u00f2 ch\u01a1i chung chung th\u01b0\u1eddng c\u1ed1 g\u1eafng thu h\u00fat t\u1ea5t c\u1ea3 m\u1ecdi ng\u01b0\u1eddi, v\u00e0 b\u1eb1ng c\u00e1ch \u0111\u00f3, kh\u00f4ng thu h\u00fat \u0111\u01b0\u1ee3c ai c\u1ea3. V\u1edbi vi\u1ec7c ph\u00e1t tri\u1ec3n t\u00f9y ch\u1ec9nh, b\u1ea1n c\u00f3 th\u1ec3 thi\u1ebft k\u1ebf c\u00e1c tr\u00f2 ch\u01a1i ph\u00f9 h\u1ee3p v\u1edbi s\u1edf th\u00edch v\u0103n h\u00f3a, m\u1ed1i quan t\u00e2m ho\u1eb7c nh\u00f3m ng\u01b0\u1eddi ch\u01a1i c\u1ee5 th\u1ec3 c\u1ee7a th\u1ecb tr\u01b0\u1eddng m\u1ee5c ti\u00eau. M\u1ee9c \u0111\u1ed9 c\u00e1 nh\u00e2n h\u00f3a n\u00e0y d\u1eabn \u0111\u1ebfn m\u1ee9c \u0111\u1ed9 t\u01b0\u01a1ng t\u00e1c v\u00e0 gi\u1eef ch\u00e2n cao h\u01a1n nhi\u1ec1u. V\u00ed d\u1ee5, m\u1ed9t nh\u00e0 \u0111i\u1ec1u h\u00e0nh c\u00e1 c\u01b0\u1ee3c th\u1ec3 thao c\u00f3 th\u1ec3 ph\u00e1t tri\u1ec3n m\u1ed9t tr\u00f2 ch\u01a1i slot t\u00f9y ch\u1ec9nh v\u1edbi ch\u1ee7 \u0111\u1ec1 th\u1ec3 thao m\u1ea1nh m\u1ebd, k\u1ebft h\u1ee3p c\u00e1c y\u1ebfu t\u1ed1 g\u00e2y \u0111\u01b0\u1ee3c ti\u1ebfng vang s\u00e2u s\u1eafc v\u1edbi c\u01a1 s\u1edf ng\u01b0\u1eddi ch\u01a1i hi\u1ec7n c\u00f3 c\u1ee7a h\u1ecd.\u00a0<\/span><\/li>\n<li style=\"font-weight: 400;\" aria-level=\"1\"><b>T\u0103ng c\u01b0\u1eddng s\u1ef1 t\u01b0\u01a1ng t\u00e1c v\u00e0 l\u00f2ng trung th\u00e0nh c\u1ee7a ng\u01b0\u1eddi ch\u01a1i:<\/b><span style=\"font-weight: 400;\"> Ng\u01b0\u1eddi ch\u01a1i c\u00f3 nhi\u1ec1u kh\u1ea3 n\u0103ng quay l\u1ea1i n\u1ec1n t\u1ea3ng cung c\u1ea5p n\u1ed9i dung \u0111\u1ed9c \u0111\u00e1o m\u00e0 h\u1ecd kh\u00f4ng th\u1ec3 t\u00ecm th\u1ea5y \u1edf b\u1ea5t c\u1ee9 n\u01a1i n\u00e0o kh\u00e1c. C\u00e1c tr\u00f2 ch\u01a1i t\u00f9y ch\u1ec9nh t\u1ea1o ra c\u1ea3m gi\u00e1c kh\u00e1m ph\u00e1 v\u00e0 m\u1edbi l\u1ea1. Khi ng\u01b0\u1eddi ch\u01a1i k\u1ebft n\u1ed1i v\u1edbi m\u1ed9t tr\u00f2 ch\u01a1i slot \u0111\u01b0\u1ee3c thi\u1ebft k\u1ebf ri\u00eang, h\u1ecd s\u1ebd ph\u00e1t tri\u1ec3n s\u1ef1 g\u1eafn b\u00f3 m\u1ea1nh m\u1ebd h\u01a1n kh\u00f4ng ch\u1ec9 v\u1edbi tr\u00f2 ch\u01a1i m\u00e0 c\u00f2n v\u1edbi ch\u00ednh n\u1ec1n t\u1ea3ng \u0111\u00f3. \u0110i\u1ec1u n\u00e0y tr\u1ef1c ti\u1ebfp d\u1eabn \u0111\u1ebfn th\u1eddi gian ch\u01a1i l\u00e2u h\u01a1n, gi\u00e1 tr\u1ecb tr\u1ecdn \u0111\u1eddi cao h\u01a1n v\u00e0 t\u1ef7 l\u1ec7 ng\u01b0\u1eddi ch\u01a1i b\u1ecf ch\u01a1i th\u1ea5p h\u01a1n.<\/span><\/li>\n<li style=\"font-weight: 400;\" aria-level=\"1\"><b>Ki\u1ec3m so\u00e1t c\u00e1c t\u00ednh n\u0103ng v\u00e0 c\u01a1 ch\u1ebf:<\/b><span style=\"font-weight: 400;\"> C\u00e1c tr\u00f2 ch\u01a1i \u0111\u01b0\u1ee3c c\u1ea5p ph\u00e9p ti\u00eau chu\u1ea9n \u0111i k\u00e8m v\u1edbi c\u00e1c t\u00ednh n\u0103ng v\u00e0 c\u01a1 ch\u1ebf \u0111\u01b0\u1ee3c x\u00e1c \u0111\u1ecbnh tr\u01b0\u1edbc. V\u1edbi vi\u1ec7c ph\u00e1t tri\u1ec3n t\u00f9y ch\u1ec9nh, b\u1ea1n c\u00f3 to\u00e0n quy\u1ec1n ki\u1ec3m so\u00e1t. B\u1ea1n mu\u1ed1n m\u1ed9t v\u00f2ng th\u01b0\u1edfng \u0111\u1ed9c \u0111\u00e1o? M\u1ed9t b\u1ed1 c\u1ee5c cu\u1ed9n ch\u01b0a t\u1eebng th\u1ea5y tr\u01b0\u1edbc \u0111\u00e2y? M\u1ed9t h\u1ec7 th\u1ed1ng gi\u1ea3i \u0111\u1ed9c \u0111\u1eafc l\u0169y ti\u1ebfn \u0111\u01b0\u1ee3c thi\u1ebft k\u1ebf ri\u00eang cho nh\u00f3m ng\u01b0\u1eddi ch\u01a1i c\u1ee5 th\u1ec3 c\u1ee7a b\u1ea1n? T\u1ea5t c\u1ea3 \u0111i\u1ec1u n\u00e0y \u0111\u1ec1u c\u00f3 th\u1ec3. S\u1ef1 linh ho\u1ea1t n\u00e0y cho ph\u00e9p \u0111\u1ed5i m\u1edbi th\u1ef1c s\u1ef1 v\u00e0 t\u1ea1o ra nh\u1eefng tr\u1ea3i nghi\u1ec7m ch\u01a1i game th\u1ef1c s\u1ef1 h\u1ea5p d\u1eabn.<\/span><\/li>\n<li style=\"font-weight: 400;\" aria-level=\"1\"><b>T\u1ed1i \u01b0u h\u00f3a hi\u1ec7u su\u1ea5t v\u00e0 t\u00edch h\u1ee3p:<\/b><span style=\"font-weight: 400;\"> C\u00e1c tr\u00f2 ch\u01a1i t\u00f9y ch\u1ec9nh c\u00f3 th\u1ec3 \u0111\u01b0\u1ee3c ph\u00e1t tri\u1ec3n t\u1eeb \u0111\u1ea7u \u0111\u1ec3 t\u00edch h\u1ee3p li\u1ec1n m\u1ea1ch v\u1edbi n\u1ec1n t\u1ea3ng, h\u1ec7 th\u1ed1ng v\u00ed v\u00e0 c\u00e1c c\u00f4ng c\u1ee5 qu\u1ea3n tr\u1ecb hi\u1ec7n c\u00f3 c\u1ee7a b\u1ea1n. \u0110i\u1ec1u n\u00e0y \u0111\u1ea3m b\u1ea3o hi\u1ec7u su\u1ea5t t\u1ed1i \u01b0u, tr\u1ea3i nghi\u1ec7m ng\u01b0\u1eddi ch\u01a1i m\u01b0\u1ee3t m\u00e0 h\u01a1n v\u00e0 qu\u1ea3n l\u00fd d\u1ec5 d\u00e0ng h\u01a1n. B\u1ea1n c\u0169ng c\u00f3 th\u1ec3 t\u1ed1i \u01b0u h\u00f3a cho c\u00e1c lo\u1ea1i thi\u1ebft b\u1ecb ho\u1eb7c k\u00edch th\u01b0\u1edbc m\u00e0n h\u00ecnh c\u1ee5 th\u1ec3, \u0111\u1ea3m b\u1ea3o tr\u1ea3i nghi\u1ec7m ho\u00e0n h\u1ea3o tr\u00ean m\u00e1y t\u00ednh \u0111\u1ec3 b\u00e0n v\u00e0 thi\u1ebft b\u1ecb di \u0111\u1ed9ng.<\/span><\/li>\n<\/ul>\n<h2>SlotsMaker: \u0110\u1ed1i t\u00e1c c\u1ee7a b\u1ea1n trong ph\u00e1t tri\u1ec3n tr\u00f2 ch\u01a1i slot t\u00f9y ch\u1ec9nh<\/h2>\n<p><span style=\"font-weight: 400;\">T\u1ea1i <\/span><span style=\"color: #3366ff;\"><a href=\"http:\/\/www.slotsmaker.com\" style=\"color: #3366ff;\"><b>SlotsMaker<\/b><\/a><\/span><span style=\"font-weight: 400;\">, ch\u00fang t\u00f4i hi\u1ec3u nhu c\u1ea7u thi\u1ebft y\u1ebfu v\u1ec1 s\u1ef1 kh\u00e1c bi\u1ec7t trong th\u1ecb tr\u01b0\u1eddng iGaming hi\u1ec7n nay. Ch\u00fang t\u00f4i chuy\u00ean h\u1ed7 tr\u1ee3 c\u00e1c nh\u00e0 \u0111i\u1ec1u h\u00e0nh tho\u00e1t kh\u1ecfi s\u1ef1 nh\u00e0m ch\u00e1n v\u00e0 \u0111\u00f3n nh\u1eadn t\u01b0\u01a1ng lai c\u1ee7a nh\u1eefng tr\u1ea3i nghi\u1ec7m ch\u01a1i game \u0111\u1ed9c \u200b\u200b\u0111\u00e1o.<\/span><\/p>\n<p><span style=\"font-weight: 400;\">\u0110\u1ed9i ng\u0169 chuy\u00ean gia thi\u1ebft k\u1ebf, ph\u00e1t tri\u1ec3n v\u00e0 ngh\u1ec7 s\u0129 c\u1ee7a ch\u00fang t\u00f4i s\u1ebd h\u1ee3p t\u00e1c ch\u1eb7t ch\u1ebd v\u1edbi b\u1ea1n \u0111\u1ec3 bi\u1ebfn t\u1ea7m nh\u00ecn c\u1ee7a b\u1ea1n th\u00e0nh hi\u1ec7n th\u1ef1c. T\u1eeb \u00fd t\u01b0\u1edfng v\u00e0 c\u01a1 ch\u1ebf tr\u00f2 ch\u01a1i \u0111\u1ebfn \u0111\u1ed3 h\u1ecda tuy\u1ec7t \u0111\u1eb9p v\u00e0 thi\u1ebft k\u1ebf \u00e2m thanh h\u1ea5p d\u1eabn, ch\u00fang t\u00f4i x\u1eed l\u00fd m\u1ecdi kh\u00eda c\u1ea1nh c\u1ee7a quy tr\u00ecnh ph\u00e1t tri\u1ec3n tr\u00f2 ch\u01a1i slot t\u00f9y ch\u1ec9nh. Ch\u00fang t\u00f4i t\u1eadn d\u1ee5ng c\u00f4ng ngh\u1ec7 ti\u00ean ti\u1ebfn \u0111\u1ec3 cung c\u1ea5p c\u00e1c tr\u00f2 ch\u01a1i hi\u1ec7u su\u1ea5t cao, an to\u00e0n v\u00e0 tr\u1ef1c quan h\u1ea5p d\u1eabn, thu h\u00fat ng\u01b0\u1eddi ch\u01a1i v\u00e0 c\u1ee7ng c\u1ed1 th\u01b0\u01a1ng hi\u1ec7u c\u1ee7a b\u1ea1n.<\/span><\/p>\n<p><span style=\"font-weight: 400;\">H\u00e3y t\u01b0\u1edfng t\u01b0\u1ee3ng m\u1ed9t tr\u00f2 ch\u01a1i slot k\u1ec3 c\u00e2u chuy\u1ec7n th\u01b0\u01a1ng hi\u1ec7u c\u1ee7a b\u1ea1n, ph\u1ea3n \u00e1nh ni\u1ec1m \u0111am m\u00ea c\u1ee7a ng\u01b0\u1eddi ch\u01a1i v\u00e0 mang \u0111\u1ebfn s\u1ef1 ph\u1ea5n kh\u00edch ch\u01b0a t\u1eebng c\u00f3. \u0110\u00f3 l\u00e0 s\u1ee9c m\u1ea1nh c\u1ee7a vi\u1ec7c ph\u00e1t tri\u1ec3n t\u00f9y ch\u1ec9nh v\u1edbi SlotsMaker.<\/span><\/p>\n<p>[\/et_pb_text][et_pb_button button_url=&#8221;https:\/\/slotsmaker.com\/vi\/news\/&#8221; button_text=&#8221;Quay l\u1ea1i tin t\u1ee9c&#8221; button_alignment=&#8221;center&#8221; disabled_on=&#8221;off|off|off&#8221; module_class=&#8221;custom-button&#8221; _builder_version=&#8221;4.27.4&#8243; _module_preset=&#8221;default&#8221; custom_button=&#8221;on&#8221; button_text_size=&#8221;20px&#8221; button_text_color=&#8221;#FFFFFF&#8221; button_bg_color=&#8221;gcid-primary-color&#8221; button_border_width=&#8221;2px&#8221; button_border_color=&#8221;RGBA(255,255,255,0)&#8221; button_font=&#8221;|600|||||||&#8221; button_use_icon=&#8221;off&#8221; background_layout=&#8221;dark&#8221; custom_margin=&#8221;||||false|false&#8221; custom_padding=&#8221;||||false|false&#8221; custom_padding_tablet=&#8221;||||false|false&#8221; custom_padding_phone=&#8221;||||false|false&#8221; custom_padding_last_edited=&#8221;on|desktop&#8221; hover_enabled=&#8221;0&#8243; button_text_size_tablet=&#8221;16px&#8221; button_text_size_phone=&#8221;16px&#8221; button_text_size_last_edited=&#8221;on|desktop&#8221; custom_css_after=&#8221;margin-top: 1px;&#8221; locked=&#8221;off&#8221; global_colors_info=&#8221;{%22gcid-primary-color%22:%91%22button_bg_color%22,%22button_bg_color%22%93,%22gcid-secondary-color%22:%91%22button_bg_color%22,%22button_bg_color__hover%22%93,%22gcid-74575f5e-bedc-40c1-ae7b-6696e83b758c%22:%91%22button_bg_color__hover%22%93}&#8221; button_bg_color__hover=&#8221;#a7268b&#8221; button_bg_color__hover_enabled=&#8221;on|hover&#8221; button_border_width__hover=&#8221;2px&#8221; button_border_width__hover_enabled=&#8221;on|hover&#8221; sticky_enabled=&#8221;0&#8243;][\/et_pb_button][\/et_pb_column][\/et_pb_row][\/et_pb_section]<\/p>\n","protected":false},"excerpt":{"rendered":"<p>T\u1ea1i sao ph\u00e1t tri\u1ec3n game slot t\u00f9y ch\u1ec9nh l\u00e0 t\u01b0\u01a1ng lai c\u1ee7a s\u1ef1 kh\u00e1c bi\u1ec7t trong ng\u00e0nh iGaming 25th March 2026Ng\u00e0nh iGaming \u0111ang c\u1ea1nh tranh kh\u1ed1c li\u1ec7t h\u01a1n bao gi\u1edd h\u1ebft. V\u1edbi v\u00f4 s\u1ed1 nh\u00e0 \u0111i\u1ec1u h\u00e0nh tranh gi\u00e0nh s\u1ef1 ch\u00fa \u00fd c\u1ee7a ng\u01b0\u1eddi ch\u01a1i, vi\u1ec7c ch\u1ec9 cung c\u1ea5p m\u1ed9t lo\u1ea1t c\u00e1c tr\u00f2 ch\u01a1i chung [&hellip;]<\/p>\n","protected":false},"author":7,"featured_media":19410,"parent":0,"menu_order":0,"comment_status":"closed","ping_status":"closed","template":"","meta":{"_et_pb_use_builder":"on","_et_pb_old_content":"","_et_gb_content_width":"","content-type":"","footnotes":""},"class_list":["post-19439","page","type-page","status-publish","has-post-thumbnail","hentry"],"_links":{"self":[{"href":"https:\/\/slotsmaker.com\/vi\/wp-json\/wp\/v2\/pages\/19439","targetHints":{"allow":["GET"]}}],"collection":[{"href":"https:\/\/slotsmaker.com\/vi\/wp-json\/wp\/v2\/pages"}],"about":[{"href":"https:\/\/slotsmaker.com\/vi\/wp-json\/wp\/v2\/types\/page"}],"author":[{"embeddable":true,"href":"https:\/\/slotsmaker.com\/vi\/wp-json\/wp\/v2\/users\/7"}],"replies":[{"embeddable":true,"href":"https:\/\/slotsmaker.com\/vi\/wp-json\/wp\/v2\/comments?post=19439"}],"version-history":[{"count":2,"href":"https:\/\/slotsmaker.com\/vi\/wp-json\/wp\/v2\/pages\/19439\/revisions"}],"predecessor-version":[{"id":19442,"href":"https:\/\/slotsmaker.com\/vi\/wp-json\/wp\/v2\/pages\/19439\/revisions\/19442"}],"wp:featuredmedia":[{"embeddable":true,"href":"https:\/\/slotsmaker.com\/vi\/wp-json\/wp\/v2\/media\/19410"}],"wp:attachment":[{"href":"https:\/\/slotsmaker.com\/vi\/wp-json\/wp\/v2\/media?parent=19439"}],"curies":[{"name":"wp","href":"https:\/\/api.w.org\/{rel}","templated":true}]}}