{"id":19559,"date":"2026-04-07T13:33:08","date_gmt":"2026-04-07T05:33:08","guid":{"rendered":"https:\/\/slotsmaker.com\/?page_id=19559"},"modified":"2026-04-07T15:14:33","modified_gmt":"2026-04-07T07:14:33","slug":"mobile-igaming-optimization-for-performance","status":"publish","type":"page","link":"https:\/\/slotsmaker.com\/vi\/mobile-igaming-optimization-for-performance\/","title":{"rendered":"Mobile iGaming Optimization Tips to Maximize Performance &amp; Engagement"},"content":{"rendered":"<p>[et_pb_section fb_built=&#8221;1&#8243; admin_label=&#8221;Section&#8221; _builder_version=&#8221;4.27.2&#8243; _module_preset=&#8221;default&#8221; background_color=&#8221;#FFFFFF&#8221; da_disable_devices=&#8221;off|off|off&#8221; locked=&#8221;off&#8221; global_colors_info=&#8221;{}&#8221; da_is_popup=&#8221;off&#8221; da_exit_intent=&#8221;off&#8221; da_has_close=&#8221;on&#8221; da_alt_close=&#8221;off&#8221; da_dark_close=&#8221;off&#8221; da_not_modal=&#8221;on&#8221; da_is_singular=&#8221;off&#8221; da_with_loader=&#8221;off&#8221; da_has_shadow=&#8221;on&#8221;][et_pb_row column_structure=&#8221;1_2,1_2&#8243; _builder_version=&#8221;4.27.4&#8243; _module_preset=&#8221;default&#8221; locked=&#8221;off&#8221; global_colors_info=&#8221;{}&#8221;][et_pb_column type=&#8221;1_2&#8243; _builder_version=&#8221;4.27.4&#8243; _module_preset=&#8221;default&#8221; global_colors_info=&#8221;{}&#8221;][et_pb_image src=&#8221;https:\/\/slotsmaker.com\/wp-content\/uploads\/2026\/04\/SM-Apr-Article-2_1000x1000.jpg&#8221; alt=&#8221;A high-performance mobile iGaming interface showing real-time casino game analytics and smooth user navigation on a smartphone.&#8221; title_text=&#8221;Mobile iGaming Optimization for Performance&#8221; _builder_version=&#8221;4.27.4&#8243; _module_preset=&#8221;default&#8221; scroll_horizontal_motion=&#8221;0|29|56|100|10|0|-4&#8243; scroll_fade=&#8221;0|49|49|100|0|100|100&#8243; border_radii=&#8221;off|50px|||&#8221; global_colors_info=&#8221;{}&#8221;][\/et_pb_image][\/et_pb_column][et_pb_column type=&#8221;1_2&#8243; _builder_version=&#8221;4.27.4&#8243; _module_preset=&#8221;default&#8221; global_colors_info=&#8221;{}&#8221;][et_pb_text _builder_version=&#8221;4.27.4&#8243; _module_preset=&#8221;default&#8221; text_text_color=&#8221;#FFFFFF&#8221; text_font_size=&#8221;18px&#8221; header_font=&#8221;||||||||&#8221; header_text_color=&#8221;#FFFFFF&#8221; header_line_height=&#8221;1.2em&#8221; background_color=&#8221;gcid-primary-color&#8221; width=&#8221;90%&#8221; custom_margin=&#8221;200px|||-150px|false|false&#8221; custom_margin_tablet=&#8221;120px|||-180px|false|false&#8221; custom_margin_phone=&#8221;-32px|||0px|false|false&#8221; custom_margin_last_edited=&#8221;on|phone&#8221; custom_padding=&#8221;20px||20px|30px|false|false&#8221; custom_padding_tablet=&#8221;20px||20px|30px|false|false&#8221; custom_padding_phone=&#8221;20px|||20px|false|false&#8221; custom_padding_last_edited=&#8221;on|phone&#8221; scroll_fade=&#8221;0|52|52|100|0|100|100&#8243; hover_enabled=&#8221;0&#8243; border_radii=&#8221;off|||30px|&#8221; global_colors_info=&#8221;{%22gcid-primary-color%22:%91%22background_color%22%93}&#8221; sticky_enabled=&#8221;0&#8243;]<\/p>\n<h1>M\u1eb9o T\u1ed1i \u01afu H\u00f3a iGaming Tr\u00ean Di \u0110\u1ed9ng \u0110\u1ec3 T\u1ed1i \u0110a Hi\u1ec7u Su\u1ea5t &amp; T\u01b0\u01a1ng T\u00e1c<\/h1>\n<p>7th April 2026<\/p>\n<p>[\/et_pb_text][\/et_pb_column][\/et_pb_row][et_pb_row admin_label=&#8221;articles&#8221; _builder_version=&#8221;4.27.4&#8243; _module_preset=&#8221;default&#8221; background_color=&#8221;#FFFFFF&#8221; global_colors_info=&#8221;{}&#8221;][et_pb_column type=&#8221;4_4&#8243; _builder_version=&#8221;4.21.0&#8243; _module_preset=&#8221;default&#8221; global_colors_info=&#8221;{}&#8221;][et_pb_text _builder_version=&#8221;4.27.4&#8243; _module_preset=&#8221;default&#8221; text_text_color=&#8221;#666666&#8243; text_font_size=&#8221;16px&#8221; text_line_height=&#8221;1.5em&#8221; header_2_font=&#8221;|600|||||||&#8221; header_2_text_color=&#8221;gcid-293da448-f89a-45b9-8e92-706f4652a4ca&#8221; header_2_font_size=&#8221;18px&#8221; header_3_font=&#8221;|600|||||||&#8221; header_3_text_color=&#8221;#5C5C5C&#8221; header_3_font_size=&#8221;18px&#8221; header_4_text_color=&#8221;#000000&#8243; custom_margin=&#8221;||||false|false&#8221; custom_padding=&#8221;|50px||50px|false|false&#8221; custom_padding_tablet=&#8221;|50px||50px|false|false&#8221; custom_padding_phone=&#8221;|10px||20px|false|false&#8221; custom_padding_last_edited=&#8221;on|phone&#8221; hover_enabled=&#8221;0&#8243; text_font_size_tablet=&#8221;16px&#8221; text_font_size_phone=&#8221;14px&#8221; text_font_size_last_edited=&#8221;on|phone&#8221; header_2_font_size_tablet=&#8221;&#8221; header_2_font_size_phone=&#8221;&#8221; header_2_font_size_last_edited=&#8221;on|phone&#8221; header_3_font_size_tablet=&#8221;&#8221; header_3_font_size_phone=&#8221;&#8221; header_3_font_size_last_edited=&#8221;on|phone&#8221; global_colors_info=&#8221;{%22gcid-293da448-f89a-45b9-8e92-706f4652a4ca%22:%91%22header_2_text_color%22%93}&#8221; sticky_enabled=&#8221;0&#8243;]<\/p>\n<h2>K\u1ef7 Nguy\u00ean \u01afu Ti\u00ean Di \u0110\u1ed9ng: T\u1ea1i Sao T\u1ed1i \u01afu H\u00f3a iGaming L\u00e0 \u0110i\u1ec1u Kh\u00f4ng Th\u1ec3 Thi\u1ebfu Trong N\u0103m 2026<\/h2>\n<p><span style=\"font-weight: 400;\">N\u0103m 2026, b\u1ed1i c\u1ea3nh iGaming \u0111\u00e3 chuy\u1ec3n t\u1eeb cu\u1ed9c \u0111ua v\u1ec1 s\u1ed1 l\u01b0\u1ee3ng sang cu\u1ed9c chi\u1ebfn kh\u1ed1c li\u1ec7t gi\u00e0nh gi\u1eadt s\u1ef1 ch\u00fa \u00fd v\u00e0 gi\u1eef ch\u00e2n ng\u01b0\u1eddi ch\u01a1i. V\u1edbi vi\u1ec7c thi\u1ebft b\u1ecb di \u0111\u1ed9ng hi\u1ec7n chi\u1ebfm h\u01a1n 80% t\u1ed5ng ho\u1ea1t \u0111\u1ed9ng ng\u01b0\u1eddi d\u00f9ng to\u00e0n c\u1ea7u, vi\u1ec7c ch\u1ec9 c\u00f3 m\u1ed9t trang web \u201cth\u00e2n thi\u1ec7n v\u1edbi di \u0111\u1ed9ng\u201d kh\u00f4ng c\u00f2n l\u00e0 l\u1ee3i th\u1ebf c\u1ea1nh tranh n\u1eefa\u2014m\u00e0 ch\u1ec9 l\u00e0 m\u1ee9c t\u1ed1i thi\u1ec3u. \u0110\u1ec3 th\u1ef1c s\u1ef1 th\u00e0nh c\u00f4ng trong m\u1ed9t th\u1ecb tr\u01b0\u1eddng b\u00e3o h\u00f2a, c\u00e1c nh\u00e0 \u0111i\u1ec1u h\u00e0nh ph\u1ea3i cung c\u1ea5p tr\u1ea3i nghi\u1ec7m m\u01b0\u1ee3t m\u00e0, t\u1ed1c \u0111\u1ed9 cao, ph\u1ea3n \u00e1nh hi\u1ec7u su\u1ea5t c\u1ee7a \u1ee9ng d\u1ee5ng g\u1ed1c tr\u00ean tr\u00ecnh duy\u1ec7t di \u0111\u1ed9ng ti\u00eau chu\u1ea9n. Khi chi ph\u00ed thu h\u00fat ng\u01b0\u1eddi ch\u01a1i (CAC) ti\u1ebfp t\u1ee5c leo thang l\u00ean m\u1ee9c cao k\u1ef7 l\u1ee5c, t\u1ed1i \u01b0u h\u00f3a iGaming \u0111\u00e3 n\u1ed5i l\u00ean nh\u01b0 \u0111\u00f2n b\u1ea9y hi\u1ec7u qu\u1ea3 nh\u1ea5t \u0111\u1ec3 t\u0103ng Gi\u00e1 Tr\u1ecb Tr\u1ecdn \u0110\u1eddi c\u1ee7a Ng\u01b0\u1eddi Ch\u01a1i (LTV). B\u1eb1ng c\u00e1ch tinh ch\u1ec9nh c\u00e1c l\u1edbp k\u1ef9 thu\u1eadt v\u00e0 tr\u1ea3i nghi\u1ec7m c\u1ee7a n\u1ec1n t\u1ea3ng, b\u1ea1n \u0111\u1ea3m b\u1ea3o r\u1eb1ng m\u1ed9t khi ng\u01b0\u1eddi ch\u01a1i \u0111\u1ebfn, h\u1ecd c\u00f3 m\u1ecdi l\u00fd do \u0111\u1ec3 \u1edf l\u1ea1i.<\/span><\/p>\n<h2>N\u1eafm v\u1eefng \u201cT\u1ed1c \u0111\u1ed9 k\u1ebft n\u1ed1i\u201d k\u1ef9 thu\u1eadt \u0111\u1ec3 ch\u01a1i game t\u1ee9c th\u00ec<\/h2>\n<p><span style=\"font-weight: 400;\">C\u00e1c c\u00f4ng c\u1ee5 t\u00ecm ki\u1ebfm v\u00e0 ng\u01b0\u1eddi ch\u01a1i \u0111\u1ec1u \u0111\u00e3 ph\u00e1t tri\u1ec3n ch\u00ednh s\u00e1ch kh\u00f4ng khoan nh\u01b0\u1ee3ng \u0111\u1ed1i v\u1edbi \u0111\u1ed9 tr\u1ec5. V\u00e0o n\u0103m 2026, Core Web Vitals c\u1ee7a Google\u2014c\u1ee5 th\u1ec3 l\u00e0 ch\u1ec9 s\u1ed1 T\u01b0\u01a1ng t\u00e1c \u0111\u1ebfn hi\u1ec3n th\u1ecb ti\u1ebfp theo (INP)\u2014\u0111\u00e3 tr\u1edf th\u00e0nh ti\u00eau chu\u1ea9n v\u00e0ng cho x\u1ebfp h\u1ea1ng tr\u00ean thi\u1ebft b\u1ecb di \u0111\u1ed9ng v\u00e0 s\u1ef1 h\u00e0i l\u00f2ng c\u1ee7a ng\u01b0\u1eddi d\u00f9ng. \u0110\u1ec3 \u0111\u1ea1t \u0111\u01b0\u1ee3c t\u1ed1i \u01b0u h\u00f3a iGaming cao nh\u1ea5t, c\u1ea7n ph\u1ea3i cam k\u1ebft v\u1edbi vi\u1ec7c hi\u1ec3n th\u1ecb th\u00edch \u1ee9ng, \u0111\u1ea3m b\u1ea3o n\u1ec1n t\u1ea3ng c\u1ee7a b\u1ea1n ph\u00e1t hi\u1ec7n kh\u1ea3 n\u0103ng c\u1ee7a thi\u1ebft b\u1ecb trong th\u1eddi gian th\u1ef1c \u0111\u1ec3 c\u00e1c t\u00e0i nguy\u00ean 4K n\u1eb7ng kh\u00f4ng l\u00e0m ch\u1eadm c\u00e1c \u0111i\u1ec7n tho\u1ea1i th\u00f4ng minh c\u0169 h\u01a1n v\u1ed1n d\u00e0nh cho c\u00e1c thi\u1ebft b\u1ecb cao c\u1ea5p. H\u01a1n n\u1eefa, v\u1edbi s\u1ef1 tr\u01b0\u1edfng th\u00e0nh c\u1ee7a 5G tr\u00ean to\u00e0n c\u1ea7u, ng\u01b0\u1eddi ch\u01a1i hi\u1ec7n nay mong \u0111\u1ee3i th\u1eddi gian ph\u1ea3n h\u1ed3i d\u01b0\u1edbi 50ms. C\u00e1c nh\u00e0 \u0111i\u1ec1u h\u00e0nh ph\u1ea3i t\u1ed1i \u01b0u h\u00f3a c\u00e1c l\u1ec7nh g\u1ecdi API c\u1ee7a h\u1ecd \u0111\u1ec3 \u0111\u1ea3m b\u1ea3o r\u1eb1ng vi\u1ec7c \u0111\u1ed3ng b\u1ed9 h\u00f3a v\u00e0 chuy\u1ec3n \u0111\u1ed5i tr\u00f2 ch\u01a1i di\u1ec5n ra t\u1ee9c th\u00ec, ng\u0103n ng\u1eeba \u201cm\u1ec7t m\u1ecfi khi t\u1ea3i\u201d d\u1eabn \u0111\u1ebfn t\u1ef7 l\u1ec7 tho\u00e1t cao.<\/span><\/p>\n<h2>Tri\u1ec3n khai c\u00e1 nh\u00e2n h\u00f3a si\u00eau c\u1ea5p d\u1ef1a tr\u00ean AI \u0111\u1ec3 th\u00fac \u0111\u1ea9y gi\u1eef ch\u00e2n ng\u01b0\u1eddi ch\u01a1i<\/h2>\n<p><span style=\"font-weight: 400;\">Gi\u1eef ch\u00e2n ng\u01b0\u1eddi ch\u01a1i l\u00e0 \u0111\u1ed9ng l\u1ef1c t\u0103ng tr\u01b0\u1edfng m\u1edbi cho c\u00e1c nh\u00e0 \u0111i\u1ec1u h\u00e0nh hi\u1ec7n \u0111\u1ea1i. T\u1ed1i \u01b0u h\u00f3a iGaming hi\u1ec7u qu\u1ea3 bao g\u1ed3m vi\u1ec7c t\u1eadn d\u1ee5ng AI \u0111\u1ec3 chuy\u1ec3n \u0111\u1ed5i t\u1eeb c\u00e1c s\u1ea3nh ch\u1edd t\u0129nh, m\u1ed9t k\u00edch c\u1ee1 ph\u00f9 h\u1ee3p cho t\u1ea5t c\u1ea3 sang c\u00e1c giao di\u1ec7n ph\u00e1t tri\u1ec3n c\u00f9ng v\u1edbi ng\u01b0\u1eddi d\u00f9ng. B\u1eb1ng c\u00e1ch s\u1eed d\u1ee5ng m\u00e1y h\u1ecdc, n\u1ec1n t\u1ea3ng c\u1ee7a b\u1ea1n c\u00f3 th\u1ec3 tri\u1ec3n khai c\u00e1c s\u1ea3nh ch\u1edd \u0111\u1ed9ng, t\u1ef1 \u0111\u1ed9ng s\u1eafp x\u1ebfp l\u1ea1i c\u00e1c \u00f4 tr\u00f2 ch\u01a1i d\u1ef1a tr\u00ean s\u1edf th\u00edch tr\u01b0\u1edbc \u0111\u00e2y c\u1ee7a ng\u01b0\u1eddi ch\u01a1i, th\u1eddi gian trong ng\u00e0y v\u00e0 th\u1eadm ch\u00ed c\u1ea3 bi\u1ebfn \u0111\u1ed9ng \u0111\u1eb7t c\u01b0\u1ee3c hi\u1ec7n t\u1ea1i. M\u1ee9c \u0111\u1ed9 c\u00e1 nh\u00e2n h\u00f3a n\u00e0y m\u1edf r\u1ed9ng \u0111\u1ebfn c\u00e1c \u01b0u \u0111\u00e3i d\u1ef1 \u0111o\u00e1n thay v\u00ec ch\u1edd ng\u01b0\u1eddi ch\u01a1i ng\u1eebng ch\u01a1i. AI c\u00f3 th\u1ec3 k\u00edch ho\u1ea1t c\u00e1c ph\u1ea7n th\u01b0\u1edfng ho\u1eb7c tin nh\u1eafn nh\u1eafc nh\u1edf theo th\u1eddi gian th\u1ef1c, \u0111\u01b0\u1ee3c thi\u1ebft k\u1ebf ri\u00eang ngay khi h\u1ec7 th\u1ed1ng ph\u00e1t hi\u1ec7n s\u1ef1 thay \u0111\u1ed5i v\u1ec1 m\u1ee9c \u0111\u1ed9 t\u01b0\u01a1ng t\u00e1c, t\u1ea1o ra m\u1ed9t h\u1ec7 sinh th\u00e1i an to\u00e0n v\u00e0 h\u1ea5p d\u1eabn h\u01a1n.<\/span><\/p>\n<h2>T\u1ed1i \u01b0u h\u00f3a cho \u201cKho\u1ea3nh kh\u1eafc nh\u1ecf\u201d v\u00e0 T\u00ednh li\u00ean t\u1ee5c c\u1ee7a phi\u00ean ch\u01a1i<\/h2>\n<p><span style=\"font-weight: 400;\">Tr\u00f2 ch\u01a1i di \u0111\u1ed9ng n\u0103m 2026 th\u01b0\u1eddng di\u1ec5n ra trong nh\u1eefng kho\u1ea3ng th\u1eddi gian ng\u1eafn, c\u01b0\u1eddng \u0111\u1ed9 cao\u2014trong khi di chuy\u1ec3n, gi\u1edd ngh\u1ec9 gi\u1ea3i lao ho\u1eb7c khi \u0111ang l\u00e0m nhi\u1ec1u vi\u1ec7c c\u00f9ng l\u00fac. \u0110\u1ec3 n\u1eafm b\u1eaft ph\u00e2n kh\u00fac n\u00e0y, n\u1ec1n t\u1ea3ng c\u1ee7a b\u1ea1n ph\u1ea3i \u0111\u01b0\u1ee3c t\u1ed1i \u01b0u h\u00f3a cho nh\u1eefng kho\u1ea3nh kh\u1eafc nh\u1ecf n\u00e0y. \u0110i\u1ec1u n\u00e0y \u0111\u00f2i h\u1ecfi s\u1ef1 chuy\u1ec3n \u0111\u1ed5i sang c\u00e1c tr\u00f2 ch\u01a1i t\u1ea3i t\u1ee9c th\u00ec \u0111\u01b0\u1ee3c x\u00e2y d\u1ef1ng tr\u00ean c\u00e1c c\u00f4ng c\u1ee5 HTML5 nh\u1eb9 cho ph\u00e9p ch\u1ee9c n\u0103ng ch\u01a1i trong khi t\u1ea3i. Kh\u00e1i ni\u1ec7m v\u1ec1 t\u00ednh li\u00ean t\u1ee5c c\u1ee7a phi\u00ean ch\u01a1i c\u0169ng quan tr\u1ecdng kh\u00f4ng k\u00e9m. Trong th\u1eddi \u0111\u1ea1i d\u1eef li\u1ec7u di \u0111\u1ed9ng kh\u00f4ng \u1ed5n \u0111\u1ecbnh ho\u1eb7c th\u01b0\u1eddng xuy\u00ean chuy\u1ec3n \u0111\u1ed5i \u1ee9ng d\u1ee5ng, ng\u01b0\u1eddi ch\u01a1i mong \u0111\u1ee3i r\u1eb1ng n\u1ebfu h\u1ecd m\u1ea5t k\u1ebft n\u1ed1i ho\u1eb7c \u0111\u00f3ng tr\u00ecnh duy\u1ec7t, h\u1ecd c\u00f3 th\u1ec3 ti\u1ebfp t\u1ee5c phi\u00ean ch\u01a1i ch\u00ednh x\u00e1c t\u1eeb n\u01a1i h\u1ecd \u0111\u00e3 d\u1eebng l\u1ea1i ch\u1ec9 v\u1edbi m\u1ed9t l\u1ea7n ch\u1ea1m. S\u1ef1 \u0111\u00e1ng tin c\u1eady n\u00e0y x\u00e2y d\u1ef1ng ni\u1ec1m tin s\u00e2u s\u1eafc v\u00e0 khuy\u1ebfn kh\u00edch ng\u01b0\u1eddi ch\u01a1i quay l\u1ea1i n\u1ec1n t\u1ea3ng c\u1ee7a b\u1ea1n trong nh\u1eefng kho\u1ea3ng th\u1eddi gian r\u1ea3nh r\u1ed7i ng\u1eafn ng\u1ee7i c\u1ee7a h\u1ecd.<\/span><\/p>\n<h2>H\u1ee3p t\u00e1c v\u1edbi SlotsMaker \u0111\u1ec3 \u0111\u1ea3m b\u1ea3o t\u01b0\u01a1ng lai cho n\u1ec1n t\u1ea3ng c\u1ee7a b\u1ea1n<\/h2>\n<p><span style=\"font-weight: 400;\">B\u1ed1i c\u1ea3nh c\u00f4ng ngh\u1ec7 n\u0103m 2026 \u0111\u00f2i h\u1ecfi nhi\u1ec1u h\u01a1n ch\u1ec9 m\u1ed9t trang web ho\u1ea1t \u0111\u1ed9ng t\u1ed1t; n\u00f3 \u0111\u00f2i h\u1ecfi m\u1ed9t h\u1ec7 sinh th\u00e1i hi\u1ec7u su\u1ea5t cao c\u00f3 th\u1ec3 d\u1ef1 \u0111o\u00e1n nhu c\u1ea7u c\u1ee7a ng\u01b0\u1eddi ch\u01a1i. L\u00e0m ch\u1ee7 t\u1ed1i \u01b0u h\u00f3a iGaming l\u00e0 m\u1ed9t h\u00e0nh tr\u00ecnh li\u00ean t\u1ee5c tinh ch\u1ec9nh t\u1ed1c \u0111\u1ed9, c\u00e1 nh\u00e2n h\u00f3a v\u00e0 kh\u1ea3 n\u0103ng truy c\u1eadp. T\u1ea1i <\/span><span style=\"color: #3366ff;\"><a href=\"http:\/\/www.slotsmaker.com\" style=\"color: #3366ff;\"><b>SlotsMaker<\/b><\/a><\/span><span style=\"font-weight: 400;\">, ch\u00fang t\u00f4i chuy\u00ean cung c\u1ea5p c\u00e1c gi\u1ea3i ph\u00e1p B2B m\u00f4-\u0111un v\u00e0 ki\u1ebfn \u200b\u200btr\u00fac d\u1ef1a tr\u00ean d\u1eef li\u1ec7u c\u1ea7n thi\u1ebft \u0111\u1ec3 m\u1edf r\u1ed9ng quy m\u00f4 ho\u1ea1t \u0111\u1ed9ng di \u0111\u1ed9ng c\u1ee7a b\u1ea1n m\u1ed9t c\u00e1ch t\u1ef1 tin.<\/span><\/p>\n<p>[\/et_pb_text][et_pb_button button_url=&#8221;https:\/\/slotsmaker.com\/vi\/news\/&#8221; button_text=&#8221;Quay l\u1ea1i tin t\u1ee9c&#8221; button_alignment=&#8221;center&#8221; disabled_on=&#8221;off|off|off&#8221; module_class=&#8221;custom-button&#8221; _builder_version=&#8221;4.27.4&#8243; _module_preset=&#8221;default&#8221; custom_button=&#8221;on&#8221; button_text_size=&#8221;20px&#8221; button_text_color=&#8221;#FFFFFF&#8221; button_bg_color=&#8221;gcid-primary-color&#8221; button_border_width=&#8221;2px&#8221; button_border_color=&#8221;RGBA(255,255,255,0)&#8221; button_font=&#8221;|600|||||||&#8221; button_use_icon=&#8221;off&#8221; background_layout=&#8221;dark&#8221; custom_margin=&#8221;||||false|false&#8221; custom_padding=&#8221;||||false|false&#8221; custom_padding_tablet=&#8221;||||false|false&#8221; custom_padding_phone=&#8221;||||false|false&#8221; custom_padding_last_edited=&#8221;on|desktop&#8221; hover_enabled=&#8221;0&#8243; button_text_size_tablet=&#8221;16px&#8221; button_text_size_phone=&#8221;16px&#8221; button_text_size_last_edited=&#8221;on|desktop&#8221; custom_css_after=&#8221;margin-top: 1px;&#8221; locked=&#8221;off&#8221; global_colors_info=&#8221;{%22gcid-primary-color%22:%91%22button_bg_color%22,%22button_bg_color%22%93,%22gcid-secondary-color%22:%91%22button_bg_color%22,%22button_bg_color__hover%22%93,%22gcid-74575f5e-bedc-40c1-ae7b-6696e83b758c%22:%91%22button_bg_color__hover%22%93}&#8221; button_bg_color__hover=&#8221;#a7268b&#8221; button_bg_color__hover_enabled=&#8221;on|hover&#8221; button_border_width__hover=&#8221;2px&#8221; button_border_width__hover_enabled=&#8221;on|hover&#8221; sticky_enabled=&#8221;0&#8243;][\/et_pb_button][\/et_pb_column][\/et_pb_row][\/et_pb_section]<\/p>\n","protected":false},"excerpt":{"rendered":"<p>M\u1eb9o T\u1ed1i \u01afu H\u00f3a iGaming Tr\u00ean Di \u0110\u1ed9ng \u0110\u1ec3 T\u1ed1i \u0110a Hi\u1ec7u Su\u1ea5t &amp; T\u01b0\u01a1ng T\u00e1c 7th April 2026K\u1ef7 Nguy\u00ean \u01afu Ti\u00ean Di \u0110\u1ed9ng: T\u1ea1i Sao T\u1ed1i \u01afu H\u00f3a iGaming L\u00e0 \u0110i\u1ec1u Kh\u00f4ng Th\u1ec3 Thi\u1ebfu Trong N\u0103m 2026 N\u0103m 2026, b\u1ed1i c\u1ea3nh iGaming \u0111\u00e3 chuy\u1ec3n t\u1eeb cu\u1ed9c \u0111ua v\u1ec1 s\u1ed1 l\u01b0\u1ee3ng sang cu\u1ed9c chi\u1ebfn kh\u1ed1c [&hellip;]<\/p>\n","protected":false},"author":7,"featured_media":19528,"parent":0,"menu_order":0,"comment_status":"closed","ping_status":"closed","template":"","meta":{"_et_pb_use_builder":"on","_et_pb_old_content":"","_et_gb_content_width":"","content-type":"","footnotes":""},"class_list":["post-19559","page","type-page","status-publish","has-post-thumbnail","hentry"],"_links":{"self":[{"href":"https:\/\/slotsmaker.com\/vi\/wp-json\/wp\/v2\/pages\/19559","targetHints":{"allow":["GET"]}}],"collection":[{"href":"https:\/\/slotsmaker.com\/vi\/wp-json\/wp\/v2\/pages"}],"about":[{"href":"https:\/\/slotsmaker.com\/vi\/wp-json\/wp\/v2\/types\/page"}],"author":[{"embeddable":true,"href":"https:\/\/slotsmaker.com\/vi\/wp-json\/wp\/v2\/users\/7"}],"replies":[{"embeddable":true,"href":"https:\/\/slotsmaker.com\/vi\/wp-json\/wp\/v2\/comments?post=19559"}],"version-history":[{"count":2,"href":"https:\/\/slotsmaker.com\/vi\/wp-json\/wp\/v2\/pages\/19559\/revisions"}],"predecessor-version":[{"id":19562,"href":"https:\/\/slotsmaker.com\/vi\/wp-json\/wp\/v2\/pages\/19559\/revisions\/19562"}],"wp:featuredmedia":[{"embeddable":true,"href":"https:\/\/slotsmaker.com\/vi\/wp-json\/wp\/v2\/media\/19528"}],"wp:attachment":[{"href":"https:\/\/slotsmaker.com\/vi\/wp-json\/wp\/v2\/media?parent=19559"}],"curies":[{"name":"wp","href":"https:\/\/api.w.org\/{rel}","templated":true}]}}