{"id":19617,"date":"2026-04-08T14:17:12","date_gmt":"2026-04-08T06:17:12","guid":{"rendered":"https:\/\/slotsmaker.com\/?page_id=19617"},"modified":"2026-04-08T16:03:58","modified_gmt":"2026-04-08T08:03:58","slug":"slotsmaker-and-live22-launch-aztec-legacy","status":"publish","type":"page","link":"https:\/\/slotsmaker.com\/vi\/slotsmaker-and-live22-launch-aztec-legacy\/","title":{"rendered":"Aztec Legacy: A High-Performance Megaways Slot"},"content":{"rendered":"<p>[et_pb_section fb_built=&#8221;1&#8243; admin_label=&#8221;Section&#8221; _builder_version=&#8221;4.27.2&#8243; _module_preset=&#8221;default&#8221; background_color=&#8221;#FFFFFF&#8221; da_disable_devices=&#8221;off|off|off&#8221; locked=&#8221;off&#8221; global_colors_info=&#8221;{}&#8221; da_is_popup=&#8221;off&#8221; da_exit_intent=&#8221;off&#8221; da_has_close=&#8221;on&#8221; da_alt_close=&#8221;off&#8221; da_dark_close=&#8221;off&#8221; da_not_modal=&#8221;on&#8221; da_is_singular=&#8221;off&#8221; da_with_loader=&#8221;off&#8221; da_has_shadow=&#8221;on&#8221;][et_pb_row column_structure=&#8221;1_2,1_2&#8243; _builder_version=&#8221;4.27.4&#8243; _module_preset=&#8221;default&#8221; locked=&#8221;off&#8221; global_colors_info=&#8221;{}&#8221;][et_pb_column type=&#8221;1_2&#8243; _builder_version=&#8221;4.27.4&#8243; _module_preset=&#8221;default&#8221; global_colors_info=&#8221;{}&#8221;][et_pb_image src=&#8221;https:\/\/slotsmaker.com\/wp-content\/uploads\/2026\/04\/SlotsMaker-Article_Live22-New-Game-Aztec-Legacy_Website_1000x1000.jpg&#8221; alt=&#8221;Aztec Legacy slot game interface showing golden symbols, Princess, and the 5x6x6x6x6x5 Mega Ways reel layout.&#8221; title_text=&#8221;Aztec Legacy&#8221; _builder_version=&#8221;4.27.4&#8243; _module_preset=&#8221;default&#8221; scroll_horizontal_motion=&#8221;0|29|56|100|10|0|-4&#8243; scroll_fade=&#8221;0|49|49|100|0|100|100&#8243; border_radii=&#8221;off|50px|||&#8221; global_colors_info=&#8221;{}&#8221;][\/et_pb_image][\/et_pb_column][et_pb_column type=&#8221;1_2&#8243; _builder_version=&#8221;4.27.4&#8243; _module_preset=&#8221;default&#8221; global_colors_info=&#8221;{}&#8221;][et_pb_text _builder_version=&#8221;4.27.4&#8243; _module_preset=&#8221;default&#8221; text_text_color=&#8221;#FFFFFF&#8221; text_font_size=&#8221;18px&#8221; header_font=&#8221;||||||||&#8221; header_text_color=&#8221;#FFFFFF&#8221; header_line_height=&#8221;1.2em&#8221; background_color=&#8221;gcid-primary-color&#8221; width=&#8221;90%&#8221; custom_margin=&#8221;200px|||-150px|false|false&#8221; custom_margin_tablet=&#8221;120px|||-180px|false|false&#8221; custom_margin_phone=&#8221;-32px|||0px|false|false&#8221; custom_margin_last_edited=&#8221;on|phone&#8221; custom_padding=&#8221;20px||20px|30px|false|false&#8221; custom_padding_tablet=&#8221;20px||20px|30px|false|false&#8221; custom_padding_phone=&#8221;20px|||20px|false|false&#8221; custom_padding_last_edited=&#8221;on|phone&#8221; scroll_fade=&#8221;0|52|52|100|0|100|100&#8243; hover_enabled=&#8221;0&#8243; border_radii=&#8221;off|||30px|&#8221; global_colors_info=&#8221;{%22gcid-primary-color%22:%91%22background_color%22%93}&#8221; sticky_enabled=&#8221;0&#8243;]<\/p>\n<h1>SlotsMaker &amp; Live22 ra m\u1eaft Aztec Legacy<\/h1>\n<p>8th April 2026<\/p>\n<p>[\/et_pb_text][\/et_pb_column][\/et_pb_row][et_pb_row admin_label=&#8221;articles&#8221; _builder_version=&#8221;4.27.4&#8243; _module_preset=&#8221;default&#8221; background_color=&#8221;#FFFFFF&#8221; global_colors_info=&#8221;{}&#8221;][et_pb_column type=&#8221;4_4&#8243; _builder_version=&#8221;4.21.0&#8243; _module_preset=&#8221;default&#8221; global_colors_info=&#8221;{}&#8221;][et_pb_text _builder_version=&#8221;4.27.4&#8243; _module_preset=&#8221;default&#8221; text_text_color=&#8221;#666666&#8243; text_font_size=&#8221;16px&#8221; text_line_height=&#8221;1.5em&#8221; header_2_font=&#8221;|600|||||||&#8221; header_2_text_color=&#8221;gcid-293da448-f89a-45b9-8e92-706f4652a4ca&#8221; header_2_font_size=&#8221;18px&#8221; header_3_font=&#8221;|600|||||||&#8221; header_3_text_color=&#8221;#5C5C5C&#8221; header_3_font_size=&#8221;18px&#8221; header_4_text_color=&#8221;#000000&#8243; custom_margin=&#8221;||||false|false&#8221; custom_padding=&#8221;|50px||50px|false|false&#8221; custom_padding_tablet=&#8221;|50px||50px|false|false&#8221; custom_padding_phone=&#8221;|10px||20px|false|false&#8221; custom_padding_last_edited=&#8221;on|phone&#8221; hover_enabled=&#8221;0&#8243; text_font_size_tablet=&#8221;16px&#8221; text_font_size_phone=&#8221;14px&#8221; text_font_size_last_edited=&#8221;on|phone&#8221; header_2_font_size_tablet=&#8221;&#8221; header_2_font_size_phone=&#8221;&#8221; header_2_font_size_last_edited=&#8221;on|phone&#8221; header_3_font_size_tablet=&#8221;&#8221; header_3_font_size_phone=&#8221;&#8221; header_3_font_size_last_edited=&#8221;on|phone&#8221; global_colors_info=&#8221;{%22gcid-293da448-f89a-45b9-8e92-706f4652a4ca%22:%91%22header_2_text_color%22%93}&#8221; sticky_enabled=&#8221;0&#8243;]<\/p>\n<h2>K\u1ef7 nguy\u00ean v\u00e0ng cho c\u00e1c nh\u00e0 \u0111i\u1ec1u h\u00e0nh: SlotsMaker &amp; Live22 ra m\u1eaft Di s\u1ea3n Aztec<\/h2>\n<p><span style=\"font-weight: 400;\">Th\u1ecb tr\u01b0\u1eddng iGaming \u0110\u00f4ng Nam \u00c1 \u0111ang ph\u00e1t tri\u1ec3n nhanh h\u01a1n bao gi\u1edd h\u1ebft, v\u00e0 ng\u01b0\u1eddi ch\u01a1i kh\u00f4ng c\u00f2n h\u00e0i l\u00f2ng v\u1edbi c\u00e1c c\u01a1 ch\u1ebf ti\u00eau chu\u1ea9n. H\u1ecd mu\u1ed1n nh\u1eefng c\u00e2u chuy\u1ec7n, h\u00ecnh \u1ea3nh s\u1ed1ng \u0111\u1ed9ng v\u00e0 c\u00e1c m\u00f4 h\u00ecnh to\u00e1n h\u1ecdc mang l\u1ea1i c\u1ea3m gi\u00e1c x\u1ee9ng \u0111\u00e1ng. \u0110\u1ec3 \u0111\u00e1p \u1ee9ng nhu c\u1ea7u n\u00e0y, <\/span><span style=\"color: #3366ff;\"><a href=\"http:\/\/www.slotsmaker.com\" style=\"color: #3366ff;\"><b>SlotsMaker<\/b><\/a><\/span><span style=\"font-weight: 400;\"> r\u1ea5t vui m\u1eebng th\u00f4ng b\u00e1o v\u1ec1 s\u1ef1 h\u1ee3p t\u00e1c chi\u1ebfn l\u01b0\u1ee3c v\u1edbi <\/span><span style=\"color: #3366ff;\"><a href=\"http:\/\/www.live22.com\" style=\"color: #3366ff;\" target=\"_blank\" rel=\"noopener\"><b>Live22<\/b><\/a><\/span><span style=\"font-weight: 400;\"> \u0111\u1ec3 ra m\u1eaft t\u1ef1a game m\u1ea1nh m\u1ebd m\u1edbi nh\u1ea5t c\u1ee7a h\u1ecd: Di s\u1ea3n Aztec. \u0110\u01b0\u1ee3c thi\u1ebft k\u1ebf \u0111\u1eb7c bi\u1ec7t cho th\u1ecb tr\u01b0\u1eddng Th\u00e1i Lan, phi\u00ean b\u1ea3n n\u00e0y k\u1ebft h\u1ee3p kh\u1ea3 n\u0103ng ph\u00e2n ph\u1ed1i li\u1ec1n m\u1ea1ch c\u1ee7a SlotsMaker v\u1edbi phong c\u00e1ch ngh\u1ec7 thu\u1eadt \u0111\u1eb7c tr\u01b0ng c\u1ee7a Live22, mang \u0111\u1ebfn tr\u1ea3i nghi\u1ec7m Megaways cao c\u1ea5p khi\u1ebfn ng\u01b0\u1eddi ch\u01a1i lu\u00f4n h\u1ed3i h\u1ed9p.<\/span><\/p>\n<h2>Huy\u1ec1n tho\u1ea1i v\u1ec1 Di s\u1ea3n Aztec<\/h2>\n<p><span style=\"font-weight: 400;\">Di s\u1ea3n Aztec kh\u00f4ng ch\u1ec9 l\u00e0 m\u1ed9t tr\u00f2 ch\u01a1i slot theo ch\u1ee7 \u0111\u1ec1 r\u1eebng r\u1eadm th\u00f4ng th\u01b0\u1eddng; \u0111\u00f3 l\u00e0 l\u1eddi m\u1eddi v\u00e0o th\u00e1nh \u0111\u1ecba b\u00ean trong \u0111\u1ebf ch\u1ebf Aztec. Ng\u01b0\u1eddi ch\u01a1i \u0111\u01b0\u1ee3c d\u1eabn d\u1eaft b\u1edfi C\u00f4ng ch\u00faa d\u0169ng c\u1ea3m, m\u1ed9t ng\u01b0\u1eddi b\u1ea3o v\u1ec7 \u0111\u01b0\u1ee3c c\u00e1c v\u1ecb th\u1ea7n l\u1ef1a ch\u1ecdn \u0111\u1ec3 b\u1ea3o v\u1ec7 kim t\u1ef1 th\u00e1p v\u00e0ng s\u1ed1ng. B\u1ea7u kh\u00f4ng kh\u00ed c\u1ee7a tr\u00f2 ch\u01a1i d\u00e0y \u0111\u1eb7c b\u00ed \u1ea9n, v\u1edbi nh\u1eefng k\u00fd hi\u1ec7u rune ph\u00e1t s\u00e1ng v\u00e0 nh\u1eefng l\u1ed1i \u0111i b\u1eb1ng \u0111\u00e1 d\u1ecbch chuy\u1ec3n ph\u1ea3n \u1ee9ng v\u1edbi m\u1ed7i chi\u1ebfn th\u1eafng. C\u00e2u chuy\u1ec7n &#8220;Th\u1eed th\u00e1ch c\u1ee7a ng\u01b0\u1eddi x\u1ee9ng \u0111\u00e1ng&#8221; n\u00e0y t\u1ea1o ra m\u1ed9t s\u1ee9c h\u00fat t\u00e2m l\u00fd m\u1ea1nh m\u1ebd, bi\u1ebfn m\u1ed7i v\u00f2ng quay th\u00e0nh m\u1ed9t th\u1eed th\u00e1ch c\u00e1 nh\u00e2n \u0111\u1ec3 gi\u00e0nh \u0111\u01b0\u1ee3c s\u1ef1 tin t\u01b0\u1edfng c\u1ee7a C\u00f4ng ch\u00faa v\u00e0 m\u1edf kh\u00f3a kho b\u00e1u c\u1ee7a t\u1ed5 ti\u00ean n\u00e0ng.<\/span><\/p>\n<h2>To\u00e1n h\u1ecdc \u0111\u1eb1ng sau s\u1ef1 k\u1ef3 di\u1ec7u c\u1ee7a Aztec Legacy<\/h2>\n<p><span style=\"font-weight: 400;\">T\u1eeb g\u00f3c nh\u00ecn c\u1ee7a nh\u00e0 \u0111i\u1ec1u h\u00e0nh, Aztec Legacy \u0111\u01b0\u1ee3c x\u00e2y d\u1ef1ng \u0111\u1ec3 t\u0103ng tr\u01b0\u1edfng b\u1ec1n v\u1eefng. N\u00f3 t\u00ecm th\u1ea5y s\u1ef1 c\u00e2n b\u1eb1ng ho\u00e0n h\u1ea3o v\u1edbi t\u1ef7 l\u1ec7 RTP 96% v\u00e0 \u0111\u1ed9 bi\u1ebfn \u0111\u1ed9ng trung b\u00ecnh, \u0111\u1ea3m b\u1ea3o ng\u01b0\u1eddi ch\u01a1i c\u00f3 \u0111\u1ee7 chi\u1ebfn th\u1eafng th\u01b0\u1eddng xuy\u00ean \u0111\u1ec3 duy tr\u00ec s\u1ef1 h\u1ee9ng th\u00fa trong khi v\u1eabn theo \u0111u\u1ed5i ti\u1ec1m n\u0103ng chi\u1ebfn th\u1eafng t\u1ed1i \u0111a kh\u1ed5ng l\u1ed3 25.000x. C\u1ea5u h\u00ecnh cu\u1ed9n \u0111\u1ed9c \u0111\u00e1o 5x6x6x6x6x5 cung c\u1ea5p m\u1ed9t b\u1ee9c tranh tr\u1ef1c quan kh\u1ed5ng l\u1ed3, khi\u1ebfn tr\u00f2 ch\u01a1i c\u00f3 c\u1ea3m gi\u00e1c cao c\u1ea5p &#8211; \u0111i\u1ec1u c\u1ea7n thi\u1ebft \u0111\u1ec3 n\u1ed5i b\u1eadt trong m\u1ed9t s\u1ea3nh ch\u01a1i \u0111\u00f4ng \u0111\u00fac.<\/span><\/p>\n<h2>C\u01a1 ch\u1ebf th\u00fac \u0111\u1ea9y s\u1ef1 gi\u1eef ch\u00e2n: Mega Ways &amp; V\u00e0ng d\u00ednh<\/h2>\n<p><span style=\"font-weight: 400;\">L\u1ed1i ch\u01a1i ph\u00e1t tri\u1ec3n m\u1ea1nh m\u1ebd nh\u1edd s\u1ef1 kh\u00f3 \u0111o\u00e1n. S\u1eed d\u1ee5ng h\u1ec7 th\u1ed1ng Mega Way n\u0103ng \u0111\u1ed9ng, l\u01b0\u1edbi c\u00f3 th\u1ec3 m\u1edf r\u1ed9ng \u0111\u1ec3 cung c\u1ea5p t\u1edbi 32.400 c\u00e1ch chi\u1ebfn th\u1eafng. Tuy nhi\u00ean, s\u1ef1 ph\u1ea5n kh\u00edch th\u1ef1c s\u1ef1 n\u1eb1m \u1edf c\u00e1c Bi\u1ec3u t\u01b0\u1ee3ng Khung V\u00e0ng. Tr\u00ean c\u00e1c cu\u1ed9n t\u1eeb 2 \u0111\u1ebfn 5, c\u00e1c bi\u1ec3u t\u01b0\u1ee3ng c\u00f3 th\u1ec3 xu\u1ea5t hi\u1ec7n v\u1edbi \u00e1nh s\u00e1ng v\u00e0ng; khi ch\u00fang l\u00e0 m\u1ed9t ph\u1ea7n c\u1ee7a chi\u1ebfn th\u1eafng, ch\u00fang kh\u00f4ng ch\u1ec9 bi\u1ebfn m\u1ea5t m\u00e0 c\u00f2n bi\u1ebfn th\u00e0nh Bi\u1ec3u t\u01b0\u1ee3ng Wild D\u00ednh. C\u00e1c bi\u1ec3u t\u01b0\u1ee3ng Wild n\u00e0y \u0111\u01b0\u1ee3c t\u00ednh tr\u1ecdng l\u01b0\u1ee3ng theo k\u00edch th\u01b0\u1edbc c\u1ee7a ch\u00fang, ngh\u0129a l\u00e0 bi\u1ec3u t\u01b0\u1ee3ng 1&#215;3 s\u1ebd \u1edf l\u1ea1i tr\u00ean b\u1ea3ng trong ba l\u1ea7n x\u1ebfp ch\u1ed3ng li\u00ean ti\u1ebfp. \u0110i\u1ec1u n\u00e0y t\u1ea1o ra hi\u1ec7u \u1ee9ng qu\u1ea3 c\u1ea7u tuy\u1ebft, n\u01a1i m\u1ed9t v\u00f2ng quay may m\u1eafn c\u00f3 th\u1ec3 d\u1eabn \u0111\u1ebfn m\u1ed9t chu\u1ed7i thanh to\u00e1n kh\u1ed5ng l\u1ed3.<\/span><\/p>\n<h2>L\u1ee3i th\u1ebf H\u1ec7 s\u1ed1 Nh\u00e2n: T\u1ea1i sao \u0111\u00e2y l\u00e0 tr\u00f2 ch\u01a1i kh\u00f4ng th\u1ec3 thi\u1ebfu \u0111\u1ed1i v\u1edbi ng\u01b0\u1eddi ch\u01a1i Th\u00e1i Lan<\/h2>\n<p><span style=\"font-weight: 400;\">\u0110i\u1ec1u th\u1ef1c s\u1ef1 l\u00e0m n\u00ean s\u1ef1 kh\u00e1c bi\u1ec7t c\u1ee7a Aztec Legacy \u0111\u1ed1i v\u1edbi ng\u01b0\u1eddi ch\u01a1i Th\u00e1i Lan l\u00e0 logic c\u1ee7a V\u00f2ng quay Mi\u1ec5n ph\u00ed. Trong khi nhi\u1ec1u tr\u00f2 ch\u01a1i slot \u0111\u1eb7t l\u1ea1i h\u1ec7 s\u1ed1 nh\u00e2n sau m\u1ed9t l\u1ea7n x\u1ebfp ch\u1ed3ng thua, Aztec Legacy cho ph\u00e9p H\u1ec7 s\u1ed1 Nh\u00e2n t\u0103ng l\u00ean v\u00f4 h\u1ea1n. \u0110\u01b0\u1ee3c k\u00edch ho\u1ea1t b\u1edfi b\u1ed1n ho\u1eb7c nhi\u1ec1u bi\u1ec3u t\u01b0\u1ee3ng Scatter, v\u00f2ng th\u01b0\u1edfng s\u1ebd th\u00eam h\u1ec7 s\u1ed1 nh\u00e2n +1 cho m\u1ed7i l\u1ea7n x\u1ebfp ch\u1ed3ng v\u00e0 n\u00f3 kh\u00f4ng bao gi\u1edd \u0111\u01b0\u1ee3c \u0111\u1eb7t l\u1ea1i. \u0110i\u1ec1u n\u00e0y t\u1ea1o ra m\u1ed9t cao tr\u00e0o \u0111\u1ea7y \u00e1p l\u1ef1c, ph\u1ea7n th\u01b0\u1edfng cao cho m\u1ed7i phi\u00ean th\u01b0\u1edfng. B\u1eb1ng c\u00e1ch t\u00edch h\u1ee3p tr\u00f2 ch\u01a1i n\u00e0y th\u00f4ng qua SlotsMaker, c\u00e1c nh\u00e0 \u0111i\u1ec1u h\u00e0nh kh\u00f4ng ch\u1ec9 th\u00eam m\u1ed9t tr\u00f2 ch\u01a1i; h\u1ecd \u0111ang th\u00eam m\u1ed9t t\u00e0i s\u1ea3n c\u00f3 kh\u1ea3 n\u0103ng gi\u1eef ch\u00e2n ng\u01b0\u1eddi ch\u01a1i cao, \u0111\u01b0\u1ee3c t\u1ed1i \u01b0u h\u00f3a cho hi\u1ec7u su\u1ea5t tr\u00ean thi\u1ebft b\u1ecb di \u0111\u1ed9ng v\u00e0 th\u1eddi gian ch\u01a1i l\u00e2u d\u00e0i c\u1ee7a ng\u01b0\u1eddi ch\u01a1i.<\/span><\/p>\n<p>[\/et_pb_text][et_pb_button button_url=&#8221;https:\/\/slotsmaker.com\/vi\/news\/&#8221; button_text=&#8221;Quay l\u1ea1i tin t\u1ee9c&#8221; button_alignment=&#8221;center&#8221; disabled_on=&#8221;off|off|off&#8221; module_class=&#8221;custom-button&#8221; _builder_version=&#8221;4.27.4&#8243; _module_preset=&#8221;default&#8221; custom_button=&#8221;on&#8221; button_text_size=&#8221;20px&#8221; button_text_color=&#8221;#FFFFFF&#8221; button_bg_color=&#8221;gcid-primary-color&#8221; button_border_width=&#8221;2px&#8221; button_border_color=&#8221;RGBA(255,255,255,0)&#8221; button_font=&#8221;|600|||||||&#8221; button_use_icon=&#8221;off&#8221; background_layout=&#8221;dark&#8221; custom_margin=&#8221;||||false|false&#8221; custom_padding=&#8221;||||false|false&#8221; custom_padding_tablet=&#8221;||||false|false&#8221; custom_padding_phone=&#8221;||||false|false&#8221; custom_padding_last_edited=&#8221;on|desktop&#8221; hover_enabled=&#8221;0&#8243; button_text_size_tablet=&#8221;16px&#8221; button_text_size_phone=&#8221;16px&#8221; button_text_size_last_edited=&#8221;on|desktop&#8221; custom_css_after=&#8221;margin-top: 1px;&#8221; locked=&#8221;off&#8221; global_colors_info=&#8221;{%22gcid-primary-color%22:%91%22button_bg_color%22,%22button_bg_color%22%93,%22gcid-secondary-color%22:%91%22button_bg_color%22,%22button_bg_color__hover%22%93,%22gcid-74575f5e-bedc-40c1-ae7b-6696e83b758c%22:%91%22button_bg_color__hover%22%93}&#8221; button_bg_color__hover=&#8221;#a7268b&#8221; button_bg_color__hover_enabled=&#8221;on|hover&#8221; button_border_width__hover=&#8221;2px&#8221; button_border_width__hover_enabled=&#8221;on|hover&#8221; sticky_enabled=&#8221;0&#8243;][\/et_pb_button][\/et_pb_column][\/et_pb_row][\/et_pb_section]<\/p>\n","protected":false},"excerpt":{"rendered":"<p>SlotsMaker &amp; Live22 ra m\u1eaft Aztec Legacy 8th April 2026K\u1ef7 nguy\u00ean v\u00e0ng cho c\u00e1c nh\u00e0 \u0111i\u1ec1u h\u00e0nh: SlotsMaker &amp; Live22 ra m\u1eaft Di s\u1ea3n Aztec Th\u1ecb tr\u01b0\u1eddng iGaming \u0110\u00f4ng Nam \u00c1 \u0111ang ph\u00e1t tri\u1ec3n nhanh h\u01a1n bao gi\u1edd h\u1ebft, v\u00e0 ng\u01b0\u1eddi ch\u01a1i kh\u00f4ng c\u00f2n h\u00e0i l\u00f2ng v\u1edbi c\u00e1c c\u01a1 ch\u1ebf ti\u00eau chu\u1ea9n. H\u1ecd mu\u1ed1n nh\u1eefng [&hellip;]<\/p>\n","protected":false},"author":7,"featured_media":19587,"parent":0,"menu_order":0,"comment_status":"closed","ping_status":"closed","template":"","meta":{"_et_pb_use_builder":"on","_et_pb_old_content":"","_et_gb_content_width":"","content-type":"","footnotes":""},"class_list":["post-19617","page","type-page","status-publish","has-post-thumbnail","hentry"],"_links":{"self":[{"href":"https:\/\/slotsmaker.com\/vi\/wp-json\/wp\/v2\/pages\/19617","targetHints":{"allow":["GET"]}}],"collection":[{"href":"https:\/\/slotsmaker.com\/vi\/wp-json\/wp\/v2\/pages"}],"about":[{"href":"https:\/\/slotsmaker.com\/vi\/wp-json\/wp\/v2\/types\/page"}],"author":[{"embeddable":true,"href":"https:\/\/slotsmaker.com\/vi\/wp-json\/wp\/v2\/users\/7"}],"replies":[{"embeddable":true,"href":"https:\/\/slotsmaker.com\/vi\/wp-json\/wp\/v2\/comments?post=19617"}],"version-history":[{"count":2,"href":"https:\/\/slotsmaker.com\/vi\/wp-json\/wp\/v2\/pages\/19617\/revisions"}],"predecessor-version":[{"id":19620,"href":"https:\/\/slotsmaker.com\/vi\/wp-json\/wp\/v2\/pages\/19617\/revisions\/19620"}],"wp:featuredmedia":[{"embeddable":true,"href":"https:\/\/slotsmaker.com\/vi\/wp-json\/wp\/v2\/media\/19587"}],"wp:attachment":[{"href":"https:\/\/slotsmaker.com\/vi\/wp-json\/wp\/v2\/media?parent=19617"}],"curies":[{"name":"wp","href":"https:\/\/api.w.org\/{rel}","templated":true}]}}