{"id":19732,"date":"2026-04-21T14:47:05","date_gmt":"2026-04-21T06:47:05","guid":{"rendered":"https:\/\/slotsmaker.com\/?page_id=19732"},"modified":"2026-04-21T17:26:23","modified_gmt":"2026-04-21T09:26:23","slug":"gamification-in-online-slots-the-secret-to-high-retention","status":"publish","type":"page","link":"https:\/\/slotsmaker.com\/vi\/gamification-in-online-slots-the-secret-to-high-retention\/","title":{"rendered":"Leveraging Gamification in Online Slots for Superior Player Loyalty"},"content":{"rendered":"<p>[et_pb_section fb_built=&#8221;1&#8243; admin_label=&#8221;Section&#8221; _builder_version=&#8221;4.27.2&#8243; _module_preset=&#8221;default&#8221; background_color=&#8221;#FFFFFF&#8221; da_disable_devices=&#8221;off|off|off&#8221; locked=&#8221;off&#8221; global_colors_info=&#8221;{}&#8221; da_is_popup=&#8221;off&#8221; da_exit_intent=&#8221;off&#8221; da_has_close=&#8221;on&#8221; da_alt_close=&#8221;off&#8221; da_dark_close=&#8221;off&#8221; da_not_modal=&#8221;on&#8221; da_is_singular=&#8221;off&#8221; da_with_loader=&#8221;off&#8221; da_has_shadow=&#8221;on&#8221;][et_pb_row column_structure=&#8221;1_2,1_2&#8243; _builder_version=&#8221;4.27.4&#8243; _module_preset=&#8221;default&#8221; locked=&#8221;off&#8221; global_colors_info=&#8221;{}&#8221;][et_pb_column type=&#8221;1_2&#8243; _builder_version=&#8221;4.27.4&#8243; _module_preset=&#8221;default&#8221; global_colors_info=&#8221;{}&#8221;][et_pb_image src=&#8221;https:\/\/slotsmaker.com\/wp-content\/uploads\/2026\/04\/SM-Apr-Article-4_1000x1000.jpg&#8221; alt=&#8221;A vibrant digital interface showing an online slot game with a leveling progress bar, achievement badges, and a competitive leaderboard.&#8221; title_text=&#8221;Gamification in Online Slots: The Secret to High Retention&#8221; _builder_version=&#8221;4.27.4&#8243; _module_preset=&#8221;default&#8221; scroll_horizontal_motion=&#8221;0|29|56|100|10|0|-4&#8243; scroll_fade=&#8221;0|49|49|100|0|100|100&#8243; border_radii=&#8221;off|50px|||&#8221; global_colors_info=&#8221;{}&#8221;][\/et_pb_image][\/et_pb_column][et_pb_column type=&#8221;1_2&#8243; _builder_version=&#8221;4.27.4&#8243; _module_preset=&#8221;default&#8221; global_colors_info=&#8221;{}&#8221;][et_pb_text _builder_version=&#8221;4.27.4&#8243; _module_preset=&#8221;default&#8221; text_text_color=&#8221;#FFFFFF&#8221; text_font_size=&#8221;18px&#8221; header_font=&#8221;||||||||&#8221; header_text_color=&#8221;#FFFFFF&#8221; header_line_height=&#8221;1.2em&#8221; background_color=&#8221;gcid-primary-color&#8221; width=&#8221;90%&#8221; custom_margin=&#8221;200px|||-150px|false|false&#8221; custom_margin_tablet=&#8221;120px|||-180px|false|false&#8221; custom_margin_phone=&#8221;-32px|||0px|false|false&#8221; custom_margin_last_edited=&#8221;on|phone&#8221; custom_padding=&#8221;20px||20px|30px|false|false&#8221; custom_padding_tablet=&#8221;20px||20px|30px|false|false&#8221; custom_padding_phone=&#8221;20px|||20px|false|false&#8221; custom_padding_last_edited=&#8221;on|phone&#8221; scroll_fade=&#8221;0|52|52|100|0|100|100&#8243; hover_enabled=&#8221;0&#8243; border_radii=&#8221;off|||30px|&#8221; global_colors_info=&#8221;{%22gcid-primary-color%22:%91%22background_color%22%93}&#8221; sticky_enabled=&#8221;0&#8243;]<\/p>\n<h1>T\u1eadn d\u1ee5ng Gamification trong tr\u00f2 ch\u01a1i slot tr\u1ef1c tuy\u1ebfn \u0111\u1ec3 t\u0103ng c\u01b0\u1eddng l\u00f2ng trung th\u00e0nh c\u1ee7a ng\u01b0\u1eddi ch\u01a1i<\/h1>\n<p>21st April 2026<\/p>\n<p>[\/et_pb_text][\/et_pb_column][\/et_pb_row][et_pb_row admin_label=&#8221;articles&#8221; _builder_version=&#8221;4.27.4&#8243; _module_preset=&#8221;default&#8221; background_color=&#8221;#FFFFFF&#8221; global_colors_info=&#8221;{}&#8221;][et_pb_column type=&#8221;4_4&#8243; _builder_version=&#8221;4.21.0&#8243; _module_preset=&#8221;default&#8221; global_colors_info=&#8221;{}&#8221;][et_pb_text _builder_version=&#8221;4.27.4&#8243; _module_preset=&#8221;default&#8221; text_text_color=&#8221;#666666&#8243; text_font_size=&#8221;16px&#8221; text_line_height=&#8221;1.5em&#8221; header_2_font=&#8221;|600|||||||&#8221; header_2_text_color=&#8221;gcid-293da448-f89a-45b9-8e92-706f4652a4ca&#8221; header_2_font_size=&#8221;18px&#8221; header_3_font=&#8221;|600|||||||&#8221; header_3_text_color=&#8221;#5C5C5C&#8221; header_3_font_size=&#8221;18px&#8221; header_4_text_color=&#8221;#000000&#8243; custom_margin=&#8221;||||false|false&#8221; custom_padding=&#8221;|50px||50px|false|false&#8221; custom_padding_tablet=&#8221;|50px||50px|false|false&#8221; custom_padding_phone=&#8221;|10px||20px|false|false&#8221; custom_padding_last_edited=&#8221;on|phone&#8221; hover_enabled=&#8221;0&#8243; text_font_size_tablet=&#8221;16px&#8221; text_font_size_phone=&#8221;14px&#8221; text_font_size_last_edited=&#8221;on|phone&#8221; header_2_font_size_tablet=&#8221;&#8221; header_2_font_size_phone=&#8221;&#8221; header_2_font_size_last_edited=&#8221;on|phone&#8221; header_3_font_size_tablet=&#8221;&#8221; header_3_font_size_phone=&#8221;&#8221; header_3_font_size_last_edited=&#8221;on|phone&#8221; global_colors_info=&#8221;{%22gcid-293da448-f89a-45b9-8e92-706f4652a4ca%22:%91%22header_2_text_color%22%93}&#8221; sticky_enabled=&#8221;0&#8243;]<\/p>\n<p><span style=\"font-weight: 400;\">Trong b\u1ed1i c\u1ea3nh iGaming hi\u1ec7n \u0111\u1ea1i, c\u01a1 ch\u1ebf \u201cquay v\u00e0 th\u1eafng\u201d kh\u00f4ng c\u00f2n \u0111\u1ee7 \u0111\u1ec3 gi\u1eef ch\u00e2n ng\u01b0\u1eddi ch\u01a1i. Khi th\u1ecb tr\u01b0\u1eddng ng\u00e0y c\u00e0ng b\u00e3o h\u00f2a, c\u00e1c nh\u00e0 \u0111i\u1ec1u h\u00e0nh \u0111ang chuy\u1ec3n tr\u1ecdng t\u00e2m t\u1eeb vi\u1ec7c thu h\u00fat ng\u01b0\u1eddi ch\u01a1i \u0111\u01a1n gi\u1ea3n sang gi\u1eef ch\u00e2n ng\u01b0\u1eddi ch\u01a1i l\u00e2u d\u00e0i. T\u1ea1i SlotsMaker, ch\u00fang t\u00f4i \u0111\u00e3 ch\u1ee9ng ki\u1ebfn \u200b\u200bng\u00e0nh c\u00f4ng nghi\u1ec7p chuy\u1ec3n h\u01b0\u1edbng sang tr\u1ea3i nghi\u1ec7m t\u01b0\u01a1ng t\u00e1c h\u01a1n. C\u00e1ch hi\u1ec7u qu\u1ea3 nh\u1ea5t \u0111\u1ec3 thu h\u1eb9p kho\u1ea3ng c\u00e1ch gi\u1eefa m\u1ed9t phi\u00ean ch\u01a1i th\u00f4ng th\u01b0\u1eddng v\u00e0 m\u1ed9t l\u01b0\u1ee3ng ng\u01b0\u1eddi ch\u01a1i trung th\u00e0nh l\u00e0 th\u00f4ng qua vi\u1ec7c \u00e1p d\u1ee5ng chi\u1ebfn l\u01b0\u1ee3c gamification trong tr\u00f2 ch\u01a1i slot tr\u1ef1c tuy\u1ebfn.<\/span><\/p>\n<h2>T\u00e2m l\u00fd h\u1ecdc \u0111\u1eb1ng sau hi\u1ec7u qu\u1ea3 c\u1ee7a Gamification<\/h2>\n<p><span style=\"font-weight: 400;\">Gamification kh\u00f4ng ch\u1ec9 \u0111\u01a1n thu\u1ea7n l\u00e0 th\u00eam c\u00e1c tr\u00f2 ch\u01a1i nh\u1ecf trong tr\u00f2 ch\u01a1i l\u1edbn; n\u00f3 l\u00e0 vi\u1ec7c khai th\u00e1c t\u00e2m l\u00fd c\u01a1 b\u1ea3n c\u1ee7a con ng\u01b0\u1eddi\u2014c\u1ee5 th\u1ec3 l\u00e0 mong mu\u1ed1n \u0111\u1ea1t \u0111\u01b0\u1ee3c th\u00e0nh t\u1ef1u, \u0111\u01b0\u1ee3c c\u00f4ng nh\u1eadn x\u00e3 h\u1ed9i v\u00e0 ti\u1ebfn b\u1ed9. B\u1eb1ng c\u00e1ch gi\u1edbi thi\u1ec7u c\u00e1c c\u01a1 ch\u1ebf kh\u00f4ng li\u00ean quan \u0111\u1ebfn c\u1edd b\u1ea1c, b\u1ea1n t\u1ea1o ra m\u1ed9t v\u00f2ng ph\u1ea3n h\u1ed3i k\u00e9o d\u00e0i th\u1eddi gian ch\u01a1i v\u01b0\u1ee3t xa k\u1ebft qu\u1ea3 c\u1ee7a m\u1ed9t l\u1ea7n quay duy nh\u1ea5t. Ng\u01b0\u1eddi ch\u01a1i hi\u1ec7n \u0111\u1ea1i, \u0111\u1eb7c bi\u1ec7t l\u00e0 th\u1ebf h\u1ec7 Millennials v\u00e0 Gen Z, \u0111\u00e3 quen v\u1edbi c\u00e1c v\u00f2ng ti\u1ebfn tr\u00ecnh trong tr\u00f2 ch\u01a1i \u0111i\u1ec7n t\u1eed. Khi b\u1ea1n tri\u1ec3n khai \u0111i\u1ec3m kinh nghi\u1ec7m (XP), c\u1ea5p \u0111\u1ed9 ho\u1eb7c nhi\u1ec7m v\u1ee5 theo c\u1ed1t truy\u1ec7n, b\u1ea1n s\u1ebd mang l\u1ea1i cho h\u1ecd c\u1ea3m gi\u00e1c c\u00f3 m\u1ee5c \u0111\u00edch. Ng\u01b0\u1eddi ch\u01a1i \u00edt c\u00f3 kh\u1ea3 n\u0103ng b\u1ecf cu\u1ed9c tr\u00ean m\u1ed9t n\u1ec1n t\u1ea3ng n\u1ebfu h\u1ecd c\u1ea3m th\u1ea5y g\u1eafn b\u00f3 v\u1edbi h\u00e0nh tr\u00ecnh ho\u1eb7c ch\u1ec9 c\u00f2n v\u00e0i \u0111i\u1ec3m n\u1eefa l\u00e0 m\u1edf kh\u00f3a \u0111\u01b0\u1ee3c c\u1ea5p b\u1eadc m\u1edbi, bi\u1ebfn m\u1ed1i quan h\u1ec7 giao d\u1ecbch th\u00e0nh m\u1ed1i quan h\u1ec7 c\u1ea3m x\u00fac.<\/span><\/p>\n<h2>C\u00e1c t\u00ednh n\u0103ng Gamification quan tr\u1ecdng c\u1ea7n tri\u1ec3n khai<\/h2>\n<p><span style=\"font-weight: 400;\">\u0110\u1ec3 \u0111\u1ea1t \u0111\u01b0\u1ee3c l\u00f2ng trung th\u00e0nh cao nh\u1ea5t c\u1ee7a ng\u01b0\u1eddi ch\u01a1i, nh\u00e0 \u0111i\u1ec1u h\u00e0nh ph\u1ea3i t\u00edch h\u1ee3p c\u00e1c t\u00ednh n\u0103ng mang l\u1ea1i c\u1ea3 uy t\u00edn x\u00e3 h\u1ed9i v\u00e0 quy\u1ec1n t\u1ef1 ch\u1ee7 c\u00e1 nh\u00e2n. B\u1ea3ng x\u1ebfp h\u1ea1ng th\u00fac \u0111\u1ea9y tinh th\u1ea7n c\u1ea1nh tranh l\u00e0nh m\u1ea1nh v\u00e0 c\u1ed9ng \u0111\u1ed3ng, khuy\u1ebfn kh\u00edch ng\u01b0\u1eddi ch\u01a1i t\u0103ng t\u1ea7n su\u1ea5t \u0111\u1eb7t c\u01b0\u1ee3c \u0111\u1ec3 leo l\u00ean th\u1ee9 h\u1ea1ng cao h\u01a1n. Huy hi\u1ec7u th\u00e0nh t\u00edch mang l\u1ea1i c\u1ea3m gi\u00e1c ho\u00e0n th\u00e0nh cho nh\u1eefng th\u00e0nh t\u00edch hi\u1ebfm hoi, kh\u00e9o l\u00e9o khuy\u1ebfn kh\u00edch ng\u01b0\u1eddi ch\u01a1i kh\u00e1m ph\u00e1 c\u00e1c t\u1ef1a game kh\u00e1c trong danh m\u1ee5c c\u1ee7a b\u1ea1n. H\u01a1n n\u1eefa, c\u00e1c c\u1eeda h\u00e0ng trong game cho ph\u00e9p ng\u01b0\u1eddi ch\u01a1i s\u1eed d\u1ee5ng \u0111i\u1ec3m th\u01b0\u1edfng \u0111\u1ec3 \u0111\u1ed5i l\u1ea5y ph\u1ea7n th\u01b0\u1edfng c\u00e1 nh\u00e2n h\u00f3a mang l\u1ea1i cho h\u1ecd c\u1ea3m gi\u00e1c ki\u1ec3m so\u00e1t tr\u1ea3i nghi\u1ec7m c\u1ee7a m\u00ecnh. B\u1eb1ng c\u00e1ch k\u1ebft h\u1ee3p c\u00e1c y\u1ebfu t\u1ed1 n\u00e0y, b\u1ea1n bi\u1ebfn m\u00e1y \u0111\u00e1nh b\u1ea1c t\u1eeb m\u1ed9t ho\u1ea1t \u0111\u1ed9ng \u0111\u01a1n \u0111\u1ed9c th\u00e0nh m\u1ed9t h\u1ec7 sinh th\u00e1i x\u00e3 h\u1ed9i, b\u1ed5 \u00edch, th\u01b0\u1edfng cho th\u1eddi gian b\u1ecf ra c\u0169ng nhi\u1ec1u nh\u01b0 ti\u1ec1n \u0111\u1eb7t c\u01b0\u1ee3c.<\/span><\/p>\n<h2>T\u1eeb Ng\u01b0\u1eddi ch\u01a1i \u0111\u1ebfn Ng\u01b0\u1eddi h\u00e2m m\u1ed9: T\u0103ng LTV<\/h2>\n<p><span style=\"font-weight: 400;\">M\u1ee5c ti\u00eau c\u1ee7a gamification trong tr\u00f2 ch\u01a1i slot tr\u1ef1c tuy\u1ebfn l\u00e0 t\u1ed1i \u0111a h\u00f3a Gi\u00e1 tr\u1ecb Tr\u1ecdn \u0111\u1eddi (LTV) b\u1eb1ng c\u00e1ch chuy\u1ec3n tr\u1ecdng t\u00e2m c\u1ee7a ng\u01b0\u1eddi ch\u01a1i t\u1eeb k\u1ebft qu\u1ea3 t\u00e0i ch\u00ednh thu\u1ea7n t\u00fay sang ni\u1ec1m vui c\u1ee7a h\u00e0nh tr\u00ecnh. Khi m\u1ed9t tr\u00f2 ch\u01a1i slot mang l\u1ea1i c\u1ea3m gi\u00e1c nh\u01b0 m\u1ed9t s\u1edf th\u00edch ho\u1eb7c m\u1ed9t c\u1ed9ng \u0111\u1ed3ng, chi ph\u00ed do ng\u01b0\u1eddi ch\u01a1i b\u1ecf cu\u1ed9c s\u1ebd gi\u1ea3m \u0111\u00e1ng k\u1ec3. \u0110i\u1ec1u n\u00e0y t\u1ea1o ra m\u1ed9t h\u1ec7 sinh th\u00e1i b\u1ec1n v\u1eefng h\u01a1n, n\u01a1i ng\u01b0\u1eddi ch\u01a1i quay l\u1ea1i v\u00ec h\u1ecd th\u00edch giao di\u1ec7n, qu\u00e1 tr\u00ecnh ti\u1ebfn tri\u1ec3n v\u00e0 v\u1ecb th\u1ebf x\u00e3 h\u1ed9i m\u00e0 h\u1ecd \u0111\u00e3 x\u00e2y d\u1ef1ng tr\u00ean n\u1ec1n t\u1ea3ng. B\u1eb1ng c\u00e1ch t\u1eadp trung v\u00e0o nh\u1eefng y\u1ebfu t\u1ed1 tr\u1ea3i nghi\u1ec7m n\u00e0y, c\u00e1c nh\u00e0 \u0111i\u1ec1u h\u00e0nh c\u00f3 th\u1ec3 tr\u00e1nh xa c\u00e1c ch\u01b0\u01a1ng tr\u00ecnh khuy\u1ebfn m\u00e3i thu h\u00fat ng\u01b0\u1eddi ch\u01a1i t\u1ed1n k\u00e9m v\u00e0 qu\u00e1 m\u1ee9c, thay v\u00e0o \u0111\u00f3 d\u1ef1a v\u00e0o m\u1ed9t l\u01b0\u1ee3ng ng\u01b0\u1eddi d\u00f9ng c\u00f3 \u0111\u1ed9ng l\u1ef1c n\u1ed9i t\u1ea1i, nh\u1eefng ng\u01b0\u1eddi coi n\u1ec1n t\u1ea3ng n\u00e0y l\u00e0 ngu\u1ed3n gi\u1ea3i tr\u00ed ch\u00ednh c\u1ee7a h\u1ecd.<\/span><\/p>\n<h2>SlotsMaker c\u00f3 th\u1ec3 gi\u00fap g\u00ec cho b\u1ea1n?<\/h2>\n<p><span style=\"font-weight: 400;\">Vi\u1ec7c chuy\u1ec3n \u0111\u1ed5i t\u1eeb c\u00e1c tr\u00f2 ch\u01a1i slot truy\u1ec1n th\u1ed1ng sang m\u1ed9t h\u1ec7 sinh th\u00e1i \u0111\u01b0\u1ee3c game h\u00f3a \u0111\u00f2i h\u1ecfi m\u1ed9t h\u1ec7 th\u1ed1ng ph\u1ee5 tr\u1ee3 ph\u1ee9c t\u1ea1p v\u00e0 thi\u1ebft k\u1ebf tr\u00f2 ch\u01a1i s\u00e1ng t\u1ea1o. T\u1ea1i <\/span><span style=\"color: #3366ff;\"><a href=\"http:\/\/www.slotsmaker.com\" style=\"color: #3366ff;\"><b>SlotsMaker<\/b><\/a><\/span><span style=\"font-weight: 400;\">, ch\u00fang t\u00f4i chuy\u00ean t\u1ea1o ra c\u00e1c gi\u1ea3i ph\u00e1p slot t\u00f9y ch\u1ec9nh, t\u00edch h\u1ee3p tr\u1ef1c ti\u1ebfp c\u00e1c c\u01a1 ch\u1ebf th\u00fac \u0111\u1ea9y l\u00f2ng trung th\u00e0nh n\u00e0y v\u00e0o l\u1ed1i ch\u01a1i c\u1ed1t l\u00f5i. Cho d\u00f9 \u0111\u00f3 l\u00e0 x\u00e2y d\u1ef1ng c\u1ea5u tr\u00fac nhi\u1ec7m v\u1ee5 t\u00f9y ch\u1ec9nh, thi\u1ebft k\u1ebf b\u1ea3n \u0111\u1ed3 t\u01b0\u01a1ng t\u00e1c hay t\u00edch h\u1ee3p c\u00e1c gi\u1ea3i \u0111\u1ea5u ph\u1ee9c t\u1ea1p gi\u1eefa c\u00e1c tr\u00f2 ch\u01a1i, ch\u00fang t\u00f4i \u0111\u1ec1u cung c\u1ea5p c\u01a1 s\u1edf h\u1ea1 t\u1ea7ng k\u1ef9 thu\u1eadt v\u00e0 chuy\u00ean m\u00f4n s\u00e1ng t\u1ea1o \u0111\u1ec3 \u0111\u1ea3m b\u1ea3o ng\u01b0\u1eddi ch\u01a1i c\u1ee7a b\u1ea1n kh\u00f4ng ch\u1ec9 ch\u01a1i m\u00e0 c\u00f2n \u1edf l\u1ea1i. Ch\u00fang t\u00f4i gi\u00fap b\u1ea1n x\u00e2y d\u1ef1ng m\u1ed9t th\u01b0\u01a1ng hi\u1ec7u ph\u00f9 h\u1ee3p v\u1edbi k\u1ef3 v\u1ecdng c\u1ee7a ng\u01b0\u1eddi ch\u01a1i hi\u1ec7n \u0111\u1ea1i v\u1ec1 chi\u1ec1u s\u00e2u, th\u1eed th\u00e1ch v\u00e0 ph\u1ea7n th\u01b0\u1edfng.<\/span><\/p>\n<p>[\/et_pb_text][et_pb_button button_url=&#8221;https:\/\/slotsmaker.com\/vi\/news\/&#8221; button_text=&#8221;Quay l\u1ea1i tin t\u1ee9c&#8221; button_alignment=&#8221;center&#8221; disabled_on=&#8221;off|off|off&#8221; module_class=&#8221;custom-button&#8221; _builder_version=&#8221;4.27.4&#8243; _module_preset=&#8221;default&#8221; custom_button=&#8221;on&#8221; button_text_size=&#8221;20px&#8221; button_text_color=&#8221;#FFFFFF&#8221; button_bg_color=&#8221;gcid-primary-color&#8221; button_border_width=&#8221;2px&#8221; button_border_color=&#8221;RGBA(255,255,255,0)&#8221; button_font=&#8221;|600|||||||&#8221; button_use_icon=&#8221;off&#8221; background_layout=&#8221;dark&#8221; custom_margin=&#8221;||||false|false&#8221; custom_padding=&#8221;||||false|false&#8221; custom_padding_tablet=&#8221;||||false|false&#8221; custom_padding_phone=&#8221;||||false|false&#8221; custom_padding_last_edited=&#8221;on|desktop&#8221; hover_enabled=&#8221;0&#8243; button_text_size_tablet=&#8221;16px&#8221; button_text_size_phone=&#8221;16px&#8221; button_text_size_last_edited=&#8221;on|desktop&#8221; custom_css_after=&#8221;margin-top: 1px;&#8221; locked=&#8221;off&#8221; global_colors_info=&#8221;{%22gcid-primary-color%22:%91%22button_bg_color%22,%22button_bg_color%22%93,%22gcid-secondary-color%22:%91%22button_bg_color%22,%22button_bg_color__hover%22%93,%22gcid-74575f5e-bedc-40c1-ae7b-6696e83b758c%22:%91%22button_bg_color__hover%22%93}&#8221; button_bg_color__hover=&#8221;#a7268b&#8221; button_bg_color__hover_enabled=&#8221;on|hover&#8221; button_border_width__hover=&#8221;2px&#8221; button_border_width__hover_enabled=&#8221;on|hover&#8221; sticky_enabled=&#8221;0&#8243;][\/et_pb_button][\/et_pb_column][\/et_pb_row][\/et_pb_section]<\/p>\n","protected":false},"excerpt":{"rendered":"<p>T\u1eadn d\u1ee5ng Gamification trong tr\u00f2 ch\u01a1i slot tr\u1ef1c tuy\u1ebfn \u0111\u1ec3 t\u0103ng c\u01b0\u1eddng l\u00f2ng trung th\u00e0nh c\u1ee7a ng\u01b0\u1eddi ch\u01a1i 21st April 2026Trong b\u1ed1i c\u1ea3nh iGaming hi\u1ec7n \u0111\u1ea1i, c\u01a1 ch\u1ebf \u201cquay v\u00e0 th\u1eafng\u201d kh\u00f4ng c\u00f2n \u0111\u1ee7 \u0111\u1ec3 gi\u1eef ch\u00e2n ng\u01b0\u1eddi ch\u01a1i. Khi th\u1ecb tr\u01b0\u1eddng ng\u00e0y c\u00e0ng b\u00e3o h\u00f2a, c\u00e1c nh\u00e0 \u0111i\u1ec1u h\u00e0nh \u0111ang chuy\u1ec3n tr\u1ecdng t\u00e2m t\u1eeb [&hellip;]<\/p>\n","protected":false},"author":7,"featured_media":19703,"parent":0,"menu_order":0,"comment_status":"closed","ping_status":"closed","template":"","meta":{"_et_pb_use_builder":"on","_et_pb_old_content":"","_et_gb_content_width":"","content-type":"","footnotes":""},"class_list":["post-19732","page","type-page","status-publish","has-post-thumbnail","hentry"],"_links":{"self":[{"href":"https:\/\/slotsmaker.com\/vi\/wp-json\/wp\/v2\/pages\/19732","targetHints":{"allow":["GET"]}}],"collection":[{"href":"https:\/\/slotsmaker.com\/vi\/wp-json\/wp\/v2\/pages"}],"about":[{"href":"https:\/\/slotsmaker.com\/vi\/wp-json\/wp\/v2\/types\/page"}],"author":[{"embeddable":true,"href":"https:\/\/slotsmaker.com\/vi\/wp-json\/wp\/v2\/users\/7"}],"replies":[{"embeddable":true,"href":"https:\/\/slotsmaker.com\/vi\/wp-json\/wp\/v2\/comments?post=19732"}],"version-history":[{"count":2,"href":"https:\/\/slotsmaker.com\/vi\/wp-json\/wp\/v2\/pages\/19732\/revisions"}],"predecessor-version":[{"id":19735,"href":"https:\/\/slotsmaker.com\/vi\/wp-json\/wp\/v2\/pages\/19732\/revisions\/19735"}],"wp:featuredmedia":[{"embeddable":true,"href":"https:\/\/slotsmaker.com\/vi\/wp-json\/wp\/v2\/media\/19703"}],"wp:attachment":[{"href":"https:\/\/slotsmaker.com\/vi\/wp-json\/wp\/v2\/media?parent=19732"}],"curies":[{"name":"wp","href":"https:\/\/api.w.org\/{rel}","templated":true}]}}