{"id":19790,"date":"2026-04-22T12:54:15","date_gmt":"2026-04-22T04:54:15","guid":{"rendered":"https:\/\/slotsmaker.com\/?page_id=19790"},"modified":"2026-04-22T13:38:34","modified_gmt":"2026-04-22T05:38:34","slug":"slotsmaker-and-live22-launch-mahjong-gold-lion","status":"publish","type":"page","link":"https:\/\/slotsmaker.com\/vi\/slotsmaker-and-live22-launch-mahjong-gold-lion\/","title":{"rendered":"SlotsMaker &amp; Live22 Set New Benchmarks with the Release of Mahjong Gold: Lion"},"content":{"rendered":"<p>[et_pb_section fb_built=&#8221;1&#8243; admin_label=&#8221;Section&#8221; _builder_version=&#8221;4.27.2&#8243; _module_preset=&#8221;default&#8221; background_color=&#8221;#FFFFFF&#8221; da_disable_devices=&#8221;off|off|off&#8221; locked=&#8221;off&#8221; global_colors_info=&#8221;{}&#8221; da_is_popup=&#8221;off&#8221; da_exit_intent=&#8221;off&#8221; da_has_close=&#8221;on&#8221; da_alt_close=&#8221;off&#8221; da_dark_close=&#8221;off&#8221; da_not_modal=&#8221;on&#8221; da_is_singular=&#8221;off&#8221; da_with_loader=&#8221;off&#8221; da_has_shadow=&#8221;on&#8221;][et_pb_row column_structure=&#8221;1_2,1_2&#8243; _builder_version=&#8221;4.27.4&#8243; _module_preset=&#8221;default&#8221; locked=&#8221;off&#8221; global_colors_info=&#8221;{}&#8221;][et_pb_column type=&#8221;1_2&#8243; _builder_version=&#8221;4.27.4&#8243; _module_preset=&#8221;default&#8221; global_colors_info=&#8221;{}&#8221;][et_pb_image src=&#8221;https:\/\/slotsmaker.com\/wp-content\/uploads\/2026\/04\/SlotsMaker-Article_Live22-New-Game-Mahjong-Gold_Lion_1000x1000.jpg&#8221; alt=&#8221;Graphic of Mahjong Gold: Lion slot game by SlotsMaker and Live22, showcasing glittering gold mahjong tiles and lion imagery.&#8221; title_text=&#8221;SlotsMaker and Live22 Launch Mahjong Gold: Lion&#8221; _builder_version=&#8221;4.27.4&#8243; _module_preset=&#8221;default&#8221; scroll_horizontal_motion=&#8221;0|29|56|100|10|0|-4&#8243; scroll_fade=&#8221;0|49|49|100|0|100|100&#8243; border_radii=&#8221;off|50px|||&#8221; global_colors_info=&#8221;{}&#8221;][\/et_pb_image][\/et_pb_column][et_pb_column type=&#8221;1_2&#8243; _builder_version=&#8221;4.27.4&#8243; _module_preset=&#8221;default&#8221; global_colors_info=&#8221;{}&#8221;][et_pb_text _builder_version=&#8221;4.27.4&#8243; _module_preset=&#8221;default&#8221; text_text_color=&#8221;#FFFFFF&#8221; text_font_size=&#8221;18px&#8221; header_font=&#8221;||||||||&#8221; header_text_color=&#8221;#FFFFFF&#8221; header_line_height=&#8221;1.2em&#8221; background_color=&#8221;gcid-primary-color&#8221; width=&#8221;90%&#8221; custom_margin=&#8221;200px|||-150px|false|false&#8221; custom_margin_tablet=&#8221;120px|||-180px|false|false&#8221; custom_margin_phone=&#8221;-32px|||0px|false|false&#8221; custom_margin_last_edited=&#8221;on|phone&#8221; custom_padding=&#8221;20px||20px|30px|false|false&#8221; custom_padding_tablet=&#8221;20px||20px|30px|false|false&#8221; custom_padding_phone=&#8221;20px|||20px|false|false&#8221; custom_padding_last_edited=&#8221;on|phone&#8221; scroll_fade=&#8221;0|52|52|100|0|100|100&#8243; hover_enabled=&#8221;0&#8243; border_radii=&#8221;off|||30px|&#8221; global_colors_info=&#8221;{%22gcid-primary-color%22:%91%22background_color%22%93}&#8221; sticky_enabled=&#8221;0&#8243;]<\/p>\n<h1>SlotsMaker &amp; Live22 thi\u1ebft l\u1eadp chu\u1ea9n m\u1ef1c m\u1edbi v\u1edbi s\u1ef1 ra m\u1eaft c\u1ee7a Mahjong Gold: Lion<\/h1>\n<p>22nd April 2026<\/p>\n<p>[\/et_pb_text][\/et_pb_column][\/et_pb_row][et_pb_row admin_label=&#8221;articles&#8221; _builder_version=&#8221;4.27.4&#8243; _module_preset=&#8221;default&#8221; background_color=&#8221;#FFFFFF&#8221; global_colors_info=&#8221;{}&#8221;][et_pb_column type=&#8221;4_4&#8243; _builder_version=&#8221;4.21.0&#8243; _module_preset=&#8221;default&#8221; global_colors_info=&#8221;{}&#8221;][et_pb_text _builder_version=&#8221;4.27.4&#8243; _module_preset=&#8221;default&#8221; text_text_color=&#8221;#666666&#8243; text_font_size=&#8221;16px&#8221; text_line_height=&#8221;1.5em&#8221; header_2_font=&#8221;|600|||||||&#8221; header_2_text_color=&#8221;gcid-293da448-f89a-45b9-8e92-706f4652a4ca&#8221; header_2_font_size=&#8221;18px&#8221; header_3_font=&#8221;|600|||||||&#8221; header_3_text_color=&#8221;#5C5C5C&#8221; header_3_font_size=&#8221;18px&#8221; header_4_text_color=&#8221;#000000&#8243; custom_margin=&#8221;||||false|false&#8221; custom_padding=&#8221;|50px||50px|false|false&#8221; custom_padding_tablet=&#8221;|50px||50px|false|false&#8221; custom_padding_phone=&#8221;|10px||20px|false|false&#8221; custom_padding_last_edited=&#8221;on|phone&#8221; hover_enabled=&#8221;0&#8243; text_font_size_tablet=&#8221;16px&#8221; text_font_size_phone=&#8221;14px&#8221; text_font_size_last_edited=&#8221;on|phone&#8221; header_2_font_size_tablet=&#8221;&#8221; header_2_font_size_phone=&#8221;&#8221; header_2_font_size_last_edited=&#8221;on|phone&#8221; header_3_font_size_tablet=&#8221;&#8221; header_3_font_size_phone=&#8221;&#8221; header_3_font_size_last_edited=&#8221;on|phone&#8221; global_colors_info=&#8221;{%22gcid-293da448-f89a-45b9-8e92-706f4652a4ca%22:%91%22header_2_text_color%22%93}&#8221; sticky_enabled=&#8221;0&#8243;]<\/p>\n<p><span style=\"font-weight: 400;\">Trong m\u1ed9t \u0111\u1ed9ng th\u00e1i nh\u1eb1m \u0111\u1ecbnh h\u00ecnh l\u1ea1i b\u1ed1i c\u1ea3nh tr\u00f2 ch\u01a1i slot k\u1ef9 thu\u1eadt s\u1ed1 t\u1ea1i \u0110\u00f4ng Nam \u00c1, <\/span><span style=\"color: #3366ff;\"><a href=\"http:\/\/www.slotsmaker.com\" style=\"color: #3366ff;\"><b>SlotsMaker<\/b><\/a><\/span> <span style=\"font-weight: 400;\">vui m\u1eebng th\u00f4ng b\u00e1o v\u1ec1 s\u1ef1 h\u1ee3p t\u00e1c n\u1ed5i b\u1eadt m\u1edbi nh\u1ea5t v\u1edbi <\/span><span style=\"color: #3366ff;\"><a href=\"http:\/\/www.live22.com\" style=\"color: #3366ff;\" target=\"_blank\" rel=\"noopener\"><b>Live22<\/b><\/a><\/span><span style=\"font-weight: 400;\">. Quan h\u1ec7 \u0111\u1ed1i t\u00e1c n\u00e0y \u0111\u1ea1t \u0111\u1ebfn \u0111\u1ec9nh \u0111i\u1ec3m v\u1edbi s\u1ef1 ra m\u1eaft c\u1ee7a Mahjong Gold: Lion, m\u1ed9t t\u1ef1a game \u0111\u01b0\u1ee3c thi\u1ebft k\u1ebf \u0111\u1eb7c bi\u1ec7t \u0111\u1ec3 th\u1ed1ng tr\u1ecb th\u1ecb tr\u01b0\u1eddng Th\u00e1i Lan.<\/span><\/p>\n<p><span style=\"font-weight: 400;\">B\u1eb1ng c\u00e1ch k\u1ebft h\u1ee3p kh\u1ea3 n\u0103ng ph\u00e2n ph\u1ed1i m\u1ea1nh m\u1ebd c\u1ee7a SlotsMaker v\u1edbi th\u1ea9m m\u1ef9 Mahjong l\u1ea5p l\u00e1nh \u0111\u1eb7c tr\u01b0ng c\u1ee7a Live22, s\u1ef1 h\u1ee3p t\u00e1c n\u00e0y mang \u0111\u1ebfn cho c\u00e1c \u0111\u1ed1i t\u00e1c B2B m\u1ed9t s\u1ea3n ph\u1ea9m c\u00e2n b\u1eb1ng gi\u1eefa s\u1ef1 quen thu\u1ed9c v\u1ec1 v\u0103n h\u00f3a v\u1edbi ti\u1ec1m n\u0103ng chi\u1ebfn th\u1eafng ch\u01b0a t\u1eebng c\u00f3.<\/span><\/p>\n<h2>H\u1ec7 th\u1ed1ng 2.000 c\u00e1ch th\u1eafng \u0111\u01b0\u1ee3c x\u00e2y d\u1ef1ng \u0111\u1ec3 t\u1ed1i \u0111a h\u00f3a s\u1ef1 t\u01b0\u01a1ng t\u00e1c<\/h2>\n<p><span style=\"font-weight: 400;\">c\u1ed1t l\u00f5i c\u1ee7a Mahjong Gold: Lion l\u00e0 m\u1ed9t m\u00f4 h\u00ecnh to\u00e1n h\u1ecdc ph\u1ee9c t\u1ea1p \u0111\u01b0\u1ee3c thi\u1ebft k\u1ebf cho c\u00e1c phi\u00ean ch\u01a1i k\u00e9o d\u00e0i. V\u1edbi t\u1ef7 l\u1ec7 RTP 96% v\u00e0 \u0111\u1ed9 bi\u1ebfn \u0111\u1ed9ng trung b\u00ecnh, tr\u00f2 ch\u01a1i cung c\u1ea5p c\u1ea5u tr\u00fac 2.000 c\u00e1ch th\u1eafng gi\u00fap duy tr\u00ec \u0111\u1ed9ng l\u1ef1c cao. \u0110i\u1ec3m n\u1ed5i b\u1eadt l\u00e0 m\u1ee9c th\u1eafng t\u1ed1i \u0111a l\u00ean \u0111\u1ebfn 100.000 l\u1ea7n, con s\u1ed1 n\u00e0y \u0111\u01b0a t\u1ef1a game n\u00e0y tr\u1edf th\u00e0nh m\u1ed9t trong nh\u1eefng game c\u1ea1nh tranh nh\u1ea5t tr\u00ean th\u1ecb tr\u01b0\u1eddng hi\u1ec7n nay. M\u1ed7i v\u00f2ng quay \u0111\u1ec1u mang tr\u1ecdng l\u01b0\u1ee3ng c\u1ee7a m\u1ed9t kho\u1ea3n thanh to\u00e1n thay \u0111\u1ed5i cu\u1ed9c \u0111\u1eddi, \u0111\u1ea3m b\u1ea3o doanh thu cao cho nh\u00e0 \u0111i\u1ec1u h\u00e0nh v\u00e0 tr\u1ea3i nghi\u1ec7m h\u1ed3i h\u1ed9p \u0111\u1ebfn ngh\u1eb9t th\u1edf cho ng\u01b0\u1eddi ch\u01a1i.<\/span><\/p>\n<h2>Bi\u1ec3u t\u01b0\u1ee3ng V\u00e0ng &amp; N\u00e2ng c\u1ea5p H\u1ec7 s\u1ed1 Nh\u00e2n mang t\u00ednh c\u00e1ch m\u1ea1ng<\/h2>\n<p><span style=\"font-weight: 400;\">Tr\u1ea3i nghi\u1ec7m ch\u01a1i game \u0111\u01b0\u1ee3c \u0111\u1ecbnh h\u00ecnh b\u1edfi c\u01a1 ch\u1ebf Bi\u1ec3u t\u01b0\u1ee3ng V\u00e0ng \u0111\u1ed9t ph\u00e1. Trong tr\u00f2 ch\u01a1i c\u01a1 b\u1ea3n, c\u00e1c bi\u1ec3u t\u01b0\u1ee3ng tr\u00ean c\u00e1c cu\u1ed9n 2, 3 v\u00e0 4 c\u00f3 th\u1ec3 xu\u1ea5t hi\u1ec7n d\u01b0\u1edbi d\u1ea1ng c\u00e1c \u00f4 v\u00e0ng; khi ch\u00fang t\u1ea1o th\u00e0nh m\u1ed9t t\u1ed5 h\u1ee3p chi\u1ebfn th\u1eafng, ch\u00fang s\u1ebd bi\u1ebfn th\u00e0nh Wild cho l\u1ea7n quay ti\u1ebfp theo, t\u1ea1o \u0111i\u1ec1u ki\u1ec7n cho c\u00e1c chi\u1ebfn th\u1eafng li\u00ean ti\u1ebfp kh\u1ed5ng l\u1ed3. \u0110i\u1ec1u n\u00e0y \u0111\u01b0\u1ee3c b\u1ed5 sung b\u1edfi m\u1ed9t chu\u1ed7i h\u1ec7 s\u1ed1 nh\u00e2n t\u0103ng d\u1ea7n, th\u01b0\u1edfng cho c\u00e1c chi\u1ebfn th\u1eafng li\u00ean ti\u1ebfp l\u00ean \u0111\u1ebfn x5. \u0110\u1ec3 t\u0103ng th\u00eam y\u1ebfu t\u1ed1 b\u1ea5t ng\u1edd, tr\u00f2 ch\u01a1i c\u00f3 t\u00ednh n\u0103ng bi\u1ebfn \u0111\u1ed5i h\u1ec7 s\u1ed1 nh\u00e2n ng\u1eabu nhi\u00ean, trong \u0111\u00f3 thanh h\u1ec7 s\u1ed1 nh\u00e2n c\u00f3 th\u1ec3 \u0111\u01b0\u1ee3c n\u00e2ng c\u1ea5p qua c\u00e1c c\u1ea5p \u0111\u1ed9 \u0110en, Xanh lam v\u00e0 V\u00e0ng, gi\u00fap t\u0103ng \u0111\u00e1ng k\u1ec3 c\u1ea5u tr\u00fac thanh to\u00e1n ti\u00eau chu\u1ea9n.<\/span><\/p>\n<h2>Bi\u1ec3u t\u01b0\u1ee3ng V\u00e0ng mang t\u00ednh c\u00e1ch m\u1ea1ng &amp; N\u00e2ng c\u1ea5p H\u1ec7 s\u1ed1 Nh\u00e2n<\/h2>\n<p><span style=\"font-weight: 400;\">Tr\u1ea3i nghi\u1ec7m ch\u01a1i game \u0111\u01b0\u1ee3c \u0111\u1ecbnh h\u00ecnh b\u1edfi c\u01a1 ch\u1ebf Bi\u1ec3u t\u01b0\u1ee3ng V\u00e0ng \u0111\u1ed9t ph\u00e1. Trong tr\u00f2 ch\u01a1i c\u01a1 b\u1ea3n, c\u00e1c bi\u1ec3u t\u01b0\u1ee3ng tr\u00ean c\u00e1c cu\u1ed9n 2, 3 v\u00e0 4 c\u00f3 th\u1ec3 xu\u1ea5t hi\u1ec7n d\u01b0\u1edbi d\u1ea1ng c\u00e1c \u00f4 v\u00e0ng; khi ch\u00fang t\u1ea1o th\u00e0nh m\u1ed9t t\u1ed5 h\u1ee3p chi\u1ebfn th\u1eafng, ch\u00fang s\u1ebd bi\u1ebfn th\u00e0nh Wild cho l\u1ea7n quay ti\u1ebfp theo, t\u1ea1o \u0111i\u1ec1u ki\u1ec7n cho c\u00e1c chi\u1ebfn th\u1eafng li\u00ean ti\u1ebfp kh\u1ed5ng l\u1ed3. \u0110i\u1ec1u n\u00e0y \u0111\u01b0\u1ee3c b\u1ed5 sung b\u1edfi m\u1ed9t chu\u1ed7i h\u1ec7 s\u1ed1 nh\u00e2n t\u0103ng d\u1ea7n, th\u01b0\u1edfng cho c\u00e1c chi\u1ebfn th\u1eafng li\u00ean ti\u1ebfp l\u00ean \u0111\u1ebfn x5. \u0110\u1ec3 t\u0103ng th\u00eam y\u1ebfu t\u1ed1 b\u1ea5t ng\u1edd, tr\u00f2 ch\u01a1i c\u00f3 t\u00ednh n\u0103ng bi\u1ebfn \u0111\u1ed5i h\u1ec7 s\u1ed1 nh\u00e2n ng\u1eabu nhi\u00ean, trong \u0111\u00f3 thanh h\u1ec7 s\u1ed1 nh\u00e2n c\u00f3 th\u1ec3 \u0111\u01b0\u1ee3c n\u00e2ng c\u1ea5p qua c\u00e1c c\u1ea5p \u0111\u1ed9 \u0110en, Xanh lam v\u00e0 V\u00e0ng, gi\u00fap t\u0103ng \u0111\u00e1ng k\u1ec3 c\u1ea5u tr\u00fac thanh to\u00e1n ti\u00eau chu\u1ea9n. <\/span><\/p>\n<h2>V\u00f2ng quay mi\u1ec5n ph\u00ed chi\u1ebfn l\u01b0\u1ee3c: S\u1ee9c m\u1ea1nh c\u1ee7a s\u1ef1 l\u1ef1a ch\u1ecdn ng\u01b0\u1eddi ch\u01a1i<\/h2>\n<p><span style=\"font-weight: 400;\">M\u1ed9t tr\u1ee5 c\u1ed9t c\u1ed1t l\u00f5i trong s\u1ef1 h\u1ee3p t\u00e1c gi\u1eefa SlotsMaker v\u00e0 Live22 l\u00e0 quy\u1ec1n t\u1ef1 quy\u1ebft c\u1ee7a ng\u01b0\u1eddi ch\u01a1i. Khi nh\u1eadn \u0111\u01b0\u1ee3c ba bi\u1ec3u t\u01b0\u1ee3ng Scatter, ng\u01b0\u1eddi ch\u01a1i s\u1ebd \u0111\u01b0\u1ee3c hi\u1ec3n th\u1ecb menu L\u1ef1a ch\u1ecdn V\u00f2ng quay mi\u1ec5n ph\u00ed. H\u1ecd c\u00f3 15 gi\u00e2y \u0111\u1ec3 ch\u1ecdn m\u1ee9c \u0111\u1ed9 bi\u1ebfn \u0111\u1ed9ng c\u1ee7a m\u00ecnh\u2014t\u1eeb 24 V\u00f2ng quay mi\u1ec5n ph\u00ed v\u1edbi h\u1ec7 s\u1ed1 nh\u00e2n \u1ed5n \u0111\u1ecbnh \u0111\u1ebfn v\u00f2ng quay 6 v\u00f2ng t\u1ed1c \u0111\u1ed9 cao v\u1edbi h\u1ec7 s\u1ed1 nh\u00e2n l\u00ean \u0111\u1ebfn x20. N\u1ebfu kh\u00f4ng c\u00f3 l\u1ef1a ch\u1ecdn n\u00e0o \u0111\u01b0\u1ee3c \u0111\u01b0a ra, h\u1ec7 th\u1ed1ng s\u1ebd t\u1ef1 \u0111\u1ed9ng ch\u1ecdn \u201cCh\u1ebf \u0111\u1ed9 ng\u1eabu nhi\u00ean\u201d, k\u1ebft h\u1ee3p c\u00e1c v\u00f2ng v\u00e0 h\u1ec7 s\u1ed1 nh\u00e2n \u0111\u1ec3 t\u1ea1o ra tr\u1ea3i nghi\u1ec7m b\u00ed \u1ea9n. H\u01a1n n\u1eefa, t\u00ednh n\u0103ng V\u00f2ng quay mi\u1ec5n ph\u00ed v\u1eabn h\u1ea5p d\u1eabn xuy\u00ean su\u1ed1t, v\u1edbi cu\u1ed9n 3 lu\u00f4n \u0111\u01b0\u1ee3c l\u1ea5p \u0111\u1ea7y b\u1eb1ng c\u00e1c Bi\u1ec3u t\u01b0\u1ee3ng V\u00e0ng v\u00e0 kh\u1ea3 n\u0103ng k\u00edch ho\u1ea1t th\u00eam v\u00f2ng quay.<\/span><\/p>\n<h2>L\u1ee3i th\u1ebf B2B: C\u00f4ng c\u1ee5 \u0111\u1eb7t c\u01b0\u1ee3c v\u00e0 ki\u1ebfm ti\u1ec1n b\u1ed5 sung<\/h2>\n<p><span style=\"font-weight: 400;\">SlotsMaker hi\u1ec3u r\u1eb1ng l\u1ee3i nhu\u1eadn c\u1ee7a nh\u00e0 \u0111i\u1ec1u h\u00e0nh \u0111\u01b0\u1ee3c th\u00fac \u0111\u1ea9y b\u1edfi s\u1ef1 t\u01b0\u01a1ng t\u00e1c v\u1edbi c\u00e1c t\u00ednh n\u0103ng. Mahjong Gold: Lion bao g\u1ed3m t\u00f9y ch\u1ecdn Mua V\u00f2ng quay mi\u1ec5n ph\u00ed v\u1edbi gi\u00e1 g\u1ea5p 100 l\u1ea7n t\u1ed5ng s\u1ed1 ti\u1ec1n \u0111\u1eb7t c\u01b0\u1ee3c, ph\u1ee5c v\u1ee5 cho nh\u00f3m ng\u01b0\u1eddi ch\u01a1i ch\u01a1i ngay l\u1eadp t\u1ee9c. \u0110\u1ed1i v\u1edbi nh\u1eefng ng\u01b0\u1eddi ch\u01a1i mu\u1ed1n \u0111\u1ea1t \u0111\u01b0\u1ee3c m\u1ee9c th\u1eafng cao h\u01a1n n\u1eefa, t\u00ednh n\u0103ng C\u01b0\u1ee3c Th\u00eam (k\u00edch ho\u1ea1t \u1edf m\u1ee9c g\u1ea5p \u0111\u00f4i ti\u1ec1n c\u01b0\u1ee3c) s\u1ebd gi\u1edbi thi\u1ec7u bi\u1ec3u t\u01b0\u1ee3ng Scatter \u0111\u1eb7c bi\u1ec7t.<\/span><\/p>\n<p><span style=\"font-weight: 400;\">Vi\u1ec7c ra m\u1eaft Mahjong Gold: Lion \u0111\u00e1nh d\u1ea5u m\u1ed9t c\u1ed9t m\u1ed1c quan tr\u1ecdng trong m\u1ed1i quan h\u1ec7 h\u1ee3p t\u00e1c gi\u1eefa SlotsMaker v\u00e0 Live22. B\u1eb1ng c\u00e1ch t\u1eadp trung v\u00e0o nh\u1eefng s\u1edf th\u00edch c\u1ee5 th\u1ec3 c\u1ee7a ng\u01b0\u1eddi ch\u01a1i Th\u00e1i Lan\u2014ch\u1ee7 \u0111\u1ec1 sang tr\u1ecdng, h\u1ec7 s\u1ed1 nh\u00e2n cao v\u00e0 \u0111\u1ed9 bi\u1ebfn \u0111\u1ed9ng linh ho\u1ea1t\u2014t\u1ef1a game n\u00e0y kh\u00f4ng ch\u1ec9 \u0111\u01a1n thu\u1ea7n l\u00e0 m\u1ed9t tr\u00f2 ch\u01a1i; m\u00e0 c\u00f2n l\u00e0 m\u1ed9t c\u00f4ng c\u1ee5 chi\u1ebfn l\u01b0\u1ee3c \u0111\u1ec3 m\u1edf r\u1ed9ng th\u1ecb tr\u01b0\u1eddng. S\u1ef1 h\u1ee3p t\u00e1c n\u00e0y \u0111\u1ea3m b\u1ea3o r\u1eb1ng c\u00e1c \u0111\u1ed1i t\u00e1c c\u1ee7a ch\u00fang t\u00f4i c\u00f3 quy\u1ec1n truy c\u1eadp v\u00e0o n\u1ed9i dung h\u00e0ng \u0111\u1ea7u, th\u00fac \u0111\u1ea9y c\u1ea3 vi\u1ec7c thu h\u00fat ng\u01b0\u1eddi ch\u01a1i v\u00e0 l\u00f2ng trung th\u00e0nh l\u00e2u d\u00e0i. H\u00e3y chu\u1ea9n b\u1ecb n\u1ec1n t\u1ea3ng c\u1ee7a b\u1ea1n cho s\u1ef1 l\u1ea5p l\u00e1nh c\u1ee7a v\u00e0ng v\u00e0 ti\u1ebfng g\u1ea7m c\u1ee7a s\u01b0 t\u1eed.<\/span><\/p>\n<p>[\/et_pb_text][et_pb_button button_url=&#8221;https:\/\/slotsmaker.com\/vi\/news\/&#8221; button_text=&#8221;Quay l\u1ea1i tin t\u1ee9c&#8221; button_alignment=&#8221;center&#8221; disabled_on=&#8221;off|off|off&#8221; module_class=&#8221;custom-button&#8221; _builder_version=&#8221;4.27.4&#8243; _module_preset=&#8221;default&#8221; custom_button=&#8221;on&#8221; button_text_size=&#8221;20px&#8221; button_text_color=&#8221;#FFFFFF&#8221; button_bg_color=&#8221;gcid-primary-color&#8221; button_border_width=&#8221;2px&#8221; button_border_color=&#8221;RGBA(255,255,255,0)&#8221; button_font=&#8221;|600|||||||&#8221; button_use_icon=&#8221;off&#8221; background_layout=&#8221;dark&#8221; custom_margin=&#8221;||||false|false&#8221; custom_padding=&#8221;||||false|false&#8221; custom_padding_tablet=&#8221;||||false|false&#8221; custom_padding_phone=&#8221;||||false|false&#8221; custom_padding_last_edited=&#8221;on|desktop&#8221; hover_enabled=&#8221;0&#8243; button_text_size_tablet=&#8221;16px&#8221; button_text_size_phone=&#8221;16px&#8221; button_text_size_last_edited=&#8221;on|desktop&#8221; custom_css_after=&#8221;margin-top: 1px;&#8221; locked=&#8221;off&#8221; global_colors_info=&#8221;{%22gcid-primary-color%22:%91%22button_bg_color%22,%22button_bg_color%22%93,%22gcid-secondary-color%22:%91%22button_bg_color%22,%22button_bg_color__hover%22%93,%22gcid-74575f5e-bedc-40c1-ae7b-6696e83b758c%22:%91%22button_bg_color__hover%22%93}&#8221; button_bg_color__hover=&#8221;#a7268b&#8221; button_bg_color__hover_enabled=&#8221;on|hover&#8221; button_border_width__hover=&#8221;2px&#8221; button_border_width__hover_enabled=&#8221;on|hover&#8221; sticky_enabled=&#8221;0&#8243;][\/et_pb_button][\/et_pb_column][\/et_pb_row][\/et_pb_section]<\/p>\n","protected":false},"excerpt":{"rendered":"<p>SlotsMaker &amp; Live22 thi\u1ebft l\u1eadp chu\u1ea9n m\u1ef1c m\u1edbi v\u1edbi s\u1ef1 ra m\u1eaft c\u1ee7a Mahjong Gold: Lion 22nd April 2026Trong m\u1ed9t \u0111\u1ed9ng th\u00e1i nh\u1eb1m \u0111\u1ecbnh h\u00ecnh l\u1ea1i b\u1ed1i c\u1ea3nh tr\u00f2 ch\u01a1i slot k\u1ef9 thu\u1eadt s\u1ed1 t\u1ea1i \u0110\u00f4ng Nam \u00c1, SlotsMaker vui m\u1eebng th\u00f4ng b\u00e1o v\u1ec1 s\u1ef1 h\u1ee3p t\u00e1c n\u1ed5i b\u1eadt m\u1edbi nh\u1ea5t v\u1edbi Live22. Quan h\u1ec7 [&hellip;]<\/p>\n","protected":false},"author":7,"featured_media":19761,"parent":0,"menu_order":0,"comment_status":"closed","ping_status":"closed","template":"","meta":{"_et_pb_use_builder":"on","_et_pb_old_content":"","_et_gb_content_width":"","content-type":"","footnotes":""},"class_list":["post-19790","page","type-page","status-publish","has-post-thumbnail","hentry"],"_links":{"self":[{"href":"https:\/\/slotsmaker.com\/vi\/wp-json\/wp\/v2\/pages\/19790","targetHints":{"allow":["GET"]}}],"collection":[{"href":"https:\/\/slotsmaker.com\/vi\/wp-json\/wp\/v2\/pages"}],"about":[{"href":"https:\/\/slotsmaker.com\/vi\/wp-json\/wp\/v2\/types\/page"}],"author":[{"embeddable":true,"href":"https:\/\/slotsmaker.com\/vi\/wp-json\/wp\/v2\/users\/7"}],"replies":[{"embeddable":true,"href":"https:\/\/slotsmaker.com\/vi\/wp-json\/wp\/v2\/comments?post=19790"}],"version-history":[{"count":2,"href":"https:\/\/slotsmaker.com\/vi\/wp-json\/wp\/v2\/pages\/19790\/revisions"}],"predecessor-version":[{"id":19792,"href":"https:\/\/slotsmaker.com\/vi\/wp-json\/wp\/v2\/pages\/19790\/revisions\/19792"}],"wp:featuredmedia":[{"embeddable":true,"href":"https:\/\/slotsmaker.com\/vi\/wp-json\/wp\/v2\/media\/19761"}],"wp:attachment":[{"href":"https:\/\/slotsmaker.com\/vi\/wp-json\/wp\/v2\/media?parent=19790"}],"curies":[{"name":"wp","href":"https:\/\/api.w.org\/{rel}","templated":true}]}}