{"id":19904,"date":"2026-05-06T11:18:34","date_gmt":"2026-05-06T03:18:34","guid":{"rendered":"https:\/\/slotsmaker.com\/?page_id=19904"},"modified":"2026-05-06T12:59:17","modified_gmt":"2026-05-06T04:59:17","slug":"slotsmaker-and-live22-mahjong-gold-tiger-partnership","status":"publish","type":"page","link":"https:\/\/slotsmaker.com\/vi\/slotsmaker-and-live22-mahjong-gold-tiger-partnership\/","title":{"rendered":"SlotsMaker &amp; Live22 Join Forces for Mahjong Gold: Tiger"},"content":{"rendered":"<p>[et_pb_section fb_built=&#8221;1&#8243; admin_label=&#8221;Section&#8221; _builder_version=&#8221;4.27.2&#8243; _module_preset=&#8221;default&#8221; background_color=&#8221;#FFFFFF&#8221; da_disable_devices=&#8221;off|off|off&#8221; locked=&#8221;off&#8221; global_colors_info=&#8221;{}&#8221; da_is_popup=&#8221;off&#8221; da_exit_intent=&#8221;off&#8221; da_has_close=&#8221;on&#8221; da_alt_close=&#8221;off&#8221; da_dark_close=&#8221;off&#8221; da_not_modal=&#8221;on&#8221; da_is_singular=&#8221;off&#8221; da_with_loader=&#8221;off&#8221; da_has_shadow=&#8221;on&#8221;][et_pb_row column_structure=&#8221;1_2,1_2&#8243; _builder_version=&#8221;4.27.4&#8243; _module_preset=&#8221;default&#8221; locked=&#8221;off&#8221; global_colors_info=&#8221;{}&#8221;][et_pb_column type=&#8221;1_2&#8243; _builder_version=&#8221;4.27.4&#8243; _module_preset=&#8221;default&#8221; global_colors_info=&#8221;{}&#8221;][et_pb_image src=&#8221;https:\/\/slotsmaker.com\/wp-content\/uploads\/2026\/05\/SM_Teaser-Mahjong-Gold-Tiger_New-game_1000x1000.jpg&#8221; alt=&#8221;Mahjong Gold: Tiger interface showing reel filled with golden symbols and a 100,000x max win potential.&#8221; title_text=&#8221;Mahjong Gold: Tiger&#8221; _builder_version=&#8221;4.27.4&#8243; _module_preset=&#8221;default&#8221; scroll_horizontal_motion=&#8221;0|29|56|100|10|0|-4&#8243; scroll_fade=&#8221;0|49|49|100|0|100|100&#8243; border_radii=&#8221;off|50px|||&#8221; global_colors_info=&#8221;{}&#8221;][\/et_pb_image][\/et_pb_column][et_pb_column type=&#8221;1_2&#8243; _builder_version=&#8221;4.27.4&#8243; _module_preset=&#8221;default&#8221; global_colors_info=&#8221;{}&#8221;][et_pb_text _builder_version=&#8221;4.27.4&#8243; _module_preset=&#8221;default&#8221; text_text_color=&#8221;#FFFFFF&#8221; text_font_size=&#8221;18px&#8221; header_font=&#8221;||||||||&#8221; header_text_color=&#8221;#FFFFFF&#8221; header_line_height=&#8221;1.2em&#8221; background_color=&#8221;gcid-primary-color&#8221; width=&#8221;90%&#8221; custom_margin=&#8221;200px|||-150px|false|false&#8221; custom_margin_tablet=&#8221;120px|||-180px|false|false&#8221; custom_margin_phone=&#8221;-32px|||0px|false|false&#8221; custom_margin_last_edited=&#8221;on|phone&#8221; custom_padding=&#8221;20px||20px|30px|false|false&#8221; custom_padding_tablet=&#8221;20px||20px|30px|false|false&#8221; custom_padding_phone=&#8221;20px|||20px|false|false&#8221; custom_padding_last_edited=&#8221;on|phone&#8221; scroll_fade=&#8221;0|52|52|100|0|100|100&#8243; hover_enabled=&#8221;0&#8243; border_radii=&#8221;off|||30px|&#8221; global_colors_info=&#8221;{%22gcid-primary-color%22:%91%22background_color%22%93}&#8221; sticky_enabled=&#8221;0&#8243;]<\/p>\n<h1>SlotsMaker &amp; Live22 h\u1ee3p t\u00e1c cho Mahjong Gold: Tiger<\/h1>\n<p>6th May 2026<\/p>\n<p>[\/et_pb_text][\/et_pb_column][\/et_pb_row][et_pb_row admin_label=&#8221;articles&#8221; _builder_version=&#8221;4.27.4&#8243; _module_preset=&#8221;default&#8221; background_color=&#8221;#FFFFFF&#8221; global_colors_info=&#8221;{}&#8221;][et_pb_column type=&#8221;4_4&#8243; _builder_version=&#8221;4.21.0&#8243; _module_preset=&#8221;default&#8221; global_colors_info=&#8221;{}&#8221;][et_pb_text _builder_version=&#8221;4.27.4&#8243; _module_preset=&#8221;default&#8221; text_text_color=&#8221;#666666&#8243; text_font_size=&#8221;16px&#8221; text_line_height=&#8221;1.5em&#8221; header_2_font=&#8221;|600|||||||&#8221; header_2_text_color=&#8221;gcid-293da448-f89a-45b9-8e92-706f4652a4ca&#8221; header_2_font_size=&#8221;18px&#8221; header_3_font=&#8221;|600|||||||&#8221; header_3_text_color=&#8221;#5C5C5C&#8221; header_3_font_size=&#8221;18px&#8221; header_4_text_color=&#8221;#000000&#8243; custom_margin=&#8221;||||false|false&#8221; custom_padding=&#8221;|50px||50px|false|false&#8221; custom_padding_tablet=&#8221;|50px||50px|false|false&#8221; custom_padding_phone=&#8221;|10px||20px|false|false&#8221; custom_padding_last_edited=&#8221;on|phone&#8221; hover_enabled=&#8221;0&#8243; text_font_size_tablet=&#8221;16px&#8221; text_font_size_phone=&#8221;14px&#8221; text_font_size_last_edited=&#8221;on|phone&#8221; header_2_font_size_tablet=&#8221;&#8221; header_2_font_size_phone=&#8221;&#8221; header_2_font_size_last_edited=&#8221;on|phone&#8221; header_3_font_size_tablet=&#8221;&#8221; header_3_font_size_phone=&#8221;&#8221; header_3_font_size_last_edited=&#8221;on|phone&#8221; global_colors_info=&#8221;{%22gcid-293da448-f89a-45b9-8e92-706f4652a4ca%22:%91%22header_2_text_color%22%93}&#8221; sticky_enabled=&#8221;0&#8243;]<\/p>\n<p><span style=\"font-weight: 400;\">Ng\u00e0nh c\u00f4ng nghi\u1ec7p iGaming \u0111ang ch\u1ee9ng ki\u1ebfn \u200b\u200bs\u1ef1 h\u1ed9i t\u1ee5 m\u1ea1nh m\u1ebd gi\u1eefa \u0111\u1ed9 ch\u00ednh x\u00e1c k\u1ef9 thu\u1eadt v\u00e0 chuy\u00ean m\u00f4n th\u1ecb tr\u01b0\u1eddng. <\/span><span style=\"color: #3366ff;\"><a href=\"http:\/\/www.slotsmaker.com\" style=\"color: #3366ff;\"><b>SlotsMaker<\/b><\/a><\/span><span style=\"font-weight: 400;\">, chuy\u00ean gia ph\u00e1t tri\u1ec3n tr\u00f2 ch\u01a1i n\u1ed5i ti\u1ebfng, \u0111\u00e3 h\u1ee3p t\u00e1c v\u1edbi <\/span><span style=\"color: #3366ff;\"><a href=\"http:\/\/www.live22.com\" style=\"color: #3366ff;\" target=\"_blank\" rel=\"noopener\"><b>Live22<\/b><\/a><\/span><span style=\"font-weight: 400;\"> \u0111\u1ec3 c\u00f4ng b\u1ed1 ph\u00e1t h\u00e0nh Mahjong Gold: Tiger v\u00e0o th\u00e1ng T\u01b0 t\u1edbi. S\u1ef1 h\u1ee3p t\u00e1c n\u00e0y l\u00e0 m\u1ed9t ph\u1ea3n \u1ee9ng chi\u1ebfn l\u01b0\u1ee3c \u0111\u1ed1i v\u1edbi nhu c\u1ea7u thay \u0111\u1ed5i c\u1ee7a th\u1ecb tr\u01b0\u1eddng game Th\u00e1i Lan, n\u01a1i ng\u01b0\u1eddi ch\u01a1i ng\u00e0y c\u00e0ng t\u00ecm ki\u1ebfm c\u00e1c c\u01a1 ch\u1ebf ph\u1ee9c t\u1ea1p \u0111\u01b0\u1ee3c g\u00f3i g\u1ecdn trong c\u00e1c ch\u1ee7 \u0111\u1ec1 v\u0103n h\u00f3a cao c\u1ea5p quen thu\u1ed9c.<\/span><\/p>\n<h2>\u0110\u1ed9 h\u1ea5p d\u1eabn cao: 2.000 c\u00e1ch th\u1eafng &amp; Th\u1eafng t\u1ed1i \u0111a 100.000x<\/h2>\n<p><span style=\"font-weight: 400;\">C\u1ed1t l\u00f5i c\u1ee7a Mahjong Gold: Tiger l\u00e0 m\u00f4 h\u00ecnh \u0111\u01b0\u1ee3c SlotsMaker thi\u1ebft k\u1ebf t\u1ec9 m\u1ec9 \u0111\u1ec3 t\u1ed1i \u0111a h\u00f3a s\u1ef1 h\u1ee9ng th\u00fa m\u00e0 kh\u00f4ng l\u00e0m gi\u1ea3m t\u00ednh \u1ed5n \u0111\u1ecbnh cho nh\u00e0 \u0111i\u1ec1u h\u00e0nh. Trong khi \u0111\u1ed9 bi\u1ebfn \u0111\u1ed9ng trung b\u00ecnh \u0111\u1ea3m b\u1ea3o h\u00e0nh \u0111\u1ed9ng nh\u1ea5t qu\u00e1n v\u00e0 c\u00e1c phi\u00ean ch\u01a1i \u1ed5n \u0111\u1ecbnh cho ng\u01b0\u1eddi ch\u01a1i, th\u00ec m\u1ee9c th\u1eafng t\u1ed1i \u0111a \u0111\u00e1ng kinh ng\u1ea1c 100.000x mang l\u1ea1i ti\u1ec1m n\u0103ng kh\u1ed5ng l\u1ed3 th\u01b0\u1eddng ch\u1ec9 d\u00e0nh cho c\u00e1c tr\u00f2 ch\u01a1i slot c\u00f3 \u0111\u1ed9 bi\u1ebfn \u0111\u1ed9ng cao. V\u1edbi t\u1ef7 l\u1ec7 ho\u00e0n tr\u1ea3 (RTP) \u1ea5n t\u01b0\u1ee3ng 96% v\u00e0 h\u1ec7 th\u1ed1ng tr\u1ea3 th\u01b0\u1edfng hi\u1ec7n \u0111\u1ea1i 2.000 c\u00e1ch th\u1eafng, tr\u00f2 ch\u01a1i \u0111\u01b0\u1ee3c t\u1ed1i \u01b0u h\u00f3a ho\u00e0n to\u00e0n cho ng\u01b0\u1eddi ch\u01a1i Th\u00e1i Lan v\u1ed1n \u01b0a chu\u1ed9ng thi\u1ebft b\u1ecb di \u0111\u1ed9ng, mang \u0111\u1ebfn v\u1ebb ngo\u00e0i l\u1ea5p l\u00e1nh cao c\u1ea5p n\u1ed5i b\u1eadt trong b\u1ea5t k\u1ef3 s\u1ea3nh tr\u00f2 ch\u01a1i s\u00f2ng b\u1ea1c tr\u1ef1c tuy\u1ebfn n\u00e0o.<\/span><\/p>\n<h2>\u0110\u1ecbnh ngh\u0129a l\u1ea1i c\u01a1 ch\u1ebf: T\u0103ng h\u1ec7 s\u1ed1 nh\u00e2n<\/h2>\n<p><span style=\"font-weight: 400;\">Trong khi h\u1ea7u h\u1ebft c\u00e1c tr\u00f2 ch\u01a1i slot ch\u1ee7 \u0111\u1ec1 Mahjong ch\u1ec9 cung c\u1ea5p s\u1ef1 bi\u1ebfn \u0111\u1ed5i bi\u1ec3u t\u01b0\u1ee3ng \u0111\u01a1n gi\u1ea3n, Mahjong Gold: Tiger gi\u1edbi thi\u1ec7u h\u1ec7 s\u1ed1 nh\u00e2n n\u0103ng \u0111\u1ed9ng thay \u0111\u1ed5i m\u1ee9c c\u01b0\u1ee3c cho ng\u01b0\u1eddi ch\u01a1i. Trong tr\u00f2 ch\u01a1i c\u01a1 b\u1ea3n, c\u00e1c bi\u1ec3u t\u01b0\u1ee3ng tr\u00ean cu\u1ed9n 2, 3 v\u00e0 4 c\u00f3 c\u01a1 h\u1ed9i ng\u1eabu nhi\u00ean xu\u1ea5t hi\u1ec7n trong bi\u1ec3u t\u01b0\u1ee3ng v\u00e0ng l\u1ea5p l\u00e1nh. Khi c\u00e1c bi\u1ec3u t\u01b0\u1ee3ng c\u1ee5 th\u1ec3 n\u00e0y g\u00f3p ph\u1ea7n t\u1ea1o n\u00ean t\u1ed5 h\u1ee3p chi\u1ebfn th\u1eafng, ch\u00fang s\u1ebd bi\u1ebfn th\u00e0nh Bi\u1ec3u t\u01b0\u1ee3ng Wild, c\u00f3 kh\u1ea3 n\u0103ng ti\u1ebft l\u1ed9 gi\u00e1 tr\u1ecb h\u1ec7 s\u1ed1 nh\u00e2n \u1ea9n t\u1eeb x2 \u0111\u1ebfn x5. \u0110i\u1ec1u n\u00e0y b\u1ed5 sung th\u00eam m\u1ed9t l\u1edbp h\u1ee9ng th\u00fa kh\u00f3 \u0111o\u00e1n cho m\u1ed7i v\u00f2ng quay, bi\u1ebfn nh\u1eefng chi\u1ebfn th\u1eafng th\u00f4ng th\u01b0\u1eddng th\u00e0nh nh\u1eefng kho\u1ea3n thanh to\u00e1n \u0111\u00e1ng k\u1ec3.<\/span><\/p>\n<h2>L\u1ee3i th\u1ebf t\u00edch l\u0169y: M\u1edf kh\u00f3a c\u00e1c c\u1ea5p \u0111\u1ed9 kh\u00f4ng gi\u1edbi h\u1ea1n<\/h2>\n<p><span style=\"font-weight: 400;\">Trong m\u1ed9t c\u01a1 ch\u1ebf \u0111\u1ed9c \u0111\u00e1o t\u1ea1o n\u00ean s\u1ef1 kh\u00e1c bi\u1ec7t cho s\u1ef1 h\u1ee3p t\u00e1c n\u00e0y, b\u1ea5t k\u1ef3 h\u1ec7 s\u1ed1 nh\u00e2n n\u00e0o \u0111\u01b0\u1ee3c hi\u1ec3n th\u1ecb b\u1edfi bi\u1ec3u t\u01b0\u1ee3ng Wild V\u00e0ng s\u1ebd ngay l\u1eadp t\u1ee9c \u0111\u01b0\u1ee3c c\u1ed9ng v\u00e0o c\u1ea5p \u0111\u1ed9 cu\u1ed1i c\u00f9ng c\u1ee7a Thanh H\u1ec7 s\u1ed1 Nh\u00e2n. V\u00ed d\u1ee5, n\u1ebfu c\u1ea5p \u0111\u1ed9 cu\u1ed1i c\u00f9ng c\u1ee7a ng\u01b0\u1eddi ch\u01a1i hi\u1ec7n \u0111\u01b0\u1ee3c \u0111\u1eb7t \u1edf m\u1ee9c x5 ti\u00eau chu\u1ea9n v\u00e0 bi\u1ec3u t\u01b0\u1ee3ng Wild V\u00e0ng hi\u1ec3n th\u1ecb m\u1ee9c t\u0103ng +5, c\u1ea5p \u0111\u1ed9 cu\u1ed1i c\u00f9ng \u0111\u00f3 s\u1ebd ngay l\u1eadp t\u1ee9c \u0111\u01b0\u1ee3c c\u1eadp nh\u1eadt l\u00ean x10. Vi\u1ec7c t\u0103ng c\u01b0\u1eddng n\u00e0y cho ph\u00e9p t\u1ea1o ra c\u00e1c \u0111\u01b0\u1eddng cong chi\u1ebfn th\u1eafng theo c\u1ea5p s\u1ed1 nh\u00e2n v\u01b0\u1ee3t xa gi\u1edbi h\u1ea1n c\u1ee7a c\u00e1c tr\u00f2 ch\u01a1i slot truy\u1ec1n th\u1ed1ng. M\u1eb7c d\u00f9 c\u00e1c c\u1ea5p \u0111\u1ed9 h\u1ec7 s\u1ed1 nh\u00e2n (x1, x2, x3, x5) \u0111\u01b0\u1ee3c \u0111\u1eb7t l\u1ea1i v\u1edbi m\u1ed7i v\u00f2ng quay m\u1edbi trong tr\u00f2 ch\u01a1i c\u01a1 b\u1ea3n, kh\u1ea3 n\u0103ng t\u0103ng qu\u00e1 m\u1ee9c c\u1ea5p \u0111\u1ed9 cu\u1ed1i c\u00f9ng t\u1ea1o ra tr\u1ea3i nghi\u1ec7m t\u1ed1c \u0111\u1ed9 cao gi\u00fap ng\u01b0\u1eddi ch\u01a1i lu\u00f4n h\u1ee9ng th\u00fa.<\/span><\/p>\n<h2>C\u01a1 h\u1ed9i r\u1ef1c r\u1ee1 cho c\u00e1c \u0111\u1ed1i t\u00e1c<\/h2>\n<p><span style=\"font-weight: 400;\">S\u1ef1 h\u1ee3p t\u00e1c gi\u1eefa SlotsMaker v\u00e0 Live22 t\u1eadn d\u1ee5ng c\u00e1ch ti\u1ebfp c\u1eadn t\u1ed1t nh\u1ea5t c\u1ee7a c\u1ea3 hai b\u00ean. B\u1eb1ng c\u00e1ch t\u00edch h\u1ee3p Mahjong Gold: Tiger, c\u00e1c nh\u00e0 \u0111i\u1ec1u h\u00e0nh c\u00f3 \u0111\u01b0\u1ee3c quy\u1ec1n truy c\u1eadp v\u00e0o m\u1ed9t th\u1ebf l\u1ef1c m\u1ea1nh m\u1ebd t\u1ea1i \u0111\u1ecba ph\u01b0\u01a1ng, k\u1ebft h\u1ee3p s\u1ef1 sang tr\u1ecdng c\u1ee7a ch\u1ee7 \u0111\u1ec1 l\u1ea5p l\u00e1nh v\u1edbi s\u1ee9c m\u1ea1nh bi\u1ec3u t\u01b0\u1ee3ng m\u1ea1nh m\u1ebd c\u1ee7a H\u1ed5. T\u1ef1a game n\u00e0y l\u00e0 s\u1ef1 l\u1ef1a ch\u1ecdn h\u00e0ng \u0111\u1ea7u cho c\u00e1c n\u1ec1n t\u1ea3ng h\u01b0\u1edbng \u0111\u1ebfn vi\u1ec7c n\u1eafm b\u1eaft tinh t\u00fay c\u1ee7a tr\u1ea3i nghi\u1ec7m game slot hi\u1ec7n \u0111\u1ea1i ch\u00e2u \u00c1 v\u00e0 th\u00fac \u0111\u1ea9y s\u1ef1 t\u0103ng tr\u01b0\u1edfng \u0111\u00e1ng k\u1ec3 trong ng\u00e0nh iGaming.<\/span><\/p>\n<p>[\/et_pb_text][et_pb_button button_url=&#8221;https:\/\/slotsmaker.com\/vi\/news\/&#8221; button_text=&#8221;Quay l\u1ea1i tin t\u1ee9c&#8221; button_alignment=&#8221;center&#8221; disabled_on=&#8221;off|off|off&#8221; module_class=&#8221;custom-button&#8221; _builder_version=&#8221;4.27.4&#8243; _module_preset=&#8221;default&#8221; custom_button=&#8221;on&#8221; button_text_size=&#8221;20px&#8221; button_text_color=&#8221;#FFFFFF&#8221; button_bg_color=&#8221;gcid-primary-color&#8221; button_border_width=&#8221;2px&#8221; button_border_color=&#8221;RGBA(255,255,255,0)&#8221; button_font=&#8221;|600|||||||&#8221; button_use_icon=&#8221;off&#8221; background_layout=&#8221;dark&#8221; custom_margin=&#8221;||||false|false&#8221; custom_padding=&#8221;||||false|false&#8221; custom_padding_tablet=&#8221;||||false|false&#8221; custom_padding_phone=&#8221;||||false|false&#8221; custom_padding_last_edited=&#8221;on|desktop&#8221; hover_enabled=&#8221;0&#8243; button_text_size_tablet=&#8221;16px&#8221; button_text_size_phone=&#8221;16px&#8221; button_text_size_last_edited=&#8221;on|desktop&#8221; custom_css_after=&#8221;margin-top: 1px;&#8221; locked=&#8221;off&#8221; global_colors_info=&#8221;{%22gcid-primary-color%22:%91%22button_bg_color%22,%22button_bg_color%22%93,%22gcid-secondary-color%22:%91%22button_bg_color%22,%22button_bg_color__hover%22%93,%22gcid-74575f5e-bedc-40c1-ae7b-6696e83b758c%22:%91%22button_bg_color__hover%22%93}&#8221; button_bg_color__hover=&#8221;#a7268b&#8221; button_bg_color__hover_enabled=&#8221;on|hover&#8221; button_border_width__hover=&#8221;2px&#8221; button_border_width__hover_enabled=&#8221;on|hover&#8221; sticky_enabled=&#8221;0&#8243;][\/et_pb_button][\/et_pb_column][\/et_pb_row][\/et_pb_section]<\/p>\n","protected":false},"excerpt":{"rendered":"<p>SlotsMaker &amp; Live22 h\u1ee3p t\u00e1c cho Mahjong Gold: Tiger 6th May 2026Ng\u00e0nh c\u00f4ng nghi\u1ec7p iGaming \u0111ang ch\u1ee9ng ki\u1ebfn \u200b\u200bs\u1ef1 h\u1ed9i t\u1ee5 m\u1ea1nh m\u1ebd gi\u1eefa \u0111\u1ed9 ch\u00ednh x\u00e1c k\u1ef9 thu\u1eadt v\u00e0 chuy\u00ean m\u00f4n th\u1ecb tr\u01b0\u1eddng. SlotsMaker, chuy\u00ean gia ph\u00e1t tri\u1ec3n tr\u00f2 ch\u01a1i n\u1ed5i ti\u1ebfng, \u0111\u00e3 h\u1ee3p t\u00e1c v\u1edbi Live22 \u0111\u1ec3 c\u00f4ng b\u1ed1 ph\u00e1t h\u00e0nh Mahjong Gold: [&hellip;]<\/p>\n","protected":false},"author":7,"featured_media":19877,"parent":0,"menu_order":0,"comment_status":"closed","ping_status":"closed","template":"","meta":{"_et_pb_use_builder":"on","_et_pb_old_content":"","_et_gb_content_width":"","content-type":"","footnotes":""},"class_list":["post-19904","page","type-page","status-publish","has-post-thumbnail","hentry"],"_links":{"self":[{"href":"https:\/\/slotsmaker.com\/vi\/wp-json\/wp\/v2\/pages\/19904","targetHints":{"allow":["GET"]}}],"collection":[{"href":"https:\/\/slotsmaker.com\/vi\/wp-json\/wp\/v2\/pages"}],"about":[{"href":"https:\/\/slotsmaker.com\/vi\/wp-json\/wp\/v2\/types\/page"}],"author":[{"embeddable":true,"href":"https:\/\/slotsmaker.com\/vi\/wp-json\/wp\/v2\/users\/7"}],"replies":[{"embeddable":true,"href":"https:\/\/slotsmaker.com\/vi\/wp-json\/wp\/v2\/comments?post=19904"}],"version-history":[{"count":2,"href":"https:\/\/slotsmaker.com\/vi\/wp-json\/wp\/v2\/pages\/19904\/revisions"}],"predecessor-version":[{"id":19907,"href":"https:\/\/slotsmaker.com\/vi\/wp-json\/wp\/v2\/pages\/19904\/revisions\/19907"}],"wp:featuredmedia":[{"embeddable":true,"href":"https:\/\/slotsmaker.com\/vi\/wp-json\/wp\/v2\/media\/19877"}],"wp:attachment":[{"href":"https:\/\/slotsmaker.com\/vi\/wp-json\/wp\/v2\/media?parent=19904"}],"curies":[{"name":"wp","href":"https:\/\/api.w.org\/{rel}","templated":true}]}}