{"id":20016,"date":"2026-05-13T11:19:27","date_gmt":"2026-05-13T03:19:27","guid":{"rendered":"https:\/\/slotsmaker.com\/?page_id=20016"},"modified":"2026-05-13T13:35:39","modified_gmt":"2026-05-13T05:35:39","slug":"slotsmaker-and-live22-launching-queen-femida-2","status":"publish","type":"page","link":"https:\/\/slotsmaker.com\/vi\/slotsmaker-and-live22-launching-queen-femida-2\/","title":{"rendered":"SlotsMaker &amp; Live22 Partner to Elevate Queen Femida 2"},"content":{"rendered":"<p>[et_pb_section fb_built=&#8221;1&#8243; admin_label=&#8221;Section&#8221; _builder_version=&#8221;4.27.2&#8243; _module_preset=&#8221;default&#8221; background_color=&#8221;#FFFFFF&#8221; da_disable_devices=&#8221;off|off|off&#8221; locked=&#8221;off&#8221; global_colors_info=&#8221;{}&#8221; da_is_popup=&#8221;off&#8221; da_exit_intent=&#8221;off&#8221; da_has_close=&#8221;on&#8221; da_alt_close=&#8221;off&#8221; da_dark_close=&#8221;off&#8221; da_not_modal=&#8221;on&#8221; da_is_singular=&#8221;off&#8221; da_with_loader=&#8221;off&#8221; da_has_shadow=&#8221;on&#8221;][et_pb_row column_structure=&#8221;1_2,1_2&#8243; _builder_version=&#8221;4.27.4&#8243; _module_preset=&#8221;default&#8221; locked=&#8221;off&#8221; global_colors_info=&#8221;{}&#8221;][et_pb_column type=&#8221;1_2&#8243; _builder_version=&#8221;4.27.4&#8243; _module_preset=&#8221;default&#8221; global_colors_info=&#8221;{}&#8221;][et_pb_image src=&#8221;https:\/\/slotsmaker.com\/wp-content\/uploads\/2026\/05\/Queen-Femida-2_New-Slot_1000x1000.jpg&#8221; alt=&#8221;SlotsMaker and Live22 promotional banner for Queen Femida 2 slot game.&#8221; title_text=&#8221;SlotsMaker &#038; Live22 Launching Queen Femida 2&#8243; _builder_version=&#8221;4.27.4&#8243; _module_preset=&#8221;default&#8221; scroll_horizontal_motion=&#8221;0|29|56|100|10|0|-4&#8243; scroll_fade=&#8221;0|49|49|100|0|100|100&#8243; border_radii=&#8221;off|50px|||&#8221; global_colors_info=&#8221;{}&#8221;][\/et_pb_image][\/et_pb_column][et_pb_column type=&#8221;1_2&#8243; _builder_version=&#8221;4.27.4&#8243; _module_preset=&#8221;default&#8221; global_colors_info=&#8221;{}&#8221;][et_pb_text _builder_version=&#8221;4.27.4&#8243; _module_preset=&#8221;default&#8221; text_text_color=&#8221;#FFFFFF&#8221; text_font_size=&#8221;18px&#8221; header_font=&#8221;||||||||&#8221; header_text_color=&#8221;#FFFFFF&#8221; header_line_height=&#8221;1.2em&#8221; background_color=&#8221;gcid-primary-color&#8221; width=&#8221;90%&#8221; custom_margin=&#8221;200px|||-150px|false|false&#8221; custom_margin_tablet=&#8221;120px|||-180px|false|false&#8221; custom_margin_phone=&#8221;-32px|||0px|false|false&#8221; custom_margin_last_edited=&#8221;on|phone&#8221; custom_padding=&#8221;20px||20px|30px|false|false&#8221; custom_padding_tablet=&#8221;20px||20px|30px|false|false&#8221; custom_padding_phone=&#8221;20px|||20px|false|false&#8221; custom_padding_last_edited=&#8221;on|phone&#8221; scroll_fade=&#8221;0|52|52|100|0|100|100&#8243; hover_enabled=&#8221;0&#8243; border_radii=&#8221;off|||30px|&#8221; global_colors_info=&#8221;{%22gcid-primary-color%22:%91%22background_color%22%93}&#8221; sticky_enabled=&#8221;0&#8243;]<\/p>\n<h1>SlotsMaker &amp; Live22 h\u1ee3p t\u00e1c n\u00e2ng t\u1ea7m\u00a0 Queen Femida 2<\/h1>\n<p>13th May 2026<\/p>\n<p>[\/et_pb_text][\/et_pb_column][\/et_pb_row][et_pb_row admin_label=&#8221;articles&#8221; _builder_version=&#8221;4.27.4&#8243; _module_preset=&#8221;default&#8221; background_color=&#8221;#FFFFFF&#8221; global_colors_info=&#8221;{}&#8221;][et_pb_column type=&#8221;4_4&#8243; _builder_version=&#8221;4.21.0&#8243; _module_preset=&#8221;default&#8221; global_colors_info=&#8221;{}&#8221;][et_pb_text _builder_version=&#8221;4.27.4&#8243; _module_preset=&#8221;default&#8221; text_text_color=&#8221;#666666&#8243; text_font_size=&#8221;16px&#8221; text_line_height=&#8221;1.5em&#8221; header_2_font=&#8221;|600|||||||&#8221; header_2_text_color=&#8221;gcid-293da448-f89a-45b9-8e92-706f4652a4ca&#8221; header_2_font_size=&#8221;18px&#8221; header_3_font=&#8221;|600|||||||&#8221; header_3_text_color=&#8221;#5C5C5C&#8221; header_3_font_size=&#8221;18px&#8221; header_4_text_color=&#8221;#000000&#8243; custom_margin=&#8221;||||false|false&#8221; custom_padding=&#8221;|50px||50px|false|false&#8221; custom_padding_tablet=&#8221;|50px||50px|false|false&#8221; custom_padding_phone=&#8221;|10px||20px|false|false&#8221; custom_padding_last_edited=&#8221;on|phone&#8221; hover_enabled=&#8221;0&#8243; text_font_size_tablet=&#8221;16px&#8221; text_font_size_phone=&#8221;14px&#8221; text_font_size_last_edited=&#8221;on|phone&#8221; header_2_font_size_tablet=&#8221;&#8221; header_2_font_size_phone=&#8221;&#8221; header_2_font_size_last_edited=&#8221;on|phone&#8221; header_3_font_size_tablet=&#8221;&#8221; header_3_font_size_phone=&#8221;&#8221; header_3_font_size_last_edited=&#8221;on|phone&#8221; global_colors_info=&#8221;{%22gcid-293da448-f89a-45b9-8e92-706f4652a4ca%22:%91%22header_2_text_color%22%93}&#8221; sticky_enabled=&#8221;0&#8243;]<\/p>\n<h2>H\u1ee3p t\u00e1c chi\u1ebfn l\u01b0\u1ee3c: SlotsMaker &amp; Live22 \u0111\u1ecbnh ngh\u0129a l\u1ea1i game Gothic<\/h2>\n<p><span style=\"font-weight: 400;\">Trong m\u1ed9t b\u01b0\u1edbc ti\u1ebfn th\u00fa v\u1ecb cho ng\u00e0nh c\u00f4ng nghi\u1ec7p iGaming \u0110\u00f4ng Nam \u00c1, <\/span><span style=\"color: #3366ff;\"><a href=\"http:\/\/www.slotsmaker.com\" style=\"color: #3366ff;\"><b>SlotsMaker<\/b><\/a><\/span><span style=\"font-weight: 400;\"> t\u1ef1 h\u00e0o th\u00f4ng b\u00e1o v\u1ec1 s\u1ef1 h\u1ee3p t\u00e1c v\u1edbi <\/span><span style=\"color: #3366ff;\"><a href=\"http:\/\/www.live22.com\" style=\"color: #3366ff;\" target=\"_blank\" rel=\"noopener\"><b>Live22<\/b><\/a><\/span><span style=\"font-weight: 400;\"> \u0111\u1ec3 n\u00e2ng cao t\u1ef1a game h\u00e0ng \u0111\u1ea7u m\u1edbi nh\u1ea5t:\u00a0 Queen Femida 2. S\u1ef1 h\u1ee3p t\u00e1c n\u00e0y t\u1eadp trung v\u00e0o vi\u1ec7c mang \u0111\u1ebfn tr\u1ea3i nghi\u1ec7m ch\u01a1i game hi\u1ec7u su\u1ea5t cao, \u0111\u01b0\u1ee3c b\u1ea3n \u0111\u1ecba h\u00f3a, \u0111\u1eb7c bi\u1ec7t d\u00e0nh ri\u00eang cho th\u1ecb tr\u01b0\u1eddng Th\u00e1i Lan. B\u1eb1ng c\u00e1ch k\u1ebft h\u1ee3p kh\u1ea3 n\u0103ng t\u00edch h\u1ee3p m\u1ea1nh m\u1ebd c\u1ee7a SlotsMaker v\u1edbi n\u0103ng l\u1ef1c s\u00e1ng t\u1ea1o c\u1ee7a Live22, ph\u1ea7n ti\u1ebfp theo n\u00e0y bi\u1ebfn m\u1ed9t kh\u00e1i ni\u1ec7m kinh \u0111i\u1ec3n th\u00e0nh m\u1ed9t c\u1ed7 m\u00e1y hi\u1ec7n \u0111\u1ea1i m\u1ea1nh m\u1ebd. Ch\u1ee7 \u0111\u1ec1 c\u00f4ng l\u00fd Gothic \u0111en t\u1ed1i \u0111\u01b0\u1ee3c ch\u1ebf t\u00e1c t\u1ec9 m\u1ec9, v\u1edbi T\u00f2a \u00e1n t\u1ed1i cao \u0111\u1eb9p \u0111\u1ebfn \u00e1m \u1ea3nh, n\u01a1i N\u1eef th\u1ea7n C\u00f4ng l\u00fd v\u00e0 Cerberus ba \u0111\u1ea7u gi\u00e1m s\u00e1t c\u00e1c cu\u1ed9n quay.<\/span><\/p>\n<h2>\u0110\u1ed9ng c\u01a1 4-Combo: T\u1ea1o s\u1ef1 t\u01b0\u01a1ng t\u00e1c li\u00ean t\u1ee5c<\/h2>\n<p><span style=\"font-weight: 400;\">C\u1ed1t l\u00f5i c\u1ee7a\u00a0 Queen Femida 2 l\u00e0 m\u1ed9t m\u00f4 h\u00ecnh to\u00e1n h\u1ecdc \u0111\u01b0\u1ee3c thi\u1ebft k\u1ebf \u0111\u1ec3 t\u1ea1o \u0111\u00e0. S\u1eed d\u1ee5ng c\u1ea5u tr\u00fac 25 d\u00f2ng, \u0111\u1ed9 bi\u1ebfn \u0111\u1ed9ng trung b\u00ecnh th\u1ea5p, tr\u00f2 ch\u01a1i t\u1eadp trung v\u00e0o c\u01a1 ch\u1ebf K\u00edch ho\u1ea1t 4 T\u1ed5 h\u1ee3p. H\u1ec7 th\u1ed1ng n\u00e0y s\u1eed d\u1ee5ng c\u00e1c cu\u1ed9n x\u1ebfp t\u1ea7ng, trong \u0111\u00f3 c\u00e1c t\u1ed5 h\u1ee3p chi\u1ebfn th\u1eafng bi\u1ebfn m\u1ea5t, k\u00edch ho\u1ea1t c\u00e1c v\u00f2ng quay ph\u1ee5 trong m\u00e1y. Kh\u00f4ng gi\u1ed1ng nh\u01b0 c\u00e1c m\u00e1y \u0111\u00e1nh b\u1ea1c ti\u00eau chu\u1ea9n, ti\u1ebfn tr\u00ecnh \u1edf \u0111\u00e2y l\u00e0 tuy\u1ebfn t\u00ednh v\u00e0 mang l\u1ea1i ph\u1ea7n th\u01b0\u1edfng: b\u1ed1n l\u1ea7n x\u1ebfp t\u1ea7ng li\u00ean ti\u1ebfp l\u00e0 ch\u00eca kh\u00f3a \u0111\u1ec3 v\u00e0o khu v\u1ef1c V\u00f2ng quay Mi\u1ec5n ph\u00ed. V\u1edbi kh\u1ea3 n\u0103ng ki\u1ebfm \u0111\u01b0\u1ee3c t\u1ed1i \u0111a 20 V\u00f2ng quay Mi\u1ec5n ph\u00ed th\u00f4ng qua b\u1ea3y l\u1ea7n x\u1ebfp t\u1ea7ng li\u00ean ti\u1ebfp, v\u00f2ng l\u1eb7p tr\u00f2 ch\u01a1i \u0111\u01b0\u1ee3c thi\u1ebft k\u1ebf \u0111\u1ec3 gi\u1eef ch\u00e2n ng\u01b0\u1eddi ch\u01a1i trong m\u1ed7i chu\u1ed7i.<\/span><\/p>\n<h2>S\u1ef1 ti\u1ebfn h\u00f3a c\u1ee7a Bi\u1ec3u t\u01b0\u1ee3ng Wild V\u00e0ng: M\u1edf r\u1ed9ng &amp; H\u1ec7 s\u1ed1 nh\u00e2n x20<\/h2>\n<p><span style=\"font-weight: 400;\">S\u1ef1 h\u1ee3p t\u00e1c n\u00e0y l\u00e0m n\u1ed5i b\u1eadt m\u1ed9t n\u00e2ng c\u1ea5p c\u01a1 h\u1ecdc l\u1edbn d\u01b0\u1edbi d\u1ea1ng Bi\u1ec3u t\u01b0\u1ee3ng Wild Khung V\u00e0ng. Ch\u1ec9 xu\u1ea5t hi\u1ec7n \u1edf c\u00e1c cu\u1ed9n trung t\u00e2m (2, 3 v\u00e0 4), c\u00e1c bi\u1ec3u t\u01b0\u1ee3ng n\u00e0y \u0111\u00f3ng vai tr\u00f2 l\u00e0 \u0111\u1ed9ng l\u1ef1c ch\u00ednh c\u1ee7a \u0111\u1ed9 bi\u1ebfn \u0111\u1ed9ng. Khi m\u1ed9t Bi\u1ec3u t\u01b0\u1ee3ng Wild V\u00e0ng xu\u1ea5t hi\u1ec7n, n\u00f3 tr\u1ea3i qua qu\u00e1 tr\u00ecnh bi\u1ebfn \u0111\u1ed5i hai giai \u0111o\u1ea1n: \u0111\u1ea7u ti\u00ean m\u1edf r\u1ed9ng \u0111\u1ec3 th\u1ed1ng tr\u1ecb to\u00e0n b\u1ed9 cu\u1ed9n, sau \u0111\u00f3 t\u00e1ch th\u00e0nh b\u1ed1n bi\u1ec3u t\u01b0\u1ee3ng Wild ri\u00eang bi\u1ec7t. C\u00e1c m\u1ea3nh ri\u00eang l\u1ebb n\u00e0y c\u00f3 th\u1ec3 mang h\u1ec7 s\u1ed1 nh\u00e2n t\u1eeb x1 \u0111\u1ebfn x20, tr\u1ef1c ti\u1ebfp t\u1ea1o \u0111i\u1ec1u ki\u1ec7n cho chi\u1ebfn th\u1eafng t\u1ed1i \u0111a kh\u1ed5ng l\u1ed3 25.000x c\u1ee7a tr\u00f2 ch\u01a1i. T\u00ednh n\u0103ng n\u00e0y \u0111\u01b0\u1ee3c khu\u1ebfch \u0111\u1ea1i h\u01a1n n\u1eefa trong c\u00e1c V\u00f2ng Quay Mi\u1ec5n Ph\u00ed, n\u01a1i t\u1ea7n su\u1ea5t xu\u1ea5t hi\u1ec7n c\u1ee7a c\u00e1c bi\u1ec3u t\u01b0\u1ee3ng n\u00e0y t\u0103ng l\u00ean, mang \u0111\u1ebfn cho ng\u01b0\u1eddi ch\u01a1i m\u1ed9t con \u0111\u01b0\u1eddng nhanh ch\u00f3ng v\u00e0 sinh l\u1eddi.<\/span><\/p>\n<h2>Ki\u1ec3m so\u00e1t ki\u1ebfm ti\u1ec1n: Mua T\u00ednh n\u0103ng &amp; C\u01b0\u1ee3c Th\u00eam<\/h2>\n<p><span style=\"font-weight: 400;\">SlotsMaker v\u00e0 Live22 \u0111\u00e3 \u01b0u ti\u00ean l\u1ee3i nhu\u1eadn c\u1ee7a nh\u00e0 \u0111i\u1ec1u h\u00e0nh b\u1eb1ng c\u00e1ch t\u00edch h\u1ee3p th\u00eam c\u01b0\u1ee3c \u0111\u1ec3 ph\u1ee5c v\u1ee5 c\u00e1c ki\u1ec3u ng\u01b0\u1eddi ch\u01a1i kh\u00e1c nhau. V\u1edbi m\u1ee9c c\u01b0\u1ee3c g\u1ea5p 2 l\u1ea7n, ng\u01b0\u1eddi ch\u01a1i \u0111\u01b0\u1ee3c \u0111\u1ea3m b\u1ea3o \u00edt nh\u1ea5t m\u1ed9t bi\u1ec3u t\u01b0\u1ee3ng Wild V\u00e0ng m\u1ed7i v\u00f2ng quay, l\u00e0m t\u0103ng \u0111\u00e1ng k\u1ec3 t\u1ea7n su\u1ea5t xu\u1ea5t hi\u1ec7n c\u1ee7a t\u00ednh n\u0103ng sinh l\u1eddi nh\u1ea5t trong tr\u00f2 ch\u01a1i. H\u01a1n n\u1eefa, t\u00f9y ch\u1ecdn Mua V\u00f2ng Quay Mi\u1ec5n Ph\u00ed (g\u1ea5p 100 l\u1ea7n t\u1ed5ng c\u01b0\u1ee3c) cung c\u1ea5p \u0111i\u1ec3m v\u00e0o ngay l\u1eadp t\u1ee9c cho ng\u01b0\u1eddi ch\u01a1i VIP v\u00e0 ng\u01b0\u1eddi ch\u01a1i c\u00f3 m\u1ee9c c\u01b0\u1ee3c cao. V\u1edbi t\u1ef7 l\u1ec7 RTP c\u00e2n b\u1eb1ng 96%, nh\u1eefng c\u00f4ng c\u1ee5 n\u00e0y \u0111\u1ea3m b\u1ea3o r\u1eb1ng tr\u00f2 ch\u01a1i v\u1eabn l\u00e0 m\u1ed9t t\u00e0i s\u1ea3n linh ho\u1ea1t v\u00e0 hi\u1ec7u su\u1ea5t cao cho b\u1ea5t k\u1ef3 danh m\u1ee5c s\u00f2ng b\u1ea1c hi\u1ec7n \u0111\u1ea1i n\u00e0o.<\/span><\/p>\n<p>[\/et_pb_text][et_pb_button button_url=&#8221;https:\/\/slotsmaker.com\/vi\/news\/&#8221; button_text=&#8221;Quay l\u1ea1i tin t\u1ee9c&#8221; button_alignment=&#8221;center&#8221; disabled_on=&#8221;off|off|off&#8221; module_class=&#8221;custom-button&#8221; _builder_version=&#8221;4.27.4&#8243; _module_preset=&#8221;default&#8221; custom_button=&#8221;on&#8221; button_text_size=&#8221;20px&#8221; button_text_color=&#8221;#FFFFFF&#8221; button_bg_color=&#8221;gcid-primary-color&#8221; button_border_width=&#8221;2px&#8221; button_border_color=&#8221;RGBA(255,255,255,0)&#8221; button_font=&#8221;|600|||||||&#8221; button_use_icon=&#8221;off&#8221; background_layout=&#8221;dark&#8221; custom_margin=&#8221;||||false|false&#8221; custom_padding=&#8221;||||false|false&#8221; custom_padding_tablet=&#8221;||||false|false&#8221; custom_padding_phone=&#8221;||||false|false&#8221; custom_padding_last_edited=&#8221;on|desktop&#8221; hover_enabled=&#8221;0&#8243; button_text_size_tablet=&#8221;16px&#8221; button_text_size_phone=&#8221;16px&#8221; button_text_size_last_edited=&#8221;on|desktop&#8221; custom_css_after=&#8221;margin-top: 1px;&#8221; locked=&#8221;off&#8221; global_colors_info=&#8221;{%22gcid-primary-color%22:%91%22button_bg_color%22,%22button_bg_color%22%93,%22gcid-secondary-color%22:%91%22button_bg_color%22,%22button_bg_color__hover%22%93,%22gcid-74575f5e-bedc-40c1-ae7b-6696e83b758c%22:%91%22button_bg_color__hover%22%93}&#8221; button_bg_color__hover=&#8221;#a7268b&#8221; button_bg_color__hover_enabled=&#8221;on|hover&#8221; button_border_width__hover=&#8221;2px&#8221; button_border_width__hover_enabled=&#8221;on|hover&#8221; sticky_enabled=&#8221;0&#8243;][\/et_pb_button][\/et_pb_column][\/et_pb_row][\/et_pb_section]<\/p>\n","protected":false},"excerpt":{"rendered":"<p>SlotsMaker &amp; Live22 h\u1ee3p t\u00e1c n\u00e2ng t\u1ea7m\u00a0 Queen Femida 2 13th May 2026H\u1ee3p t\u00e1c chi\u1ebfn l\u01b0\u1ee3c: SlotsMaker &amp; Live22 \u0111\u1ecbnh ngh\u0129a l\u1ea1i game Gothic Trong m\u1ed9t b\u01b0\u1edbc ti\u1ebfn th\u00fa v\u1ecb cho ng\u00e0nh c\u00f4ng nghi\u1ec7p iGaming \u0110\u00f4ng Nam \u00c1, SlotsMaker t\u1ef1 h\u00e0o th\u00f4ng b\u00e1o v\u1ec1 s\u1ef1 h\u1ee3p t\u00e1c v\u1edbi Live22 \u0111\u1ec3 n\u00e2ng cao t\u1ef1a game h\u00e0ng [&hellip;]<\/p>\n","protected":false},"author":7,"featured_media":19988,"parent":0,"menu_order":0,"comment_status":"closed","ping_status":"closed","template":"","meta":{"_et_pb_use_builder":"on","_et_pb_old_content":"","_et_gb_content_width":"","content-type":"","footnotes":""},"class_list":["post-20016","page","type-page","status-publish","has-post-thumbnail","hentry"],"_links":{"self":[{"href":"https:\/\/slotsmaker.com\/vi\/wp-json\/wp\/v2\/pages\/20016","targetHints":{"allow":["GET"]}}],"collection":[{"href":"https:\/\/slotsmaker.com\/vi\/wp-json\/wp\/v2\/pages"}],"about":[{"href":"https:\/\/slotsmaker.com\/vi\/wp-json\/wp\/v2\/types\/page"}],"author":[{"embeddable":true,"href":"https:\/\/slotsmaker.com\/vi\/wp-json\/wp\/v2\/users\/7"}],"replies":[{"embeddable":true,"href":"https:\/\/slotsmaker.com\/vi\/wp-json\/wp\/v2\/comments?post=20016"}],"version-history":[{"count":2,"href":"https:\/\/slotsmaker.com\/vi\/wp-json\/wp\/v2\/pages\/20016\/revisions"}],"predecessor-version":[{"id":20018,"href":"https:\/\/slotsmaker.com\/vi\/wp-json\/wp\/v2\/pages\/20016\/revisions\/20018"}],"wp:featuredmedia":[{"embeddable":true,"href":"https:\/\/slotsmaker.com\/vi\/wp-json\/wp\/v2\/media\/19988"}],"wp:attachment":[{"href":"https:\/\/slotsmaker.com\/vi\/wp-json\/wp\/v2\/media?parent=20016"}],"curies":[{"name":"wp","href":"https:\/\/api.w.org\/{rel}","templated":true}]}}