{"id":9326,"date":"2024-11-18T18:42:03","date_gmt":"2024-11-18T10:42:03","guid":{"rendered":"https:\/\/slotsmaker.com\/?page_id=9326"},"modified":"2024-11-25T18:39:47","modified_gmt":"2024-11-25T10:39:47","slug":"slotsmaker-to-make-waves-at-ice-barcelona-2025","status":"publish","type":"page","link":"https:\/\/slotsmaker.com\/vi\/slotsmaker-to-make-waves-at-ice-barcelona-2025\/","title":{"rendered":"SlotsMaker to Make Waves at ICE Barcelona 2025"},"content":{"rendered":"<p>[et_pb_section fb_built=&#8221;1&#8243; admin_label=&#8221;Section&#8221; _builder_version=&#8221;4.27.2&#8243; _module_preset=&#8221;default&#8221; background_color=&#8221;#FFFFFF&#8221; da_disable_devices=&#8221;off|off|off&#8221; global_colors_info=&#8221;{}&#8221; da_is_popup=&#8221;off&#8221; da_exit_intent=&#8221;off&#8221; da_has_close=&#8221;on&#8221; da_alt_close=&#8221;off&#8221; da_dark_close=&#8221;off&#8221; da_not_modal=&#8221;on&#8221; da_is_singular=&#8221;off&#8221; da_with_loader=&#8221;off&#8221; da_has_shadow=&#8221;on&#8221;][et_pb_row admin_label=&#8221;image&#8221; _builder_version=&#8221;4.21.0&#8243; _module_preset=&#8221;default&#8221; background_color=&#8221;#FFFFFF&#8221; global_colors_info=&#8221;{}&#8221;][et_pb_column type=&#8221;4_4&#8243; _builder_version=&#8221;4.21.0&#8243; _module_preset=&#8221;default&#8221; global_colors_info=&#8221;{}&#8221;][et_pb_image src=&#8221;https:\/\/slotsmaker.com\/wp-content\/uploads\/2024\/11\/077_SlotsMaker-to-Make-Waves-at-ICE-Barcelona-2025-1.jpg&#8221; title_text=&#8221;077_SlotsMaker to Make Waves at ICE Barcelona 2025 (1)&#8221; align=&#8221;center&#8221; force_fullwidth=&#8221;on&#8221; _builder_version=&#8221;4.27.3&#8243; _module_preset=&#8221;default&#8221; custom_margin=&#8221;-30px||||false|false&#8221; global_colors_info=&#8221;{}&#8221;][\/et_pb_image][\/et_pb_column][\/et_pb_row][et_pb_row admin_label=&#8221;articles&#8221; _builder_version=&#8221;4.21.0&#8243; _module_preset=&#8221;default&#8221; background_color=&#8221;#FFFFFF&#8221; global_colors_info=&#8221;{}&#8221;][et_pb_column type=&#8221;4_4&#8243; _builder_version=&#8221;4.21.0&#8243; _module_preset=&#8221;default&#8221; global_colors_info=&#8221;{}&#8221;][et_pb_text _builder_version=&#8221;4.27.3&#8243; _module_preset=&#8221;default&#8221; header_font=&#8221;|600|||||||&#8221; header_text_color=&#8221;gcid-primary-color&#8221; header_font_size=&#8221;22px&#8221; header_2_font_size=&#8221;30px&#8221; header_4_text_color=&#8221;gcid-293da448-f89a-45b9-8e92-706f4652a4ca&#8221; custom_padding=&#8221;|50px||50px|false|false&#8221; custom_padding_tablet=&#8221;|50px||50px|false|false&#8221; custom_padding_phone=&#8221;|0px||20px|false|false&#8221; custom_padding_last_edited=&#8221;on|tablet&#8221; hover_enabled=&#8221;0&#8243; header_2_font_size_tablet=&#8221;30px&#8221; header_2_font_size_phone=&#8221;23px&#8221; header_2_font_size_last_edited=&#8221;on|phone&#8221; global_colors_info=&#8221;{%22gcid-primary-color%22:%91%22header_text_color%22%93,%22gcid-293da448-f89a-45b9-8e92-706f4652a4ca%22:%91%22header_4_text_color%22%93}&#8221; sticky_enabled=&#8221;0&#8243;]<\/p>\n<h1><b>SlotsMaker s\u1ebd t\u1ea1o n\u00ean l\u00e0n s\u00f3ng t\u1ea1i ICE Barcelona 2025<br \/><\/b><\/h1>\n<h4>6\/11\/2024<\/h4>\n<p>[\/et_pb_text][et_pb_text _builder_version=&#8221;4.27.3&#8243; _module_preset=&#8221;default&#8221; text_text_color=&#8221;#666666&#8243; text_font_size=&#8221;16px&#8221; text_line_height=&#8221;1.5em&#8221; header_2_font=&#8221;|600|||||||&#8221; header_2_text_color=&#8221;gcid-293da448-f89a-45b9-8e92-706f4652a4ca&#8221; header_2_font_size=&#8221;18px&#8221; header_3_font=&#8221;|600|||||||&#8221; header_3_text_color=&#8221;#5C5C5C&#8221; header_3_font_size=&#8221;18px&#8221; header_4_text_color=&#8221;#000000&#8243; custom_margin=&#8221;||||false|false&#8221; custom_padding=&#8221;|50px||50px|false|false&#8221; custom_padding_tablet=&#8221;|50px||50px|false|false&#8221; custom_padding_phone=&#8221;|10px||20px|false|false&#8221; custom_padding_last_edited=&#8221;on|phone&#8221; hover_enabled=&#8221;0&#8243; text_font_size_tablet=&#8221;16px&#8221; text_font_size_phone=&#8221;14px&#8221; text_font_size_last_edited=&#8221;on|phone&#8221; header_2_font_size_tablet=&#8221;&#8221; header_2_font_size_phone=&#8221;&#8221; header_2_font_size_last_edited=&#8221;on|phone&#8221; header_3_font_size_tablet=&#8221;&#8221; header_3_font_size_phone=&#8221;&#8221; header_3_font_size_last_edited=&#8221;on|phone&#8221; global_colors_info=&#8221;{%22gcid-293da448-f89a-45b9-8e92-706f4652a4ca%22:%91%22header_2_text_color%22%93}&#8221; sticky_enabled=&#8221;0&#8243;]<\/p>\n<h2>SlotsMaker s\u1ebd gi\u1edbi thi\u1ec7u c\u00e1c m\u00e1y \u0111\u00e1nh b\u1ea1c s\u00e1ng t\u1ea1o t\u1ea1i ICE Barcelona 2025<\/h2>\n<h3>\u0110\u1ecba \u0111i\u1ec3m ICE Barcelona 2025: Fira Barcelona Gran<\/h3>\n<p><a href=\"https:\/\/slotsmaker.com\/\"><b><span style=\"color: #3366ff;\">SlotsMaker<\/span><\/b><\/a><span style=\"font-weight: 400;\">, m\u1ed9t c\u00f4ng ty ph\u00e1t tri\u1ec3n tr\u00f2 ch\u01a1i \u0111\u00e1nh b\u1ea1c v\u00e0 x\u00e2y d\u1ef1ng th\u01b0\u01a1ng hi\u1ec7u s\u00f2ng b\u1ea1c h\u00e0ng \u0111\u1ea7u, r\u1ea5t vui m\u1eebng th\u00f4ng b\u00e1o v\u1ec1 s\u1ef1 tham gia c\u1ee7a m\u00ecnh t\u1ea1i ICE Barcelona 2025 s\u1eafp t\u1edbi. S\u1ef1 ki\u1ec7n iGaming danh gi\u00e1 n\u00e0y s\u1ebd di\u1ec5n ra t\u1ea1i Fira Gran Barcelona, \u200b\u200bT\u00e2y Ban Nha v\u00e0 SlotsMaker r\u1ea5t mong mu\u1ed1n gi\u1edbi thi\u1ec7u c\u00e1c m\u00e1y \u0111\u00e1nh b\u1ea1c m\u1edbi nh\u1ea5t c\u1ee7a m\u00ecnh v\u00e0 k\u1ebft n\u1ed1i v\u1edbi c\u00e1c chuy\u00ean gia trong ng\u00e0nh.<\/span><\/p>\n<p><span style=\"font-weight: 400;\">ICE Barcelona l\u00e0 s\u1ef1 ki\u1ec7n to\u00e0n c\u1ea7u mang \u0111\u1ebfn c\u01a1 h\u1ed9i \u0111\u1ed9c \u0111\u00e1o cho c\u00e1c nh\u00e0 \u0111i\u1ec1u h\u00e0nh, nh\u00e0 cung c\u1ea5p v\u00e0 chi nh\u00e1nh iGaming k\u1ebft n\u1ed1i v\u1edbi c\u00e1c nh\u00e0 l\u00e3nh \u0111\u1ea1o trong ng\u00e0nh \u0111\u1ec3 kh\u00e1m ph\u00e1 c\u00e1c xu h\u01b0\u1edbng m\u1edbi nh\u1ea5t v\u00e0 kh\u00e1m ph\u00e1 c\u00e1c c\u00f4ng ngh\u1ec7 ti\u00ean ti\u1ebfn. SlotsMaker s\u1ebd l\u00e0 m\u1ed9t trong nh\u1eefng \u0111\u01a1n v\u1ecb tri\u1ec3n l\u00e3m t\u1ea1i \u0111\u1ecba \u0111i\u1ec3m t\u1ed5 ch\u1ee9c th\u00e0nh ph\u1ed1, gi\u1edbi thi\u1ec7u <\/span><span style=\"color: #3366ff;\"><a href=\"https:\/\/slotsmaker.com\/portfolio\/\" style=\"color: #3366ff;\"><b>danh m\u1ee5c tr\u00f2 ch\u01a1i<\/b><\/a><\/span> <span style=\"font-weight: 400;\">\u0111\u00e1nh b\u1ea1c ch\u1ea5t l\u01b0\u1ee3ng cao \u0111a d\u1ea1ng c\u1ee7a m\u00ecnh.<\/span><\/p>\n<h2>\u0110i\u1ec3m n\u1ed5i b\u1eadt ch\u00ednh t\u1ea1i gian h\u00e0ng SlotsMaker 2K24<\/h2>\n<h3>iGB Affiliate: Clarion Gaming ICE Barcelona 2025<\/h3>\n<p><span style=\"font-weight: 400;\">Nh\u00e0 t\u1ed5 ch\u1ee9c <\/span><a href=\"https:\/\/www.icegaming.com\/\" target=\"_blank\" rel=\"noopener\"><b><span style=\"color: #3366ff;\">ICE<\/span><\/b><\/a><span style=\"font-weight: 400;\"> Barcelona <\/span><span style=\"color: #3366ff;\"><a href=\"https:\/\/www.clariongaming.com\/\" style=\"color: #3366ff;\" target=\"_blank\" rel=\"noopener\"><b>Clarion Gaming<\/b><\/a><\/span><span style=\"font-weight: 400;\"> \u0111\u00e3 c\u00f4ng b\u1ed1 ra m\u1eaft Di\u1ec5n \u0111\u00e0n tr\u00f2 ch\u01a1i th\u1ebf gi\u1edbi (WGF), m\u1ed9t s\u00e1ng ki\u1ebfn \u200b\u200bm\u1edbi \u0111\u01b0\u1ee3c thi\u1ebft k\u1ebf \u0111\u1ec3 cung c\u1ea5p n\u1ec1n t\u1ea3ng cho c\u00e1c nh\u00e0 l\u00e3nh \u0111\u1ea1o v\u00e0 nh\u00e0 ho\u1ea1ch \u0111\u1ecbnh ch\u00ednh s\u00e1ch trong ng\u00e0nh. WGF s\u1ebd thay th\u1ebf ICE VOX tr\u01b0\u1edbc \u0111\u00e2y (ICE London) v\u00e0 mang \u0111\u1ebfn tr\u1ea3i nghi\u1ec7m ba ng\u00e0y nh\u1eadp vai \u0111\u1ec3 h\u1ecdc h\u1ecfi, giao l\u01b0u v\u00e0 chia s\u1ebb ki\u1ebfn \u200b\u200bth\u1ee9c.<\/span><\/p>\n<p><span style=\"font-weight: 400;\">Gi\u00e1m \u0111\u1ed1c \u0111i\u1ec1u h\u00e0nh c\u1ee7a Clarion Gaming, Stuart Hunter, nh\u1ea5n m\u1ea1nh r\u1eb1ng WGF ph\u00f9 h\u1ee3p v\u1edbi m\u1ee5c ti\u00eau c\u1ee7a c\u00f4ng ty l\u00e0 n\u00e2ng cao ng\u00e0nh c\u00f4ng nghi\u1ec7p iGaming v\u00e0 x\u00e2y d\u1ef1ng v\u1ecb th\u1ebf c\u1ee7a ng\u00e0nh n\u00e0y nh\u01b0 m\u1ed9t giao \u0111i\u1ec3m to\u00e0n c\u1ea7u cho m\u1ecdi l\u0129nh v\u1ef1c. WGF s\u1ebd k\u1ebft h\u1ee3p c\u00e1c th\u01b0\u01a1ng hi\u1ec7u h\u00e0ng \u0111\u1ea7u trong ng\u00e0nh nh\u01b0 World Regulatory Briefing, Casino &amp; Leaders Conference v\u00e0 Esports &amp; Games Conference.<\/span><\/p>\n<p><span style=\"font-weight: 400;\">Du kh\u00e1ch \u0111\u1ebfn gian h\u00e0ng SlotsMaker s\u1ebd c\u00f3 c\u01a1 h\u1ed9i tr\u1ea3i nghi\u1ec7m c\u00e1c tr\u00f2 ch\u01a1i slot s\u00e1ng t\u1ea1o m\u1edbi nh\u1ea5t c\u1ee7a c\u00f4ng ty. C\u00e1c t\u1ef1a game n\u00e0y c\u00f3 ch\u1ee7 \u0111\u1ec1 h\u1ea5p d\u1eabn, l\u1ed1i ch\u01a1i h\u1ea5p d\u1eabn v\u00e0 h\u00ecnh \u1ea3nh tuy\u1ec7t \u0111\u1eb9p, \u0111\u01b0\u1ee3c thi\u1ebft k\u1ebf \u0111\u1ec3 mang \u0111\u1ebfn cho ng\u01b0\u1eddi tham d\u1ef1 tr\u1ea3i nghi\u1ec7m ly k\u1ef3 v\u00e0 nh\u1eadp vai.<\/span><\/p>\n<p><span style=\"font-weight: 400;\">Ngo\u00e0i ra, SlotsMaker s\u1ebd t\u00edch c\u1ef1c t\u00ecm ki\u1ebfm c\u00e1c m\u1ed1i quan h\u1ec7 \u0111\u1ed1i t\u00e1c m\u1edbi v\u1edbi c\u00e1c nh\u00e0 \u0111i\u1ec1u h\u00e0nh tr\u00f2 ch\u01a1i v\u00e0 chi nh\u00e1nh \u0111\u1ec3 m\u1edf r\u1ed9ng ph\u1ea1m vi ti\u1ebfp c\u1eadn to\u00e0n c\u1ea7u c\u1ee7a m\u00ecnh. Nh\u1eefng ng\u01b0\u1eddi tham d\u1ef1 c\u0169ng c\u00f3 th\u1ec3 k\u1ebft n\u1ed1i v\u1edbi nh\u00f3m SlotsMaker \u0111\u1ec3 th\u1ea3o lu\u1eadn v\u1ec1 c\u00e1c c\u01a1 h\u1ed9i kinh doanh, kh\u00e1m ph\u00e1 c\u00e1c kh\u1ea3 n\u0103ng h\u1ee3p t\u00e1c v\u00e0 t\u00ecm hi\u1ec3u th\u00eam v\u1ec1 t\u1ea7m nh\u00ecn c\u1ee7a c\u00f4ng ty \u0111\u1ed1i v\u1edbi t\u01b0\u01a1ng lai c\u1ee7a tr\u00f2 ch\u01a1i tr\u1ef1c tuy\u1ebfn.<\/span><\/p>\n<h2>Gi\u00e1 v\u00e0 th\u00f4ng tin chi ti\u1ebft v\u1ec1 ICE Barcelona 2025<\/h2>\n<p><span style=\"font-weight: 400;\">\u0110\u1ec3 bi\u1ebft th\u00eam th\u00f4ng tin v\u1ec1 s\u1ef1 tham gia c\u1ee7a SlotsMaker v\u00e0o ICE Barcelona, \u200b\u200bvui l\u00f2ng truy c\u1eadp t\u1ea1i <\/span><span style=\"color: #3366ff;\"><a href=\"https:\/\/slotsmaker.com\/contact-us\/\" style=\"color: #3366ff;\"><b>\u0111\u00e2y<\/b><\/a><\/span><span style=\"font-weight: 400;\">.<\/span><\/p>\n<ol>\n<li style=\"font-weight: 400;\" aria-level=\"1\"><span style=\"font-weight: 400;\">Ng\u00e0y di\u1ec5n ra ICE Barcelona 2025: 20-22 th\u00e1ng 1 n\u0103m 2025<\/span><\/li>\n<li style=\"font-weight: 400;\" aria-level=\"1\"><span style=\"font-weight: 400;\">V\u00e9 ICE Barcelona 2025: Nh\u1ea5p v\u00e0o <\/span><span style=\"color: #3366ff;\"><a href=\"https:\/\/ice.reg.buzz\/?_gl=1*i9rj5b*_gcl_au*MTQ3OTM0Nzk5Mi4xNzI3MTQ4Njcy*_ga*ODM2OTIwNjUxLjE3MTgwNzcwMzY.*_ga_MSEQLQ3X1J*MTcyODUyODQ3NC4yMS4xLjE3Mjg1MjkwNTQuNjAuMC4w\" style=\"color: #3366ff;\" target=\"_blank\" rel=\"noopener\"><b>\u0111\u00e2y<\/b><\/a><\/span><\/li>\n<li style=\"font-weight: 400;\" aria-level=\"1\"><span style=\"font-weight: 400;\">S\u01a1 \u0111\u1ed3 m\u1eb7t b\u1eb1ng ICE Barcelona 2025: Nh\u1ea5p v\u00e0o <\/span><span style=\"color: #3366ff;\"><a href=\"https:\/\/www.icegaming.com\/about-ice\/floorplan\" style=\"color: #3366ff;\" target=\"_blank\" rel=\"noopener\"><b>\u0111\u00e2y<\/b><\/a><\/span><\/li>\n<\/ol>\n<ol><\/ol>\n<p>[\/et_pb_text][et_pb_button button_url=&#8221;https:\/\/slotsmaker.com\/news\/?lang=vi&#8221; button_text=&#8221; Quay l\u1ea1i tin t\u1ee9c&#8221; button_alignment=&#8221;center&#8221; disabled_on=&#8221;off|off|off&#8221; module_class=&#8221;custom-button&#8221; _builder_version=&#8221;4.27.3&#8243; _module_preset=&#8221;default&#8221; custom_button=&#8221;on&#8221; button_text_size=&#8221;20px&#8221; button_text_color=&#8221;#FFFFFF&#8221; button_bg_color=&#8221;gcid-primary-color&#8221; button_border_width=&#8221;2px&#8221; button_border_color=&#8221;RGBA(255,255,255,0)&#8221; button_font=&#8221;|600|||||||&#8221; button_use_icon=&#8221;off&#8221; background_layout=&#8221;dark&#8221; custom_margin=&#8221;||||false|false&#8221; custom_padding=&#8221;||||false|false&#8221; custom_padding_tablet=&#8221;||||false|false&#8221; custom_padding_phone=&#8221;||||false|false&#8221; custom_padding_last_edited=&#8221;on|desktop&#8221; hover_enabled=&#8221;0&#8243; button_text_size_tablet=&#8221;16px&#8221; button_text_size_phone=&#8221;16px&#8221; button_text_size_last_edited=&#8221;on|desktop&#8221; custom_css_after=&#8221;margin-top: 1px;&#8221; locked=&#8221;off&#8221; global_colors_info=&#8221;{%22gcid-primary-color%22:%91%22button_bg_color%22,%22button_bg_color%22%93,%22gcid-secondary-color%22:%91%22button_bg_color%22,%22button_bg_color__hover%22%93,%22gcid-74575f5e-bedc-40c1-ae7b-6696e83b758c%22:%91%22button_bg_color__hover%22%93}&#8221; button_bg_color__hover=&#8221;#a7268b&#8221; button_bg_color__hover_enabled=&#8221;on|hover&#8221; button_border_width__hover=&#8221;2px&#8221; button_border_width__hover_enabled=&#8221;on|hover&#8221; sticky_enabled=&#8221;0&#8243;][\/et_pb_button][\/et_pb_column][\/et_pb_row][\/et_pb_section]<\/p>\n","protected":false},"excerpt":{"rendered":"<p>SlotsMaker s\u1ebd t\u1ea1o n\u00ean l\u00e0n s\u00f3ng t\u1ea1i ICE Barcelona 2025 6\/11\/2024SlotsMaker s\u1ebd gi\u1edbi thi\u1ec7u c\u00e1c m\u00e1y \u0111\u00e1nh b\u1ea1c s\u00e1ng t\u1ea1o t\u1ea1i ICE Barcelona 2025 \u0110\u1ecba \u0111i\u1ec3m ICE Barcelona 2025: Fira Barcelona Gran SlotsMaker, m\u1ed9t c\u00f4ng ty ph\u00e1t tri\u1ec3n tr\u00f2 ch\u01a1i \u0111\u00e1nh b\u1ea1c v\u00e0 x\u00e2y d\u1ef1ng th\u01b0\u01a1ng hi\u1ec7u s\u00f2ng b\u1ea1c h\u00e0ng \u0111\u1ea7u, r\u1ea5t vui m\u1eebng th\u00f4ng [&hellip;]<\/p>\n","protected":false},"author":2,"featured_media":0,"parent":0,"menu_order":0,"comment_status":"closed","ping_status":"closed","template":"","meta":{"_et_pb_use_builder":"on","_et_pb_old_content":"[et_pb_section fb_built=\"1\" admin_label=\"Section\" _builder_version=\"4.27.2\" _module_preset=\"default\" background_color=\"#FFFFFF\" da_disable_devices=\"off|off|off\" global_colors_info=\"{}\" da_is_popup=\"off\" da_exit_intent=\"off\" da_has_close=\"on\" da_alt_close=\"off\" da_dark_close=\"off\" da_not_modal=\"on\" da_is_singular=\"off\" da_with_loader=\"off\" da_has_shadow=\"on\"][et_pb_row admin_label=\"image\" _builder_version=\"4.21.0\" _module_preset=\"default\" background_color=\"#FFFFFF\" global_colors_info=\"{}\"][et_pb_column type=\"4_4\" _builder_version=\"4.21.0\" _module_preset=\"default\" global_colors_info=\"{}\"][et_pb_image src=\"https:\/\/slotsmaker.com\/wp-content\/uploads\/2024\/11\/077_SlotsMaker-to-Make-Waves-at-ICE-Barcelona-2025-1.jpg\" title_text=\"077_SlotsMaker to Make Waves at ICE Barcelona 2025 (1)\" align=\"center\" force_fullwidth=\"on\" _builder_version=\"4.27.3\" _module_preset=\"default\" custom_margin=\"-30px||||false|false\" hover_enabled=\"0\" global_colors_info=\"{}\" sticky_enabled=\"0\"][\/et_pb_image][\/et_pb_column][\/et_pb_row][et_pb_row admin_label=\"articles\" _builder_version=\"4.21.0\" _module_preset=\"default\" background_color=\"#FFFFFF\" global_colors_info=\"{}\"][et_pb_column type=\"4_4\" _builder_version=\"4.21.0\" _module_preset=\"default\" global_colors_info=\"{}\"][et_pb_text _builder_version=\"4.27.3\" _module_preset=\"default\" header_font=\"|600|||||||\" header_text_color=\"gcid-primary-color\" header_font_size=\"22px\" header_2_font_size=\"30px\" header_4_text_color=\"gcid-293da448-f89a-45b9-8e92-706f4652a4ca\" custom_padding=\"|50px||50px|false|false\" custom_padding_tablet=\"|50px||50px|false|false\" custom_padding_phone=\"|0px||20px|false|false\" custom_padding_last_edited=\"on|tablet\" header_2_font_size_tablet=\"30px\" header_2_font_size_phone=\"23px\" header_2_font_size_last_edited=\"on|phone\" global_colors_info=\"{%22gcid-primary-color%22:%91%22header_text_color%22%93,%22gcid-293da448-f89a-45b9-8e92-706f4652a4ca%22:%91%22header_4_text_color%22%93}\"]\n<h1><b>SlotsMaker to Make Waves at ICE Barcelona 2025\n<\/b><\/h1>\n<h4>6th November 2024<\/h4>\n[\/et_pb_text][et_pb_text _builder_version=\"4.27.3\" _module_preset=\"default\" text_text_color=\"#666666\" text_font_size=\"16px\" text_line_height=\"1.5em\" header_2_font=\"|600|||||||\" header_2_text_color=\"gcid-293da448-f89a-45b9-8e92-706f4652a4ca\" header_2_font_size=\"18px\" header_3_font=\"|600|||||||\" header_3_text_color=\"#5C5C5C\" header_3_font_size=\"18px\" header_4_text_color=\"#000000\" custom_margin=\"||||false|false\" custom_padding=\"|50px||50px|false|false\" custom_padding_tablet=\"|50px||50px|false|false\" custom_padding_phone=\"|10px||20px|false|false\" custom_padding_last_edited=\"on|phone\" text_font_size_tablet=\"16px\" text_font_size_phone=\"14px\" text_font_size_last_edited=\"on|phone\" header_2_font_size_tablet=\"\" header_2_font_size_phone=\"\" header_2_font_size_last_edited=\"on|phone\" header_3_font_size_tablet=\"\" header_3_font_size_phone=\"\" header_3_font_size_last_edited=\"on|phone\" global_colors_info=\"{%22gcid-293da448-f89a-45b9-8e92-706f4652a4ca%22:%91%22header_2_text_color%22%93}\"]\n<h2>SlotsMaker to Showcase Innovative Slots at ICE Barcelona 2025<\/h2>\n<h3>ICE Barcelona 2025 Location: Fira Barcelona Gran<\/h3>\n<span style=\"color: #3366ff;\"><a href=\"https:\/\/slotsmaker.com\/\" style=\"color: #3366ff;\"><b>SlotsMaker<\/b><\/a><\/span><span style=\"font-weight: 400;\">, a leading <\/span><b>slot game development and casino branding company<\/b><span style=\"font-weight: 400;\">, is excited to announce its participation in the upcoming ICE Barcelona 2025. This prestigious iGaming event will take place in Fira Gran Barcelona, Spain, and SlotsMaker is eager to showcase its latest slots and connect with industry professionals.<\/span>\n\n<span style=\"font-weight: 400;\">ICE Barcelona is a global event that offers a unique opportunity for iGaming operators, suppliers, and affiliates to network with industry leaders to explore the latest trends and discover cutting-edge technologies. SlotsMaker will be among the exhibitors at the host city venue, presenting its diverse <\/span><span style=\"color: #3366ff;\"><a href=\"https:\/\/slotsmaker.com\/portfolio\/\" style=\"color: #3366ff;\"><b>portfolio<\/b><\/a><\/span><span style=\"font-weight: 400;\"> of high-quality slot games.<\/span>\n<h2>Key Highlights at the SlotsMaker Booth 2K24<\/h2>\n<h3>iGB Affiliate: Clarion Gaming ICE Barcelona 2025<\/h3>\n<a href=\"https:\/\/www.icegaming.com\/\"><b><span style=\"color: #3366ff;\">ICE<\/span><\/b><\/a><span style=\"font-weight: 400;\"> Barcelona organizer <\/span><span style=\"color: #3366ff;\"><a href=\"https:\/\/www.clariongaming.com\/\" style=\"color: #3366ff;\"><b>Clarion Gaming<\/b><\/a><\/span><span style=\"font-weight: 400;\"> has announced the World Gaming Forum (WGF) launch, a new initiative designed to provide a platform for industry leaders and policymakers. The WGF will replace the previous ICE VOX (ICE London) and offer an immersive three-day experience for learning, networking, and knowledge sharing.<\/span>\n\n<span style=\"font-weight: 400;\">Clarion Gaming's Managing Director, Stuart Hunter, emphasized that the WGF aligns with the company's goal of elevating the iGaming industry and building on its status as a global intersection for all sectors. The WGF will incorporate industry-leading brands such as the World Regulatory Briefing, the Casino &amp; Leaders Conference, and the Esports &amp; Games Conference.<\/span>\n\n<span style=\"font-weight: 400;\">Visitors to the SlotsMaker booth will have the opportunity to experience the company's latest innovative slot games. These titles feature captivating themes, engaging gameplay, and stunning visuals, designed to provide attendees with a thrilling and immersive experience.\u00a0<\/span>\n\n<span style=\"font-weight: 400;\">Additionally, SlotsMaker will actively seek new partnerships with gaming operators and affiliates to expand its global reach. Attendees can also connect with the SlotsMaker team to discuss business opportunities, explore collaboration possibilities, and learn more about the company's vision for the future of online gaming.<\/span>\n<h2><b>ICE Barcelona 2025 Price &amp; Details<\/b><\/h2>\n<span style=\"font-weight: 400;\">For more information about SlotsMaker\u2019s participation in ICE Barcelona, please visit <\/span><span style=\"color: #3366ff;\"><a href=\"https:\/\/slotsmaker.com\/contact-us\/\" style=\"color: #3366ff;\"><b>here<\/b><\/a><\/span><span style=\"font-weight: 400;\">.<\/span>\n<ol>\n \t<li style=\"font-weight: 400;\" aria-level=\"1\"><span style=\"font-weight: 400;\">ICE Barcelona 2025 Dates: 20-22 January 2025<\/span><\/li>\n \t<li style=\"font-weight: 400;\" aria-level=\"1\"><span style=\"font-weight: 400;\">ICE Barcelona 2025 Tickets: Click <\/span><span style=\"color: #3366ff;\"><a href=\"https:\/\/ice.reg.buzz\/?_gl=1*i9rj5b*_gcl_au*MTQ3OTM0Nzk5Mi4xNzI3MTQ4Njcy*_ga*ODM2OTIwNjUxLjE3MTgwNzcwMzY.*_ga_MSEQLQ3X1J*MTcyODUyODQ3NC4yMS4xLjE3Mjg1MjkwNTQuNjAuMC4w\" style=\"color: #3366ff;\"><b>here<\/b><\/a><\/span><\/li>\n \t<li style=\"font-weight: 400;\" aria-level=\"1\"><span style=\"font-weight: 400;\">ICE Barcelona 2025 Floor Plan: Click <\/span><span style=\"color: #3366ff;\"><a href=\"https:\/\/www.icegaming.com\/about-ice\/floorplan\" style=\"color: #3366ff;\"><b>here<\/b><\/a><\/span><\/li>\n<\/ol>\n[\/et_pb_text][et_pb_button button_url=\"https:\/\/slotsmaker.com\/news\/\" button_text=\"Back to news\" button_alignment=\"center\" disabled_on=\"off|off|off\" module_class=\"custom-button\" _builder_version=\"4.27.3\" _module_preset=\"default\" custom_button=\"on\" button_text_size=\"20px\" button_text_color=\"#FFFFFF\" button_bg_color=\"gcid-primary-color\" button_border_width=\"2px\" button_border_color=\"RGBA(255,255,255,0)\" button_font=\"|600|||||||\" button_use_icon=\"off\" background_layout=\"dark\" custom_margin=\"||||false|false\" custom_padding=\"||||false|false\" custom_padding_tablet=\"||||false|false\" custom_padding_phone=\"||||false|false\" custom_padding_last_edited=\"on|desktop\" button_text_size_tablet=\"16px\" button_text_size_phone=\"16px\" button_text_size_last_edited=\"on|desktop\" custom_css_after=\"margin-top: 1px;\" locked=\"off\" global_colors_info=\"{%22gcid-primary-color%22:%91%22button_bg_color%22,%22button_bg_color%22%93,%22gcid-secondary-color%22:%91%22button_bg_color%22,%22button_bg_color__hover%22%93,%22gcid-74575f5e-bedc-40c1-ae7b-6696e83b758c%22:%91%22button_bg_color__hover%22%93}\" button_bg_color__hover=\"#a7268b\" button_bg_color__hover_enabled=\"on|hover\" button_border_width__hover=\"2px\" button_border_width__hover_enabled=\"on|hover\"][\/et_pb_button][\/et_pb_column][\/et_pb_row][\/et_pb_section]","_et_gb_content_width":"","content-type":"","footnotes":""},"class_list":["post-9326","page","type-page","status-publish","hentry"],"_links":{"self":[{"href":"https:\/\/slotsmaker.com\/vi\/wp-json\/wp\/v2\/pages\/9326","targetHints":{"allow":["GET"]}}],"collection":[{"href":"https:\/\/slotsmaker.com\/vi\/wp-json\/wp\/v2\/pages"}],"about":[{"href":"https:\/\/slotsmaker.com\/vi\/wp-json\/wp\/v2\/types\/page"}],"author":[{"embeddable":true,"href":"https:\/\/slotsmaker.com\/vi\/wp-json\/wp\/v2\/users\/2"}],"replies":[{"embeddable":true,"href":"https:\/\/slotsmaker.com\/vi\/wp-json\/wp\/v2\/comments?post=9326"}],"version-history":[{"count":2,"href":"https:\/\/slotsmaker.com\/vi\/wp-json\/wp\/v2\/pages\/9326\/revisions"}],"predecessor-version":[{"id":9338,"href":"https:\/\/slotsmaker.com\/vi\/wp-json\/wp\/v2\/pages\/9326\/revisions\/9338"}],"wp:attachment":[{"href":"https:\/\/slotsmaker.com\/vi\/wp-json\/wp\/v2\/media?parent=9326"}],"curies":[{"name":"wp","href":"https:\/\/api.w.org\/{rel}","templated":true}]}}