{"id":9920,"date":"2024-11-19T13:37:18","date_gmt":"2024-11-19T05:37:18","guid":{"rendered":"https:\/\/slotsmaker.com\/?page_id=9920"},"modified":"2025-03-13T17:06:46","modified_gmt":"2025-03-13T09:06:46","slug":"benefits-of-building-brand-loyalty-in-the-casino","status":"publish","type":"page","link":"https:\/\/slotsmaker.com\/vi\/benefits-of-building-brand-loyalty-in-the-casino\/","title":{"rendered":"Benefits of Building Brand Loyalty in the Casino"},"content":{"rendered":"<p>[et_pb_section fb_built=&#8221;1&#8243; admin_label=&#8221;Section&#8221; _builder_version=&#8221;4.27.2&#8243; _module_preset=&#8221;default&#8221; background_color=&#8221;#FFFFFF&#8221; da_disable_devices=&#8221;off|off|off&#8221; global_colors_info=&#8221;{}&#8221; da_is_popup=&#8221;off&#8221; da_exit_intent=&#8221;off&#8221; da_has_close=&#8221;on&#8221; da_alt_close=&#8221;off&#8221; da_dark_close=&#8221;off&#8221; da_not_modal=&#8221;on&#8221; da_is_singular=&#8221;off&#8221; da_with_loader=&#8221;off&#8221; da_has_shadow=&#8221;on&#8221;][et_pb_row admin_label=&#8221;image&#8221; _builder_version=&#8221;4.21.0&#8243; _module_preset=&#8221;default&#8221; background_color=&#8221;#FFFFFF&#8221; global_colors_info=&#8221;{}&#8221;][et_pb_column type=&#8221;4_4&#8243; _builder_version=&#8221;4.21.0&#8243; _module_preset=&#8221;default&#8221; global_colors_info=&#8221;{}&#8221;][et_pb_image src=&#8221;https:\/\/slotsmaker.com\/wp-content\/uploads\/2024\/11\/072_Benefits-of-Building-Brand-Loyalty-in-the-Casino.jpg&#8221; title_text=&#8221;072_Benefits of Building Brand Loyalty in the Casino&#8221; align=&#8221;center&#8221; force_fullwidth=&#8221;on&#8221; _builder_version=&#8221;4.27.3&#8243; _module_preset=&#8221;default&#8221; custom_margin=&#8221;-30px||||false|false&#8221; global_colors_info=&#8221;{}&#8221;][\/et_pb_image][\/et_pb_column][\/et_pb_row][et_pb_row admin_label=&#8221;articles&#8221; _builder_version=&#8221;4.21.0&#8243; _module_preset=&#8221;default&#8221; background_color=&#8221;#FFFFFF&#8221; global_colors_info=&#8221;{}&#8221;][et_pb_column type=&#8221;4_4&#8243; _builder_version=&#8221;4.21.0&#8243; _module_preset=&#8221;default&#8221; global_colors_info=&#8221;{}&#8221;][et_pb_text _builder_version=&#8221;4.27.4&#8243; _module_preset=&#8221;default&#8221; header_font=&#8221;|600|||||||&#8221; header_text_color=&#8221;gcid-primary-color&#8221; header_font_size=&#8221;22px&#8221; header_2_font_size=&#8221;30px&#8221; header_4_text_color=&#8221;gcid-293da448-f89a-45b9-8e92-706f4652a4ca&#8221; custom_padding=&#8221;|50px||50px|false|false&#8221; custom_padding_tablet=&#8221;|50px||50px|false|false&#8221; custom_padding_phone=&#8221;|0px||20px|false|false&#8221; custom_padding_last_edited=&#8221;on|tablet&#8221; header_2_font_size_tablet=&#8221;30px&#8221; header_2_font_size_phone=&#8221;23px&#8221; header_2_font_size_last_edited=&#8221;on|phone&#8221; global_colors_info=&#8221;{%22gcid-primary-color%22:%91%22header_text_color%22%93,%22gcid-293da448-f89a-45b9-8e92-706f4652a4ca%22:%91%22header_4_text_color%22%93}&#8221;]<\/p>\n<h1><b> L\u1ee3i \u00edch c\u1ee7a vi\u1ec7c x\u00e2y d\u1ef1ng l\u00f2ng trung th\u00e0nh v\u1edbi th\u01b0\u01a1ng hi\u1ec7u t\u1ea1i S\u00f2ng b\u1ea1c<\/b><\/h1>\n<h4>27\/10\/2024<\/h4>\n<p>[\/et_pb_text][et_pb_text _builder_version=&#8221;4.27.4&#8243; _module_preset=&#8221;default&#8221; text_text_color=&#8221;#666666&#8243; text_font_size=&#8221;16px&#8221; text_line_height=&#8221;1.5em&#8221; header_2_font=&#8221;|600|||||||&#8221; header_2_text_color=&#8221;gcid-293da448-f89a-45b9-8e92-706f4652a4ca&#8221; header_2_font_size=&#8221;18px&#8221; header_3_font=&#8221;|600|||||||&#8221; header_3_text_color=&#8221;#5C5C5C&#8221; header_3_font_size=&#8221;18px&#8221; header_4_text_color=&#8221;#000000&#8243; custom_margin=&#8221;||||false|false&#8221; custom_padding=&#8221;|50px||50px|false|false&#8221; custom_padding_tablet=&#8221;|50px||50px|false|false&#8221; custom_padding_phone=&#8221;|10px||20px|false|false&#8221; custom_padding_last_edited=&#8221;on|phone&#8221; text_font_size_tablet=&#8221;16px&#8221; text_font_size_phone=&#8221;14px&#8221; text_font_size_last_edited=&#8221;on|phone&#8221; header_2_font_size_tablet=&#8221;&#8221; header_2_font_size_phone=&#8221;&#8221; header_2_font_size_last_edited=&#8221;on|phone&#8221; header_3_font_size_tablet=&#8221;&#8221; header_3_font_size_phone=&#8221;&#8221; header_3_font_size_last_edited=&#8221;on|phone&#8221; global_colors_info=&#8221;{%22gcid-293da448-f89a-45b9-8e92-706f4652a4ca%22:%91%22header_2_text_color%22%93}&#8221;]<\/p>\n<h2>T\u1ea7m quan tr\u1ecdng c\u1ee7a c\u00e1c ch\u01b0\u01a1ng tr\u00ecnh kh\u00e1ch h\u00e0ng th\u00e2n thi\u1ebft t\u1ea1i S\u00f2ng b\u1ea1c<\/h2>\n<h3>X\u00e2y d\u1ef1ng ch\u01b0\u01a1ng tr\u00ecnh th\u01b0\u01a1ng hi\u1ec7u v\u00e0 ph\u1ea7n th\u01b0\u1edfng \u0111\u1ec3 th\u00e0nh c\u00f4ng l\u00e2u d\u00e0i<\/h3>\n<p><span style=\"font-weight: 400;\">Trong b\u1ed1i c\u1ea3nh c\u1ea1nh tranh gi\u1ed1ng nh\u01b0 s\u00f2ng b\u1ea1c tr\u1ef1c tuy\u1ebfn Las Vegas, vi\u1ec7c x\u00e2y d\u1ef1ng <\/span><span style=\"color: #3366ff;\"><a href=\"https:\/\/www.sender.net\/blog\/brand-loyalty\/\" style=\"color: #3366ff;\" target=\"_blank\" rel=\"noopener\"><b>l\u00f2ng trung th\u00e0nh v\u1edbi th\u01b0\u01a1ng hi\u1ec7u<\/b><\/a><\/span><span style=\"font-weight: 400;\"> m\u1ea1nh m\u1ebd l\u00e0 \u0111i\u1ec1u c\u1ea7n thi\u1ebft \u0111\u1ec3 th\u00e0nh c\u00f4ng l\u00e2u d\u00e0i. B\u1eb1ng c\u00e1ch vun \u0111\u1eafp l\u00f2ng trung th\u00e0nh c\u1ee7a kh\u00e1ch h\u00e0ng, s\u00f2ng b\u1ea1c c\u00f3 th\u1ec3 t\u0103ng t\u1ef7 l\u1ec7 gi\u1eef ch\u00e2n ng\u01b0\u1eddi ch\u01a1i, th\u00fac \u0111\u1ea9y ho\u1ea1t \u0111\u1ed9ng kinh doanh l\u1eb7p l\u1ea1i v\u00e0 n\u00e2ng cao danh ti\u1ebfng c\u1ee7a m\u00ecnh.<\/span><\/p>\n<p><span style=\"font-weight: 400;\">C\u00e1c ch\u01b0\u01a1ng tr\u00ecnh kh\u00e1ch h\u00e0ng th\u00e2n thi\u1ebft \u0111\u00f3ng vai tr\u00f2 quan tr\u1ecdng trong vi\u1ec7c x\u00e2y d\u1ef1ng m\u1ed1i li\u00ean h\u1ec7 t\u00ecnh c\u1ea3m v\u1edbi ng\u01b0\u1eddi ch\u01a1i. B\u1eb1ng c\u00e1ch cung c\u1ea5p c\u00e1c ch\u01b0\u01a1ng tr\u00ecnh kh\u00e1ch h\u00e0ng th\u00e2n thi\u1ebft nh\u01b0 ph\u1ea7n th\u01b0\u1edfng, ti\u1ec1n th\u01b0\u1edfng v\u00e0 tr\u1ea3i nghi\u1ec7m \u0111\u01b0\u1ee3c c\u00e1 nh\u00e2n h\u00f3a, nh\u00e0 \u0111i\u1ec1u h\u00e0nh c\u00f3 th\u1ec3 khuy\u1ebfn kh\u00edch ng\u01b0\u1eddi ch\u01a1i ti\u1ebfp t\u1ee5c ch\u01a1i v\u00e0 l\u00e0m s\u00e2u s\u1eafc th\u00eam m\u1ed1i quan h\u1ec7 c\u1ee7a h\u1ecd v\u1edbi th\u01b0\u01a1ng hi\u1ec7u.<\/span><\/p>\n<p><span style=\"font-weight: 400;\">C\u00e1c ch\u01b0\u01a1ng tr\u00ecnh kh\u00e1ch h\u00e0ng th\u00e2n thi\u1ebft hi\u1ec7u qu\u1ea3 c\u0169ng c\u00f3 th\u1ec3 gi\u00fap thu th\u1eadp d\u1eef li\u1ec7u kh\u00e1ch h\u00e0ng c\u00f3 gi\u00e1 tr\u1ecb, c\u00f3 th\u1ec3 \u0111\u01b0\u1ee3c s\u1eed d\u1ee5ng \u0111\u1ec3 \u0111i\u1ec1u ch\u1ec9nh c\u00e1c chi\u1ebfn d\u1ecbch ti\u1ebfp th\u1ecb s\u00f2ng b\u1ea1c v\u00e0 c\u1ea3i thi\u1ec7n s\u1ef1 h\u00e0i l\u00f2ng c\u1ee7a kh\u00e1ch h\u00e0ng.<\/span><\/p>\n<h2>T\u1eadn d\u1ee5ng ph\u01b0\u01a1ng ti\u1ec7n truy\u1ec1n th\u00f4ng x\u00e3 h\u1ed9i<\/h2>\n<h3>Hi\u1ec3u nhu c\u1ea7u v\u00e0 s\u1edf th\u00edch c\u1ee7a ng\u01b0\u1eddi ch\u01a1i<\/h3>\n<p><span style=\"font-weight: 400;\">M\u1ed9t y\u1ebfu t\u1ed1 quan tr\u1ecdng kh\u00e1c trong vi\u1ec7c x\u00e2y d\u1ef1ng c\u01a1 s\u1edf ng\u01b0\u1eddi ch\u01a1i m\u1ea1nh m\u1ebd l\u00e0 cung c\u1ea5p tr\u1ea3i nghi\u1ec7m th\u01b0\u01a1ng hi\u1ec7u \u0111\u1eb7c bi\u1ec7t. \u0110i\u1ec1u n\u00e0y bao g\u1ed3m cung c\u1ea5p c\u00e1c tr\u00f2 ch\u01a1i ch\u1ea5t l\u01b0\u1ee3ng d\u1ecbch v\u1ee5 v\u00e0 c\u00e1c ho\u1ea1t \u0111\u1ed9ng ch\u01a1i game c\u00f4ng b\u1eb1ng.<\/span><\/p>\n<p><span style=\"font-weight: 400;\">Khi ng\u01b0\u1eddi ch\u01a1i c\u1edd b\u1ea1c tr\u1ef1c tuy\u1ebfn c\u1ea3m th\u1ea5y \u0111\u01b0\u1ee3c coi tr\u1ecdng v\u00e0 t\u00f4n tr\u1ecdng, h\u1ecd c\u00f3 nhi\u1ec1u kh\u1ea3 n\u0103ng trung th\u00e0nh v\u1edbi th\u01b0\u01a1ng hi\u1ec7u s\u00f2ng b\u1ea1c h\u01a1n. Ngo\u00e0i ra, nh\u00e0 \u0111i\u1ec1u h\u00e0nh c\u00f3 th\u1ec3 t\u1eadn d\u1ee5ng ph\u01b0\u01a1ng ti\u1ec7n truy\u1ec1n th\u00f4ng x\u00e3 h\u1ed9i \u0111\u1ec3 x\u00e2y d\u1ef1ng m\u1ed1i quan h\u1ec7 ch\u1eb7t ch\u1ebd v\u1edbi ng\u01b0\u1eddi ch\u01a1i v\u00e0 th\u00fac \u0111\u1ea9y \u00fd th\u1ee9c c\u1ed9ng \u0111\u1ed3ng.<\/span><\/p>\n<p><span style=\"font-weight: 400;\">B\u00ean c\u1ea1nh tr\u1ea3i nghi\u1ec7m c\u1ee7a kh\u00e1ch h\u00e0ng, c\u00e1c ch\u01b0\u01a1ng tr\u00ecnh kh\u00e1ch h\u00e0ng th\u00e2n thi\u1ebft c\u1ee7a s\u00f2ng b\u1ea1c c\u0169ng ch\u1ecbu \u1ea3nh h\u01b0\u1edfng c\u1ee7a c\u00e1c <\/span><span style=\"color: #3366ff;\"><a href=\"https:\/\/slotsmaker.com\/casino-marketing-strategies-advertising-tactics-2024\/?lang=vi\" style=\"color: #3366ff;\"><b>chi\u1ebfn l\u01b0\u1ee3c ti\u1ebfp th\u1ecb<\/b><\/a><\/span><span style=\"font-weight: 400;\">. C\u00e1c s\u00f2ng b\u1ea1c c\u00f3 th\u1ec3 s\u1eed d\u1ee5ng c\u00e1c chi\u1ebfn d\u1ecbch nh\u1ea1y c\u1ea3m v\u1ec1 gi\u00e1 \u0111\u1ec3 ti\u1ebfp c\u1eadn \u0111\u1ed1i t\u01b0\u1ee3ng m\u1ee5c ti\u00eau v\u00e0 qu\u1ea3ng b\u00e1 th\u01b0\u01a1ng hi\u1ec7u c\u1ee7a m\u00ecnh. B\u1eb1ng c\u00e1ch hi\u1ec3u \u0111\u01b0\u1ee3c nhu c\u1ea7u v\u00e0 s\u1edf th\u00edch c\u1ee7a ng\u01b0\u1eddi ch\u01a1i, c\u00e1c s\u00f2ng b\u1ea1c c\u00f3 th\u1ec3 t\u1ea1o ra c\u00e1c th\u00f4ng \u0111i\u1ec7p ti\u1ebfp th\u1ecb ph\u00f9 h\u1ee3p v\u1edbi h\u1ecd v\u00e0 khuy\u1ebfn kh\u00edch l\u00f2ng trung th\u00e0nh.<\/span><\/p>\n<h2>Ch\u01b0\u01a1ng tr\u00ecnh kh\u00e1ch h\u00e0ng th\u00e2n thi\u1ebft &amp; Ti\u1ebfp th\u1ecb s\u00f2ng b\u1ea1c<\/h2>\n<h3>SlotsMaker: C\u00f4ng ty ph\u00e1t tri\u1ec3n th\u01b0\u01a1ng hi\u1ec7u \u0111\u1eb7c bi\u1ec7t<\/h3>\n<p><span style=\"font-weight: 400;\">Danh ti\u1ebfng th\u01b0\u01a1ng hi\u1ec7u m\u1ea1nh c\u0169ng c\u00f3 th\u1ec3 d\u1eabn \u0111\u1ebfn ti\u1ebfp th\u1ecb truy\u1ec1n mi\u1ec7ng t\u00edch c\u1ef1c, v\u00ec nh\u1eefng ng\u01b0\u1eddi ch\u01a1i h\u00e0i l\u00f2ng c\u00f3 nhi\u1ec1u kh\u1ea3 n\u0103ng gi\u1edbi thi\u1ec7u tr\u00f2 ch\u01a1i m\u00e1y \u0111\u00e1nh b\u1ea1c cho b\u1ea1n b\u00e8 v\u00e0 gia \u0111\u00ecnh c\u1ee7a h\u1ecd. \u0110i\u1ec1u n\u00e0y c\u00f3 th\u1ec3 gi\u00fap c\u00e1c s\u00f2ng b\u1ea1c c\u00f3 \u0111\u01b0\u1ee3c kh\u00e1ch h\u00e0ng m\u1edbi v\u1edbi chi ph\u00ed th\u1ea5p h\u01a1n v\u00e0 m\u1edf r\u1ed9ng c\u01a1 s\u1edf kh\u00e1ch h\u00e0ng c\u1ee7a h\u1ecd.<\/span><\/p>\n<p><span style=\"font-weight: 400;\">X\u00e2y d\u1ef1ng th\u01b0\u01a1ng hi\u1ec7u kh\u00f4ng ph\u1ea3i l\u00e0 m\u1ed9t n\u1ed7 l\u1ef1c m\u1ed9t l\u1ea7n m\u00e0 l\u00e0 m\u1ed9t qu\u00e1 tr\u00ecnh li\u00ean t\u1ee5c. C\u00e1c s\u00f2ng b\u1ea1c ph\u1ea3i li\u00ean t\u1ee5c ph\u1ea5n \u0111\u1ea5u \u0111\u1ec3 cung c\u1ea5p nh\u1eefng tr\u1ea3i nghi\u1ec7m \u0111\u1eb7c bi\u1ec7t v\u00e0 duy tr\u00ec m\u1ed1i quan h\u1ec7 b\u1ec1n ch\u1eb7t v\u1edbi ng\u01b0\u1eddi ch\u01a1i c\u1ee7a m\u00ecnh.<\/span><\/p>\n<p><span style=\"font-weight: 400;\">L\u1ee3i \u00edch c\u1ee7a vi\u1ec7c x\u00e2y d\u1ef1ng l\u00f2ng trung th\u00e0nh v\u1edbi th\u01b0\u01a1ng hi\u1ec7u trong ng\u00e0nh c\u00f4ng nghi\u1ec7p s\u00f2ng b\u1ea1c kh\u00f4ng ch\u1ec9 d\u1eebng l\u1ea1i \u1edf vi\u1ec7c t\u0103ng doanh thu m\u00e0 c\u00f2n bao g\u1ed3m vi\u1ec7c nu\u00f4i d\u01b0\u1ee1ng m\u1ed9t l\u01b0\u1ee3ng kh\u00e1ch h\u00e0ng l\u1edbn v\u00e0 n\u00e2ng cao danh ti\u1ebfng c\u1ee7a th\u01b0\u01a1ng hi\u1ec7u. B\u1eb1ng c\u00e1ch \u0111\u1ea7u t\u01b0 v\u00e0o vi\u1ec7c x\u00e2y d\u1ef1ng th\u01b0\u01a1ng hi\u1ec7u, c\u00e1c s\u00f2ng b\u1ea1c c\u00f3 th\u1ec3 t\u1ea1o s\u1ef1 kh\u00e1c bi\u1ec7t so v\u1edbi c\u00e1c \u0111\u1ed1i th\u1ee7 c\u1ea1nh tranh, t\u0103ng doanh thu v\u00e0 \u0111\u1ea1t \u0111\u01b0\u1ee3c th\u00e0nh c\u00f4ng l\u00e2u d\u00e0i tr\u00ean th\u1ecb tr\u01b0\u1eddng s\u00f2ng b\u1ea1c c\u1ea1nh tranh cao.<\/span><\/p>\n<p><span style=\"font-weight: 400;\">L\u00e0 nh\u00e0 cung c\u1ea5p d\u1ecbch v\u1ee5 ph\u00e1t tri\u1ec3n tr\u00f2 ch\u01a1i s\u00f2ng b\u1ea1c h\u00e0ng \u0111\u1ea7u, <\/span><span style=\"color: #3366ff;\"><a href=\"https:\/\/slotsmaker.com\/?lang=vi\" style=\"color: #3366ff;\"><b>SlotsMaker<\/b><\/a><\/span><span style=\"font-weight: 400;\"> cung c\u1ea5p c\u00e1c gi\u1ea3i ph\u00e1p x\u00e2y d\u1ef1ng th\u01b0\u01a1ng hi\u1ec7u to\u00e0n di\u1ec7n \u0111\u1ec3 gi\u00fap c\u00e1c s\u00f2ng b\u1ea1c thi\u1ebft l\u1eadp s\u1ef1 hi\u1ec7n di\u1ec7n m\u1ea1nh m\u1ebd v\u00e0 \u0111\u00e1ng nh\u1edb tr\u00ean th\u1ecb tr\u01b0\u1eddng. <\/span><span style=\"color: #3366ff;\"><a href=\"https:\/\/slotsmaker.com\/contact-us\/?lang=vi\" style=\"color: #3366ff;\"><b>Li\u00ean h\u1ec7<\/b><\/a><\/span><span style=\"font-weight: 400;\"> v\u1edbi ch\u00fang t\u00f4i ngay.<\/span><\/p>\n<h2>\n<\/h2>\n<p>[\/et_pb_text][et_pb_button button_url=&#8221;https:\/\/slotsmaker.com\/news\/?lang=vi&#8221; button_text=&#8221;Quay l\u1ea1i tin t\u1ee9c&#8221; button_alignment=&#8221;center&#8221; disabled_on=&#8221;off|off|off&#8221; module_class=&#8221;custom-button&#8221; _builder_version=&#8221;4.27.4&#8243; _module_preset=&#8221;default&#8221; custom_button=&#8221;on&#8221; button_text_size=&#8221;20px&#8221; button_text_color=&#8221;#FFFFFF&#8221; button_bg_color=&#8221;gcid-primary-color&#8221; button_border_width=&#8221;2px&#8221; button_border_color=&#8221;RGBA(255,255,255,0)&#8221; button_font=&#8221;|600|||||||&#8221; button_use_icon=&#8221;off&#8221; background_layout=&#8221;dark&#8221; custom_margin=&#8221;||||false|false&#8221; custom_padding=&#8221;||||false|false&#8221; custom_padding_tablet=&#8221;||||false|false&#8221; custom_padding_phone=&#8221;||||false|false&#8221; custom_padding_last_edited=&#8221;on|desktop&#8221; button_text_size_tablet=&#8221;16px&#8221; button_text_size_phone=&#8221;16px&#8221; button_text_size_last_edited=&#8221;on|desktop&#8221; custom_css_after=&#8221;margin-top: 1px;&#8221; locked=&#8221;off&#8221; global_colors_info=&#8221;{%22gcid-primary-color%22:%91%22button_bg_color%22,%22button_bg_color%22%93,%22gcid-secondary-color%22:%91%22button_bg_color%22,%22button_bg_color__hover%22%93,%22gcid-74575f5e-bedc-40c1-ae7b-6696e83b758c%22:%91%22button_bg_color__hover%22%93}&#8221; button_bg_color__hover=&#8221;#a7268b&#8221; button_bg_color__hover_enabled=&#8221;on|hover&#8221; button_border_width__hover=&#8221;2px&#8221; button_border_width__hover_enabled=&#8221;on|hover&#8221;][\/et_pb_button][\/et_pb_column][\/et_pb_row][\/et_pb_section]<\/p>\n","protected":false},"excerpt":{"rendered":"<p>L\u1ee3i \u00edch c\u1ee7a vi\u1ec7c x\u00e2y d\u1ef1ng l\u00f2ng trung th\u00e0nh v\u1edbi th\u01b0\u01a1ng hi\u1ec7u t\u1ea1i S\u00f2ng b\u1ea1c 27\/10\/2024T\u1ea7m quan tr\u1ecdng c\u1ee7a c\u00e1c ch\u01b0\u01a1ng tr\u00ecnh kh\u00e1ch h\u00e0ng th\u00e2n thi\u1ebft t\u1ea1i S\u00f2ng b\u1ea1c X\u00e2y d\u1ef1ng ch\u01b0\u01a1ng tr\u00ecnh th\u01b0\u01a1ng hi\u1ec7u v\u00e0 ph\u1ea7n th\u01b0\u1edfng \u0111\u1ec3 th\u00e0nh c\u00f4ng l\u00e2u d\u00e0i Trong b\u1ed1i c\u1ea3nh c\u1ea1nh tranh gi\u1ed1ng nh\u01b0 s\u00f2ng b\u1ea1c tr\u1ef1c tuy\u1ebfn Las [&hellip;]<\/p>\n","protected":false},"author":2,"featured_media":0,"parent":0,"menu_order":0,"comment_status":"closed","ping_status":"closed","template":"","meta":{"_et_pb_use_builder":"on","_et_pb_old_content":"[et_pb_section fb_built=\"1\" admin_label=\"Section\" _builder_version=\"4.27.2\" _module_preset=\"default\" background_color=\"#FFFFFF\" da_disable_devices=\"off|off|off\" global_colors_info=\"{}\" da_is_popup=\"off\" da_exit_intent=\"off\" da_has_close=\"on\" da_alt_close=\"off\" da_dark_close=\"off\" da_not_modal=\"on\" da_is_singular=\"off\" da_with_loader=\"off\" da_has_shadow=\"on\"][et_pb_row admin_label=\"image\" _builder_version=\"4.21.0\" _module_preset=\"default\" background_color=\"#FFFFFF\" global_colors_info=\"{}\"][et_pb_column type=\"4_4\" _builder_version=\"4.21.0\" _module_preset=\"default\" global_colors_info=\"{}\"][et_pb_image src=\"https:\/\/slotsmaker.com\/wp-content\/uploads\/2024\/11\/072_Benefits-of-Building-Brand-Loyalty-in-the-Casino.jpg\" title_text=\"072_Benefits of Building Brand Loyalty in the Casino\" align=\"center\" force_fullwidth=\"on\" _builder_version=\"4.27.3\" _module_preset=\"default\" custom_margin=\"-30px||||false|false\" hover_enabled=\"0\" global_colors_info=\"{}\" sticky_enabled=\"0\"][\/et_pb_image][\/et_pb_column][\/et_pb_row][et_pb_row admin_label=\"articles\" _builder_version=\"4.21.0\" _module_preset=\"default\" background_color=\"#FFFFFF\" global_colors_info=\"{}\"][et_pb_column type=\"4_4\" _builder_version=\"4.21.0\" _module_preset=\"default\" global_colors_info=\"{}\"][et_pb_text _builder_version=\"4.27.3\" _module_preset=\"default\" header_font=\"|600|||||||\" header_text_color=\"gcid-primary-color\" header_font_size=\"22px\" header_2_font_size=\"30px\" header_4_text_color=\"gcid-293da448-f89a-45b9-8e92-706f4652a4ca\" custom_padding=\"|50px||50px|false|false\" custom_padding_tablet=\"|50px||50px|false|false\" custom_padding_phone=\"|0px||20px|false|false\" custom_padding_last_edited=\"on|tablet\" header_2_font_size_tablet=\"30px\" header_2_font_size_phone=\"23px\" header_2_font_size_last_edited=\"on|phone\" global_colors_info=\"{%22gcid-primary-color%22:%91%22header_text_color%22%93,%22gcid-293da448-f89a-45b9-8e92-706f4652a4ca%22:%91%22header_4_text_color%22%93}\"]\n<h1><b>Benefits of Building Brand Loyalty in the Casino<\/b><\/h1>\n&nbsp;\n<h4>27th October 2024<\/h4>\n[\/et_pb_text][et_pb_text _builder_version=\"4.27.3\" _module_preset=\"default\" text_text_color=\"#666666\" text_font_size=\"16px\" text_line_height=\"1.5em\" header_2_font=\"|600|||||||\" header_2_text_color=\"gcid-293da448-f89a-45b9-8e92-706f4652a4ca\" header_2_font_size=\"18px\" header_3_font=\"|600|||||||\" header_3_text_color=\"#5C5C5C\" header_3_font_size=\"18px\" header_4_text_color=\"#000000\" custom_margin=\"||||false|false\" custom_padding=\"|50px||50px|false|false\" custom_padding_tablet=\"|50px||50px|false|false\" custom_padding_phone=\"|10px||20px|false|false\" custom_padding_last_edited=\"on|phone\" text_font_size_tablet=\"16px\" text_font_size_phone=\"14px\" text_font_size_last_edited=\"on|phone\" header_2_font_size_tablet=\"\" header_2_font_size_phone=\"\" header_2_font_size_last_edited=\"on|phone\" header_3_font_size_tablet=\"\" header_3_font_size_phone=\"\" header_3_font_size_last_edited=\"on|phone\" global_colors_info=\"{%22gcid-293da448-f89a-45b9-8e92-706f4652a4ca%22:%91%22header_2_text_color%22%93}\"]\n<h2>The Importance of Casino Loyalty Programs<\/h2>\n<h3>Build Brand &amp; Rewards Program for Long-term Success<\/h3>\n<span style=\"font-weight: 400;\">In the competitive landscape much like the Las Vegas online casino, building strong <\/span><span style=\"color: #3366ff;\"><a href=\"https:\/\/www.sender.net\/blog\/brand-loyalty\/\" style=\"color: #3366ff;\"><b>brand loyalty<\/b><\/a><\/span><span style=\"font-weight: 400;\"> is essential for long-term success. By cultivating customer loyalty, casinos can increase player retention, drive repeat business, and enhance their reputation.<\/span>\n\n<span style=\"font-weight: 400;\">Loyalty programs play a crucial role in building emotional connections with players. By offering customer loyalty programs such as rewards, bonuses, and personalized experiences, operators can incentivize players to continue playing and deepen their relationship with the brand.\u00a0<\/span>\n\n<span style=\"font-weight: 400;\">Effective loyalty programs can also help collect valuable customer data, which can be used to tailor casino marketing campaigns and improve customer satisfaction.<\/span>\n<h2>Leveraging Social Media<\/h2>\n<h3>Understanding Player Needs &amp; Preferences<\/h3>\n<span style=\"font-weight: 400;\">Another important factor in building a strong player base is providing exceptional brand experience. This includes offering service quality games, and fair gaming practices.\u00a0<\/span>\n\n<span style=\"font-weight: 400;\">When online gambling players feel valued and respected, they are more likely to remain loyal to a casino brand. Additionally, operators can leverage social media to build close relationships with players and foster a sense of community.<\/span>\n\n<span style=\"font-weight: 400;\">Besides customer experience, casino loyalty programs are also influenced by <\/span><span style=\"color: #3366ff;\"><a href=\"https:\/\/slotsmaker.com\/casino-marketing-strategies-advertising-tactics\/\" style=\"color: #3366ff;\"><b>marketing strategies<\/b><\/a><\/span><span style=\"font-weight: 400;\">. Casinos can use price sensitivity campaigns to reach the target audience and promote their brand. By understanding the needs and preferences of their players, casinos can create marketing messages that resonate with them and encourage loyalty.<\/span>\n<h2>Loyalty Programs &amp; Casino Marketin<b>g<\/b><\/h2>\n<h3>SlotsMaker: Exceptional Brand Development Company<\/h3>\n<span style=\"font-weight: 400;\">A strong brand reputation can also lead to positive word-of-mouth marketing, as satisfied players are more likely to recommend slot games to their friends and family. This can help casinos acquire new customers at a lower cost and expand their customer base.<\/span>\n\n<span style=\"font-weight: 400;\">Building a brand is not a one-time effort but rather an ongoing process. Casinos must continuously strive to provide exceptional experiences and maintain strong relationships with their players.\u00a0<\/span>\n\n<span style=\"font-weight: 400;\">The benefit of building brand loyalty in the casino industry extends beyond increased revenue and includes fostering a strong customer base and enhancing the brand's reputation. By investing in building a brand, casinos can differentiate themselves from competitors, increase revenue, and achieve long-term success in the highly competitive casino market.<\/span>\n\n<span style=\"font-weight: 400;\">As a leading provider of casino game development services, <\/span><span style=\"color: #3366ff;\"><a href=\"https:\/\/slotsmaker.com\/\" style=\"color: #3366ff;\"><b>SlotsMaker<\/b><\/a><\/span><span style=\"font-weight: 400;\"> offers comprehensive branding solutions to help casinos establish a strong and memorable presence in the market. <\/span><span style=\"color: #3366ff;\"><a href=\"https:\/\/slotsmaker.com\/contact-us\/\" style=\"color: #3366ff;\"><b>Contact us<\/b><\/a><\/span><span style=\"font-weight: 400;\"> now.<\/span>\n\n[\/et_pb_text][et_pb_button button_url=\"https:\/\/slotsmaker.com\/news\/\" button_text=\"Back to news\" button_alignment=\"center\" disabled_on=\"off|off|off\" module_class=\"custom-button\" _builder_version=\"4.27.3\" _module_preset=\"default\" custom_button=\"on\" button_text_size=\"20px\" button_text_color=\"#FFFFFF\" button_bg_color=\"gcid-primary-color\" button_border_width=\"2px\" button_border_color=\"RGBA(255,255,255,0)\" button_font=\"|600|||||||\" button_use_icon=\"off\" background_layout=\"dark\" custom_margin=\"||||false|false\" custom_padding=\"||||false|false\" custom_padding_tablet=\"||||false|false\" custom_padding_phone=\"||||false|false\" custom_padding_last_edited=\"on|desktop\" button_text_size_tablet=\"16px\" button_text_size_phone=\"16px\" button_text_size_last_edited=\"on|desktop\" custom_css_after=\"margin-top: 1px;\" locked=\"off\" global_colors_info=\"{%22gcid-primary-color%22:%91%22button_bg_color%22,%22button_bg_color%22%93,%22gcid-secondary-color%22:%91%22button_bg_color%22,%22button_bg_color__hover%22%93,%22gcid-74575f5e-bedc-40c1-ae7b-6696e83b758c%22:%91%22button_bg_color__hover%22%93}\" button_bg_color__hover=\"#a7268b\" button_bg_color__hover_enabled=\"on|hover\" button_border_width__hover=\"2px\" button_border_width__hover_enabled=\"on|hover\"][\/et_pb_button][\/et_pb_column][\/et_pb_row][\/et_pb_section]","_et_gb_content_width":"","content-type":"","footnotes":""},"class_list":["post-9920","page","type-page","status-publish","hentry"],"_links":{"self":[{"href":"https:\/\/slotsmaker.com\/vi\/wp-json\/wp\/v2\/pages\/9920","targetHints":{"allow":["GET"]}}],"collection":[{"href":"https:\/\/slotsmaker.com\/vi\/wp-json\/wp\/v2\/pages"}],"about":[{"href":"https:\/\/slotsmaker.com\/vi\/wp-json\/wp\/v2\/types\/page"}],"author":[{"embeddable":true,"href":"https:\/\/slotsmaker.com\/vi\/wp-json\/wp\/v2\/users\/2"}],"replies":[{"embeddable":true,"href":"https:\/\/slotsmaker.com\/vi\/wp-json\/wp\/v2\/comments?post=9920"}],"version-history":[{"count":3,"href":"https:\/\/slotsmaker.com\/vi\/wp-json\/wp\/v2\/pages\/9920\/revisions"}],"predecessor-version":[{"id":13509,"href":"https:\/\/slotsmaker.com\/vi\/wp-json\/wp\/v2\/pages\/9920\/revisions\/13509"}],"wp:attachment":[{"href":"https:\/\/slotsmaker.com\/vi\/wp-json\/wp\/v2\/media?parent=9920"}],"curies":[{"name":"wp","href":"https:\/\/api.w.org\/{rel}","templated":true}]}}